{"id":112469,"date":"2026-03-20T21:44:10","date_gmt":"2026-03-20T21:44:10","guid":{"rendered":"https:\/\/soydeaqui.ddns.net\/pachuca\/index.php\/producto\/switch-industrial-8-puertos-administrable-poe-puerto-1-2-poe-24v-48v-puertos-3-8-puertos-802-3-af-at-bt-presupuesto-max-240-w\/"},"modified":"2026-03-20T21:44:30","modified_gmt":"2026-03-20T21:44:30","slug":"switch-industrial-8-puertos-administrable-poe-puerto-1-2-poe-24v-48v-puertos-3-8-puertos-802-3-af-at-bt-presupuesto-max-240-w","status":"publish","type":"product","link":"https:\/\/soydeaqui.ddns.net\/pachuca\/index.php\/producto\/switch-industrial-8-puertos-administrable-poe-puerto-1-2-poe-24v-48v-puertos-3-8-puertos-802-3-af-at-bt-presupuesto-max-240-w\/","title":{"rendered":"Switch Industrial 8 puertos \/ Administrable PoE \/ Puerto 1-2 PoE 24V\/48V \/  Puertos 3-8 puertos 802.3 af\/at\/bt \/ Presupuesto m\u00e1x 240 W"},"content":{"rendered":"<div style='width: 100%; max-width: 1200px; margin: 0 auto; font-family: sans-serif; line-height: 1.6; color: inherit; background-color: transparent;'> <!-- Secci\u00f3n de descripci\u00f3n --> <\/p>\n<div style='margin-bottom: 30px;'>\n<h2 style='font-size: 24px; margin-top: 0; margin-bottom: 15px; color: inherit;'>Switch PoE industrial PoE mixto 24V\/48V<\/h2>\n<p style='font-size: 16px; margin-bottom: 15px; color: inherit;'>El conmutador PoE industrial mixto de 24V\/48V de Wi-Tek est\u00e1 dise\u00f1ado para proporcionar una soluci\u00f3n de red de transporte para el mercado WISP.<\/p>\n<p style='font-size: 16px; margin-bottom: 15px; color: inherit;'>Los productos est\u00e1n dise\u00f1ados para identificar autom\u00e1ticamente los diferentes requisitos de suministro de energ\u00eda&comma; compatible con todos los dispositivos de energ\u00eda. Dispositivos&comma; una inversi\u00f3n de una sola vez para satisfacer diversos requisitos de negocio.<\/p>\n<p style='font-size: 16px; margin-bottom: 15px; color: inherit;'>Los productos est\u00e1n dise\u00f1ados para una instalaci\u00f3n instalaci\u00f3n&comma; admiten el montaje en pared y en ra\u00edl DIN&comma; CPU de grado industrial&comma; fuente de alimentaci\u00f3n redundante&comma; soportan la operaci\u00f3n en ambientes dif\u00edciles&comma; para asegurar la operaci\u00f3n estable del proyecto.<\/p>\n<p> <!-- Imagen --> <\/p>\n<div style='margin: 20px 0;'> <img style='width: 100%; height: auto; border: 1px solid rgba(150&comma;150&comma;150&comma;0.3); border-radius: 8px;' src='https:\/\/ftp3.syscom.mx\/usuarios\/fotos\/WIPMS312GFIV2\/205845-20220711165036_17397.jpeg' alt=''> <\/div>\n<\/p><\/div>\n<p> <!-- Secci\u00f3n Smart PoE Watchdog --> <\/p>\n<div style='margin-bottom: 30px;'>\n<h2 style='font-size: 24px; margin-top: 0; margin-bottom: 15px; color: inherit;'>Funci\u00f3n Smart PoE Watchdog en un Switch no Administrable<\/h2>\n<p style='font-size: 16px; margin-bottom: 15px; color: inherit;'>Plug and play&comma; sin configuraci\u00f3n. Detecta autom\u00e1ticamente y reinicia la c\u00e1mara IP&comma; esto si se pierde conectividad con la c\u00e1mara.<\/p>\n<p> <!-- Imagen --> <\/p>\n<div style='margin: 20px 0;'> <img style='width: 100%; height: auto; border: 1px solid rgba(150&comma;150&comma;150&comma;0.3); border-radius: 8px;' src='https:\/\/ftp3.syscom.mx\/usuarios\/fotos\/WIPMS312GFIV2\/205845-20220711165052_62794.jpeg' alt=''> <\/div>\n<\/p><\/div>\n<p> <!-- Separador --> <\/p>\n<hr style='border: 0; border-top: 1px solid rgba(150&comma; 150&comma; 150&comma; 0.3); margin: 30px 0;'> <!-- Secci\u00f3n de especificaciones --> <\/p>\n<div style='display: flex; flex-wrap: wrap; gap: 20px; margin-bottom: 30px;'>\n<div style='flex: 1 1 250px; border: 1px solid rgba(150&comma; 150&comma; 150&comma; 0.4); border-radius: 8px; overflow: hidden; display: flex; flex-direction: column;'>\n<div style='padding: 15px; border-bottom: 1px solid rgba(150&comma; 150&comma; 150&comma; 0.2); font-weight: bold; font-size: 18px; color: inherit;'>Especificaciones<\/div>\n<div style='padding: 15px; color: inherit;'>\n<ul style='padding-left: 20px; margin: 0; font-size: 14px; list-style-type: disc;'>\n<li style='margin-bottom: 5px;'><strong>Dimensiones:<\/strong> 200 x 140 x 50 mm<\/li>\n<li style='margin-bottom: 5px;'><strong>Interfaces de Red:<\/strong> 8 Puertos 10\/100\/1000 Mbps&comma; 4 SFP<\/li>\n<li style='margin-bottom: 5px;'><strong>Ventilaci\u00f3n:<\/strong> Ventiladores<\/li>\n<li style='margin-bottom: 5px;'><strong>Fuente de alimentaci\u00f3n interna:<\/strong> Fuente 1 (Principal): 37-57 Vcc&comma; Fuente 2 (Respaldo): 37-57 Vcc<\/li>\n<li style='margin-bottom: 5px;'><strong>Puertos PoE (RJ45):<\/strong> Puertos: 1-2 > 24V Paviso\/48V 802.3 af\/at&comma; Puertos: 3-4 > 802.3 af\/at\/bt 60W&comma; Puertos: 5-8 > 802.3 af\/at&comma; Presupuesto 300W<\/li>\n<li style='margin-bottom: 5px;'><strong>Bandwidth:<\/strong> 24 Gbps<\/li>\n<li style='margin-bottom: 5px;'><strong>Mac Address Table:<\/strong> 8K<\/li>\n<li style='margin-bottom: 5px;'><strong>Packet Forwarding Rate:<\/strong> 17.86 Mpps<\/li>\n<li style='margin-bottom: 5px;'><strong>Nivel de protecci\u00f3n:<\/strong> Lightning protection 8KV&comma; Standard: IEC6000-4-5<\/li>\n<li style='margin-bottom: 5px;'><strong>Instalaci\u00f3n:<\/strong> Pared&comma; Riel DIN<\/li>\n<li style='margin-bottom: 5px;'><strong>Temperatura de operaci\u00f3n:<\/strong> -40 to 80\u00b0 C<\/li>\n<li style='margin-bottom: 5px;'><strong>Certificaciones:<\/strong> CE&comma; FCC<\/li>\n<\/ul><\/div>\n<\/p><\/div>\n<div style='flex: 1 1 250px; border: 1px solid rgba(150&comma; 150&comma; 150&comma; 0.4); border-radius: 8px; overflow: hidden; display: flex; flex-direction: column;'>\n<div style='padding: 15px; border-bottom: 1px solid rgba(150&comma; 150&comma; 150&comma; 0.2); font-weight: bold; font-size: 18px; color: inherit;'>Caracter\u00edsticas<\/div>\n<div style='padding: 15px; color: inherit;'>\n<ul style='padding-left: 20px; margin: 0; font-size: 14px; list-style-type: disc;'>\n<li style='margin-bottom: 5px;'><strong>M\u00e9todo de Transmisi\u00f3n:<\/strong> Store-And-Forward<\/li>\n<li style='margin-bottom: 5px;'><strong>Funciones Avanzadas:<\/strong> Spanning Tree&comma; VLAN&comma; QoS&comma; IGMP&comma; Control de Acceso<\/li>\n<\/ul><\/div>\n<\/p><\/div>\n<div style='flex: 1 1 250px; border: 1px solid rgba(150&comma; 150&comma; 150&comma; 0.4); border-radius: 8px; overflow: hidden; display: flex; flex-direction: column;'>\n<div style='padding: 15px; border-bottom: 1px solid rgba(150&comma; 150&comma; 150&comma; 0.2); font-weight: bold; font-size: 18px; color: inherit;'>Otros<\/div>\n<div style='padding: 15px; color: inherit;'>\n<ul style='padding-left: 20px; margin: 0; font-size: 14px; list-style-type: disc;'>\n<li style='margin-bottom: 5px;'><strong>Contenido del Paquete:<\/strong> Switch Industrial PoE&comma; Sensor de temperatura&comma; Gu\u00eda de Usuario&comma; Garant\u00eda<\/li>\n<\/ul><\/div>\n<\/p><\/div>\n<\/p><\/div>\n<\/p><\/div>\n","protected":false},"excerpt":{"rendered":"<p>Switch Industrial 8 puertos \/ Administrable PoE \/ Puerto 1-2 PoE 24V\/48V \/  Puertos 3-8 puertos 802.3 af\/at\/bt \/ Presupuesto m\u00e1x 240 W<\/p>\n","protected":false},"featured_media":112468,"comment_status":"open","ping_status":"closed","template":"","meta":[],"product_brand":[],"product_cat":[1986],"product_tag":[664,1987,1262],"class_list":{"0":"post-112469","1":"product","2":"type-product","3":"status-publish","4":"has-post-thumbnail","6":"product_cat-switches-poe","7":"product_tag-networking","8":"product_tag-switches-poe","9":"product_tag-wi-tek","11":"first","12":"outofstock","13":"sale","14":"shipping-taxable","15":"purchasable","16":"product-type-simple"},"_links":{"self":[{"href":"https:\/\/soydeaqui.ddns.net\/pachuca\/index.php\/wp-json\/wp\/v2\/product\/112469","targetHints":{"allow":["GET"]}}],"collection":[{"href":"https:\/\/soydeaqui.ddns.net\/pachuca\/index.php\/wp-json\/wp\/v2\/product"}],"about":[{"href":"https:\/\/soydeaqui.ddns.net\/pachuca\/index.php\/wp-json\/wp\/v2\/types\/product"}],"replies":[{"embeddable":true,"href":"https:\/\/soydeaqui.ddns.net\/pachuca\/index.php\/wp-json\/wp\/v2\/comments?post=112469"}],"wp:featuredmedia":[{"embeddable":true,"href":"https:\/\/soydeaqui.ddns.net\/pachuca\/index.php\/wp-json\/wp\/v2\/media\/112468"}],"wp:attachment":[{"href":"https:\/\/soydeaqui.ddns.net\/pachuca\/index.php\/wp-json\/wp\/v2\/media?parent=112469"}],"wp:term":[{"taxonomy":"product_brand","embeddable":true,"href":"https:\/\/soydeaqui.ddns.net\/pachuca\/index.php\/wp-json\/wp\/v2\/product_brand?post=112469"},{"taxonomy":"product_cat","embeddable":true,"href":"https:\/\/soydeaqui.ddns.net\/pachuca\/index.php\/wp-json\/wp\/v2\/product_cat?post=112469"},{"taxonomy":"product_tag","embeddable":true,"href":"https:\/\/soydeaqui.ddns.net\/pachuca\/index.php\/wp-json\/wp\/v2\/product_tag?post=112469"}],"curies":[{"name":"wp","href":"https:\/\/api.w.org\/{rel}","templated":true}]}}