{"id":112450,"date":"2026-03-20T21:43:01","date_gmt":"2026-03-20T21:43:01","guid":{"rendered":"https:\/\/soydeaqui.ddns.net\/pachuca\/index.php\/producto\/switch-industrial-de-4-puertos-gigabit-poe-pasivo-24v-802-3af-at-bt\/"},"modified":"2026-03-20T21:43:04","modified_gmt":"2026-03-20T21:43:04","slug":"switch-industrial-de-4-puertos-gigabit-poe-pasivo-24v-802-3af-at-bt","status":"publish","type":"product","link":"https:\/\/soydeaqui.ddns.net\/pachuca\/index.php\/producto\/switch-industrial-de-4-puertos-gigabit-poe-pasivo-24v-802-3af-at-bt\/","title":{"rendered":"Switch industrial de 4 puertos Gigabit PoE (pasivo 24V \/ 802.3af\/at\/bt)"},"content":{"rendered":"<div style='width: 100%; max-width: 1200px; margin: 0 auto; font-family: sans-serif; line-height: 1.6; color: inherit; background-color: transparent;'>\n<div style='display: flex; flex-wrap: wrap; gap: 30px; margin-bottom: 30px;'>\n<div style='flex: 1 1 300px; min-width: 280px;'>\n<h3 style='font-size: 22px; border-bottom: 2px solid currentColor; padding-bottom: 5px; margin-top: 0; color: inherit; opacity: 0.8;'>Caracter\u00edsticas principales<\/h3>\n<ul style='padding-left: 20px; font-size: 15px; color: inherit;'>\n<li>Switch PoE gestionado de Capa 2&comma; con s\u00f3lidas funciones de gesti\u00f3n de Capa 2<\/li>\n<li>4 puertos PoE Base-T 10\/100\/1000&comma; 1 ranura SFP Base-X 1000 y 1 puerto de entrada PoE Base-T 10\/100\/1000<\/li>\n<li>Dise\u00f1o de puertos PoE abundantes:\n<ul style='padding-left: 20px; margin-top: 5px; margin-bottom: 5px;'>\n<li>Puertos 1-2: PoE pasivo de 24V \/ PoE 802.3 af\/at de 48V 30W<\/li>\n<li>Puertos 3-4: PoE 802.3 af\/at\/bt 60W<\/li>\n<li>Puerto 5: Entrada PoE 802.3af\/at\/bt 60W<\/li>\n<\/ul>\n<\/li>\n<li>Puertos PoE mixtos de 24\/48V que identifican autom\u00e1ticamente diferentes requisitos de dispositivos con alimentaci\u00f3n PoE&comma; compatibles con dispositivos PoE de 24V y 48V<\/li>\n<li>Temperatura de operaci\u00f3n de -40\u00b0C a 80\u00b0C<\/li>\n<li>Inmunidad a sobretensiones de 6kV<\/li>\n<\/ul><\/div>\n<\/p><\/div>\n<div style='display: flex; flex-wrap: wrap; gap: 20px; margin-bottom: 30px;'>\n<div style='flex: 1 1 250px; border: 1px solid rgba(150&comma; 150&comma; 150&comma; 0.4); border-radius: 8px; overflow: hidden; display: flex; flex-direction: column;'>\n<div style='padding: 15px; border-bottom: 1px solid rgba(150&comma; 150&comma; 150&comma; 0.2); font-weight: bold; font-size: 18px; color: inherit;'>Puertos Ethernet<\/div>\n<div style='padding: 15px; color: inherit;'>\n<ul style='padding-left: 20px; margin: 0; font-size: 14px; list-style-type: disc;'>\n<li style='margin-bottom: 5px;'><strong>Puertos Downlink:<\/strong> 4* PoE RJ-45 Base-T 10\/100\/1000 (Auto-MDI\/MDI-X)<\/li>\n<li style='margin-bottom: 5px;'><strong>Puertos Uplink:<\/strong> 1* SFP Base-X 1000 1* PoE RJ-45 Base-T 10\/100\/1000 (Auto-MDI\/MDI-X)<\/li>\n<li style='margin-bottom: 5px;'><strong>Puerto de Consola:<\/strong> 1* Puerto RJ-45 a RS-232 (115200&comma;8&comma;N&comma;1)<\/li>\n<li style='margin-bottom: 5px;'><strong>Interfaz de Entrada\/Salida de Alarma:<\/strong> S\u00ed<\/li>\n<li style='margin-bottom: 5px;'><strong>Puertos TMS:<\/strong> 1*TMS<\/li>\n<\/ul><\/div>\n<\/p><\/div>\n<div style='flex: 1 1 250px; border: 1px solid rgba(150&comma; 150&comma; 150&comma; 0.4); border-radius: 8px; overflow: hidden; display: flex; flex-direction: column;'>\n<div style='padding: 15px; border-bottom: 1px solid rgba(150&comma; 150&comma; 150&comma; 0.2); font-weight: bold; font-size: 18px; color: inherit;'>Especificaciones PoE<\/div>\n<div style='padding: 15px; color: inherit;'>\n<ul style='padding-left: 20px; margin: 0; font-size: 14px; list-style-type: disc;'>\n<li style='margin-bottom: 5px;'><strong>Est\u00e1ndar PoE:<\/strong> Puertos 1-2: PoE pasivo de 24V \/ PoE 802.3 af\/at de 48V 30W&comma; Puertos 3-4: PoE 802.3 af\/at\/bt 60W&comma; Puerto 5: Entrada PoE 802.3af\/at\/bt 60W<\/li>\n<li style='margin-bottom: 5px;'><strong>Modos de Reenv\u00edo:<\/strong> Almacenar y reenviar<\/li>\n<li style='margin-bottom: 5px;'><strong>B\u00fafer de Paquetes:<\/strong> 4.1Mbit<\/li>\n<li style='margin-bottom: 5px;'><strong>Tabla de Direcciones MAC:<\/strong> 8K<\/li>\n<li style='margin-bottom: 5px;'><strong>Capacidad de Conmutaci\u00f3n:<\/strong> 12Gbps \/ no bloqueo<\/li>\n<li style='margin-bottom: 5px;'><strong>Tasa de Reenv\u00edo de Paquetes:<\/strong> 8.93Mpps<\/li>\n<li style='margin-bottom: 5px;'><strong>Trama Jumbo:<\/strong> 10kB<\/li>\n<\/ul><\/div>\n<\/p><\/div>\n<div style='flex: 1 1 250px; border: 1px solid rgba(150&comma; 150&comma; 150&comma; 0.4); border-radius: 8px; overflow: hidden; display: flex; flex-direction: column;'>\n<div style='padding: 15px; border-bottom: 1px solid rgba(150&comma; 150&comma; 150&comma; 0.2); font-weight: bold; font-size: 18px; color: inherit;'>Alimentaci\u00f3n<\/div>\n<div style='padding: 15px; color: inherit;'>\n<ul style='padding-left: 20px; margin: 0; font-size: 14px; list-style-type: disc;'>\n<li style='margin-bottom: 5px;'><strong>Voltaje de Entrada:<\/strong> Switch PoE: Energ\u00eda 1 (Principal): 3757V DC&comma; Energ\u00eda 2 (Respaldo): 3757V DC. Switch sin PoE: Energ\u00eda 1 (Principal): 1257V DC&comma; Energ\u00eda 2 (Respaldo): 1257V DC<\/li>\n<\/ul><\/div>\n<\/p><\/div>\n<div style='flex: 1 1 250px; border: 1px solid rgba(150&comma; 150&comma; 150&comma; 0.4); border-radius: 8px; overflow: hidden; display: flex; flex-direction: column;'>\n<div style='padding: 15px; border-bottom: 1px solid rgba(150&comma; 150&comma; 150&comma; 0.2); font-weight: bold; font-size: 18px; color: inherit;'>Par\u00e1metros F\u00edsicos<\/div>\n<div style='padding: 15px; color: inherit;'>\n<ul style='padding-left: 20px; margin: 0; font-size: 14px; list-style-type: disc;'>\n<li style='margin-bottom: 5px;'><strong>Indicadores LED:<\/strong> 2* indicadores de fuente de alimentaci\u00f3n&comma; 1* indicador de funcionamiento del sistema&comma; 1* indicador de anillo&comma; 1* indicador de SFP&comma; 1* indicador de PD&comma; 4* indicadores de PoE RJ45&comma; 4* indicadores de enlace RJ45<\/li>\n<li style='margin-bottom: 5px;'><strong>Interruptor DIP:<\/strong> No<\/li>\n<li style='margin-bottom: 5px;'><strong>Dimensiones (An*Pr*Al):<\/strong> 165*125*40mm<\/li>\n<li style='margin-bottom: 5px;'><strong>Peso neto:<\/strong> 1kg<\/li>\n<li style='margin-bottom: 5px;'><strong>Material:<\/strong> Carcasa de metal<\/li>\n<li style='margin-bottom: 5px;'><strong>Instalaci\u00f3n:<\/strong> Montaje en riel DIN\/parede<\/li>\n<\/ul><\/div>\n<\/p><\/div>\n<div style='flex: 1 1 250px; border: 1px solid rgba(150&comma; 150&comma; 150&comma; 0.4); border-radius: 8px; overflow: hidden; display: flex; flex-direction: column;'>\n<div style='padding: 15px; border-bottom: 1px solid rgba(150&comma; 150&comma; 150&comma; 0.2); font-weight: bold; font-size: 18px; color: inherit;'>Certificaciones<\/div>\n<div style='padding: 15px; color: inherit;'>\n<ul style='padding-left: 20px; margin: 0; font-size: 14px; list-style-type: disc;'>\n<li style='margin-bottom: 5px;'><strong>Certificaciones:<\/strong> CE&comma; FCC<\/li>\n<\/ul><\/div>\n<\/p><\/div>\n<\/p><\/div>\n<hr style='border: 0; border-top: 1px solid rgba(150&comma; 150&comma; 150&comma; 0.3); margin: 30px 0;'> <\/div>\n","protected":false},"excerpt":{"rendered":"<p>Switch industrial de 4 puertos Gigabit PoE (pasivo 24V \/ 802.3af\/at\/bt)<\/p>\n","protected":false},"featured_media":112449,"comment_status":"open","ping_status":"closed","template":"","meta":[],"product_brand":[],"product_cat":[1260],"product_tag":[1261,664,1262],"class_list":{"0":"post-112450","1":"product","2":"type-product","3":"status-publish","4":"has-post-thumbnail","6":"product_cat-inyectores-poe","7":"product_tag-inyectores-poe","8":"product_tag-networking","9":"product_tag-wi-tek","11":"first","12":"outofstock","13":"sale","14":"shipping-taxable","15":"purchasable","16":"product-type-simple"},"_links":{"self":[{"href":"https:\/\/soydeaqui.ddns.net\/pachuca\/index.php\/wp-json\/wp\/v2\/product\/112450","targetHints":{"allow":["GET"]}}],"collection":[{"href":"https:\/\/soydeaqui.ddns.net\/pachuca\/index.php\/wp-json\/wp\/v2\/product"}],"about":[{"href":"https:\/\/soydeaqui.ddns.net\/pachuca\/index.php\/wp-json\/wp\/v2\/types\/product"}],"replies":[{"embeddable":true,"href":"https:\/\/soydeaqui.ddns.net\/pachuca\/index.php\/wp-json\/wp\/v2\/comments?post=112450"}],"wp:featuredmedia":[{"embeddable":true,"href":"https:\/\/soydeaqui.ddns.net\/pachuca\/index.php\/wp-json\/wp\/v2\/media\/112449"}],"wp:attachment":[{"href":"https:\/\/soydeaqui.ddns.net\/pachuca\/index.php\/wp-json\/wp\/v2\/media?parent=112450"}],"wp:term":[{"taxonomy":"product_brand","embeddable":true,"href":"https:\/\/soydeaqui.ddns.net\/pachuca\/index.php\/wp-json\/wp\/v2\/product_brand?post=112450"},{"taxonomy":"product_cat","embeddable":true,"href":"https:\/\/soydeaqui.ddns.net\/pachuca\/index.php\/wp-json\/wp\/v2\/product_cat?post=112450"},{"taxonomy":"product_tag","embeddable":true,"href":"https:\/\/soydeaqui.ddns.net\/pachuca\/index.php\/wp-json\/wp\/v2\/product_tag?post=112450"}],"curies":[{"name":"wp","href":"https:\/\/api.w.org\/{rel}","templated":true}]}}