{"id":112441,"date":"2026-03-20T21:42:29","date_gmt":"2026-03-20T21:42:29","guid":{"rendered":"https:\/\/soydeaqui.ddns.net\/pachuca\/index.php\/producto\/pelacables-para-cable-solido-10-20-awg-y-cable-trenzado-12-22-awg-con-cortador-de-ajuste-automatico\/"},"modified":"2026-03-20T21:42:55","modified_gmt":"2026-03-20T21:42:55","slug":"pelacables-para-cable-solido-10-20-awg-y-cable-trenzado-12-22-awg-con-cortador-de-ajuste-automatico","status":"publish","type":"product","link":"https:\/\/soydeaqui.ddns.net\/pachuca\/index.php\/producto\/pelacables-para-cable-solido-10-20-awg-y-cable-trenzado-12-22-awg-con-cortador-de-ajuste-automatico\/","title":{"rendered":"Pelacables para Cable S\u00f3lido 10-20 AWG y Cable Trenzado 12-22 AWG, con Cortador de Ajuste Autom\u00e1tico."},"content":{"rendered":"<div style='width: 100%; max-width: 1200px; margin: 0 auto; font-family: sans-serif; line-height: 1.6; color: inherit; background-color: transparent;'>\n<div style='display: flex; flex-wrap: wrap; gap: 30px; margin-bottom: 30px;'>\n<div style='flex: 1 1 300px; min-width: 280px;'>\n<h3 style='font-size: 22px; border-bottom: 2px solid currentColor; padding-bottom: 5px; margin-top: 0; color: inherit; opacity: 0.8;'>Caracter\u00edsticas<\/h3>\n<ul style='padding-left: 20px; font-size: 15px; color: inherit;'>\n<li style='margin-bottom: 5px;'>Pelacables con cabeza peladora que se ajusta para pelar: Cable s\u00f3lido de 10-20 AWG&comma; cable trenzado de 12-22 AWG y cable Romex\u00ae (todas las medidas) de 12\/2 y 14\/2&comma; y otros cables no met\u00e1licos (tipo NM) con revestimiento.<\/li>\n<li style='margin-bottom: 5px;'>Tope ajustable para controlar la longitud de pelado del cable.<\/li>\n<li style='margin-bottom: 5px;'>La ruedecilla manual de tensi\u00f3n permite pelar con precisi\u00f3n cables de menor calibre.<\/li>\n<li style='margin-bottom: 5px;'>C\u00f3modo cortacables en el mango.<\/li>\n<li style='margin-bottom: 5px;'>Los agarres ranurados est\u00e1n dise\u00f1ados para brindar mayor comodidad.<\/li>\n<li style='margin-bottom: 5px;'>Herramienta perfecta para aplicaciones de HVAC (calefacci\u00f3n&comma; ventilaci\u00f3n y aire acondicionado) porque le permite pelar la funda exterior del cable del termostato y luego todos los dem\u00e1s cables individuales relacionados.<\/li>\n<li style='margin-bottom: 5px;'>Romex\u00ae es una marca registrada de Southwire Company.<\/li>\n<\/ul><\/div>\n<\/p><\/div>\n<div style='display: flex; flex-wrap: wrap; gap: 20px; margin-bottom: 30px;'>\n<div style='flex: 1 1 250px; border: 1px solid rgba(150&comma; 150&comma; 150&comma; 0.4); border-radius: 8px; overflow: hidden; display: flex; flex-direction: column;'>\n<div style='padding: 15px; border-bottom: 1px solid rgba(150&comma; 150&comma; 150&comma; 0.2); font-weight: bold; font-size: 18px; color: inherit;'>Dimensiones<\/div>\n<div style='padding: 15px; color: inherit;'>\n<ul style='padding-left: 20px; margin: 0; font-size: 14px; list-style-type: disc;'>\n<li style='margin-bottom: 5px;'>Largo total: 8.25&#8242; (210 mm)<\/li>\n<li style='margin-bottom: 5px;'>Color del mango: Azul\/negro<\/li>\n<li style='margin-bottom: 5px;'>Peso: 360 g (12.6 oz)<\/li>\n<\/ul><\/div>\n<\/p><\/div>\n<\/p><\/div>\n<div style='width: 100%; max-width: 724px; margin: 0 auto 30px;'> <img style='width: 100%; height: auto; border: 1px solid rgba(150&comma;150&comma;150&comma;0.3); border-radius: 8px;' src='https:\/\/ftp3.syscom.mx\/usuarios\/fotos\/11061\/193662-captura_de_pantalla_2023-05-19_a_la(s)_15.41.47.png' alt=''> <\/div>\n<div style='position: relative; padding-bottom: 56.25%; height: 0; overflow: hidden; margin-bottom: 30px;'>   <\/div>\n<\/p><\/div>\n","protected":false},"excerpt":{"rendered":"<p>Pelacables para Cable S\u00f3lido 10-20 AWG y Cable Trenzado 12-22 AWG, con Cortador de Ajuste Autom\u00e1tico.<\/p>\n","protected":false},"featured_media":112440,"comment_status":"open","ping_status":"closed","template":"","meta":[],"product_brand":[],"product_cat":[24],"product_tag":[26,25,432],"class_list":{"0":"post-112441","1":"product","2":"type-product","3":"status-publish","4":"has-post-thumbnail","6":"product_cat-accesorios-de-instalacion","7":"product_tag-accesorios-de-instalacion","8":"product_tag-herramientas","9":"product_tag-klein-tools","11":"first","12":"instock","13":"sale","14":"shipping-taxable","15":"purchasable","16":"product-type-simple"},"_links":{"self":[{"href":"https:\/\/soydeaqui.ddns.net\/pachuca\/index.php\/wp-json\/wp\/v2\/product\/112441","targetHints":{"allow":["GET"]}}],"collection":[{"href":"https:\/\/soydeaqui.ddns.net\/pachuca\/index.php\/wp-json\/wp\/v2\/product"}],"about":[{"href":"https:\/\/soydeaqui.ddns.net\/pachuca\/index.php\/wp-json\/wp\/v2\/types\/product"}],"replies":[{"embeddable":true,"href":"https:\/\/soydeaqui.ddns.net\/pachuca\/index.php\/wp-json\/wp\/v2\/comments?post=112441"}],"wp:featuredmedia":[{"embeddable":true,"href":"https:\/\/soydeaqui.ddns.net\/pachuca\/index.php\/wp-json\/wp\/v2\/media\/112440"}],"wp:attachment":[{"href":"https:\/\/soydeaqui.ddns.net\/pachuca\/index.php\/wp-json\/wp\/v2\/media?parent=112441"}],"wp:term":[{"taxonomy":"product_brand","embeddable":true,"href":"https:\/\/soydeaqui.ddns.net\/pachuca\/index.php\/wp-json\/wp\/v2\/product_brand?post=112441"},{"taxonomy":"product_cat","embeddable":true,"href":"https:\/\/soydeaqui.ddns.net\/pachuca\/index.php\/wp-json\/wp\/v2\/product_cat?post=112441"},{"taxonomy":"product_tag","embeddable":true,"href":"https:\/\/soydeaqui.ddns.net\/pachuca\/index.php\/wp-json\/wp\/v2\/product_tag?post=112441"}],"curies":[{"name":"wp","href":"https:\/\/api.w.org\/{rel}","templated":true}]}}