{"id":112421,"date":"2026-03-20T21:41:17","date_gmt":"2026-03-20T21:41:17","guid":{"rendered":"https:\/\/soydeaqui.ddns.net\/pachuca\/index.php\/producto\/amperimetro-digital-de-gancho-de-rango-automatico-de-400-a-ca\/"},"modified":"2026-03-20T21:41:17","modified_gmt":"2026-03-20T21:41:17","slug":"amperimetro-digital-de-gancho-de-rango-automatico-de-400-a-ca","status":"publish","type":"product","link":"https:\/\/soydeaqui.ddns.net\/pachuca\/index.php\/producto\/amperimetro-digital-de-gancho-de-rango-automatico-de-400-a-ca\/","title":{"rendered":"Amper\u00edmetro Digital de Gancho de Rango Autom\u00e1tico de 400 A CA."},"content":{"rendered":"<div style='width: 100%; max-width: 1200px; margin: 0 auto; font-family: sans-serif; line-height: 1.6; color: inherit; background-color: transparent;'>\n<div style='display: flex; flex-wrap: wrap; gap: 30px; margin-bottom: 30px;'>\n<div style='flex: 1 1 300px; min-width: 280px;'>\n<h3 style='font-size: 22px; border-bottom: 2px solid currentColor; padding-bottom: 5px; margin-top: 0; color: inherit; opacity: 0.8;'>Caracter\u00edsticas<\/h3>\n<ul style='padding-left: 20px; font-size: 15px; color: inherit;'>\n<li style='margin-bottom: 5px;'>Mult\u00edmetro de gancho que mide corriente CA y NCVT con una pinza&comma; as\u00ed como voltaje CA\/CD&comma; resistencia y continuidad con cables de prueba.<\/li>\n<li style='margin-bottom: 5px;'>Probador de voltaje sin contacto integrado en la mordaza de la pinza.<\/li>\n<li style='margin-bottom: 5px;'>LCD retroiluminada de f\u00e1cil visualizaci\u00f3n en lugares con poca luz.<\/li>\n<li style='margin-bottom: 5px;'>Mediciones de rango autom\u00e1tico.<\/li>\n<li style='margin-bottom: 5px;'>Soporte para cables de prueba al lado de las pinzas y soporte magn\u00e9tico opcional para medidores (Cat. n.\u00ba 69445 o 69417) para trabajar en modo manos libres.<\/li>\n<li style='margin-bottom: 5px;'>Mult\u00edmetro multifunci\u00f3n duradero.<\/li>\n<li style='margin-bottom: 5px;'>Rango autom\u00e1tico&comma; retenci\u00f3n&comma; retenci\u00f3n de datos y valor m\u00e1ximo.<\/li>\n<li style='margin-bottom: 5px;'>Funci\u00f3n de apagado autom\u00e1tico despu\u00e9s de 10 minutos para preservar la vida \u00fatil de la bater\u00eda.<\/li>\n<li style='margin-bottom: 5px;'>Incluye un estuche para transporte&comma; cables de prueba con capuchones de seguridad CAT III\/CAT IV&comma; instrucciones y 3 bater\u00edas AAA.<\/li>\n<li style='margin-bottom: 5px;'>Indicador de bater\u00eda baja y compartimiento de las bater\u00edas de f\u00e1cil acceso<\/li>\n<li style='margin-bottom: 5px;'>Construido para resistir una ca\u00edda desde 2 m (6&comma;6&#8242;).<\/li>\n<li style='margin-bottom: 5px;'>Clasificaci\u00f3n de seguridad CAT III 600 V&comma; clase 2&comma; doble aislamiento.<\/li>\n<li style='margin-bottom: 5px;'>Cumple con los requisitos apropiados para su uso en entornos electromagn\u00e9ticos b\u00e1sicos y controlados&comma; como propiedades residenciales&comma; oficinas e instalaciones de industria liviana.<\/li>\n<\/ul><\/div>\n<\/p><\/div>\n<div style='display: flex; flex-wrap: wrap; gap: 20px; margin-bottom: 30px;'>\n<div style='flex: 1 1 250px; border: 1px solid rgba(150&comma; 150&comma; 150&comma; 0.4); border-radius: 8px; overflow: hidden; display: flex; flex-direction: column;'>\n<div style='padding: 15px; border-bottom: 1px solid rgba(150&comma; 150&comma; 150&comma; 0.2); font-weight: bold; font-size: 18px; color: inherit;'>Dimensiones y Especificaciones<\/div>\n<div style='padding: 15px; color: inherit;'>\n<ul style='padding-left: 20px; margin: 0; font-size: 14px; list-style-type: disc;'>\n<li style='margin-bottom: 5px;'><strong style='color: inherit;'>Caracter\u00edsticas especiales:<\/strong> Rango autom\u00e1tico para realizar mediciones; NCVT<\/li>\n<li style='margin-bottom: 5px;'><strong style='color: inherit;'>Material:<\/strong> ABS&comma; piezas electr\u00f3nicas<\/li>\n<li style='margin-bottom: 5px;'><strong style='color: inherit;'>Bater\u00edas:<\/strong> 3 AAA<\/li>\n<li style='margin-bottom: 5px;'><strong style='color: inherit;'>Funci\u00f3n de apagado autom\u00e1tico:<\/strong> S\u00ed<\/li>\n<li style='margin-bottom: 5px;'><strong style='color: inherit;'>Tama\u00f1o de las mordazas:<\/strong> 1.6&#8242; (41 mm)<\/li>\n<li style='margin-bottom: 5px;'><strong style='color: inherit;'>Protecci\u00f3n ante ca\u00eddas:<\/strong> 6.6&#8242; (2 m)<\/li>\n<li style='margin-bottom: 5px;'><strong style='color: inherit;'>Voltaje:<\/strong> 600 V CA\/CD<\/li>\n<li style='margin-bottom: 5px;'><strong style='color: inherit;'>Corriente:<\/strong> 400 A CA<\/li>\n<li style='margin-bottom: 5px;'><strong style='color: inherit;'>Ohmios:<\/strong> 20 M\u03a9<\/li>\n<li style='margin-bottom: 5px;'><strong style='color: inherit;'>Indicador de polaridad de CD:<\/strong> S\u00ed<\/li>\n<li style='margin-bottom: 5px;'><strong style='color: inherit;'>Longitud total:<\/strong> 8.5&#8242; (215 mm)<\/li>\n<li style='margin-bottom: 5px;'><strong style='color: inherit;'>Altura total:<\/strong> 1.5&#8242; (38 mm)<\/li>\n<li style='margin-bottom: 5px;'><strong style='color: inherit;'>Ancho total:<\/strong> 3.5&#8242; (89 mm)<\/li>\n<li style='margin-bottom: 5px;'><strong style='color: inherit;'>Peso:<\/strong> 314 g (11 oz)<\/li>\n<\/ul><\/div>\n<\/p><\/div>\n<\/p><\/div>\n<\/p><\/div>\n","protected":false},"excerpt":{"rendered":"<p>Amper\u00edmetro Digital de Gancho de Rango Autom\u00e1tico de 400 A CA.<\/p>\n","protected":false},"featured_media":112420,"comment_status":"open","ping_status":"closed","template":"","meta":[],"product_brand":[],"product_cat":[1140],"product_tag":[1058,432,1141],"class_list":{"0":"post-112421","1":"product","2":"type-product","3":"status-publish","4":"has-post-thumbnail","6":"product_cat-medicion-e-inspeccion-electrica","7":"product_tag-ferreteria","8":"product_tag-klein-tools","9":"product_tag-medicion-e-inspeccion-electrica","11":"first","12":"instock","13":"sale","14":"shipping-taxable","15":"purchasable","16":"product-type-simple"},"_links":{"self":[{"href":"https:\/\/soydeaqui.ddns.net\/pachuca\/index.php\/wp-json\/wp\/v2\/product\/112421","targetHints":{"allow":["GET"]}}],"collection":[{"href":"https:\/\/soydeaqui.ddns.net\/pachuca\/index.php\/wp-json\/wp\/v2\/product"}],"about":[{"href":"https:\/\/soydeaqui.ddns.net\/pachuca\/index.php\/wp-json\/wp\/v2\/types\/product"}],"replies":[{"embeddable":true,"href":"https:\/\/soydeaqui.ddns.net\/pachuca\/index.php\/wp-json\/wp\/v2\/comments?post=112421"}],"wp:featuredmedia":[{"embeddable":true,"href":"https:\/\/soydeaqui.ddns.net\/pachuca\/index.php\/wp-json\/wp\/v2\/media\/112420"}],"wp:attachment":[{"href":"https:\/\/soydeaqui.ddns.net\/pachuca\/index.php\/wp-json\/wp\/v2\/media?parent=112421"}],"wp:term":[{"taxonomy":"product_brand","embeddable":true,"href":"https:\/\/soydeaqui.ddns.net\/pachuca\/index.php\/wp-json\/wp\/v2\/product_brand?post=112421"},{"taxonomy":"product_cat","embeddable":true,"href":"https:\/\/soydeaqui.ddns.net\/pachuca\/index.php\/wp-json\/wp\/v2\/product_cat?post=112421"},{"taxonomy":"product_tag","embeddable":true,"href":"https:\/\/soydeaqui.ddns.net\/pachuca\/index.php\/wp-json\/wp\/v2\/product_tag?post=112421"}],"curies":[{"name":"wp","href":"https:\/\/api.w.org\/{rel}","templated":true}]}}