{"id":112403,"date":"2026-03-20T21:40:13","date_gmt":"2026-03-20T21:40:13","guid":{"rendered":"https:\/\/soydeaqui.ddns.net\/pachuca\/index.php\/producto\/amperimetro-digital-de-gancho-con-media-cuadratica-real-de-rango-automatico-de-600-a-ca\/"},"modified":"2026-03-20T21:40:41","modified_gmt":"2026-03-20T21:40:41","slug":"amperimetro-digital-de-gancho-con-media-cuadratica-real-de-rango-automatico-de-600-a-ca","status":"publish","type":"product","link":"https:\/\/soydeaqui.ddns.net\/pachuca\/index.php\/producto\/amperimetro-digital-de-gancho-con-media-cuadratica-real-de-rango-automatico-de-600-a-ca\/","title":{"rendered":"Amper\u00edmetro Digital de Gancho con Media Cuadr\u00e1tica Real de Rango Autom\u00e1tico de 600 A CA."},"content":{"rendered":"<div style='width: 100%; max-width: 1200px; margin: 0 auto; font-family: sans-serif; line-height: 1.6; color: inherit; background-color: transparent;'>\n<div style='display: flex; flex-wrap: wrap; gap: 30px; margin-bottom: 30px;'>\n<div style='flex: 1 1 300px; min-width: 280px;'>\n<h3 style='font-size: 22px; border-bottom: 2px solid currentColor; padding-bottom: 5px; margin-top: 0; color: inherit; opacity: 0.8;'>Caracter\u00edsticas<\/h3>\n<ul style='padding-left: 20px; font-size: 15px; color: inherit;'>\n<li style='margin-bottom: 5px;'>Mult\u00edmetro de gancho con tecnolog\u00eda de rango autom\u00e1tico con media cuadr\u00e1tica real (TRMS) para lograr mayor precisi\u00f3n<\/li>\n<li style='margin-bottom: 5px;'>Mult\u00edmetro de amperios que mide corriente CA con la pinza<\/li>\n<li style='margin-bottom: 5px;'>Mide voltaje CA\/CD&comma; resistencia y continuidad; y prueba diodos con los cables de prueba.<\/li>\n<li style='margin-bottom: 5px;'>La clasificaci\u00f3n de seguridad es CAT IV 600 V&comma; CAT III 1000 V&comma; clase 2&comma; doble aislamiento.<\/li>\n<li style='margin-bottom: 5px;'>Unidad construida para resistir una ca\u00edda desde 6&comma;6&#8242; (2 m)<\/li>\n<li style='margin-bottom: 5px;'>Indicador de bater\u00eda baja y compartimento de bater\u00edas de f\u00e1cil acceso.<\/li>\n<li style='margin-bottom: 5px;'>Incluye una bolsa de transporte&comma; cables de prueba y bater\u00edas.<\/li>\n<li style='margin-bottom: 5px;'>Altitud de funcionamiento de hasta 6562&#8242; (2000 m)<\/li>\n<li style='margin-bottom: 5px;'>Cumple con los requisitos apropiados para su uso en entornos electromagn\u00e9ticos b\u00e1sicos y controlados&comma; como propiedades residenciales e instalaciones de industria ligera.<\/li>\n<\/ul><\/div>\n<\/p><\/div>\n<div style='display: flex; flex-wrap: wrap; gap: 20px; margin-bottom: 30px;'>\n<div style='flex: 1 1 250px; border: 1px solid rgba(150&comma; 150&comma; 150&comma; 0.4); border-radius: 8px; overflow: hidden; display: flex; flex-direction: column;'>\n<div style='padding: 15px; border-bottom: 1px solid rgba(150&comma; 150&comma; 150&comma; 0.2); font-weight: bold; font-size: 18px; color: inherit;'>Dimensiones y Especificaciones<\/div>\n<div style='padding: 15px; color: inherit;'>\n<ul style='padding-left: 20px; margin: 0; font-size: 14px; list-style-type: disc;'>\n<li style='margin-bottom: 5px;'><strong style='color: inherit;'>Aplicaci\u00f3n:<\/strong> Mide corriente CA con el gancho; mide voltaje CA\/CD&comma; resistencia y continuidad&comma; y prueba diodos con los cables de prueba.<\/li>\n<li style='margin-bottom: 5px;'><strong style='color: inherit;'>Caracter\u00edsticas especiales:<\/strong> Indicador de bater\u00eda baja<\/li>\n<li style='margin-bottom: 5px;'><strong style='color: inherit;'>Bater\u00edas:<\/strong> 2 x AAA<\/li>\n<li style='margin-bottom: 5px;'><strong style='color: inherit;'>Tama\u00f1o de las mordazas:<\/strong> 1.38&#8242; (35 mm)<\/li>\n<li style='margin-bottom: 5px;'><strong style='color: inherit;'>Protecci\u00f3n ante ca\u00eddas:<\/strong> 6.6&#8242; (2 m)<\/li>\n<li style='margin-bottom: 5px;'><strong style='color: inherit;'>Ohmios (resistencia):<\/strong> 60 M\u00e2\u201e\u00a6<\/li>\n<li style='margin-bottom: 5px;'><strong style='color: inherit;'>Protecci\u00f3n con el ingreso de objetos&comma; s\u00f3lidos y l\u00edquidos:<\/strong> IP40<\/li>\n<li style='margin-bottom: 5px;'><strong style='color: inherit;'>Longitud total:<\/strong> 9.09&#8242; (231 mm)<\/li>\n<li style='margin-bottom: 5px;'><strong style='color: inherit;'>Altura total:<\/strong> 1.55&#8242; (39 mm)<\/li>\n<li style='margin-bottom: 5px;'><strong style='color: inherit;'>Ancho total:<\/strong> 3.81&#8242; (97 mm)<\/li>\n<li style='margin-bottom: 5px;'><strong style='color: inherit;'>Peso:<\/strong> 336 g (11.8 oz)<\/li>\n<\/ul><\/div>\n<\/p><\/div>\n<\/p><\/div>\n<hr style='border: 0; border-top: 1px solid rgba(150&comma; 150&comma; 150&comma; 0.3); margin: 30px 0;'> <\/div>\n","protected":false},"excerpt":{"rendered":"<p>Amper\u00edmetro Digital de Gancho con Media Cuadr\u00e1tica Real de Rango Autom\u00e1tico de 600 A CA.<\/p>\n","protected":false},"featured_media":112402,"comment_status":"open","ping_status":"closed","template":"","meta":[],"product_brand":[],"product_cat":[24],"product_tag":[26,25,432],"class_list":{"0":"post-112403","1":"product","2":"type-product","3":"status-publish","4":"has-post-thumbnail","6":"product_cat-accesorios-de-instalacion","7":"product_tag-accesorios-de-instalacion","8":"product_tag-herramientas","9":"product_tag-klein-tools","11":"first","12":"outofstock","13":"sale","14":"shipping-taxable","15":"purchasable","16":"product-type-simple"},"_links":{"self":[{"href":"https:\/\/soydeaqui.ddns.net\/pachuca\/index.php\/wp-json\/wp\/v2\/product\/112403","targetHints":{"allow":["GET"]}}],"collection":[{"href":"https:\/\/soydeaqui.ddns.net\/pachuca\/index.php\/wp-json\/wp\/v2\/product"}],"about":[{"href":"https:\/\/soydeaqui.ddns.net\/pachuca\/index.php\/wp-json\/wp\/v2\/types\/product"}],"replies":[{"embeddable":true,"href":"https:\/\/soydeaqui.ddns.net\/pachuca\/index.php\/wp-json\/wp\/v2\/comments?post=112403"}],"wp:featuredmedia":[{"embeddable":true,"href":"https:\/\/soydeaqui.ddns.net\/pachuca\/index.php\/wp-json\/wp\/v2\/media\/112402"}],"wp:attachment":[{"href":"https:\/\/soydeaqui.ddns.net\/pachuca\/index.php\/wp-json\/wp\/v2\/media?parent=112403"}],"wp:term":[{"taxonomy":"product_brand","embeddable":true,"href":"https:\/\/soydeaqui.ddns.net\/pachuca\/index.php\/wp-json\/wp\/v2\/product_brand?post=112403"},{"taxonomy":"product_cat","embeddable":true,"href":"https:\/\/soydeaqui.ddns.net\/pachuca\/index.php\/wp-json\/wp\/v2\/product_cat?post=112403"},{"taxonomy":"product_tag","embeddable":true,"href":"https:\/\/soydeaqui.ddns.net\/pachuca\/index.php\/wp-json\/wp\/v2\/product_tag?post=112403"}],"curies":[{"name":"wp","href":"https:\/\/api.w.org\/{rel}","templated":true}]}}