{"id":112393,"date":"2026-03-20T21:39:39","date_gmt":"2026-03-20T21:39:39","guid":{"rendered":"https:\/\/soydeaqui.ddns.net\/pachuca\/index.php\/producto\/amperimetro-digital-de-gancho-de-rango-automatico-de-2000-a-ca-con-media-cuadratica-real-y-baja-impedancia-loz\/"},"modified":"2026-03-20T21:40:08","modified_gmt":"2026-03-20T21:40:08","slug":"amperimetro-digital-de-gancho-de-rango-automatico-de-2000-a-ca-con-media-cuadratica-real-y-baja-impedancia-loz","status":"publish","type":"product","link":"https:\/\/soydeaqui.ddns.net\/pachuca\/index.php\/producto\/amperimetro-digital-de-gancho-de-rango-automatico-de-2000-a-ca-con-media-cuadratica-real-y-baja-impedancia-loz\/","title":{"rendered":"Amper\u00edmetro Digital de Gancho de Rango Autom\u00e1tico de 2000 A CA, con Media Cuadr\u00e1tica Real y Baja Impedancia (LoZ)."},"content":{"rendered":"<div style='width: 100%; max-width: 1200px; margin: 0 auto; font-family: sans-serif; line-height: 1.6; color: inherit; background-color: transparent;'>\n<div style='display: flex; flex-wrap: wrap; gap: 30px; margin-bottom: 30px;'>\n<div style='flex: 1 1 300px; min-width: 280px;'>\n<h3 style='font-size: 22px; border-bottom: 2px solid currentColor; padding-bottom: 5px; margin-top: 0; color: inherit; opacity: 0.8;'>Caracter\u00edsticas<\/h3>\n<ul style='padding-left: 20px; font-size: 15px; color: inherit;'>\n<li style='margin-bottom: 5px;'>Mult\u00edmetro digital de gancho que mide 2000 A CA\/CD&comma; 1000 V CA\/CD&comma; y 60 m\u00e2\u201e\u00a6<\/li>\n<li style='margin-bottom: 5px;'>Dise\u00f1o industrial resistente de los \u201cMULT\u00cdMETROS RESISTENTES\u201d de Klein que responde a las demandas del lugar de trabajo; dise\u00f1ados para resistir una ca\u00edda desde 6&comma;6&#8242; (2 m) de altura<\/li>\n<li style='margin-bottom: 5px;'>Tecnolog\u00eda de medici\u00f3n de rango autom\u00e1tico con media cuadr\u00e1tica real (TRMS) que ofrece mayor precisi\u00f3n<\/li>\n<li style='margin-bottom: 5px;'>La clasificaci\u00f3n de seguridad es CAT IV 600 V&comma; CAT III 1000 V&comma; clase 2&comma; doble aislamiento<\/li>\n<li style='margin-bottom: 5px;'>Pantalla retroiluminada que ofrece visibilidad clara en entornos con poca luz<\/li>\n<li style='margin-bottom: 5px;'>Modo dedicado para capturar la corriente de inserci\u00f3n<\/li>\n<li style='margin-bottom: 5px;'>Probador de voltaje sin contacto integrado en la pinza<\/li>\n<li style='margin-bottom: 5px;'>Modo de baja impedancia (LoZ) para identificar y eliminar voltajes fantasmas o err\u00e1ticos<\/li>\n<li style='margin-bottom: 5px;'>Indicador de continuidad audible&comma; capacitancia&comma; prueba de diodo&comma; frecuencia y ciclo de servicio&comma; caracter\u00edstica de m\u00edn.\/m\u00e1x.&comma; capacidad de retenci\u00f3n de datos<\/li>\n<li style='margin-bottom: 5px;'>Mide voltaje CA\/CD&comma; resistencia&comma; continuidad&comma; frecuencia&comma; ciclo de servicio&comma; capacitancia; y prueba diodos con los cables de prueba<\/li>\n<li style='margin-bottom: 5px;'>La pinza mide corriente CA\/CD<\/li>\n<li style='margin-bottom: 5px;'>Para preservar la vida \u00fatil de la bater\u00eda&comma; se apaga autom\u00e1ticamente despu\u00e9s de 30 minutos sin uso<\/li>\n<li style='margin-bottom: 5px;'>Indicador de bater\u00eda baja y compartimento de las bater\u00edas de f\u00e1cil acceso<\/li>\n<li style='margin-bottom: 5px;'>Incluye estuche para transporte (manual de instrucciones)&comma; cables de prueba para conectores de entrada y 2 bater\u00edas AAA<\/li>\n<\/ul><\/div>\n<\/p><\/div>\n<hr style='border: 0; border-top: 1px solid rgba(150&comma; 150&comma; 150&comma; 0.3); margin: 30px 0;'>\n<div style='display: flex; flex-wrap: wrap; gap: 20px;'>\n<div style='flex: 1 1 250px; border: 1px solid rgba(150&comma; 150&comma; 150&comma; 0.4); border-radius: 8px; overflow: hidden; display: flex; flex-direction: column;'>\n<div style='padding: 15px; border-bottom: 1px solid rgba(150&comma; 150&comma; 150&comma; 0.2); font-weight: bold; font-size: 18px; color: inherit;'>Dimensiones y Especificaciones<\/div>\n<div style='padding: 15px; color: inherit;'>\n<ul style='padding-left: 20px; margin: 0; font-size: 14px; list-style-type: disc;'>\n<li style='margin-bottom: 5px;'>Tama\u00f1o de las mordazas: 2&#8242; (50 mm)<\/li>\n<li style='margin-bottom: 5px;'>Protecci\u00f3n ante ca\u00eddas: 6.6&#8242; (2 m)<\/li>\n<li style='margin-bottom: 5px;'>Longitud total: 10.39&#8242; (264 mm)<\/li>\n<li style='margin-bottom: 5px;'>Altura total: 1.70&#8242; (43 mm)<\/li>\n<li style='margin-bottom: 5px;'>Ancho total: 3.90&#8242; (99 mm)<\/li>\n<li style='margin-bottom: 5px;'>Peso: 499 g (17.60 oz)<\/li>\n<\/ul><\/div>\n<\/p><\/div>\n<\/p><\/div>\n<\/p><\/div>\n","protected":false},"excerpt":{"rendered":"<p>Amper\u00edmetro Digital de Gancho de Rango Autom\u00e1tico de 2000 A CA, con Media Cuadr\u00e1tica Real y Baja Impedancia (LoZ).<\/p>\n","protected":false},"featured_media":112392,"comment_status":"open","ping_status":"closed","template":"","meta":[],"product_brand":[],"product_cat":[1140],"product_tag":[1058,432,1141],"class_list":{"0":"post-112393","1":"product","2":"type-product","3":"status-publish","4":"has-post-thumbnail","6":"product_cat-medicion-e-inspeccion-electrica","7":"product_tag-ferreteria","8":"product_tag-klein-tools","9":"product_tag-medicion-e-inspeccion-electrica","11":"first","12":"instock","13":"sale","14":"shipping-taxable","15":"purchasable","16":"product-type-simple"},"_links":{"self":[{"href":"https:\/\/soydeaqui.ddns.net\/pachuca\/index.php\/wp-json\/wp\/v2\/product\/112393","targetHints":{"allow":["GET"]}}],"collection":[{"href":"https:\/\/soydeaqui.ddns.net\/pachuca\/index.php\/wp-json\/wp\/v2\/product"}],"about":[{"href":"https:\/\/soydeaqui.ddns.net\/pachuca\/index.php\/wp-json\/wp\/v2\/types\/product"}],"replies":[{"embeddable":true,"href":"https:\/\/soydeaqui.ddns.net\/pachuca\/index.php\/wp-json\/wp\/v2\/comments?post=112393"}],"wp:featuredmedia":[{"embeddable":true,"href":"https:\/\/soydeaqui.ddns.net\/pachuca\/index.php\/wp-json\/wp\/v2\/media\/112392"}],"wp:attachment":[{"href":"https:\/\/soydeaqui.ddns.net\/pachuca\/index.php\/wp-json\/wp\/v2\/media?parent=112393"}],"wp:term":[{"taxonomy":"product_brand","embeddable":true,"href":"https:\/\/soydeaqui.ddns.net\/pachuca\/index.php\/wp-json\/wp\/v2\/product_brand?post=112393"},{"taxonomy":"product_cat","embeddable":true,"href":"https:\/\/soydeaqui.ddns.net\/pachuca\/index.php\/wp-json\/wp\/v2\/product_cat?post=112393"},{"taxonomy":"product_tag","embeddable":true,"href":"https:\/\/soydeaqui.ddns.net\/pachuca\/index.php\/wp-json\/wp\/v2\/product_tag?post=112393"}],"curies":[{"name":"wp","href":"https:\/\/api.w.org\/{rel}","templated":true}]}}