{"id":112386,"date":"2026-03-20T21:39:14","date_gmt":"2026-03-20T21:39:14","guid":{"rendered":"https:\/\/soydeaqui.ddns.net\/pachuca\/index.php\/producto\/probador-de-tomacorrientes-estandar-y-tomacorrientes-con-interruptor-de-falla-a-tierra-gfci\/"},"modified":"2026-03-20T21:39:34","modified_gmt":"2026-03-20T21:39:34","slug":"probador-de-tomacorrientes-estandar-y-tomacorrientes-con-interruptor-de-falla-a-tierra-gfci","status":"publish","type":"product","link":"https:\/\/soydeaqui.ddns.net\/pachuca\/index.php\/producto\/probador-de-tomacorrientes-estandar-y-tomacorrientes-con-interruptor-de-falla-a-tierra-gfci\/","title":{"rendered":"Probador de Tomacorrientes Est\u00e1ndar y Tomacorrientes con Interruptor de Falla a Tierra (GFCI)."},"content":{"rendered":"<div style='width: 100%; max-width: 1200px; margin: 0 auto; font-family: sans-serif; line-height: 1.6; color: inherit; background-color: transparent;'> <!-- Descripci\u00f3n principal --> <\/p>\n<div style='margin-bottom: 30px; font-size: 15px;'>\n<p style='margin: 0 0 15px; text-align: justify;'> El probador de tomacorrientes Klein Tools est\u00e1 dise\u00f1ado para detectar los problemas de cableado m\u00e1s comunes en tomacorrientes est\u00e1ndar y GFCI. El probador ofrece un cuadro muy conveniente que ayuda a determinar las condiciones de cableado en el tomacorriente en funci\u00f3n de los resultados de las luces de LED. Condiciones que indica: puesta a tierra abierta&comma; polaridad inversa&comma; vivo abierto&comma; neutro abierto&comma; vivo\/tierra invertidos. <\/p>\n<\/p><\/div>\n<p> <!-- Caracter\u00edsticas principales --> <\/p>\n<div style='display: flex; flex-wrap: wrap; gap: 30px; margin-bottom: 30px;'>\n<div style='flex: 1 1 300px; min-width: 280px;'>\n<h3 style='font-size: 22px; border-bottom: 2px solid currentColor; padding-bottom: 5px; margin-top: 0; color: inherit; opacity: 0.8;'>Caracter\u00edsticas principales<\/h3>\n<ul style='padding-left: 20px; font-size: 15px; color: inherit;'>\n<li style='margin-bottom: 5px;'>Probador GFCI que detecta los problemas de cableado m\u00e1s comunes en recept\u00e1culos est\u00e1ndar y GFCI.<\/li>\n<li style='margin-bottom: 5px;'>Ideal para tomacorrientes GFCI&comma; y confirma el funcionamiento del dispositivo protector del interruptor diferencial.<\/li>\n<li style='margin-bottom: 5px;'>Construido para resistir una ca\u00edda desde 6&comma;6&#8242; (2 m).<\/li>\n<li style='margin-bottom: 5px;'>Temperatura de operaci\u00f3n: 32 grados a 140 grados Fahrenheit (0 grados a 40 grados Celsius).<\/li>\n<li style='margin-bottom: 5px;'>Voltaje nominal: 110 V CA\/125 V CA a 50 Hz\/60 Hz en toma de 3 alambres.<\/li>\n<\/ul><\/div>\n<\/p><\/div>\n<p> <!-- Especificaciones t\u00e9cnicas --> <\/p>\n<div style='display: flex; flex-wrap: wrap; gap: 20px; margin-bottom: 30px;'>\n<div style='flex: 1 1 250px; border: 1px solid rgba(150&comma; 150&comma; 150&comma; 0.4); border-radius: 8px; overflow: hidden; display: flex; flex-direction: column;'>\n<div style='padding: 15px; border-bottom: 1px solid rgba(150&comma; 150&comma; 150&comma; 0.2); font-weight: bold; font-size: 18px; color: inherit;'>Especificaciones t\u00e9cnicas<\/div>\n<div style='padding: 15px; color: inherit;'>\n<ul style='padding-left: 20px; margin: 0; font-size: 14px; list-style-type: disc;'>\n<li style='margin-bottom: 5px;'><strong style='color: inherit;'>Dimensiones:<\/strong><\/li>\n<li style='margin-bottom: 5px;'><strong style='color: inherit;'>Longitud total:<\/strong> 1.62&#8242; (41 mm)<\/li>\n<li style='margin-bottom: 5px;'><strong style='color: inherit;'>Altura total:<\/strong> 2.88&#8242; (73 mm)<\/li>\n<li style='margin-bottom: 5px;'><strong style='color: inherit;'>Ancho total:<\/strong> 1.88&#8242; (48 mm)<\/li>\n<li style='margin-bottom: 5px;'><strong style='color: inherit;'>Protecci\u00f3n anti ca\u00edda:<\/strong> 6.6&#8242; (2 m)<\/li>\n<li style='margin-bottom: 5px;'><strong style='color: inherit;'>GFCI:<\/strong> S\u00ed<\/li>\n<li style='margin-bottom: 5px;'><strong style='color: inherit;'>Voltaje nominal:<\/strong> 110\/125 V CA a 50\/60 Hz en tomacorriente de 3 alambres<\/li>\n<li style='margin-bottom: 5px;'><strong style='color: inherit;'>Frecuencia:<\/strong> 50 Hz &#8211; 500 Hz<\/li>\n<li style='margin-bottom: 5px;'><strong style='color: inherit;'>Peso:<\/strong> 54 g (1.9 oz)<\/li>\n<\/ul><\/div>\n<\/p><\/div>\n<\/p><\/div>\n<p> <!-- Separador --> <\/p>\n<hr style='border: 0; border-top: 1px solid rgba(150&comma; 150&comma; 150&comma; 0.3); margin: 30px 0;'> <\/div>\n","protected":false},"excerpt":{"rendered":"<p>Probador de Tomacorrientes Est\u00e1ndar y Tomacorrientes con Interruptor de Falla a Tierra (GFCI).<\/p>\n","protected":false},"featured_media":112385,"comment_status":"open","ping_status":"closed","template":"","meta":[],"product_brand":[],"product_cat":[24],"product_tag":[26,25,432],"class_list":{"0":"post-112386","1":"product","2":"type-product","3":"status-publish","4":"has-post-thumbnail","6":"product_cat-accesorios-de-instalacion","7":"product_tag-accesorios-de-instalacion","8":"product_tag-herramientas","9":"product_tag-klein-tools","11":"first","12":"outofstock","13":"sale","14":"shipping-taxable","15":"purchasable","16":"product-type-simple"},"_links":{"self":[{"href":"https:\/\/soydeaqui.ddns.net\/pachuca\/index.php\/wp-json\/wp\/v2\/product\/112386","targetHints":{"allow":["GET"]}}],"collection":[{"href":"https:\/\/soydeaqui.ddns.net\/pachuca\/index.php\/wp-json\/wp\/v2\/product"}],"about":[{"href":"https:\/\/soydeaqui.ddns.net\/pachuca\/index.php\/wp-json\/wp\/v2\/types\/product"}],"replies":[{"embeddable":true,"href":"https:\/\/soydeaqui.ddns.net\/pachuca\/index.php\/wp-json\/wp\/v2\/comments?post=112386"}],"wp:featuredmedia":[{"embeddable":true,"href":"https:\/\/soydeaqui.ddns.net\/pachuca\/index.php\/wp-json\/wp\/v2\/media\/112385"}],"wp:attachment":[{"href":"https:\/\/soydeaqui.ddns.net\/pachuca\/index.php\/wp-json\/wp\/v2\/media?parent=112386"}],"wp:term":[{"taxonomy":"product_brand","embeddable":true,"href":"https:\/\/soydeaqui.ddns.net\/pachuca\/index.php\/wp-json\/wp\/v2\/product_brand?post=112386"},{"taxonomy":"product_cat","embeddable":true,"href":"https:\/\/soydeaqui.ddns.net\/pachuca\/index.php\/wp-json\/wp\/v2\/product_cat?post=112386"},{"taxonomy":"product_tag","embeddable":true,"href":"https:\/\/soydeaqui.ddns.net\/pachuca\/index.php\/wp-json\/wp\/v2\/product_tag?post=112386"}],"curies":[{"name":"wp","href":"https:\/\/api.w.org\/{rel}","templated":true}]}}