{"id":112376,"date":"2026-03-20T21:38:38","date_gmt":"2026-03-20T21:38:38","guid":{"rendered":"https:\/\/soydeaqui.ddns.net\/pachuca\/index.php\/producto\/detector-digital-de-cortacircuitos-de-120-vca-con-probador-de-tomacorrientes-gfci\/"},"modified":"2026-03-20T21:39:08","modified_gmt":"2026-03-20T21:39:08","slug":"detector-digital-de-cortacircuitos-de-120-vca-con-probador-de-tomacorrientes-gfci","status":"publish","type":"product","link":"https:\/\/soydeaqui.ddns.net\/pachuca\/index.php\/producto\/detector-digital-de-cortacircuitos-de-120-vca-con-probador-de-tomacorrientes-gfci\/","title":{"rendered":"Detector Digital de Cortacircuitos de 120 Vca con Probador de Tomacorrientes GFCI."},"content":{"rendered":"<div style='width: 100%; max-width: 1200px; margin: 0 auto; font-family: sans-serif; line-height: 1.6; color: inherit; background-color: transparent;'> <!-- Secci\u00f3n de caracter\u00edsticas --> <\/p>\n<div style='display: flex; flex-wrap: wrap; gap: 30px; margin-bottom: 30px;'>\n<div style='flex: 1 1 300px; min-width: 280px;'>\n<h3 style='font-size: 22px; border-bottom: 2px solid currentColor; padding-bottom: 5px; margin-top: 0; color: inherit; opacity: 0.8;'>Caracter\u00edsticas<\/h3>\n<ul style='padding-left: 20px; font-size: 15px; color: inherit;'>\n<li style='margin-bottom: 5px;'><span>Este detector de cortacircuitos puede ubicar de manera r\u00e1pida y precisa el cortacircuitos correcto en un panel correspondiente del circuito al que se conecta un tomacorrientes o accesorio el\u00e9ctrico.<\/span><\/li>\n<li style='margin-bottom: 5px;'><span>Probador GFCI que consta de dos piezas: un transmisor conectado al tomacorrientes o accesorio el\u00e9ctrico&comma; y un receptor que se usa para escanear el cortacircuitos correcto en el panel.<\/span><\/li>\n<li style='margin-bottom: 5px;'><span>El receptor emite indicaciones visuales y audibles claras cuando se ubica el cortacircuitos correcto.<\/span><\/li>\n<li style='margin-bottom: 5px;'><span>Funciona en circuitos de 90 a 120 V CA.<\/span><\/li>\n<li style='margin-bottom: 5px;'><span>Transmisor que incorpora un probador de tomacorrientes GFCI integrado para inspeccionar las condiciones de cableado en un tomacorrientes y probar dispositivos GFCI.<\/span><\/li>\n<li style='margin-bottom: 5px;'><span>El transmisor se acopla en el receptor para un almacenamiento pr\u00e1ctico como un solo elemento cuando el probador no est\u00e1 en uso.<\/span><\/li>\n<li style='margin-bottom: 5px;'><span>El transmisor incorpora un conector de 3 clavijas para conectar tomacorrientes con puesta a tierra estilo nort.<\/span><\/li>\n<li style='margin-bottom: 5px;'><span>El transmisor se puede conectar a otros acc el\u00e9ctricos usando acc opcionales que se venden por separado.<\/span><\/li>\n<li style='margin-bottom: 5px;'><span>Para preservar la vida \u00fatil de la bater\u00eda&comma; el receptor se apaga autom\u00e1ticamente despu\u00e9s de aproximadamente 3 minutos sin uso.<\/span><\/li>\n<li style='margin-bottom: 5px;'><span>El transmisor funciona con el circuito al conectarlo al tomacorrientes o accesorio el\u00e9ctrico.<\/span><\/li>\n<li style='margin-bottom: 5px;'><span>Indicador de bater\u00eda baja.<\/span><\/li>\n<li style='margin-bottom: 5px;'><span>Compartimiento de las bater\u00edas de f\u00e1cil acceso. Utiliza solo una bater\u00eda de 9 V en el receptor; el transmisor no requiere bater\u00edas.<\/span><\/li>\n<li style='margin-bottom: 5px;'><span>Construido para resistir una ca\u00edda desde 6&comma;6&#8242; (2 m).<\/span><\/li>\n<li style='margin-bottom: 5px;'><span>Clasificaci\u00f3n de seguridad CAT II&comma; 120 V.<\/span><\/li>\n<li style='margin-bottom: 5px;'><span>La categor\u00eda II de medici\u00f3n es aplicable a los circuitos de medici\u00f3n y prueba conectados directamente a puntos de utilizaci\u00f3n (tomacorrientes y puntos similares) de la instalaci\u00f3n de red de bajo voltaje de un edificio<\/span><\/li>\n<li style='margin-bottom: 5px;'><span>Incluye transmisor&comma; receptor&comma; manual del usuario y bater\u00eda de 9 V (para el receptor).<\/span><\/li>\n<\/ul><\/div>\n<\/p><\/div>\n<p> <!-- Secci\u00f3n de especificaciones --> <\/p>\n<div style='display: flex; flex-wrap: wrap; gap: 30px; margin-bottom: 30px;'>\n<div style='flex: 1 1 300px; min-width: 280px;'>\n<h3 style='font-size: 22px; border-bottom: 2px solid currentColor; padding-bottom: 5px; margin-top: 0; color: inherit; opacity: 0.8;'>Especificaciones<\/h3>\n<ul style='padding-left: 20px; font-size: 15px; color: inherit;'>\n<li style='margin-bottom: 5px;'><strong>Longitud total:<\/strong> 10.96&#8242; (278 mm) (con el transmisor acoplado en el receptor)<\/li>\n<li style='margin-bottom: 5px;'><strong>Altura total:<\/strong> 2.16&#8242; (55 mm) (con el transmisor acoplado en el receptor)<\/li>\n<li style='margin-bottom: 5px;'><strong>Ancho total:<\/strong> 1.39&#8242; (35 mm) (con el transmisor acoplado en el receptor)<\/li>\n<li style='margin-bottom: 5px;'><strong>Material:<\/strong> Carcaza de PC y PC &#8211; ABS con componentes electr\u00f3nicos<\/li>\n<li style='margin-bottom: 5px;'><strong>Peso:<\/strong> 204 g (7.2 oz)<\/li>\n<\/ul><\/div>\n<\/p><\/div>\n<p> <!-- Secci\u00f3n de video --> <\/p>\n<div style='margin-bottom: 30px;'>\n<div style='position: relative; padding-bottom: 56.25%; height: 0; overflow: hidden; margin-bottom: 30px;'>   <\/div>\n<\/p><\/div>\n<p> <!-- Separador --> <\/p>\n<hr style='border: 0; border-top: 1px solid rgba(150&comma; 150&comma; 150&comma; 0.3); margin: 30px 0;'> <\/div>\n","protected":false},"excerpt":{"rendered":"<p>Detector Digital de Cortacircuitos de 120 Vca con Probador de Tomacorrientes GFCI.<\/p>\n","protected":false},"featured_media":112375,"comment_status":"open","ping_status":"closed","template":"","meta":[],"product_brand":[],"product_cat":[24],"product_tag":[26,25,432],"class_list":{"0":"post-112376","1":"product","2":"type-product","3":"status-publish","4":"has-post-thumbnail","6":"product_cat-accesorios-de-instalacion","7":"product_tag-accesorios-de-instalacion","8":"product_tag-herramientas","9":"product_tag-klein-tools","11":"first","12":"instock","13":"sale","14":"shipping-taxable","15":"purchasable","16":"product-type-simple"},"_links":{"self":[{"href":"https:\/\/soydeaqui.ddns.net\/pachuca\/index.php\/wp-json\/wp\/v2\/product\/112376","targetHints":{"allow":["GET"]}}],"collection":[{"href":"https:\/\/soydeaqui.ddns.net\/pachuca\/index.php\/wp-json\/wp\/v2\/product"}],"about":[{"href":"https:\/\/soydeaqui.ddns.net\/pachuca\/index.php\/wp-json\/wp\/v2\/types\/product"}],"replies":[{"embeddable":true,"href":"https:\/\/soydeaqui.ddns.net\/pachuca\/index.php\/wp-json\/wp\/v2\/comments?post=112376"}],"wp:featuredmedia":[{"embeddable":true,"href":"https:\/\/soydeaqui.ddns.net\/pachuca\/index.php\/wp-json\/wp\/v2\/media\/112375"}],"wp:attachment":[{"href":"https:\/\/soydeaqui.ddns.net\/pachuca\/index.php\/wp-json\/wp\/v2\/media?parent=112376"}],"wp:term":[{"taxonomy":"product_brand","embeddable":true,"href":"https:\/\/soydeaqui.ddns.net\/pachuca\/index.php\/wp-json\/wp\/v2\/product_brand?post=112376"},{"taxonomy":"product_cat","embeddable":true,"href":"https:\/\/soydeaqui.ddns.net\/pachuca\/index.php\/wp-json\/wp\/v2\/product_cat?post=112376"},{"taxonomy":"product_tag","embeddable":true,"href":"https:\/\/soydeaqui.ddns.net\/pachuca\/index.php\/wp-json\/wp\/v2\/product_tag?post=112376"}],"curies":[{"name":"wp","href":"https:\/\/api.w.org\/{rel}","templated":true}]}}