{"id":112331,"date":"2026-03-20T21:36:00","date_gmt":"2026-03-20T21:36:00","guid":{"rendered":"https:\/\/soydeaqui.ddns.net\/pachuca\/index.php\/producto\/juego-de-desarmadores-intercambiables-con-aislamiento-8-en-1\/"},"modified":"2026-03-20T21:36:32","modified_gmt":"2026-03-20T21:36:32","slug":"juego-de-desarmadores-intercambiables-con-aislamiento-8-en-1","status":"publish","type":"product","link":"https:\/\/soydeaqui.ddns.net\/pachuca\/index.php\/producto\/juego-de-desarmadores-intercambiables-con-aislamiento-8-en-1\/","title":{"rendered":"Juego de Desarmadores Intercambiables con Aislamiento 8 en 1."},"content":{"rendered":"<div style='width: 100%; max-width: 1200px; margin: 0 auto; font-family: sans-serif; line-height: 1.6; color: inherit; background-color: transparent;'> <!-- Secci\u00f3n de caracter\u00edsticas --> <\/p>\n<div style='display: flex; flex-wrap: wrap; gap: 30px; margin-bottom: 30px;'>\n<div style='flex: 1 1 300px; min-width: 280px;'>\n<h3 style='font-size: 22px; border-bottom: 2px solid currentColor; padding-bottom: 5px; margin-top: 0; color: inherit; opacity: 0.8;'>Caracter\u00edsticas<\/h3>\n<ul style='padding-left: 20px; font-size: 15px; color: inherit;'>\n<li style='margin-bottom: 5px;'>Juego de desarmadores intercambiables con aislamiento&comma; un mango con aislamiento&comma; 5 barras intercambiables con aislamiento y un estuche de transporte.<\/li>\n<li style='margin-bottom: 5px;'>Juego de desarmadores que incluye estos tama\u00f1os de punta: 2 puntas Phillips n.\u00ba 2&comma; 2 puntas ranuradas de 1\/4&#8221;&comma; 1 punta Phillips n.\u00ba 1&comma; 1 punta cuadrada n.\u00ba 1&comma; 1 punta cuadrada n.\u00ba 2 y 1 punta ranurada de 3\/16&#8221;.<\/li>\n<li style='margin-bottom: 5px;'>Libere la barra de forma segura y f\u00e1cil con un r\u00e1pido giro al collar\u00edn de seguridad.<\/li>\n<li style='margin-bottom: 5px;'>Barras intercambiables con punta delgada que se adapta a bloques de terminales angostos.<\/li>\n<li style='margin-bottom: 5px;'>Barras intercambiables con punta delgada que se adapta a bloques de terminales angostos.<\/li>\n<li style='margin-bottom: 5px;'>El mango y la barra tienen una clasificaci\u00f3n de aislamiento de 1000 V que cumple o supera las normas ASTM F1505 referidas a herramientas con aislamiento.<\/li>\n<li style='margin-bottom: 5px;'>Una capa de aislamiento color naranja resistente a impactos e ign\u00edfuga protege contra choque el\u00e9ctrico.<\/li>\n<li style='margin-bottom: 5px;'>Mangos acojinados para proporcionar mayor torsi\u00f3n y comodidad.<\/li>\n<li style='margin-bottom: 5px;'>Barras de doble extremo con una longitud de barra de 3&comma;5&#8221;&comma; barras de un solo extremo con una longitud de barra de 5&comma;75&#8221;.<\/li>\n<li style='margin-bottom: 5px;'>Bolso de transporte enrollable y duradero que mantiene el juego organizado y protegido.<\/li>\n<\/ul><\/div>\n<\/p><\/div>\n<p> <!-- Secci\u00f3n de especificaciones --> <\/p>\n<div style='display: flex; flex-wrap: wrap; gap: 20px; margin-bottom: 30px;'>\n<div style='flex: 1 1 250px; border: 1px solid rgba(150&comma; 150&comma; 150&comma; 0.4); border-radius: 8px; overflow: hidden; display: flex; flex-direction: column;'>\n<div style='padding: 15px; border-bottom: 1px solid rgba(150&comma; 150&comma; 150&comma; 0.2); font-weight: bold; font-size: 18px; color: inherit;'>Especificaciones<\/div>\n<div style='padding: 15px; color: inherit;'>\n<ul style='padding-left: 20px; margin: 0; font-size: 14px; list-style-type: disc;'>\n<li style='margin-bottom: 5px;'><strong>Material:<\/strong> Acero templado por inducci\u00f3n<\/li>\n<li style='margin-bottom: 5px;'><strong>Aplicaci\u00f3n:<\/strong> Trabajo cerca de fuentes energizadas<\/li>\n<li style='margin-bottom: 5px;'><strong>Caracter\u00edsticas especiales:<\/strong> Magno acojinado<\/li>\n<li style='margin-bottom: 5px;'><strong>M\u00e1gnetica:<\/strong> No<\/li>\n<li style='margin-bottom: 5px;'><strong>Aislado:<\/strong> S\u00ed<\/li>\n<li style='margin-bottom: 5px;'><strong>Longitud de la barra:<\/strong> Doble extremo: 3.5&#8242; (89 mm); Un solo extremo: 5.75&#8242; (146 mm)<\/li>\n<li style='margin-bottom: 5px;'><strong>Material del mango:<\/strong> Goma&comma; pl\u00e1stico altamente diel\u00e9ctrico<\/li>\n<li style='margin-bottom: 5px;'><strong>Color del mango:<\/strong> Negro\/naranja<\/li>\n<li style='margin-bottom: 5px;'><strong>Longitud del mango:<\/strong> 4.7&#8242; (119 mm)<\/li>\n<li style='margin-bottom: 5px;'><strong>Di\u00e1metro del mango:<\/strong> 1.25&#8242; (32 mm)<\/li>\n<li style='margin-bottom: 5px;'><strong>Longitud total:<\/strong> 8.25&#8242; (210 mm)<\/li>\n<li style='margin-bottom: 5px;'><strong>Altura total:<\/strong> 1.75&#8242; (44 mm)<\/li>\n<li style='margin-bottom: 5px;'><strong>Ancho total:<\/strong> 4.25&#8242; (108 mm)<\/li>\n<li style='margin-bottom: 5px;'><strong>Cantidad de piezas:<\/strong> 7<\/li>\n<li style='margin-bottom: 5px;'><strong>Tipo:<\/strong> Barra intercambiable con aislamiento<\/li>\n<li style='margin-bottom: 5px;'><strong>Peso:<\/strong> 417 g (14.7 oz)<\/li>\n<\/ul><\/div>\n<\/p><\/div>\n<\/p><\/div>\n<p> <!-- Separador --> <\/p>\n<hr style='border: 0; border-top: 1px solid rgba(150&comma; 150&comma; 150&comma; 0.3); margin: 30px 0;'> <\/div>\n","protected":false},"excerpt":{"rendered":"<p>Juego de Desarmadores Intercambiables con Aislamiento 8 en 1.<\/p>\n","protected":false},"featured_media":112330,"comment_status":"open","ping_status":"closed","template":"","meta":[],"product_brand":[],"product_cat":[24],"product_tag":[26,25,432],"class_list":{"0":"post-112331","1":"product","2":"type-product","3":"status-publish","4":"has-post-thumbnail","6":"product_cat-accesorios-de-instalacion","7":"product_tag-accesorios-de-instalacion","8":"product_tag-herramientas","9":"product_tag-klein-tools","11":"first","12":"instock","13":"sale","14":"shipping-taxable","15":"purchasable","16":"product-type-simple"},"_links":{"self":[{"href":"https:\/\/soydeaqui.ddns.net\/pachuca\/index.php\/wp-json\/wp\/v2\/product\/112331","targetHints":{"allow":["GET"]}}],"collection":[{"href":"https:\/\/soydeaqui.ddns.net\/pachuca\/index.php\/wp-json\/wp\/v2\/product"}],"about":[{"href":"https:\/\/soydeaqui.ddns.net\/pachuca\/index.php\/wp-json\/wp\/v2\/types\/product"}],"replies":[{"embeddable":true,"href":"https:\/\/soydeaqui.ddns.net\/pachuca\/index.php\/wp-json\/wp\/v2\/comments?post=112331"}],"wp:featuredmedia":[{"embeddable":true,"href":"https:\/\/soydeaqui.ddns.net\/pachuca\/index.php\/wp-json\/wp\/v2\/media\/112330"}],"wp:attachment":[{"href":"https:\/\/soydeaqui.ddns.net\/pachuca\/index.php\/wp-json\/wp\/v2\/media?parent=112331"}],"wp:term":[{"taxonomy":"product_brand","embeddable":true,"href":"https:\/\/soydeaqui.ddns.net\/pachuca\/index.php\/wp-json\/wp\/v2\/product_brand?post=112331"},{"taxonomy":"product_cat","embeddable":true,"href":"https:\/\/soydeaqui.ddns.net\/pachuca\/index.php\/wp-json\/wp\/v2\/product_cat?post=112331"},{"taxonomy":"product_tag","embeddable":true,"href":"https:\/\/soydeaqui.ddns.net\/pachuca\/index.php\/wp-json\/wp\/v2\/product_tag?post=112331"}],"curies":[{"name":"wp","href":"https:\/\/api.w.org\/{rel}","templated":true}]}}