{"id":112299,"date":"2026-03-20T21:34:17","date_gmt":"2026-03-20T21:34:17","guid":{"rendered":"https:\/\/soydeaqui.ddns.net\/pachuca\/index.php\/producto\/trabajo-24-7-inversor-de-corriente-pura-1000-w-12-vcc-salida-120vca-heavy-duty\/"},"modified":"2026-03-20T21:34:33","modified_gmt":"2026-03-20T21:34:33","slug":"trabajo-24-7-inversor-de-corriente-pura-1000-w-12-vcc-salida-120vca-heavy-duty","status":"publish","type":"product","link":"https:\/\/soydeaqui.ddns.net\/pachuca\/index.php\/producto\/trabajo-24-7-inversor-de-corriente-pura-1000-w-12-vcc-salida-120vca-heavy-duty\/","title":{"rendered":"(Trabajo 24\/7) Inversor de Corriente PURA 1000 W \/ 12 Vcc \/ salida 120VCA \/ HEAVY DUTY"},"content":{"rendered":"<div style='width: 100%; max-width: 1200px; margin: 0 auto; font-family: sans-serif; line-height: 1.6; color: inherit; background-color: transparent;'>\n<h1 style='text-align: center; font-size: 24px; margin: 0 0 20px; color: inherit;'><span style='font-size: 24pt;'>Inversores de CD-CA de onda sinusoidal pura serie PST<\/span><\/h1>\n<p> <!-- Imagen de marca --> <\/p>\n<div style='text-align: center; margin: 20px 0;'> <img style='width: 100%; max-width: 511px; height: auto; border: 1px solid rgba(150&comma;150&comma;150&comma;0.3); border-radius: 8px;' src='https:\/\/ftp3.syscom.mx\/usuarios\/anavarro\/Samlex\/SAM\/Samlexamerica.png' alt='Logo Samlex'> <\/div>\n<p> <!-- Im\u00e1genes del producto --> <\/p>\n<div style='display: flex; flex-wrap: wrap; gap: 20px; justify-content: center; margin: 25px 0;'>\n<div style='flex: 1 1 400px; min-width: 300px;'> <img style='width: 100%; height: auto; border: 1px solid rgba(150&comma;150&comma;150&comma;0.3); border-radius: 8px;' src='https:\/\/ftp3.syscom.mx\/usuarios\/anavarro\/Samlex\/PST\/PST1000\/PST-1000F-12-1100x680.jpg' alt='Inversor Samlex PST 1000F 12V'> <\/div>\n<div style='flex: 1 1 400px; min-width: 300px;'> <img style='width: 100%; height: auto; border: 1px solid rgba(150&comma;150&comma;150&comma;0.3); border-radius: 8px;' src='https:\/\/ftp3.syscom.mx\/usuarios\/anavarro\/Samlex\/PST\/PST1000\/pst-1000-back-1100x680.jpg' alt='Panel trasero del inversor Samlex PST 1000F 12V'> <\/div>\n<\/p><\/div>\n<p> <!-- Leyenda de imagen --> <\/p>\n<div style='text-align: right; margin: 10px 0; font-size: 13px; color: inherit; opacity: 0.8;'>*Imagen ilustrativa&comma; el producto f\u00edsico puede variar.<\/div>\n<p> <!-- Descripci\u00f3n general --> <\/p>\n<div style='margin: 30px 0; font-size: 15px; color: inherit;'>\n<p style='text-align: center; font-size: 14pt; margin: 0;'> La serie PST de Samlex America es una serie de inversores de corriente dise\u00f1ada para aplicaciones de uso rudo y trabajo continuo&comma; ofreciendo una soluci\u00f3n confiable y de calidad para cubrir las necesidades energ\u00e9ticas en sistemas aislados de la red y una amplia gama aplicaciones m\u00f3viles. <\/p>\n<\/p><\/div>\n<p> <!-- Secci\u00f3n de caracter\u00edsticas --> <\/p>\n<div style='display: flex; flex-wrap: wrap; gap: 30px; margin: 30px 0;'>\n<div style='flex: 1 1 300px; min-width: 280px;'>\n<h3 style='font-size: 22px; border-bottom: 2px solid currentColor; padding-bottom: 5px; margin-top: 0; color: inherit; opacity: 0.8;'>Caracter\u00edsticas principales<\/h3>\n<ul style='padding-left: 20px; font-size: 15px; color: inherit;'>\n<li style='margin-bottom: 5px;'>Modelos de 120 a 3000 W en configuraci\u00f3n de 12 o 24 Vcc.<\/li>\n<li style='margin-bottom: 5px;'>Dise\u00f1ados para trabajo continuo.<\/li>\n<li style='margin-bottom: 5px;'>Tecnolog\u00eda de onda sinusoidal pura.<\/li>\n<li style='margin-bottom: 5px;'>Alta eficiencia.<\/li>\n<li style='margin-bottom: 5px;'>Ventilador controlado por temperatura.<\/li>\n<li style='margin-bottom: 5px;'>Amplio rango de voltaje de entrada.<\/li>\n<\/ul><\/div>\n<\/p><\/div>\n<p> <!-- Secci\u00f3n de especificaciones --> <\/p>\n<div style='display: flex; flex-wrap: wrap; gap: 30px; margin: 30px 0;'>\n<div style='flex: 1 1 300px; min-width: 280px;'>\n<h3 style='font-size: 22px; border-bottom: 2px solid currentColor; padding-bottom: 5px; margin-top: 0; color: inherit; opacity: 0.8;'>Especificaciones<\/h3>\n<ul style='padding-left: 20px; font-size: 15px; color: inherit;'>\n<li style='margin-bottom: 5px;'><strong>Voltaje de entrada:<\/strong> 12 Vcc<\/li>\n<li style='margin-bottom: 5px;'><strong>Voltaje de salida:<\/strong> 120 Vca<\/li>\n<li style='margin-bottom: 5px;'><strong>Potencia nominal:<\/strong> 1000 W<\/li>\n<li style='margin-bottom: 5px;'><strong>Contactos de salida:<\/strong> 2<\/li>\n<li style='margin-bottom: 5px;'><strong>Tipo de onda:<\/strong> Sinusoidal pura<\/li>\n<li style='margin-bottom: 5px;'><strong>Dimensiones:<\/strong> 238 x 397 x 82 mm<\/li>\n<li style='margin-bottom: 5px;'><strong>Peso:<\/strong> 4.0 kg<\/li>\n<\/ul><\/div>\n<\/p><\/div>\n<p> <!-- Separador final --> <\/p>\n<hr style='border: 0; border-top: 1px solid rgba(150&comma; 150&comma; 150&comma; 0.3); margin: 30px 0;'> <\/div>\n","protected":false},"excerpt":{"rendered":"<p>(Trabajo 24\/7) Inversor de Corriente PURA 1000 W \/ 12 Vcc \/ salida 120VCA \/ HEAVY DUTY<\/p>\n","protected":false},"featured_media":112298,"comment_status":"open","ping_status":"closed","template":"","meta":[],"product_brand":[],"product_cat":[1120],"product_tag":[964,1121,1221],"class_list":{"0":"post-112299","1":"product","2":"type-product","3":"status-publish","4":"has-post-thumbnail","6":"product_cat-inversores-aislados-off-grid","7":"product_tag-energia-solar","8":"product_tag-inversores-aislados-off-grid","9":"product_tag-samlex","11":"first","12":"outofstock","13":"sale","14":"shipping-taxable","15":"purchasable","16":"product-type-simple"},"_links":{"self":[{"href":"https:\/\/soydeaqui.ddns.net\/pachuca\/index.php\/wp-json\/wp\/v2\/product\/112299","targetHints":{"allow":["GET"]}}],"collection":[{"href":"https:\/\/soydeaqui.ddns.net\/pachuca\/index.php\/wp-json\/wp\/v2\/product"}],"about":[{"href":"https:\/\/soydeaqui.ddns.net\/pachuca\/index.php\/wp-json\/wp\/v2\/types\/product"}],"replies":[{"embeddable":true,"href":"https:\/\/soydeaqui.ddns.net\/pachuca\/index.php\/wp-json\/wp\/v2\/comments?post=112299"}],"wp:featuredmedia":[{"embeddable":true,"href":"https:\/\/soydeaqui.ddns.net\/pachuca\/index.php\/wp-json\/wp\/v2\/media\/112298"}],"wp:attachment":[{"href":"https:\/\/soydeaqui.ddns.net\/pachuca\/index.php\/wp-json\/wp\/v2\/media?parent=112299"}],"wp:term":[{"taxonomy":"product_brand","embeddable":true,"href":"https:\/\/soydeaqui.ddns.net\/pachuca\/index.php\/wp-json\/wp\/v2\/product_brand?post=112299"},{"taxonomy":"product_cat","embeddable":true,"href":"https:\/\/soydeaqui.ddns.net\/pachuca\/index.php\/wp-json\/wp\/v2\/product_cat?post=112299"},{"taxonomy":"product_tag","embeddable":true,"href":"https:\/\/soydeaqui.ddns.net\/pachuca\/index.php\/wp-json\/wp\/v2\/product_tag?post=112299"}],"curies":[{"name":"wp","href":"https:\/\/api.w.org\/{rel}","templated":true}]}}