{"id":11227,"date":"2026-03-18T07:46:57","date_gmt":"2026-03-18T07:46:57","guid":{"rendered":"https:\/\/soydeaqui.ddns.net\/pachuca\/index.php\/producto\/pole-blanco-de-3-metros-9-84-pies-para-instalaciones-elctricas-voz-y-datos-no-incluye-accesorios-se-venden-por-separado-los-modelos-tek100duplex-accesorios-de-fijacin-y-contacto-duplex-y-tek1\/"},"modified":"2026-03-18T07:46:57","modified_gmt":"2026-03-18T07:46:57","slug":"pole-blanco-de-3-metros-9-84-pies-para-instalaciones-elctricas-voz-y-datos-no-incluye-accesorios-se-venden-por-separado-los-modelos-tek100duplex-accesorios-de-fijacin-y-contacto-duplex-y-tek1","status":"publish","type":"product","link":"https:\/\/soydeaqui.ddns.net\/pachuca\/index.php\/producto\/pole-blanco-de-3-metros-9-84-pies-para-instalaciones-elctricas-voz-y-datos-no-incluye-accesorios-se-venden-por-separado-los-modelos-tek100duplex-accesorios-de-fijacin-y-contacto-duplex-y-tek1\/","title":{"rendered":"Pole Blanco de 3 Metros (9.84 Pies) para Instalaciones El?ctricas, Voz y Datos, No Incluye Accesorios, Se Venden por Separado los Modelos TEK100DUPLEX (Accesorios de Fijaci?n y Contacto Duplex) y TEK100UNI (Soporte y Tapa Universal) (13000-01000)"},"content":{"rendered":"<div style='width: 100%; max-width: 1200px; margin: 0 auto; font-family: sans-serif; line-height: 1.6; color: inherit; background-color: transparent;'>\n<div style='display: flex; flex-wrap: wrap; gap: 30px; margin-bottom: 30px;'>\n<div style='flex: 1 1 300px; min-width: 280px;'>\n<h3 style='font-size: 22px; border-bottom: 2px solid currentColor; padding-bottom: 5px; margin-top: 0; color: inherit; opacity: 0.8;'>Descripci\u00f3n<\/h3>\n<ul style='padding-left: 20px; font-size: 15px; color: inherit;'>\n<li>Columna para instalaciones de mecanismos el\u00e9ctricos&comma; de voz y datos<\/li>\n<li>Color blanco<\/li>\n<li><strong>Peso:<\/strong> 5.440kg<\/li>\n<li><strong>Altura:<\/strong> 3m.<\/li>\n<li>Colocaci\u00f3n f\u00e1cil y sencilla con ensamble a presi\u00f3n y torniller\u00eda. Incluye instructivo de ensamble y colocaci\u00f3n<\/li>\n<li><strong>Temperatura de trabajo:<\/strong> -40\u00b0C a + 85\u00b0C<\/li>\n<\/ul><\/div>\n<div style='flex: 1 1 300px; min-width: 280px;'>\n<h3 style='font-size: 22px; border-bottom: 2px solid currentColor; padding-bottom: 5px; margin-top: 0; color: inherit; opacity: 0.8;'>Materiales<\/h3>\n<ul style='padding-left: 20px; font-size: 15px; color: inherit;'>\n<li>PVC rigido de alto impacto resistente a la tensi\u00f3n (columna y tapa)<\/li>\n<li>ABS r\u00edgido de alto impacto resistente a la tensi\u00f3n (cubierta base MC&comma; base minicolumna para flexiducto y media ca\u00f1a)<\/li>\n<li>L\u00e1mina galv. cal. 20 (Sistema de aterrizaje a tierra)<\/li>\n<li>Acero galvanizado (Tornillos&comma; tuerca&comma; arandela y pija)<\/li>\n<li>Polietileno (Thorquete TP2B)<\/li>\n<li>Aluminio (Remache)<\/li>\n<\/ul><\/div>\n<\/p><\/div>\n<div style='display: flex; flex-wrap: wrap; gap: 20px; margin-bottom: 30px;'>\n<div style='flex: 1 1 300px; min-width: 280px;'> <img style='width: 100%; height: auto; border: 1px solid rgba(150&comma;150&comma;150&comma;0.3); border-radius: 8px;' src='http:\/\/ftp3.syscom.mx\/usuarios\/fotos\/THP3M\/72884-pole.jpg' alt=''> <\/div>\n<div style='flex: 1 1 300px; min-width: 280px;'> <img style='width: 100%; height: auto; border: 1px solid rgba(150&comma;150&comma;150&comma;0.3); border-radius: 8px;' src='https:\/\/ftp3.syscom.mx\/usuarios\/ftp\/single_page\/thorsman\/Thorsman1-02.jpg' alt=''> <\/div>\n<div style='flex: 1 1 300px; min-width: 280px;'> <img style='width: 100%; height: auto; border: 1px solid rgba(150&comma;150&comma;150&comma;0.3); border-radius: 8px;' src='https:\/\/ftp3.syscom.mx\/usuarios\/ftp\/single_page\/thorsman\/Thorsman1-01.jpg' alt=''> <\/div>\n<\/p><\/div>\n<div style='display: flex; flex-wrap: wrap; gap: 20px; margin-bottom: 30px;'>\n<div style='flex: 1 1 250px; border: 1px solid rgba(150&comma; 150&comma; 150&comma; 0.4); border-radius: 8px; overflow: hidden; display: flex; flex-direction: column;'>\n<div style='padding: 15px; border-bottom: 1px solid rgba(150&comma; 150&comma; 150&comma; 0.2); font-weight: bold; font-size: 18px; color: inherit;'>Sistemas para:<\/div>\n<div style='padding: 15px; color: inherit;'>\n<div style='display: flex; flex-wrap: wrap; justify-content: center; gap: 15px;'>\n<div style='flex: 1 1 120px; text-align: center;'> <img style='width: 60px; height: auto; border: none;' src='https:\/\/ftp3.syscom.mx\/usuarios\/ftp\/single_page\/thorsman\/thorsman1-09.png' alt='Hospital'> <\/p>\n<p style='margin-top: 10px;'>Hospital<\/p>\n<\/p><\/div>\n<div style='flex: 1 1 120px; text-align: center;'> <img style='width: 60px; height: auto; border: none;' src='https:\/\/ftp3.syscom.mx\/usuarios\/ftp\/single_page\/thorsman\/thorsman1-08.png' alt='Hogar'> <\/p>\n<p style='margin-top: 10px;'>Hogar<\/p>\n<\/p><\/div>\n<div style='flex: 1 1 120px; text-align: center;'> <img style='width: 60px; height: auto; border: none;' src='https:\/\/ftp3.syscom.mx\/usuarios\/ftp\/single_page\/thorsman\/thorsman1-10.png' alt='Industria'> <\/p>\n<p style='margin-top: 10px;'>Industria<\/p>\n<\/p><\/div>\n<div style='flex: 1 1 120px; text-align: center;'> <img style='width: 60px; height: auto; border: none;' src='https:\/\/ftp3.syscom.mx\/usuarios\/ftp\/single_page\/thorsman\/thorsman1-11.png' alt='Oficina'> <\/p>\n<p style='margin-top: 10px;'>Oficina<\/p>\n<\/p><\/div>\n<\/p><\/div>\n<\/p><\/div>\n<\/p><\/div>\n<div style='flex: 1 1 250px; border: 1px solid rgba(150&comma; 150&comma; 150&comma; 0.4); border-radius: 8px; overflow: hidden; display: flex; flex-direction: column;'>\n<div style='padding: 15px; border-bottom: 1px solid rgba(150&comma; 150&comma; 150&comma; 0.2); font-weight: bold; font-size: 18px; color: inherit;'>Aplicaciones<\/div>\n<div style='padding: 15px; color: inherit;'>\n<div style='display: flex; flex-direction: column; gap: 15px;'>\n<div style='display: flex; align-items: center; gap: 10px;'> <img style='width: 60px; height: auto; border: none;' src='https:\/\/ftp3.syscom.mx\/usuarios\/ftp\/single_page\/thorsman\/thorsman1-05.png' alt='Capacidad'> <\/p>\n<p style='margin: 0;'>El 40% de la capacidad es la m\u00e1xima recomendada por EIA\/TIA-569-A para dise\u00f1ar sistemas de cableado estructurado.<\/p>\n<\/p><\/div>\n<div style='display: flex; align-items: center; gap: 10px;'> <img style='width: 60px; height: auto; border: none;' src='https:\/\/ftp3.syscom.mx\/usuarios\/ftp\/single_page\/thorsman\/thorsman1-06.png' alt='Fijaci\u00f3n'> <\/p>\n<p style='margin: 0;'>Encuentre los sistemas de fijaci\u00f3n de Thorsman&comma; como las grapas para cable&comma; fleje&comma; cinchos de nylon y acero inoxidable&comma; que son fundamentales para la seguridad en cualquier instalaci\u00f3n.<\/p>\n<\/p><\/div>\n<div style='display: flex; align-items: center; gap: 10px;'> <img style='width: 60px; height: auto; border: none;' src='https:\/\/ftp3.syscom.mx\/usuarios\/ftp\/single_page\/thorsman\/thorsman1-07.png' alt='Telecom'> <\/p>\n<p style='margin: 0;'>Los sistemas thelecom de Thorsman&comma; como las mini cajas de piso de energ\u00eda y voz\/datos&comma; as\u00ed como las cajas de piso de 2 y 4 m\u00f3dulos configurables&comma; brindan la soluci\u00f3n completa en conectividad para centros de entretenimiento como lo son casinos&comma; ferias&comma; museos&comma; plazas comerciales&comma; entre otros.<\/p>\n<\/p><\/div>\n<\/p><\/div>\n<\/p><\/div>\n<\/p><\/div>\n<\/p><\/div>\n<div style='display: flex; flex-wrap: wrap; justify-content: center; align-items: center; gap: 30px; margin-bottom: 30px;'> <img style='width: 100%; max-width: 200px; height: auto; border: 1px solid rgba(150&comma;150&comma;150&comma;0.3); border-radius: 8px;' src='https:\/\/ftp3.syscom.mx\/usuarios\/acordova\/Thorsman\/LOGO%20FINAL%20THORSMAN%20AGOSTO%202016.jpg' alt='Logo Thorsman'> <img style='width: 100%; max-width: 100px; height: auto; border: 1px solid rgba(150&comma;150&comma;150&comma;0.3); border-radius: 8px;' src='http:\/\/ftp3.syscom.mx\/usuarios\/egomez\/Hecho%20en%20Mexico.jpg' alt='Hecho en M\u00e9xico'> <\/div>\n<div style='background: linear-gradient(90deg&comma; #2a397a 50%&comma; #0080ff 100%); color: inherit; text-align: center; padding: 20px; border-radius: 8px; margin-bottom: 30px;'>\n<h2 style='font-size: 22px; font-family: roboto; font-weight: 300; margin: 0;'>Thorsman es la Marca L\u00edder en M\u00e9xico Reconocida por Productos de Canalizaci\u00f3n y Fijaci\u00f3n<\/h2>\n<\/p><\/div>\n<\/p><\/div>\n","protected":false},"excerpt":{"rendered":"<p>Pole Blanco de 3 Metros (9.84 Pies) para Instalaciones El?ctricas, Voz y Datos, No Incluye Accesorios, Se Venden por Separado los Modelos TEK100DUPLEX (Accesorios de Fijaci?n y Contacto Duplex) y TEK100UNI (Soporte y Tapa Universal) (13000-01000)<\/p>\n","protected":false},"featured_media":11226,"comment_status":"open","ping_status":"closed","template":"","meta":[],"product_brand":[],"product_cat":[585],"product_tag":[586,587,583],"class_list":{"0":"post-11227","1":"product","2":"type-product","3":"status-publish","4":"has-post-thumbnail","6":"product_cat-cajas-superficiales","7":"product_tag-cableado-de-cobre","8":"product_tag-cajas-superficiales","9":"product_tag-thorsman","11":"first","12":"instock","13":"sale","14":"shipping-taxable","15":"purchasable","16":"product-type-simple"},"_links":{"self":[{"href":"https:\/\/soydeaqui.ddns.net\/pachuca\/index.php\/wp-json\/wp\/v2\/product\/11227","targetHints":{"allow":["GET"]}}],"collection":[{"href":"https:\/\/soydeaqui.ddns.net\/pachuca\/index.php\/wp-json\/wp\/v2\/product"}],"about":[{"href":"https:\/\/soydeaqui.ddns.net\/pachuca\/index.php\/wp-json\/wp\/v2\/types\/product"}],"replies":[{"embeddable":true,"href":"https:\/\/soydeaqui.ddns.net\/pachuca\/index.php\/wp-json\/wp\/v2\/comments?post=11227"}],"wp:featuredmedia":[{"embeddable":true,"href":"https:\/\/soydeaqui.ddns.net\/pachuca\/index.php\/wp-json\/wp\/v2\/media\/11226"}],"wp:attachment":[{"href":"https:\/\/soydeaqui.ddns.net\/pachuca\/index.php\/wp-json\/wp\/v2\/media?parent=11227"}],"wp:term":[{"taxonomy":"product_brand","embeddable":true,"href":"https:\/\/soydeaqui.ddns.net\/pachuca\/index.php\/wp-json\/wp\/v2\/product_brand?post=11227"},{"taxonomy":"product_cat","embeddable":true,"href":"https:\/\/soydeaqui.ddns.net\/pachuca\/index.php\/wp-json\/wp\/v2\/product_cat?post=11227"},{"taxonomy":"product_tag","embeddable":true,"href":"https:\/\/soydeaqui.ddns.net\/pachuca\/index.php\/wp-json\/wp\/v2\/product_tag?post=11227"}],"curies":[{"name":"wp","href":"https:\/\/api.w.org\/{rel}","templated":true}]}}