{"id":112269,"date":"2026-03-20T21:32:42","date_gmt":"2026-03-20T21:32:42","guid":{"rendered":"https:\/\/soydeaqui.ddns.net\/pachuca\/index.php\/producto\/unifi-protect-g4-doorbell-wifi-resolucion-hd-2mp-vision-nocturna-ir-6-mts-ai-para-deteccion-de-eventos-audio-bidireccional-proteccion-ipx4\/"},"modified":"2026-03-20T21:32:58","modified_gmt":"2026-03-20T21:32:58","slug":"unifi-protect-g4-doorbell-wifi-resolucion-hd-2mp-vision-nocturna-ir-6-mts-ai-para-deteccion-de-eventos-audio-bidireccional-proteccion-ipx4","status":"publish","type":"product","link":"https:\/\/soydeaqui.ddns.net\/pachuca\/index.php\/producto\/unifi-protect-g4-doorbell-wifi-resolucion-hd-2mp-vision-nocturna-ir-6-mts-ai-para-deteccion-de-eventos-audio-bidireccional-proteccion-ipx4\/","title":{"rendered":"UniFi Protect G4 Doorbell, WiFi, Resoluci\u00f3n HD 2MP, Visi\u00f3n Nocturna IR 6 Mts, AI para Detecci\u00f3n de Eventos, Audio Bidireccional, Protecci\u00f3n IPX4"},"content":{"rendered":"<div style='width: 100%; max-width: 1200px; margin: 0 auto; font-family: sans-serif; line-height: 1.6; color: inherit; background-color: transparent;'>\n<div style='display: flex; flex-wrap: wrap; gap: 30px; margin-bottom: 30px;'>\n<div style='flex: 1 1 300px; min-width: 280px;'>\n<h3 style='font-size: 22px; border-bottom: 2px solid currentColor; padding-bottom: 5px; margin-top: 0; color: inherit; opacity: 0.8;'>Caracter\u00edsticas Principales<\/h3>\n<ul style='padding-left: 20px; font-size: 15px; color: inherit;'>\n<li style='margin-bottom: 5px; display: flex; align-items: flex-start;'> <img style='width: 20px; height: 20px; margin-right: 8px; border: 1px solid rgba(150&comma;150&comma;150&comma;0.3); border-radius: 4px;' src='https:\/\/assets.ecomm.ui.com\/static\/key-features\/lens.svg' alt='Icono de Lente' \/> <strong>Resoluci\u00f3n de v\u00eddeo:<\/strong> HD (2MP) <\/li>\n<li style='margin-bottom: 5px; display: flex; align-items: flex-start;'> <img style='width: 20px; height: 20px; margin-right: 8px; border: 1px solid rgba(150&comma;150&comma;150&comma;0.3); border-radius: 4px;' src='https:\/\/assets.ecomm.ui.com\/static\/key-features\/night.svg' alt='Icono de Visi\u00f3n Nocturna' \/> <strong>Visi\u00f3n nocturna:<\/strong> 6 m (20 pies) IR <\/li>\n<li style='margin-bottom: 5px; display: flex; align-items: flex-start;'> <img style='width: 20px; height: 20px; margin-right: 8px; border: 1px solid rgba(150&comma;150&comma;150&comma;0.3); border-radius: 4px;' src='https:\/\/assets.ecomm.ui.com\/static\/key-features\/range.svg' alt='Icono de Alcance' \/> <strong>Detecci\u00f3n:<\/strong> Eventos de IA <\/li>\n<li style='margin-bottom: 5px; display: flex; align-items: flex-start;'> <img style='width: 20px; height: 20px; margin-right: 8px; border: 1px solid rgba(150&comma;150&comma;150&comma;0.3); border-radius: 4px;' src='https:\/\/assets.ecomm.ui.com\/static\/key-features\/wifi.svg' alt='Icono de WiFi' \/> <strong>Conectividad:<\/strong> WiFi 802.11a\/b\/g\/n\/ac <\/li>\n<li style='margin-bottom: 5px; display: flex; align-items: flex-start;'> <img style='width: 20px; height: 20px; margin-right: 8px; border: 1px solid rgba(150&comma;150&comma;150&comma;0.3); border-radius: 4px;' src='https:\/\/assets.ecomm.ui.com\/static\/key-features\/sound.svg' alt='Icono de Sonido' \/> <strong>Audio:<\/strong> Bidireccional <\/li>\n<li style='margin-bottom: 5px; display: flex; align-items: flex-start;'> <img style='width: 20px; height: 20px; margin-right: 8px; border: 1px solid rgba(150&comma;150&comma;150&comma;0.3); border-radius: 4px;' src='https:\/\/assets.ecomm.ui.com\/static\/key-features\/waterdrop.svg' alt='Icono de Protecci\u00f3n' \/> <strong>Protecci\u00f3n:<\/strong> IPX4 <\/li>\n<li style='margin-top: 15px; font-size: 14px; color: inherit;'> <em>*Configuraci\u00f3n WiFi de terceros disponible durante la configuraci\u00f3n con la aplicaci\u00f3n m\u00f3vil UniFi Protect.<\/em> <\/li>\n<\/ul><\/div>\n<\/p><\/div>\n<div style='display: flex; flex-wrap: wrap; gap: 30px; margin-bottom: 30px;'>\n<div style='flex: 1 1 300px; min-width: 280px;'>\n<h3 style='font-size: 22px; border-bottom: 2px solid currentColor; padding-bottom: 5px; margin-top: 0; color: inherit; opacity: 0.8;'>Especificaciones F\u00edsicas<\/h3>\n<ul style='padding-left: 20px; font-size: 15px; color: inherit;'>\n<li style='margin-bottom: 5px;'><strong>Dimensiones:<\/strong> 118&comma;3 x 46&comma;8 x 25&comma;8 mm (4&comma;7 x 1&comma;8 x 1&#8242;)<\/li>\n<li style='margin-bottom: 5px;'><strong>Peso:<\/strong> Sin montaje: 130 g (4.59 oz)<br \/>Con soporte de pared plana: 178 g (6.28 oz)<br \/>Con 20\u00b0 montaje en cu\u00f1a: 200 g (7.05 oz)<\/li>\n<li style='margin-bottom: 5px;'><strong>Material del recinto:<\/strong> Policarbonato<\/li>\n<li style='margin-bottom: 5px;'><strong>Materiales de montaje:<\/strong> Soporte de pared plano: aleaci\u00f3n de aluminio<br \/>20\u00b0 montaje en cu\u00f1a: policarbonato<\/li>\n<li style='margin-bottom: 5px;'><strong>Impermeabilizaci\u00f3n:<\/strong> IPX4<\/li>\n<\/ul><\/div>\n<div style='flex: 1 1 300px; min-width: 280px;'>\n<h3 style='font-size: 22px; border-bottom: 2px solid currentColor; padding-bottom: 5px; margin-top: 0; color: inherit; opacity: 0.8;'>Especificaciones \u00d3pticas<\/h3>\n<ul style='padding-left: 20px; font-size: 15px; color: inherit;'>\n<li style='margin-bottom: 5px;'><strong>Sensor:<\/strong> CMOS de 5MP<\/li>\n<li style='margin-bottom: 5px;'><strong>Lente:<\/strong> Distancia focal fija<\/li>\n<li style='margin-bottom: 5px;'><strong>\u00c1ngulo de visi\u00f3n:<\/strong> H: 138\u00b0&comma; V: 114\u00b0&comma; D: 155\u00b0<\/li>\n<li style='margin-bottom: 5px;'><strong>Modo nocturno:<\/strong> Iluminaci\u00f3n LED IR incorporada y filtro de corte IR<\/li>\n<\/ul><\/div>\n<div style='flex: 1 1 300px; min-width: 280px;'>\n<h3 style='font-size: 22px; border-bottom: 2px solid currentColor; padding-bottom: 5px; margin-top: 0; color: inherit; opacity: 0.8;'>Especificaciones de Video<\/h3>\n<ul style='padding-left: 20px; font-size: 15px; color: inherit;'>\n<li style='margin-bottom: 5px;'><strong>Resoluci\u00f3n:<\/strong> 2MP 1600 x 1200 (4:3)<\/li>\n<li style='margin-bottom: 5px;'><strong>Velocidad de fotogramas:<\/strong> 30 FPS<\/li>\n<\/ul><\/div>\n<div style='flex: 1 1 300px; min-width: 280px;'>\n<h3 style='font-size: 22px; border-bottom: 2px solid currentColor; padding-bottom: 5px; margin-top: 0; color: inherit; opacity: 0.8;'>Especificaciones del Sistema<\/h3>\n<ul style='padding-left: 20px; font-size: 15px; color: inherit;'>\n<li style='margin-bottom: 5px;'><strong>Procesador:<\/strong> Quad-core Arm\u00ae Cortex\u00ae-A53 chip basado<\/li>\n<li style='margin-bottom: 5px;'><strong>Interfaz de red:<\/strong> WiFi 802.11a\/b\/g\/n\/ac<br \/>Bluetooth\u2122 4.2<\/li>\n<li style='margin-bottom: 5px;'><strong>Consumo m\u00e1ximo:<\/strong> 12W<\/li>\n<li style='margin-bottom: 5px;'><strong>Requisitos de potencia:<\/strong> 16\u201424V AC&comma; 1.25A max.&comma; 50\/60 Hz<\/li>\n<li style='margin-bottom: 5px;'><strong>Rango de voltaje:<\/strong> 16\u201424V AC<\/li>\n<li style='margin-bottom: 5px;'><strong>LED:<\/strong> Enlace\/actividad<\/li>\n<li style='margin-bottom: 5px;'><strong>Botones:<\/strong> (1) Bot\u00f3n de anillo<br \/>(1) Restablecimiento de f\u00e1brica<\/li>\n<li style='margin-bottom: 5px;'><strong>Montaje:<\/strong> Pared plana&comma; 20\u00b0 cu\u00f1a (Incluido)<\/li>\n<li style='margin-bottom: 5px;'><strong>Temperatura operativa:<\/strong> &#8211; 10 a 40\u00b0C (14 a 104\u00b0F)<\/li>\n<li style='margin-bottom: 5px;'><strong>Humedad operativa:<\/strong> 0 a 90% sin condensaci\u00f3n<\/li>\n<li style='margin-bottom: 5px;'><strong>Certificaciones:<\/strong> FCC&comma; IC&comma; CE<\/li>\n<li style='margin-bottom: 5px;'><strong>NDAA Cumple:<\/strong> S\u00ed<\/li>\n<\/ul><\/div>\n<div style='flex: 1 1 300px; min-width: 280px;'>\n<h3 style='font-size: 22px; border-bottom: 2px solid currentColor; padding-bottom: 5px; margin-top: 0; color: inherit; opacity: 0.8;'>Especificaciones de Audio<\/h3>\n<ul style='padding-left: 20px; font-size: 15px; color: inherit;'>\n<li style='margin-bottom: 5px;'><strong>Micr\u00f3fono:<\/strong> S\u00ed (Se puede desactivar)<\/li>\n<li style='margin-bottom: 5px;'><strong>Bocina:<\/strong> S\u00ed<\/li>\n<\/ul><\/div>\n<div style='flex: 1 1 300px; min-width: 280px;'>\n<h3 style='font-size: 22px; border-bottom: 2px solid currentColor; padding-bottom: 5px; margin-top: 0; color: inherit; opacity: 0.8;'>Software<\/h3>\n<ul style='padding-left: 20px; font-size: 15px; color: inherit;'>\n<li style='margin-bottom: 5px;'><strong>Aplicaci\u00f3n web:<\/strong> UniFi Proteger<\/li>\n<li style='margin-bottom: 5px;'><strong>Aplicaci\u00f3n m\u00f3vil:<\/strong> UniFi Protect iOS\u2122 y Android\u2122<\/li>\n<\/ul><\/div>\n<div style='flex: 1 1 300px; min-width: 280px;'>\n<h3 style='font-size: 22px; border-bottom: 2px solid currentColor; padding-bottom: 5px; margin-top: 0; color: inherit; opacity: 0.8;'>Chimes Mec\u00e1nicos Compatibles<\/h3>\n<ul style='padding-left: 20px; font-size: 15px; color: inherit;'>\n<li style='margin-bottom: 5px;'><strong>Fabricante:<\/strong> Broan-NuTone<br \/><strong>Modelo:<\/strong> LA126WH<\/li>\n<li style='margin-bottom: 5px;'><strong>Fabricante:<\/strong> Broan-NuTone<br \/><strong>Modelo:<\/strong> LA11WH<\/li>\n<li style='margin-bottom: 5px;'><strong>Fabricante:<\/strong> Heath Zenith<br \/><strong>Modelo:<\/strong> SL-2735<\/li>\n<li style='margin-bottom: 5px;'><strong>Fabricante:<\/strong> Hecho a mano<br \/><strong>Modelo:<\/strong> CTPW-RG<\/li>\n<li style='margin-bottom: 5px;'><strong>Fabricante:<\/strong> Broan-NuTone<br \/><strong>Modelo:<\/strong> LA39WH<\/li>\n<li style='margin-bottom: 5px;'><strong>Fabricante:<\/strong> Hardware Newhouse<br \/><strong>Modelo:<\/strong> CHM3D<\/li>\n<\/ul><\/div>\n<div style='flex: 1 1 300px; min-width: 280px;'>\n<h3 style='font-size: 22px; border-bottom: 2px solid currentColor; padding-bottom: 5px; margin-top: 0; color: inherit; opacity: 0.8;'>Chimes Digitales Compatibles<\/h3>\n<ul style='padding-left: 20px; font-size: 15px; color: inherit;'>\n<li style='margin-bottom: 5px;'><strong>Fabricante:<\/strong> Broan-NuTone<br \/><strong>Modelo:<\/strong> LA600WH<\/li>\n<li style='margin-bottom: 5px;'><strong>Fabricante:<\/strong> IQ AM\u00c9RICA<br \/><strong>Modelo:<\/strong> DW-2850<\/li>\n<li style='margin-bottom: 5px;'><strong>Fabricante:<\/strong> IQ AM\u00c9RICA<br \/><strong>Modelo:<\/strong> DW-2840<\/li>\n<\/ul><\/div>\n<div style='flex: 1 1 300px; min-width: 280px;'>\n<h3 style='font-size: 22px; border-bottom: 2px solid currentColor; padding-bottom: 5px; margin-top: 0; color: inherit; opacity: 0.8;'>Especificaciones del Transformador (Versi\u00f3n UE)<\/h3>\n<ul style='padding-left: 20px; font-size: 15px; color: inherit;'>\n<li style='margin-bottom: 5px;'><strong>Entrada:<\/strong> 230V&comma; 50\/60Hz<\/li>\n<li style='margin-bottom: 5px;'><strong>Salida:<\/strong> 16V AC&comma; 15VA<\/li>\n<li style='margin-bottom: 5px;'><strong>Temperatura operativa:<\/strong> -5 a 35\u00b0C (23 a 95\u00b0F)<\/li>\n<\/ul><\/div>\n<\/p><\/div>\n<div style='display: flex; flex-wrap: wrap; gap: 30px; margin-bottom: 30px;'>\n<div style='flex: 1 1 300px; min-width: 280px;'>\n<h3 style='font-size: 22px; border-bottom: 2px solid currentColor; padding-bottom: 5px; margin-top: 0; color: inherit; opacity: 0.8;'>Contenido del Paquete<\/h3>\n<ul style='padding-left: 20px; font-size: 15px; color: inherit;'>\n<li style='margin-bottom: 5px;'>Campanilla UniFi Protect G4<\/li>\n<li style='margin-bottom: 5px;'>Soporte de montaje<\/li>\n<li style='margin-bottom: 5px;'>Tornillos y anclajes<\/li>\n<li style='margin-bottom: 5px;'>Gu\u00eda de instalaci\u00f3n<\/li>\n<\/ul><\/div>\n<\/p><\/div>\n<p> <!-- Video --> <\/p>\n<div style='position: relative; padding-bottom: 56.25%; height: 0; overflow: hidden; margin-bottom: 30px;'>   <\/div>\n<p> <!-- Im\u00e1genes --> <\/p>\n<div style='display: flex; flex-wrap: wrap; gap: 20px; margin-bottom: 30px;'> <img style='width: 100%; height: auto; border: 1px solid rgba(150&comma;150&comma;150&comma;0.3); border-radius: 8px;' src='https:\/\/images.svc.ui.com\/?u=https%3A%2F%2Fcdn.ecomm.ui.com%2Fproducts%2Ff960c0ba-5fb1-4c12-b919-9f59b1aa720f%2Feffdefba-9776-4e11-bcc5-9e9111cb6fd1.png&#038;q=75&#038;w=1000' alt='' \/> <img style='width: 100%; height: auto; border: 1px solid rgba(150&comma;150&comma;150&comma;0.3); border-radius: 8px;' src='https:\/\/images.svc.ui.com\/?u=https%3A%2F%2Fcdn.ecomm.ui.com%2Fproducts%2Ff960c0ba-5fb1-4c12-b919-9f59b1aa720f%2Fcdc88296-5dc0-4052-ab26-f8c67c0194fa.png&#038;q=75&#038;w=1000' alt='' \/> <img style='width: 100%; height: auto; border: 1px solid rgba(150&comma;150&comma;150&comma;0.3); border-radius: 8px;' src='https:\/\/images.svc.ui.com\/?u=https%3A%2F%2Fcdn.ecomm.ui.com%2Fproducts%2Ff960c0ba-5fb1-4c12-b919-9f59b1aa720f%2Ff263075c-8c6f-4b89-9daa-633a94f4ad6c.png&#038;q=75&#038;w=1000' alt='' \/> <img style='width: 100%; height: auto; border: 1px solid rgba(150&comma;150&comma;150&comma;0.3); border-radius: 8px;' src='https:\/\/images.svc.ui.com\/?u=https%3A%2F%2Fcdn.ecomm.ui.com%2Fproducts%2Ff960c0ba-5fb1-4c12-b919-9f59b1aa720f%2F19c85d97-b460-443e-812d-3bdc85bd7ce8.png&#038;q=75&#038;w=1000' alt='' \/> <img style='width: 100%; height: auto; border: 1px solid rgba(150&comma;150&comma;150&comma;0.3); border-radius: 8px;' src='https:\/\/ftp3.syscom.mx\/usuarios\/fotos\/UVCG4DOORBELL\/195004-captura_de_pantalla_2025-05-21_113837.png' alt='' \/> <\/div>\n<\/p><\/div>\n","protected":false},"excerpt":{"rendered":"<p>UniFi Protect G4 Doorbell, WiFi, Resoluci\u00f3n HD 2MP, Visi\u00f3n Nocturna IR 6 Mts, AI para Detecci\u00f3n de Eventos, Audio Bidireccional, Protecci\u00f3n IPX4<\/p>\n","protected":false},"featured_media":112268,"comment_status":"open","ping_status":"closed","template":"","meta":[],"product_brand":[],"product_cat":[866],"product_tag":[789,166,557],"class_list":{"0":"post-112269","1":"product","2":"type-product","3":"status-publish","4":"has-post-thumbnail","6":"product_cat-intercomunicadores-videoporteros-e-interfonos","7":"product_tag-intercomunicadores","8":"product_tag-ubiquiti","9":"product_tag-videoporteros-e-interfonos","11":"first","12":"outofstock","13":"sale","14":"shipping-taxable","15":"purchasable","16":"product-type-simple"},"_links":{"self":[{"href":"https:\/\/soydeaqui.ddns.net\/pachuca\/index.php\/wp-json\/wp\/v2\/product\/112269","targetHints":{"allow":["GET"]}}],"collection":[{"href":"https:\/\/soydeaqui.ddns.net\/pachuca\/index.php\/wp-json\/wp\/v2\/product"}],"about":[{"href":"https:\/\/soydeaqui.ddns.net\/pachuca\/index.php\/wp-json\/wp\/v2\/types\/product"}],"replies":[{"embeddable":true,"href":"https:\/\/soydeaqui.ddns.net\/pachuca\/index.php\/wp-json\/wp\/v2\/comments?post=112269"}],"wp:featuredmedia":[{"embeddable":true,"href":"https:\/\/soydeaqui.ddns.net\/pachuca\/index.php\/wp-json\/wp\/v2\/media\/112268"}],"wp:attachment":[{"href":"https:\/\/soydeaqui.ddns.net\/pachuca\/index.php\/wp-json\/wp\/v2\/media?parent=112269"}],"wp:term":[{"taxonomy":"product_brand","embeddable":true,"href":"https:\/\/soydeaqui.ddns.net\/pachuca\/index.php\/wp-json\/wp\/v2\/product_brand?post=112269"},{"taxonomy":"product_cat","embeddable":true,"href":"https:\/\/soydeaqui.ddns.net\/pachuca\/index.php\/wp-json\/wp\/v2\/product_cat?post=112269"},{"taxonomy":"product_tag","embeddable":true,"href":"https:\/\/soydeaqui.ddns.net\/pachuca\/index.php\/wp-json\/wp\/v2\/product_tag?post=112269"}],"curies":[{"name":"wp","href":"https:\/\/api.w.org\/{rel}","templated":true}]}}