{"id":112255,"date":"2026-03-20T21:31:59","date_gmt":"2026-03-20T21:31:59","guid":{"rendered":"https:\/\/soydeaqui.ddns.net\/pachuca\/index.php\/producto\/hilook-series-domo-ip-4-megapixel-lente-2-8-mm-30-mts-ir-exterior-ip67-ik10-poe-wdr-onvif\/"},"modified":"2026-03-20T21:32:11","modified_gmt":"2026-03-20T21:32:11","slug":"hilook-series-domo-ip-4-megapixel-lente-2-8-mm-30-mts-ir-exterior-ip67-ik10-poe-wdr-onvif","status":"publish","type":"product","link":"https:\/\/soydeaqui.ddns.net\/pachuca\/index.php\/producto\/hilook-series-domo-ip-4-megapixel-lente-2-8-mm-30-mts-ir-exterior-ip67-ik10-poe-wdr-onvif\/","title":{"rendered":"HiLook Series \/ Domo IP 4 Megapixel \/ Lente 2.8 mm \/ 30 mts IR \/ Exterior IP67 \/ IK10 \/ PoE \/ WDR  \/ ONVIF"},"content":{"rendered":"<div style='width: 100%; max-width: 1200px; margin: 0 auto; font-family: sans-serif; line-height: 1.6; color: inherit; background-color: transparent;'> <!-- Imagen principal --> <\/p>\n<div style='display: flex; justify-content: center; margin-bottom: 20px;'> <img style='width: 45%; height: auto; border: 1px solid rgba(150&comma;150&comma;150&comma;0.3); border-radius: 8px;' src='https:\/\/ftp3.syscom.mx\/usuarios\/fotos\/IPCB120\/143291-hilook.png' alt='HiLook IPCD140H(C)'> <\/div>\n<p> <!-- V\u00eddeos --> <\/p>\n<div style='margin-bottom: 30px;'>\n<div style='position: relative; padding-bottom: 56.25%; height: 0; overflow: hidden; margin-bottom: 30px;'>   <\/div>\n<div style='display: flex; flex-wrap: wrap; gap: 20px;'>\n<div style='flex: 1 1 48%; min-width: 280px;'>\n<div style='position: relative; padding-bottom: 56.25%; height: 0; overflow: hidden;'>   <\/div>\n<\/p><\/div>\n<div style='flex: 1 1 48%; min-width: 280px;'>\n<div style='position: relative; padding-bottom: 56.25%; height: 0; overflow: hidden;'>   <\/div>\n<\/p><\/div>\n<div style='flex: 1 1 48%; min-width: 280px;'>\n<div style='position: relative; padding-bottom: 56.25%; height: 0; overflow: hidden;'>   <\/div>\n<\/p><\/div>\n<div style='flex: 1 1 48%; min-width: 280px;'>\n<div style='position: relative; padding-bottom: 56.25%; height: 0; overflow: hidden;'>   <\/div>\n<\/p><\/div>\n<\/p><\/div>\n<\/p><\/div>\n<p> <!-- Secci\u00f3n de caracter\u00edsticas --> <\/p>\n<div style='display: flex; flex-wrap: wrap; gap: 30px; margin-bottom: 30px;'>\n<div style='flex: 1 1 300px; min-width: 280px;'>\n<h3 style='font-size: 22px; border-bottom: 2px solid currentColor; padding-bottom: 5px; margin-top: 0; color: inherit; opacity: 0.8;'>Caracter\u00edsticas Principales<\/h3>\n<ul style='padding-left: 20px; font-size: 15px; color: inherit;'>\n<li style='margin-bottom: 5px;'>Resoluci\u00f3n m\u00e1xima: 4 Megapixel (2560 x 1440).<\/li>\n<li style='margin-bottom: 5px;'>Iluminaci\u00f3n m\u00ednima: color 0.01 Lux @ (F2.0&comma; AGC ON).<\/li>\n<li style='margin-bottom: 5px;'>D\u00eda \/ Noche Real (filtro ICR).<\/li>\n<li style='margin-bottom: 5px;'>Distancia focal: 2.8 mm (\u00e1ngulo de visi\u00f3n 100\u00b0).<\/li>\n<li style='margin-bottom: 5px;'>Distancia de infrarrojo: 30 mts Smart IR.<\/li>\n<li style='margin-bottom: 5px;'>Funciones normales: WDR 120dB \/ BLC \/ 3D-DNR.<\/li>\n<li style='margin-bottom: 5px;'>Compresi\u00f3n: H.265+ \/ H.265 \/ H.264+ \/ H.264.<\/li>\n<li style='margin-bottom: 5px;'>Compatible con la plataforma de Hi-look<\/li>\n<\/ul><\/div>\n<div style='flex: 1 1 300px; min-width: 280px;'>\n<h3 style='font-size: 22px; border-bottom: 2px solid currentColor; padding-bottom: 5px; margin-top: 0; color: inherit; opacity: 0.8;'>Caracter\u00edsticas F\u00edsicas y El\u00e9ctricas<\/h3>\n<ul style='padding-left: 20px; font-size: 15px; color: inherit;'>\n<li style='margin-bottom: 5px;'>Alimentaci\u00f3n: 12 Vcc \/ 7 W \/ PoE (802.3 af).<\/li>\n<li style='margin-bottom: 5px;'>Temperatura de operaci\u00f3n: -30\u00b0C a 60\u00b0C \/ Humedad al 95% m\u00e1ximo.<\/li>\n<li style='margin-bottom: 5px;'>Uso en Exterior: IP67 \/ IK10.<\/li>\n<li style='margin-bottom: 5px;'>Protecci\u00f3n contra sobretensiones y protecci\u00f3n contra voltajes transitorios.<\/li>\n<li style='margin-bottom: 5px;'>Dimensiones: 134 x 134 x 108 mm<\/li>\n<li style='margin-bottom: 5px;'>Fabricado en material de metal con base de pl\u00e1stico.<\/li>\n<li style='margin-bottom: 5px;'>Peso: 400 grs<\/li>\n<\/ul><\/div>\n<div style='flex: 1 1 300px; min-width: 280px;'>\n<h3 style='font-size: 22px; border-bottom: 2px solid currentColor; padding-bottom: 5px; margin-top: 0; color: inherit; opacity: 0.8;'>Caracter\u00edsticas Destacadas<\/h3>\n<ul style='padding-left: 20px; font-size: 15px; color: inherit;'>\n<li style='margin-bottom: 5px;'>Main Stream: 20fps (2560 \u00d7 1440&comma; 2304 \u00d7 1296&comma; 1920 \u00d7 1080&comma; 1280 \u00d7 720).<\/li>\n<li style='margin-bottom: 5px;'>Sub Steam: 20fps (640 \u00d7 480&comma; 640 \u00d7 360&comma; 320 \u00d7 240).<\/li>\n<li style='margin-bottom: 5px;'>Soporta hasta 6 usuarios simult\u00e1neos.<\/li>\n<li style='margin-bottom: 5px;'>Entradas de alarma: N\/A.<\/li>\n<li style='margin-bottom: 5px;'>Salidas de alarma: N\/A.<\/li>\n<li style='margin-bottom: 5px;'>Entradas de audio: N\/A.<\/li>\n<li style='margin-bottom: 5px;'>Salidas de audio: N\/A.<\/li>\n<li style='margin-bottom: 5px;'>Puerto de red: 1 (10 \/ 100 Mbps ).<\/li>\n<li style='margin-bottom: 5px;'>Soporta ONVIF (PROFILE S&comma; PROFILE G) \/ ISAPI.<\/li>\n<\/ul><\/div>\n<\/p><\/div>\n<p> <!-- Secci\u00f3n de accesorios --> <\/p>\n<div style='display: flex; flex-wrap: wrap; gap: 20px; margin-bottom: 30px;'>\n<div style='flex: 1 1 100%; border: 1px solid rgba(150&comma; 150&comma; 150&comma; 0.4); border-radius: 8px; overflow: hidden;'>\n<div style='padding: 15px; border-bottom: 1px solid rgba(150&comma; 150&comma; 150&comma; 0.2); font-weight: bold; font-size: 18px; color: inherit;'>Accesorios<\/div>\n<div style='padding: 15px; color: inherit;'>\n<ul style='padding-left: 20px; margin: 0; font-size: 14px; list-style-type: disc;'>\n<li style='margin-bottom: 5px;'>Montaje de esquina&comma; modelo: <a href='https:\/\/www.syscom.mx\/producto\/DS-1276ZJ-SUS-HIKVISION-156173.html' target='_blank' rel='noopener' style='color: inherit; text-decoration: underline;'>DS-1276ZJ-SUS<\/a><\/li>\n<li style='margin-bottom: 5px;'>Caja de conexiones&comma; modelo: <a href='https:\/\/www.syscom.mx\/producto\/DS-1280ZJ-DM18-HIKVISION-70853.html' target='_blank' rel='noopener' style='color: inherit; text-decoration: underline;'>DS-1280ZJ-DM18<\/a><\/li>\n<li style='margin-bottom: 5px;'>Montaje met\u00e1lico de pared para exterior&comma; modelo: <a href='https:\/\/www.syscom.mx\/producto\/DS-1272ZJ-110B-HIKVISION-143451.html' target='_blank' rel='noopener' style='color: inherit; text-decoration: underline;'>DS-1272ZJ-110B<\/a><\/li>\n<li style='margin-bottom: 5px;'>Montaje de Techo para C\u00e1maras Domo&comma; modelo: <a href='https:\/\/www.syscom.mx\/producto\/DS-1271ZJ-110-HIKVISION-137407.html' target='_blank' rel='noopener' style='color: inherit; text-decoration: underline;'>DS-1271ZJ-110<\/a><\/li>\n<li style='margin-bottom: 5px;'>Montaje met\u00e1lico de pared para exterior&comma; modelo: <a href='https:\/\/www.syscom.mx\/producto\/DS-1272ZJ-110-HIKVISION-75483.html' target='_blank' rel='noopener' style='color: inherit; text-decoration: underline;'>DS-1272ZJ-110<\/a><\/li>\n<li style='margin-bottom: 5px;'>Montaje inclinado para instalaciones en techo&comma; modelo: <a href='https:\/\/www.syscom.mx\/producto\/DS-1259ZJ-HIKVISION-68833.html' target='_blank' rel='noopener' style='color: inherit; text-decoration: underline;'>DS-1259ZJ<\/a><\/li>\n<li style='margin-bottom: 5px;'>Protector de Lluvia&comma; modelo: <a href='https:\/\/www.syscom.mx\/producto\/DS-1250ZJ-HIKVISION-84928.html' target='_blank' rel='noopener' style='color: inherit; text-decoration: underline;'>DS-1250ZJ<\/a><\/li>\n<li style='margin-bottom: 5px;'>Montaje de Pared para Interior&comma; modelo: <a href='https:\/\/www.syscom.mx\/producto\/DS-1258ZJ-HIKVISION-68834.html' target='_blank' rel='noopener' style='color: inherit; text-decoration: underline;'>DS-1258ZJ<\/a><\/li>\n<li style='margin-bottom: 5px;'>Montaje de poste vertical&comma; modelo: <a href='https:\/\/www.syscom.mx\/producto\/DS-1275ZJ-SUS-HIKVISION-156172.html' target='_blank' rel='noopener' style='color: inherit; text-decoration: underline;'>DS-1275ZJ-SUS<\/a><\/li>\n<\/ul><\/div>\n<\/p><\/div>\n<\/p><\/div>\n<p> <!-- Imagen adicional --> <\/p>\n<div style='display: flex; justify-content: center; margin-bottom: 20px;'> <img style='width: 100%; height: auto; border: 1px solid rgba(150&comma;150&comma;150&comma;0.3); border-radius: 8px;' src='https:\/\/ftp3.syscom.mx\/usuarios\/yvalenzuela\/Hilook\/hiklook.jpg' alt='HiLook IPCD140H(C)'> <\/div>\n<\/p><\/div>\n","protected":false},"excerpt":{"rendered":"<p>HiLook Series \/ Domo IP 4 Megapixel \/ Lente 2.8 mm \/ 30 mts IR \/ Exterior IP67 \/ IK10 \/ PoE \/ WDR  \/ ONVIF<\/p>\n","protected":false},"featured_media":112254,"comment_status":"open","ping_status":"closed","template":"","meta":[],"product_brand":[],"product_cat":[2056],"product_tag":[122,2057,715],"class_list":{"0":"post-112255","1":"product","2":"type-product","3":"status-publish","4":"has-post-thumbnail","6":"product_cat-domo-eyeball-turret","7":"product_tag-camaras-ip-y-nvrs","8":"product_tag-domo-eyeball-turret","9":"product_tag-hilook-by-hikvision","11":"first","12":"outofstock","13":"sale","14":"shipping-taxable","15":"purchasable","16":"product-type-simple"},"_links":{"self":[{"href":"https:\/\/soydeaqui.ddns.net\/pachuca\/index.php\/wp-json\/wp\/v2\/product\/112255","targetHints":{"allow":["GET"]}}],"collection":[{"href":"https:\/\/soydeaqui.ddns.net\/pachuca\/index.php\/wp-json\/wp\/v2\/product"}],"about":[{"href":"https:\/\/soydeaqui.ddns.net\/pachuca\/index.php\/wp-json\/wp\/v2\/types\/product"}],"replies":[{"embeddable":true,"href":"https:\/\/soydeaqui.ddns.net\/pachuca\/index.php\/wp-json\/wp\/v2\/comments?post=112255"}],"wp:featuredmedia":[{"embeddable":true,"href":"https:\/\/soydeaqui.ddns.net\/pachuca\/index.php\/wp-json\/wp\/v2\/media\/112254"}],"wp:attachment":[{"href":"https:\/\/soydeaqui.ddns.net\/pachuca\/index.php\/wp-json\/wp\/v2\/media?parent=112255"}],"wp:term":[{"taxonomy":"product_brand","embeddable":true,"href":"https:\/\/soydeaqui.ddns.net\/pachuca\/index.php\/wp-json\/wp\/v2\/product_brand?post=112255"},{"taxonomy":"product_cat","embeddable":true,"href":"https:\/\/soydeaqui.ddns.net\/pachuca\/index.php\/wp-json\/wp\/v2\/product_cat?post=112255"},{"taxonomy":"product_tag","embeddable":true,"href":"https:\/\/soydeaqui.ddns.net\/pachuca\/index.php\/wp-json\/wp\/v2\/product_tag?post=112255"}],"curies":[{"name":"wp","href":"https:\/\/api.w.org\/{rel}","templated":true}]}}