{"id":112220,"date":"2026-03-20T21:30:03","date_gmt":"2026-03-20T21:30:03","guid":{"rendered":"https:\/\/soydeaqui.ddns.net\/pachuca\/index.php\/producto\/nvr-12-megapixel-4k-reconocimiento-facial-8-canales-ip-8-puertos-poe-2-bahias-de-disco-duro-filtro-de-falsas-alarmas-deteccion-de-cuerpo-humano-y-vehiculos\/"},"modified":"2026-03-20T21:30:06","modified_gmt":"2026-03-20T21:30:06","slug":"nvr-12-megapixel-4k-reconocimiento-facial-8-canales-ip-8-puertos-poe-2-bahias-de-disco-duro-filtro-de-falsas-alarmas-deteccion-de-cuerpo-humano-y-vehiculos","status":"publish","type":"product","link":"https:\/\/soydeaqui.ddns.net\/pachuca\/index.php\/producto\/nvr-12-megapixel-4k-reconocimiento-facial-8-canales-ip-8-puertos-poe-2-bahias-de-disco-duro-filtro-de-falsas-alarmas-deteccion-de-cuerpo-humano-y-vehiculos\/","title":{"rendered":"NVR 12 Megapixel (4K) \/ Reconocimiento Facial \/ 8 Canales IP \/ 8 Puertos PoE+ \/ 2 Bah\u00edas de Disco Duro \/ Filtro de Falsas Alarmas \/ Detecci\u00f3n de Cuerpo Humano y Veh\u00edculos"},"content":{"rendered":"<div style='width: 100%; max-width: 1200px; margin: 0 auto; font-family: sans-serif; line-height: 1.6; color: inherit; background-color: transparent;'>\n<p style='text-align: center;'><img style='width: 100%; height: auto; border: 1px solid rgba(150&comma;150&comma;150&comma;0.3); border-radius: 8px;' src='https:\/\/ftp3.syscom.mx\/usuarios\/jsosa\/HIKVISION\/imagenes\/logo\/hikvision%20see%20far.png' alt='Logo Hikvision'><\/p>\n<div style='display: grid; grid-template-columns: repeat(auto-fit&comma; minmax(280px&comma; 1fr)); gap: 30px; margin: 30px 0;'>\n<div style='position: relative; padding-bottom: 56.25%; height: 0; overflow: hidden; margin-bottom: 30px;'>   <\/div>\n<div style='position: relative; padding-bottom: 56.25%; height: 0; overflow: hidden; margin-bottom: 30px;'>   <\/div>\n<\/p><\/div>\n<div style='display: flex; flex-wrap: wrap; gap: 30px; margin-bottom: 30px;'>\n<div style='flex: 1 1 300px; min-width: 280px; border: 1px solid rgba(150&comma; 150&comma; 150&comma; 0.4); border-radius: 8px; overflow: hidden;'>\n<div style='padding: 15px; border-bottom: 1px solid rgba(150&comma; 150&comma; 150&comma; 0.2); font-weight: bold; font-size: 18px; color: inherit;'>Caracter\u00edsticas principales<\/div>\n<div style='padding: 15px; color: inherit;'>\n<ul style='padding-left: 20px; margin: 0; font-size: 14px; list-style-type: disc;'>\n<li style='margin-bottom: 5px;'>Gesti\u00f3n de almacenamiento de im\u00e1genes (rostros) de gran capacidad<\/li>\n<li style='margin-bottom: 5px;'>Comparaci\u00f3n de rostros (base de datos) y acci\u00f3n de evento (alarmas)<\/li>\n<li style='margin-bottom: 5px;'>Reconocimiento f\u00e1cil y an\u00e1lisis mas precisos basados en algoritmos de Deep Learning<\/li>\n<li style='margin-bottom: 5px;'>Alarmas de audio&comma; aviso al centro de monitoreo (iVMS-4200&comma; envi\u00f3 de correo electr\u00f3nico y salidas de alarma)<\/li>\n<li style='margin-bottom: 5px;'>Compatible con Hik-Connect P2P<\/li>\n<li style='margin-bottom: 5px;'>Compatible con gabinete met\u00e1lico GAB-VID2-R2<\/li>\n<\/ul>\n<p style='margin-top: 20px; margin-bottom: 10px; font-weight: bold;'>Capacidad de procesamiento y funciones de red<\/p>\n<ul style='padding-left: 20px; margin: 0; font-size: 14px; list-style-type: disc;'>\n<li style='margin-bottom: 5px;'>Throughput entrada: 320 Mbps<\/li>\n<li style='margin-bottom: 5px;'>Throughput salida: 256 Mbps<\/li>\n<li style='margin-bottom: 5px;'>El Modo Extendido solo puede alimentar c\u00e1maras IP fijas (no PTZ)<\/li>\n<li style='margin-bottom: 5px;'>1 puerto red 10 \/ 100 \/ 1000 Mbps (LAN)<\/li>\n<li style='margin-bottom: 5px;'>8 Puertos PoE Interconstruidos 802.3 af\/at<\/li>\n<li style='margin-bottom: 5px;'>M\u00e1xima capacidad de suministros en puertos PoE: 200 W<\/li>\n<li style='margin-bottom: 5px;'>Soporta compresi\u00f3n: H.265+ \/ H.265 \/ H.264+ \/ H.264<\/li>\n<li style='margin-bottom: 5px;'>Soporta resoluci\u00f3n: 12MP \/ 8 MP \/ 6 MP \/ 5 MP \/ 4 MP \/ 3 MP \/ 1080p \/ 720p<\/li>\n<li style='margin-bottom: 5px;'>Entrada y salida de alarmas: 4 \/ 1<\/li>\n<\/ul><\/div>\n<\/p><\/div>\n<div style='flex: 1 1 300px; min-width: 280px; border: 1px solid rgba(150&comma; 150&comma; 150&comma; 0.4); border-radius: 8px; overflow: hidden;'>\n<div style='padding: 15px; border-bottom: 1px solid rgba(150&comma; 150&comma; 150&comma; 0.2); font-weight: bold; font-size: 18px; color: inherit;'>Caracter\u00edsticas F\u00edsicas y El\u00e9ctricas<\/div>\n<div style='padding: 15px; color: inherit;'>\n<ul style='padding-left: 20px; margin: 0; font-size: 14px; list-style-type: disc;'>\n<li style='margin-bottom: 5px;'>Alimentaci\u00f3n y consumo: 100 a 240 VAC<\/li>\n<li style='margin-bottom: 5px;'>Temperatura de operaci\u00f3n: -10\u00ba a 55\u00ba C<\/li>\n<li style='margin-bottom: 5px;'>Dimensiones: 385 x 315 x 52 mm<\/li>\n<li style='margin-bottom: 5px;'>Peso: 1 kg<\/li>\n<li style='margin-bottom: 5px;'>Soporta 2 HDD\u00b4s de hasta 10 TB (no incluido)<\/li>\n<li style='margin-bottom: 5px;'>Salida HDMI: 4K \/ 2K \/ 1080p \/ 720p<\/li>\n<li style='margin-bottom: 5px;'>Salida independiente HDMI y VGA<\/li>\n<li style='margin-bottom: 5px;'>Entrada de Audio: 1 Canal<\/li>\n<li style='margin-bottom: 5px;'>Salida de Audio: 1 Canal<\/li>\n<li style='margin-bottom: 5px;'>Soporta audio bidireccional (audio de dos v\u00edas)<\/li>\n<\/ul><\/div>\n<\/p><\/div>\n<div style='flex: 1 1 300px; min-width: 280px; border: 1px solid rgba(150&comma; 150&comma; 150&comma; 0.4); border-radius: 8px; overflow: hidden;'>\n<div style='padding: 15px; border-bottom: 1px solid rgba(150&comma; 150&comma; 150&comma; 0.2); font-weight: bold; font-size: 18px; color: inherit;'>Caracter\u00edsticas Destacadas<\/div>\n<div style='padding: 15px; color: inherit;'>\n<p style='margin: 10px 0;'><strong>Reconocimiento Facial<\/strong><\/p>\n<ul style='padding-left: 20px; margin: 0; font-size: 14px; list-style-type: disc;'>\n<li style='margin-bottom: 5px;'>Podemos almacenar hasta 16 librer\u00edas<\/li>\n<li style='margin-bottom: 5px;'>Podemos almacenar hasta 100&comma;000 im\u00e1genes (fotos)<\/li>\n<li style='margin-bottom: 5px;'>8 canales de video con reconocimiento de rostros<\/li>\n<li style='margin-bottom: 5px;'>Al momento de detectar la c\u00e1mara el rostro y coincide con un rostro en la base de datos podemos: grabar&comma; notificar al software (iVMS-4200)&comma; env\u00edo de email&comma; activar alguna salida de alarma&comma; etc.<\/li>\n<li style='margin-bottom: 5px;'>Se recomienda colocar el modelo de c\u00e1maras IDS-2CD7 para poder tener los 8 canales de video con la funci\u00f3n de reconocimiento facial. Cada c\u00e1mara permite tener un canal con reconocimiento facial<\/li>\n<li style='margin-bottom: 5px;'>Podemos tener hasta 4 canales de reconocimiento facial si manejamos c\u00e1maras de la serie DS-2CD2XX3G0 \/ DS-2CD2XX3G2 \/ DS-2CD2XX5<\/li>\n<\/ul>\n<p style='margin: 15px 0 10px 0;'><strong>ACUSENSE (Filtro de Falsas Alarmas)<\/strong><\/p>\n<ul style='padding-left: 20px; margin: 0; font-size: 14px; list-style-type: disc;'>\n<li style='margin-bottom: 5px;'>Con tecnolog\u00eda ACUSENSE podemos evitar falsas alarmas como movimiento de \u00e1rboles&comma; animales&comma; etc.<\/li>\n<li style='margin-bottom: 5px;'>Al activar la tecnolog\u00eda ACUSENSE solo detecta cuerpo humano y veh\u00edculos para detectar realmente eventos importantes y as\u00ed eliminar falsas alarmas<\/li>\n<li style='margin-bottom: 5px;'>Soporta hasta 8 canales con ACUSENSE utilizando c\u00e1maras de m\u00e1ximo 4 Megapixel: DS-2CD2XX3G0 \/ DS-2CD2XX3G2 \/ DS-2CD2XX5<\/li>\n<li style='margin-bottom: 5px;'>Soporta hasta 8 canales con ACUSENSE utilizando c\u00e1maras: DS-2CD3XX (que soporte ACUSENSE)<\/li>\n<\/ul>\n<p style='margin-top: 15px; font-style: italic;'>Nota: Solo es posible habilitar reconocimiento facial o ACUSENSE (no se puede tener ambos al mismo tiempo)<\/p>\n<\/p><\/div>\n<\/p><\/div>\n<\/p><\/div>\n<div style='display: flex; flex-wrap: wrap; gap: 20px; margin-bottom: 30px;'>\n<div style='flex: 1 1 300px; min-width: 280px; border: 1px solid rgba(150&comma; 150&comma; 150&comma; 0.4); border-radius: 8px; overflow: hidden;'>\n<div style='padding: 15px; border-bottom: 1px solid rgba(150&comma; 150&comma; 150&comma; 0.2); font-weight: bold; font-size: 18px; color: inherit;'>Consideraciones<\/div>\n<div style='padding: 15px; color: inherit;'>\n<ul style='padding-left: 20px; margin: 0; font-size: 14px; list-style-type: disc;'>\n<li style='margin-bottom: 5px;'> <\/li>\n<\/ul><\/div>\n<\/p><\/div>\n<\/p><\/div>\n<div style='margin: 30px 0;'>\n<h2 style='text-align: center; font-size: 20px; margin-bottom: 20px; color: inherit; opacity: 0.8;'>Recursos<\/h2>\n<div style='display: grid; grid-template-columns: repeat(auto-fit&comma; minmax(250px&comma; 1fr)); gap: 20px;'>\n<div style='text-align: center;'> <a href='https:\/\/www.hikvision.com\/es-la\/support\/download\/software\/ivms4200-series\/?q=serie%20ivms4200&#038;position=1' target='_blank' rel='noopener' style='text-decoration: none;'> <img style='width: 100%; height: auto; border: 1px solid rgba(150&comma;150&comma;150&comma;0.3); border-radius: 8px; margin-bottom: 10px;' src='https:\/\/ftp3.syscom.mx\/usuarios\/gmagos\/HIK\/IP\/IPC\/Imagenes%20pagina\/Descargas%20IVMS4200.jpg' alt='iVMS-4200'> <\/p>\n<p style='color: inherit; font-size: 14px; margin: 0;'>Descargar iVMS-4200<\/p>\n<p> <\/a> <\/div>\n<div style='text-align: center;'> <a href='https:\/\/appstore.hikvision.com\/' target='_blank' rel='noopener' style='text-decoration: none;'> <img style='width: 100%; height: auto; border: 1px solid rgba(150&comma;150&comma;150&comma;0.3); border-radius: 8px; margin-bottom: 10px;' src='https:\/\/ftp3.syscom.mx\/usuarios\/gmagos\/HIK\/IP\/IPC\/Imagenes%20pagina\/Descargas%20de%20app.jpg' alt='App Store Hikvision'> <\/p>\n<p style='color: inherit; font-size: 14px; margin: 0;'>App Store Hikvision<\/p>\n<p> <\/a> <\/div>\n<div style='text-align: center;'> <a href='https:\/\/ftp3.syscom.mx\/usuarios\/jsosa\/HIKVISION\/specs\/NVR\/IDS7608NXII28PXC\/Datasheet%20of%20iDS-7600NXI-I2_8P_X%20DeepinMind%20NVR%20V4.40.710%2020210112.pdf' target='_blank' rel='noopener' style='text-decoration: none;'> <img style='width: 100%; height: auto; border: 1px solid rgba(150&comma;150&comma;150&comma;0.3); border-radius: 8px; margin-bottom: 10px;' src='https:\/\/ftp3.syscom.mx\/usuarios\/gmagos\/HIK\/IP\/IPC\/Imagenes%20pagina\/Descarga%20de%20PDF.jpg' alt='Ficha t\u00e9cnica PDF'> <\/p>\n<p style='color: inherit; font-size: 14px; margin: 0;'>Ficha t\u00e9cnica PDF<\/p>\n<p> <\/a> <\/div>\n<\/p><\/div>\n<\/p><\/div>\n<hr style='border: 0; border-top: 1px solid rgba(150&comma; 150&comma; 150&comma; 0.3); margin: 30px 0;'>\n<div style='text-align: center; margin-top: 30px;'> <img style='width: 100%; height: auto; border: 1px solid rgba(150&comma;150&comma;150&comma;0.3); border-radius: 8px;' src='https:\/\/ftp3.syscom.mx\/usuarios\/jsosa\/HIKVISION\/imagenes\/banners\/solution%20complete.png' alt='Soluci\u00f3n completa'> <\/div>\n<\/p><\/div>\n","protected":false},"excerpt":{"rendered":"<p>NVR 12 Megapixel (4K) \/ Reconocimiento Facial \/ 8 Canales IP \/ 8 Puertos PoE+ \/ 2 Bah\u00edas de Disco Duro \/ Filtro de Falsas Alarmas \/ Detecci\u00f3n de Cuerpo Humano y Veh\u00edculos<\/p>\n","protected":false},"featured_media":112219,"comment_status":"open","ping_status":"closed","template":"","meta":[],"product_brand":[],"product_cat":[2234],"product_tag":[122,54,2235],"class_list":{"0":"post-112220","1":"product","2":"type-product","3":"status-publish","4":"has-post-thumbnail","6":"product_cat-nvrs-network-video-recorders","7":"product_tag-camaras-ip-y-nvrs","8":"product_tag-hikvision","9":"product_tag-nvrs-network-video-recorders","11":"first","12":"outofstock","13":"sale","14":"shipping-taxable","15":"purchasable","16":"product-type-simple"},"_links":{"self":[{"href":"https:\/\/soydeaqui.ddns.net\/pachuca\/index.php\/wp-json\/wp\/v2\/product\/112220","targetHints":{"allow":["GET"]}}],"collection":[{"href":"https:\/\/soydeaqui.ddns.net\/pachuca\/index.php\/wp-json\/wp\/v2\/product"}],"about":[{"href":"https:\/\/soydeaqui.ddns.net\/pachuca\/index.php\/wp-json\/wp\/v2\/types\/product"}],"replies":[{"embeddable":true,"href":"https:\/\/soydeaqui.ddns.net\/pachuca\/index.php\/wp-json\/wp\/v2\/comments?post=112220"}],"wp:featuredmedia":[{"embeddable":true,"href":"https:\/\/soydeaqui.ddns.net\/pachuca\/index.php\/wp-json\/wp\/v2\/media\/112219"}],"wp:attachment":[{"href":"https:\/\/soydeaqui.ddns.net\/pachuca\/index.php\/wp-json\/wp\/v2\/media?parent=112220"}],"wp:term":[{"taxonomy":"product_brand","embeddable":true,"href":"https:\/\/soydeaqui.ddns.net\/pachuca\/index.php\/wp-json\/wp\/v2\/product_brand?post=112220"},{"taxonomy":"product_cat","embeddable":true,"href":"https:\/\/soydeaqui.ddns.net\/pachuca\/index.php\/wp-json\/wp\/v2\/product_cat?post=112220"},{"taxonomy":"product_tag","embeddable":true,"href":"https:\/\/soydeaqui.ddns.net\/pachuca\/index.php\/wp-json\/wp\/v2\/product_tag?post=112220"}],"curies":[{"name":"wp","href":"https:\/\/api.w.org\/{rel}","templated":true}]}}