{"id":112191,"date":"2026-03-20T21:28:26","date_gmt":"2026-03-20T21:28:26","guid":{"rendered":"https:\/\/soydeaqui.ddns.net\/pachuca\/index.php\/producto\/dvr-4-canales-turbohd-1-canal-ip-2-megapixel-1080p-lite-acusense-lite-evita-falsas-alarmas-audio-por-coaxitron-1-bahia-de-disco-duro-h-265-salida-de-video-full-hd-3\/"},"modified":"2026-03-20T21:28:38","modified_gmt":"2026-03-20T21:28:38","slug":"dvr-4-canales-turbohd-1-canal-ip-2-megapixel-1080p-lite-acusense-lite-evita-falsas-alarmas-audio-por-coaxitron-1-bahia-de-disco-duro-h-265-salida-de-video-full-hd-3","status":"publish","type":"product","link":"https:\/\/soydeaqui.ddns.net\/pachuca\/index.php\/producto\/dvr-4-canales-turbohd-1-canal-ip-2-megapixel-1080p-lite-acusense-lite-evita-falsas-alarmas-audio-por-coaxitron-1-bahia-de-disco-duro-h-265-salida-de-video-full-hd-3\/","title":{"rendered":"DVR 4 Canales TurboHD + 1 Canal IP \/ 2 Megapixel (1080p) Lite \/ Acusense Lite (Evita Falsas Alarmas) \/ Audio por coaxitron \/ 1 Bah\u00eda de Disco Duro \/ H.265+ \/ Salida de V\u00eddeo Full HD"},"content":{"rendered":"<div style='width: 100%; max-width: 1200px; margin: 0 auto; font-family: sans-serif; line-height: 1.6; color: inherit; background-color: transparent;'> <!-- Video de YouTube --> <\/p>\n<div style='position: relative; padding-bottom: 56.25%; height: 0; overflow: hidden; margin-bottom: 30px;'>   <\/div>\n<p> <!-- Secci\u00f3n de descripci\u00f3n --> <\/p>\n<div style='margin-bottom: 30px;'>\n<h3 style='font-size: 22px; border-bottom: 2px solid currentColor; padding-bottom: 5px; margin-top: 0; color: inherit; opacity: 0.8;'>\u00bfQu\u00e9 es HD-TVI 1080p Lite?<\/h3>\n<p>Permite a los DVRs 720p adicionar c\u00e1maras 1080p (2 Megapixel) con compatibilidad TVI&comma; AHD y CVI con resoluci\u00f3n de grabaci\u00f3n 960 x 1080. Recordemos que Full HD es 1920 x 1080 y es por eso que el DVR no podr\u00e1 grabar a Full HD. Con esta ventaja podemos utilizar c\u00e1maras de lente motorizado para mover el lente de manera remota o un PTZ sin problemas.<\/p>\n<\/p><\/div>\n<p> <!-- Im\u00e1genes --> <\/p>\n<div style='display: flex; flex-wrap: wrap; gap: 15px; margin-bottom: 30px;'> <img style='width: 100%; height: auto; border: 1px solid rgba(150&comma;150&comma;150&comma;0.3); border-radius: 8px; flex: 1 1 300px; min-width: 280px;' src='ftp:\/\/nicolas.jimenez@172.31.13.99\/Hikvision\/Banners\/grabadoras.jpg' alt=''> <img style='width: 100%; height: auto; border: 1px solid rgba(150&comma;150&comma;150&comma;0.3); border-radius: 8px; flex: 1 1 300px; min-width: 280px;' src='ftp:\/\/nicolas.jimenez@172.31.13.99\/Hikvision\/Banners\/grabadoras.jpg' alt=''> <img style='width: 100%; height: auto; border: 1px solid rgba(150&comma;150&comma;150&comma;0.3); border-radius: 8px; flex: 1 1 300px; min-width: 280px;' src='http:\/\/ftp3.syscom\/usuarios\/nicolas.jimenez\/Hikvision\/Banners\/grabadoras.jpg' alt=''> <\/div>\n<p> <!-- Secci\u00f3n de caracter\u00edsticas --> <\/p>\n<div style='display: flex; flex-wrap: wrap; gap: 30px; margin-bottom: 30px;'>\n<div style='flex: 1 1 300px; min-width: 280px;'>\n<h3 style='font-size: 22px; border-bottom: 2px solid currentColor; padding-bottom: 5px; margin-top: 0; color: inherit; opacity: 0.8;'>Caracter\u00edsticas principales<\/h3>\n<ul style='padding-left: 20px; font-size: 15px; color: inherit;'>\n<li>Tecnolog\u00eda TURBOHD 1080P Lite<\/li>\n<li>Soporte de 5 tecnolog\u00edas: HD-TVI \/ Anal\u00f3gico \/ HD-CVI \/ AHD \/ IP<\/li>\n<li>Acceso remoto: PC (WINDOWS \/ MAC)&comma; Smart Phone (iPhone&comma; iPad&comma; Android)<\/li>\n<li>Compatibilidad con navegador Chrome (IE tab)<\/li>\n<li>Compatible con Hik-Connect P2P (<a style='color: inherit; text-decoration: underline;' href='https:\/\/appstore.hikvision.com\/' target='_blank' rel='noopener'>https:\/\/appstore.hikvision.com\/<\/a>)<\/li>\n<\/ul>\n<h4 style='font-size: 18px; margin-top: 20px; margin-bottom: 10px; color: inherit; opacity: 0.9;'>Compresi\u00f3n y resoluci\u00f3n<\/h4>\n<ul style='padding-left: 20px; font-size: 15px; color: inherit;'>\n<li>H.265+ \/ H.265 \/ H.264+ \/ H.264<\/li>\n<li>Soporta 4 canales TURBOHD \/ anal\u00f3gicos + 1 canal IP = 5 canales en total<\/li>\n<li><strong style='color: inherit;'>NOTA:<\/strong> Permite apagar canales an\u00e1logos para agregar canales IP<\/li>\n<\/ul>\n<h4 style='font-size: 18px; margin-top: 20px; margin-bottom: 10px; color: inherit; opacity: 0.9;'>Soporta tecnolog\u00edas<\/h4>\n<ul style='padding-left: 20px; font-size: 15px; color: inherit;'>\n<li>HD-TVI: 1080p Lite \/ 720p @ 30 IPS<\/li>\n<li>CVBS: WD1@ 30 IPS<\/li>\n<li>AHD: 1080p Lite \/ 720p @ 30 IPS<\/li>\n<li>CVI: 1080p Lite \/ 720p @ 30 IPS<\/li>\n<li>IP: 2 Megapixel<\/li>\n<\/ul><\/div>\n<div style='flex: 1 1 300px; min-width: 280px;'>\n<h3 style='font-size: 22px; border-bottom: 2px solid currentColor; padding-bottom: 5px; margin-top: 0; color: inherit; opacity: 0.8;'>Caracter\u00edsticas F\u00edsicas y El\u00e9ctricas<\/h3>\n<ul style='padding-left: 20px; font-size: 15px; color: inherit;'>\n<li>Alimentaci\u00f3n: 12 Vcc \/ 1.5 A<\/li>\n<li>Consumo sin disco duro: 16 Watts<\/li>\n<li>Temperatura de operaci\u00f3n: -10 \u00baC &#8211; 55 \u00baC<\/li>\n<li>Dimensiones: 200 \u00d7 200 \u00d7 45 mm (W \u00d7 D \u00d7 H)<\/li>\n<li>Peso: 0.8 Kg sin disco duro<\/li>\n<\/ul>\n<h4 style='font-size: 18px; margin-top: 20px; margin-bottom: 10px; color: inherit; opacity: 0.9;'>Funciones de red<\/h4>\n<ul style='padding-left: 20px; font-size: 15px; color: inherit;'>\n<li>Protocolos: TCP\/IP&comma; PPPoE&comma; DHCP&comma; Hik Cloud P2P&comma; DNS&comma; DDNS&comma; NTP&comma; SADP&comma; SMTP&comma; NFS&comma; iSCSI&comma; UPnP\u2122&comma; HTTPS<\/li>\n<li>Soporta Doble streaming<\/li>\n<\/ul><\/div>\n<div style='flex: 1 1 300px; min-width: 280px;'>\n<h3 style='font-size: 22px; border-bottom: 2px solid currentColor; padding-bottom: 5px; margin-top: 0; color: inherit; opacity: 0.8;'>Funciones de Grabaci\u00f3n y Visualizaci\u00f3n<\/h3>\n<ul style='padding-left: 20px; font-size: 15px; color: inherit;'>\n<li>Detecci\u00f3n de movimiento multi zona<\/li>\n<li>Zoom digital en visualizaci\u00f3n y grabaci\u00f3n<\/li>\n<li>Soporta m\u00faltiples tipos de grabaci\u00f3n&comma; incluyendo tiempo real&comma; grabaci\u00f3n manual&comma; detecci\u00f3n de movimiento<\/li>\n<li>B\u00fasqueda inteligente de grabaciones por detecci\u00f3n de movimiento<\/li>\n<li>Grabaci\u00f3n con Sobre-escritura autom\u00e1tica<\/li>\n<li>Main stream: 1080P Lite \/ 720p \/ WD1 \/ 4CIF<\/li>\n<li>Sub stream: 4 CIF \/ CIF<\/li>\n<\/ul>\n<h4 style='font-size: 18px; margin-top: 20px; margin-bottom: 10px; color: inherit; opacity: 0.9;'>Interfaces Entradas \/ Salidas<\/h4>\n<ul style='padding-left: 20px; font-size: 15px; color: inherit;'>\n<li>Salida de video en Full HD HDMI y VGA (salida simult\u00e1nea)<\/li>\n<li>Entrada audio: 1 (RCA&comma; 2.0 Vp-p&comma; 1K\u03a9)<\/li>\n<li>Salida audio: 1 (RCA&comma; 2.0 Vp-p&comma; 1K\u03a9)<\/li>\n<li>Entrada alarma: N\/A<\/li>\n<li>Salida alarma: N\/A<\/li>\n<li>Interfaz USB: 2 puerto (2.0) trasero<\/li>\n<li>Interfaz red: 1 puetos (RJ-45 10\/100 Mbps)<\/li>\n<li>Capacidad de disco duro: 1 de hasta 4 TB<\/li>\n<\/ul><\/div>\n<\/p><\/div>\n<p> <!-- Consideraciones --> <\/p>\n<div style='margin-bottom: 30px;'>\n<h3 style='font-size: 22px; border-bottom: 2px solid currentColor; padding-bottom: 5px; margin-top: 0; color: inherit; opacity: 0.8;'>Consideraciones<\/h3>\n<ul style='padding-left: 20px; font-size: 15px; color: inherit;'>\n<li>El audio se recibe por la se\u00f1al TVI (Coaxitron)<\/li>\n<li>Cuenta con AcuSense para filtrar humanos y veh\u00edculos por detecci\u00f3n de movimiento en todos los canales anal\u00f3gicos (No cuenta con videoanal\u00edticos como cruce de l\u00ednea \/ entrada de \u00e1rea)<\/li>\n<li>Para conectar los canales IP requiere utilizar un Switch \/ Switch PoE (No incluido)<\/li>\n<li>Para utilizar audio de 2 v\u00edas se recomienda colocar un micr\u00f3fono en la entrada de audio&comma; no se recomienda para audio de 2 v\u00edas una c\u00e1mara con audio por coaxitron<\/li>\n<li>Se proporciona SDK y c\u00f3digos de demostraci\u00f3n para disminuir el tiempo de desarrollo de aplicaciones<\/li>\n<li>Soporta audio en todos sus canales por coaxitron utilizando c\u00e1maras con audio integrado<\/li>\n<\/ul>\n<h4 style='font-size: 18px; margin-top: 20px; margin-bottom: 10px; color: inherit; opacity: 0.9;'>\u00bfC\u00f3mo tener m\u00e1s canales IP?<\/h4>\n<p>La serie SLIM con su nueva actualizaci\u00f3n de firmware (ir al panel de descargas) le permitir\u00e1 deshabilitar canales TURBOHD para generar canales IP.<\/p>\n<p>Invierta en seguridad con la l\u00ednea de videovigilancia epcom&comma; por su gran calidad de imagen y dise\u00f1o profesional es la l\u00ednea con mayor crecimiento en Am\u00e9rica<\/p>\n<\/p><\/div>\n<p> <!-- Imagen adicional --> <img style='width: 100%; height: auto; border: 1px solid rgba(150&comma;150&comma;150&comma;0.3); border-radius: 8px; margin-bottom: 30px;' src='https:\/\/ftp3.syscom.mx\/usuarios\/fotos\/S04TURBOG3\/195128-explicaci\u00f3n_acusense_turbohd.jpeg' alt=''> <!-- Imagen de descarga de recursos --> <img style='width: 100%; height: auto; border: 1px solid rgba(150&comma;150&comma;150&comma;0.3); border-radius: 8px;' src='https:\/\/ftp3.syscom.mx\/usuarios\/fotos\/B8TURBOC\/189682-5-year-epcom-es_(2).png' alt=''> <\/div>\n","protected":false},"excerpt":{"rendered":"<p>DVR 4 Canales TurboHD + 1 Canal IP \/ 2 Megapixel (1080p) Lite \/ Acusense Lite (Evita Falsas Alarmas) \/ Audio por coaxitron \/ 1 Bah\u00eda de Disco Duro \/ H.265+ \/ Salida de V\u00eddeo Full HD<\/p>\n","protected":false},"featured_media":112190,"comment_status":"open","ping_status":"closed","template":"","meta":[],"product_brand":[],"product_cat":[2254],"product_tag":[2255,2257,2256],"class_list":{"0":"post-112191","1":"product","2":"type-product","3":"status-publish","4":"has-post-thumbnail","6":"product_cat-videograbadoras-analogicas-turbohd-tvi-ahd-cvi","7":"product_tag-camaras-y-dvrs-hd-turbohd-ahd-hd-tvi","8":"product_tag-epcom-professional","9":"product_tag-videograbadoras-analogicas-turbohd-tvi-ahd-cvi","11":"first","12":"outofstock","13":"sale","14":"shipping-taxable","15":"purchasable","16":"product-type-simple"},"_links":{"self":[{"href":"https:\/\/soydeaqui.ddns.net\/pachuca\/index.php\/wp-json\/wp\/v2\/product\/112191","targetHints":{"allow":["GET"]}}],"collection":[{"href":"https:\/\/soydeaqui.ddns.net\/pachuca\/index.php\/wp-json\/wp\/v2\/product"}],"about":[{"href":"https:\/\/soydeaqui.ddns.net\/pachuca\/index.php\/wp-json\/wp\/v2\/types\/product"}],"replies":[{"embeddable":true,"href":"https:\/\/soydeaqui.ddns.net\/pachuca\/index.php\/wp-json\/wp\/v2\/comments?post=112191"}],"wp:featuredmedia":[{"embeddable":true,"href":"https:\/\/soydeaqui.ddns.net\/pachuca\/index.php\/wp-json\/wp\/v2\/media\/112190"}],"wp:attachment":[{"href":"https:\/\/soydeaqui.ddns.net\/pachuca\/index.php\/wp-json\/wp\/v2\/media?parent=112191"}],"wp:term":[{"taxonomy":"product_brand","embeddable":true,"href":"https:\/\/soydeaqui.ddns.net\/pachuca\/index.php\/wp-json\/wp\/v2\/product_brand?post=112191"},{"taxonomy":"product_cat","embeddable":true,"href":"https:\/\/soydeaqui.ddns.net\/pachuca\/index.php\/wp-json\/wp\/v2\/product_cat?post=112191"},{"taxonomy":"product_tag","embeddable":true,"href":"https:\/\/soydeaqui.ddns.net\/pachuca\/index.php\/wp-json\/wp\/v2\/product_tag?post=112191"}],"curies":[{"name":"wp","href":"https:\/\/api.w.org\/{rel}","templated":true}]}}