{"id":112186,"date":"2026-03-20T21:28:09","date_gmt":"2026-03-20T21:28:09","guid":{"rendered":"https:\/\/soydeaqui.ddns.net\/pachuca\/index.php\/producto\/dvr-16-canales-turbohd-2-canales-ip-2-megapixel-1080p-lite-acusense-lite-evita-falsas-alarmas-audio-por-coaxitron-1-bahia-de-disco-duro-h-265-salida-de-video-full-hd-2\/"},"modified":"2026-03-20T21:28:21","modified_gmt":"2026-03-20T21:28:21","slug":"dvr-16-canales-turbohd-2-canales-ip-2-megapixel-1080p-lite-acusense-lite-evita-falsas-alarmas-audio-por-coaxitron-1-bahia-de-disco-duro-h-265-salida-de-video-full-hd-2","status":"publish","type":"product","link":"https:\/\/soydeaqui.ddns.net\/pachuca\/index.php\/producto\/dvr-16-canales-turbohd-2-canales-ip-2-megapixel-1080p-lite-acusense-lite-evita-falsas-alarmas-audio-por-coaxitron-1-bahia-de-disco-duro-h-265-salida-de-video-full-hd-2\/","title":{"rendered":"DVR 16 Canales TurboHD + 2 Canales IP \/ 2 Megapixel (1080p) Lite \/ Acusense Lite (Evita Falsas Alarmas) \/ Audio por Coaxitron \/ 1 Bah\u00eda de Disco Duro \/ H.265+ \/ Salida de Video Full HD"},"content":{"rendered":"<div style='width: 100%; max-width: 1200px; margin: 0 auto; font-family: sans-serif; line-height: 1.6; color: inherit; background-color: transparent;'> <!-- Video de YouTube --> <\/p>\n<div style='position: relative; padding-bottom: 56.25%; height: 0; overflow: hidden; margin-bottom: 30px;'>   <\/div>\n<p> <!-- Secci\u00f3n de explicaci\u00f3n de tecnolog\u00eda --> <\/p>\n<div style='margin-bottom: 30px;'>\n<h3 style='font-size: 22px; border-bottom: 2px solid currentColor; padding-bottom: 5px; margin-top: 0; color: inherit; opacity: 0.8;'>\u00bfQu\u00e9 es HD-TVI 1080p Lite?<\/h3>\n<p>Permite a los DVRs 720p adicionar c\u00e1maras 1080p (2 Megapixel) con compatibilidad TVI&comma; AHD y CVI con resoluci\u00f3n de grabaci\u00f3n 960 x 1080. Recordemos que Full HD es 1920 x 1080 y es por eso que el DVR no podr\u00e1 grabar a Full HD. Con esta ventaja podemos utilizar c\u00e1maras de lente motorizado para mover el lente de manera remota o un PTZ sin problemas.<\/p>\n<\/p><\/div>\n<p> <!-- Secci\u00f3n de canales IP --> <\/p>\n<div style='margin-bottom: 30px;'>\n<h3 style='font-size: 22px; border-bottom: 2px solid currentColor; padding-bottom: 5px; margin-top: 0; color: inherit; opacity: 0.8;'>\u00bfC\u00f3mo tener m\u00e1s canales IP?<\/h3>\n<p>La serie SLIM con su nueva actualizaci\u00f3n de firmware (ir al panel de descargas) le permitir\u00e1 deshabilitar canales TURBOHD para generar canales IP.<\/p>\n<\/p><\/div>\n<p> <!-- Secci\u00f3n de im\u00e1genes --> <\/p>\n<div style='display: flex; flex-wrap: wrap; gap: 15px; margin-bottom: 30px; justify-content: center;'> <img style='width: 100%; max-width: 600px; height: auto; border: 1px solid rgba(150&comma;150&comma;150&comma;0.3); border-radius: 8px;' src='ftp:\/\/nicolas.jimenez@172.31.13.99\/Hikvision\/Banners\/grabadoras.jpg' alt=''> <img style='width: 100%; max-width: 600px; height: auto; border: 1px solid rgba(150&comma;150&comma;150&comma;0.3); border-radius: 8px;' src='http:\/\/ftp3.syscom.mx\/usuarios\/nicolas.jimenez\/Hikvision\/Banners\/grabadoras.jpg' alt=''> <\/div>\n<p> <!-- Secci\u00f3n de caracter\u00edsticas principales --> <\/p>\n<div style='display: flex; flex-wrap: wrap; gap: 20px; margin-bottom: 30px;'>\n<div style='flex: 1 1 250px; border: 1px solid rgba(150&comma; 150&comma; 150&comma; 0.4); border-radius: 8px; overflow: hidden; display: flex; flex-direction: column;'>\n<div style='padding: 15px; border-bottom: 1px solid rgba(150&comma; 150&comma; 150&comma; 0.2); font-weight: bold; font-size: 18px; color: inherit;'>Caracter\u00edsticas principales:<\/div>\n<div style='padding: 15px; color: inherit;'>\n<ul style='padding-left: 20px; margin: 0; font-size: 14px; list-style-type: disc;'>\n<li style='margin-bottom: 5px;'>Tecnolog\u00eda TURBOHD 1080P Lite.<\/li>\n<li style='margin-bottom: 5px;'>Soporte de 5 tecnolog\u00edas: HD-TVI \/ Anal\u00f3gico \/ HD-CVI \/ AHD \/ IP.<\/li>\n<li style='margin-bottom: 5px;'>Acceso remoto: PC (WINDOWS \/ MAC)&comma; Smart Phone (iPhone&comma; iPad&comma; Android).<\/li>\n<li style='margin-bottom: 5px;'>Compatibilidad con navegador Chrome (IE tab)&comma; Safari&comma; Internet Explorer.<\/li>\n<li style='margin-bottom: 5px;'>Software cliente multi sitio de hasta 256 canales (iVMS-4200).<\/li>\n<li style='margin-bottom: 5px;'>Compatible con Hik-Connect P2P (https:\/\/appstore.hikvision.com\/).<\/li>\n<li style='margin-bottom: 5px;'>Soporta DynDNS \/ No-IP.<\/li>\n<\/ul>\n<div style='margin-top: 20px; margin-bottom: 10px; font-weight: bold;'>Compresi\u00f3n y resoluci\u00f3n:<\/div>\n<ul style='padding-left: 20px; margin: 0; font-size: 14px; list-style-type: disc;'>\n<li style='margin-bottom: 5px;'>H.265 Pro+ \/ H.265 Pro \/ H.264+ \/ H.264.<\/li>\n<li style='margin-bottom: 5px;'>Soporta 16 canales TURBOHD \/ anal\u00f3gicos + 2 canales IP = 18 canales en total.<\/li>\n<li style='margin-bottom: 5px; background-color: rgba(255&comma; 255&comma; 0&comma; 0.5);'>NOTA: Permite apagar canales an\u00e1logos para agregar canales IP.<\/li>\n<li style='margin-bottom: 5px;'>Soporta tecnolog\u00edas:<\/li>\n<\/ul>\n<ul style='padding-left: 40px; margin: 0; font-size: 14px; list-style-type: disc;'>\n<li style='margin-bottom: 5px;'>HD-TVI: 1080p Lite \/ 720p @ 30 IPS.<\/li>\n<li style='margin-bottom: 5px;'>CVBS: WD1@30 IPS.<\/li>\n<li style='margin-bottom: 5px;'>AHD: 1080p Lite \/ 720p @ 30 IPS.<\/li>\n<li style='margin-bottom: 5px;'>CVI: 1080p Lite \/ 720p @ 30 IPS.<\/li>\n<li style='margin-bottom: 5px;'>IP: 5 Megapixel.<\/li>\n<\/ul>\n<ul style='padding-left: 20px; margin: 0; font-size: 14px; list-style-type: disc;'>\n<li style='margin-bottom: 5px;'>El audio se recibe por la se\u00f1al TVI<\/li>\n<li style='margin-bottom: 5px; background-color: rgba(255&comma; 255&comma; 0&comma; 0.5);'>Cuenta con AcuSense para filtrar humanos y veh\u00edculos por detecci\u00f3n de movimiento (No cuenta con videoanal\u00edticos como cruces de l\u00ednea \/ entrada de \u00e1rea)<\/li>\n<\/ul><\/div>\n<\/p><\/div>\n<p> <!-- Secci\u00f3n de caracter\u00edsticas f\u00edsicas y el\u00e9ctricas --> <\/p>\n<div style='flex: 1 1 250px; border: 1px solid rgba(150&comma; 150&comma; 150&comma; 0.4); border-radius: 8px; overflow: hidden; display: flex; flex-direction: column;'>\n<div style='padding: 15px; border-bottom: 1px solid rgba(150&comma; 150&comma; 150&comma; 0.2); font-weight: bold; font-size: 18px; color: inherit;'>Caracter\u00edsticas F\u00edsicas y El\u00e9ctricas:<\/div>\n<div style='padding: 15px; color: inherit;'>\n<ul style='padding-left: 20px; margin: 0; font-size: 14px; list-style-type: disc;'>\n<li style='margin-bottom: 5px;'>Alimentaci\u00f3n: 12 Vcc \/ 1.6 A.<\/li>\n<li style='margin-bottom: 5px;'>Consumo sin disco duro: 7 Watts.<\/li>\n<li style='margin-bottom: 5px;'>Temperatura de operaci\u00f3n: -10 \u00baC &#8211; 55 \u00baC<\/li>\n<li style='margin-bottom: 5px;'>Dimensiones: 285 \u00d7 210 \u00d7 45 mm (W \u00d7 D \u00d7 H)<\/li>\n<li style='margin-bottom: 5px;'>Peso: 1.8 Kg sin disco duro.<\/li>\n<\/ul>\n<div style='margin-top: 20px; margin-bottom: 10px; font-weight: bold;'>Funciones de red:<\/div>\n<ul style='padding-left: 20px; margin: 0; font-size: 14px; list-style-type: disc;'>\n<li style='margin-bottom: 5px;'>Protocolos: TCP\/IP&comma; PPPoE&comma; DHCP&comma; Hik Cloud P2P&comma; DNS&comma; DDNS&comma; NTP&comma; SADP&comma; SMTP&comma; NFS&comma; iSCSI&comma; UPnP\u2122&comma; HTTPS<\/li>\n<li style='margin-bottom: 5px;'>Soporta Doble streaming.<\/li>\n<\/ul><\/div>\n<\/p><\/div>\n<p> <!-- Secci\u00f3n de funciones de grabaci\u00f3n y visualizaci\u00f3n --> <\/p>\n<div style='flex: 1 1 250px; border: 1px solid rgba(150&comma; 150&comma; 150&comma; 0.4); border-radius: 8px; overflow: hidden; display: flex; flex-direction: column;'>\n<div style='padding: 15px; border-bottom: 1px solid rgba(150&comma; 150&comma; 150&comma; 0.2); font-weight: bold; font-size: 18px; color: inherit;'>Funciones de Grabaci\u00f3n y Visualizaci\u00f3n:<\/div>\n<div style='padding: 15px; color: inherit;'>\n<ul style='padding-left: 20px; margin: 0; font-size: 14px; list-style-type: disc;'>\n<li style='margin-bottom: 5px;'>Detecci\u00f3n de movimiento multi zona.<\/li>\n<li style='margin-bottom: 5px;'>Zoom digital en visualizaci\u00f3n y grabaci\u00f3n.<\/li>\n<li style='margin-bottom: 5px;'>Soporta m\u00faltiples tipos de grabaci\u00f3n&comma; incluyendo tiempo real&comma; grabaci\u00f3n manual&comma; detecci\u00f3n de movimiento.<\/li>\n<li style='margin-bottom: 5px;'>B\u00fasqueda inteligente de grabaciones por detecci\u00f3n de movimiento.<\/li>\n<li style='margin-bottom: 5px;'>Se proporciona SDK y c\u00f3digos de demostraci\u00f3n para disminuir el tiempo de desarrollo de aplicaciones.<\/li>\n<li style='margin-bottom: 5px;'>Grabaci\u00f3n con Sobre-escritura autom\u00e1tica.<\/li>\n<li style='margin-bottom: 5px;'>Main stream: 1080P Lite \/ 720p \/ WD1 \/ 4CIF.<\/li>\n<li style='margin-bottom: 5px;'>Sub stream: 4 CIF \/ CIF.<\/li>\n<\/ul>\n<div style='margin-top: 20px; margin-bottom: 10px; font-weight: bold;'>Interfaces Entradas \/ Salidas:<\/div>\n<ul style='padding-left: 20px; margin: 0; font-size: 14px; list-style-type: disc;'>\n<li style='margin-bottom: 5px;'>Salida de video en Full HD HDMI y VGA (salida simultanea).<\/li>\n<li style='margin-bottom: 5px;'>Entrada audio: 1 (RCA&comma; 2.0 Vp-p&comma; 1K\u03a9).<\/li>\n<li style='margin-bottom: 5px;'>Soporta audio en todos sus canales por coaxitron utilizando c\u00e1maras con audio integrado (ver modelos compatibles).<\/li>\n<li style='margin-bottom: 5px;'>Salida audio: 1 (RCA&comma; 2.0 Vp-p&comma; 1K\u03a9).<\/li>\n<li style='margin-bottom: 5px;'>Entrada alarma: N\/A<\/li>\n<li style='margin-bottom: 5px;'>Salida alarma: N\/A<\/li>\n<li style='margin-bottom: 5px;'>Interfaz USB: 2 puerto (2.0) trasero.<\/li>\n<li style='margin-bottom: 5px;'>Interfaz red: 1 puertos (RJ-45 10\/100 Mbps).<\/li>\n<li style='margin-bottom: 5px;'>Capacidad de disco duro: 1 de hasta 10 TB.<\/li>\n<\/ul>\n<div style='margin-top: 15px; padding: 10px; background-color: rgba(255&comma; 255&comma; 255&comma; 0.05); border-left: 4px solid #3598db;'> Para utilizar audio de 2 v\u00edas se recomienda colocar un micr\u00f3fono en la entrada de audio&comma; no se recomienda para audio de 2 v\u00edas una c\u00e1mara con audio por coaxitron. <\/div>\n<\/p><\/div>\n<\/p><\/div>\n<\/p><\/div>\n<p> <!-- Secci\u00f3n de consideraciones --> <\/p>\n<div style='margin-bottom: 30px;'>\n<h3 style='font-size: 22px; border-bottom: 2px solid currentColor; padding-bottom: 5px; margin-top: 0; color: inherit; opacity: 0.8;'>Consideraciones:<\/h3>\n<p>Para conectar los canales IP requiere utilizar un switch\/switch poe (no incluido)<\/p>\n<\/p><\/div>\n<p> <!-- Separador --> <\/p>\n<hr style='border: 0; border-top: 1px solid rgba(150&comma; 150&comma; 150&comma; 0.3); margin: 30px 0;'> <!-- Secci\u00f3n de recursos --> <\/p>\n<div style='margin-bottom: 30px; text-align: center;'> <img style='width: 100%; max-width: 600px; height: auto; border: 1px solid rgba(150&comma;150&comma;150&comma;0.3); border-radius: 8px;' src='https:\/\/ftp3.syscom.mx\/usuarios\/B8TURBOC\/189682-5-year-epcom-es_(2).png' alt=''> <\/div>\n<h2 style='text-align: center; font-size: 24px; margin-bottom: 20px; color: inherit; opacity: 0.8;'>Recursos<\/h2>\n<p> <!-- Secci\u00f3n de recursos descargables --> <\/p>\n<div style='display: flex; flex-wrap: wrap; gap: 20px; justify-content: center; margin-bottom: 30px;'> <a href='https:\/\/www.hikvision.com\/es-la\/support\/download\/software\/ivms4200-series\/?q=serie%20ivms4200&#038;position=1' target='_blank' rel='noopener' style='flex: 1 1 250px; max-width: 300px; text-decoration: none;'> <img style='width: 100%; height: auto; border: 1px solid rgba(150&comma;150&comma;150&comma;0.3); border-radius: 8px;' src='https:\/\/ftp3.syscom.mx\/usuarios\/gmagos\/HIK\/IP\/IPC\/Imagenes%20pagina\/Descargas%20IVMS4200.jpg' alt='Descargas IVMS4200'> <\/a> <a href='https:\/\/appstore.hikvision.com\/' target='_blank' rel='noopener' style='flex: 1 1 250px; max-width: 300px; text-decoration: none;'> <img style='width: 100%; height: auto; border: 1px solid rgba(150&comma;150&comma;150&comma;0.3); border-radius: 8px;' src='https:\/\/ftp3.syscom.mx\/usuarios\/gmagos\/HIK\/IP\/IPC\/Imagenes%20pagina\/Descargas%20de%20app.jpg' alt='Descargas de app'> <\/a> <a href='https:\/\/ftp3.syscom.mx\/usuarios\/ftp\/2021\/09\/13\/f218a\/S16-TURBO-G3.pdf' target='_blank' rel='noopener' style='flex: 1 1 250px; max-width: 300px; text-decoration: none;'> <img style='width: 100%; height: auto; border: 1px solid rgba(150&comma;150&comma;150&comma;0.3); border-radius: 8px;' src='https:\/\/ftp3.syscom.mx\/usuarios\/gmagos\/HIK\/IP\/IPC\/Imagenes%20pagina\/Descarga%20de%20PDF.jpg' alt='Descarga de PDF'> <\/a> <\/div>\n<p> <!-- Im\u00e1genes adicionales --> <\/p>\n<div style='display: flex; flex-wrap: wrap; gap: 15px; margin-bottom: 30px; justify-content: center;'> <img style='width: 100%; max-width: 800px; height: auto; border: 1px solid rgba(150&comma;150&comma;150&comma;0.3); border-radius: 8px;' src='https:\/\/ftp3.syscom.mx\/usuarios\/fotos\/S04TURBOG3\/195128-explicaci\u00f3n_acusense_turbohd.jpeg' alt=''> <img style='width: 100%; max-width: 800px; height: auto; border: 1px solid rgba(150&comma;150&comma;150&comma;0.3); border-radius: 8px;' src='http:\/\/ftp3.syscom.mx\/usuarios\/jdelafuente\/EPCOM\/TURBO%20HD\/100%253.png' alt=''> <\/div>\n<p> <!-- Secci\u00f3n de por qu\u00e9 adquirir epcom --> <\/p>\n<h2 style='text-align: center; font-size: 24px; margin-bottom: 20px; color: inherit; opacity: 0.8;'>\u00bfPor qu\u00e9 adquirir epcom\u00ae?<\/h2>\n<p> <!-- Secci\u00f3n de app y garant\u00eda --> <\/p>\n<div style='display: flex; flex-wrap: wrap; gap: 20px; margin-bottom: 30px;'>\n<div style='flex: 1 1 250px;'> <a href='https:\/\/appstore.hikvision.com\/' target='_blank' rel='noopener'> <img style='width: 100%; height: auto; border: 1px solid rgba(150&comma;150&comma;150&comma;0.3); border-radius: 8px;' src='https:\/\/ftp3.syscom.mx\/usuarios\/jsosa\/epcom\/banners\/HIKVISION-APSTORE.jpg' alt='Appstore'> <\/a> <\/div>\n<div style='flex: 1 1 250px;'>\n<h3 style='font-size: 20px; margin-top: 0; color: inherit; opacity: 0.8;'>Mejor App de la industria para Android \/ iPhone<\/h3>\n<p style='margin-bottom: 15px;'>Video fluido&comma; manejo r\u00e1pido&comma; acceso m\u00f3vil en segundos y \u00fanico con opci\u00f3n segura para compartir equipos (asegure que nadie puede acceder a su equipo).<\/p>\n<p> <a href='https:\/\/www.syscomblog.com\/2018\/07\/nuevo-acceso-movil-en-segundos.html' target='_blank' rel='noopener' style='color: #3598db; text-decoration: none;'>Leer m\u00e1s sobre acceso m\u00f3vil en segundos<\/a> <\/div>\n<\/p><\/div>\n<p> <!-- Secci\u00f3n de garant\u00eda --> <\/p>\n<div style='display: flex; flex-wrap: wrap; gap: 20px; margin-bottom: 30px;'>\n<div style='flex: 1 1 250px;'>\n<h3 style='font-size: 20px; margin-top: 0; color: inherit; opacity: 0.8;'>Garant\u00eda de satisfacci\u00f3n<\/h3>\n<p>La l\u00ednea de videovigilancia epcom es la \u00fanica en el mercado con 4 A\u00f1os de garant\u00eda.<\/p>\n<\/p><\/div>\n<div style='flex: 1 1 250px;'> <img style='width: 100%; height: auto; border: 1px solid rgba(150&comma;150&comma;150&comma;0.3); border-radius: 8px;' src='https:\/\/ftp3.syscom.mx\/usuarios\/fotos\/S04TURBOL\/157046-epcom_02.jpg' alt=''> <\/div>\n<\/p><\/div>\n<p> <!-- Secci\u00f3n final de calidad --> <\/p>\n<div style='display: flex; flex-wrap: wrap; gap: 20px; margin-bottom: 30px;'>\n<div style='flex: 1 1 250px;'> <img style='width: 100%; height: auto; border: 1px solid rgba(150&comma;150&comma;150&comma;0.3); border-radius: 8px;' src='https:\/\/ftp3.syscom.mx\/usuarios\/fotos\/S04TURBOL\/157046-epcom_01.jpg' alt=''> <\/div>\n<div style='flex: 1 1 250px;'>\n<h3 style='font-size: 20px; margin-top: 0; color: inherit; opacity: 0.8;'>Adquiera la l\u00ednea con mayor crecimiento en Am\u00e9rica<\/h3>\n<p>No se conforme con bueno&comma; cuando puede tener EXCELENTE. Invierta en seguridad con la l\u00ednea de videovigilancia epcom&comma; por su gran calidad de imagen y dise\u00f1o profesional es la l\u00ednea con mayor crecimiento en Am\u00e9rica.<\/p>\n<\/p><\/div>\n<\/p><\/div>\n<p> <!-- Imagen final --> <\/p>\n<div style='margin-bottom: 30px; text-align: center;'> <img style='width: 100%; max-width: 800px; height: auto; border: 1px solid rgba(150&comma;150&comma;150&comma;0.3); border-radius: 8px;' src='https:\/\/ftp3.syscom.mx\/usuarios\/nicolas.jimenez\/epcom-2.png' alt=''> <\/div>\n<\/p><\/div>\n","protected":false},"excerpt":{"rendered":"<p>DVR 16 Canales TurboHD + 2 Canales IP \/ 2 Megapixel (1080p) Lite \/ Acusense Lite (Evita Falsas Alarmas) \/ Audio por Coaxitron \/ 1 Bah\u00eda de Disco Duro \/ H.265+ \/ Salida de Video Full HD<\/p>\n","protected":false},"featured_media":112185,"comment_status":"open","ping_status":"closed","template":"","meta":[],"product_brand":[],"product_cat":[2254],"product_tag":[2255,2257,2256],"class_list":{"0":"post-112186","1":"product","2":"type-product","3":"status-publish","4":"has-post-thumbnail","6":"product_cat-videograbadoras-analogicas-turbohd-tvi-ahd-cvi","7":"product_tag-camaras-y-dvrs-hd-turbohd-ahd-hd-tvi","8":"product_tag-epcom-professional","9":"product_tag-videograbadoras-analogicas-turbohd-tvi-ahd-cvi","11":"first","12":"outofstock","13":"sale","14":"shipping-taxable","15":"purchasable","16":"product-type-simple"},"_links":{"self":[{"href":"https:\/\/soydeaqui.ddns.net\/pachuca\/index.php\/wp-json\/wp\/v2\/product\/112186","targetHints":{"allow":["GET"]}}],"collection":[{"href":"https:\/\/soydeaqui.ddns.net\/pachuca\/index.php\/wp-json\/wp\/v2\/product"}],"about":[{"href":"https:\/\/soydeaqui.ddns.net\/pachuca\/index.php\/wp-json\/wp\/v2\/types\/product"}],"replies":[{"embeddable":true,"href":"https:\/\/soydeaqui.ddns.net\/pachuca\/index.php\/wp-json\/wp\/v2\/comments?post=112186"}],"wp:featuredmedia":[{"embeddable":true,"href":"https:\/\/soydeaqui.ddns.net\/pachuca\/index.php\/wp-json\/wp\/v2\/media\/112185"}],"wp:attachment":[{"href":"https:\/\/soydeaqui.ddns.net\/pachuca\/index.php\/wp-json\/wp\/v2\/media?parent=112186"}],"wp:term":[{"taxonomy":"product_brand","embeddable":true,"href":"https:\/\/soydeaqui.ddns.net\/pachuca\/index.php\/wp-json\/wp\/v2\/product_brand?post=112186"},{"taxonomy":"product_cat","embeddable":true,"href":"https:\/\/soydeaqui.ddns.net\/pachuca\/index.php\/wp-json\/wp\/v2\/product_cat?post=112186"},{"taxonomy":"product_tag","embeddable":true,"href":"https:\/\/soydeaqui.ddns.net\/pachuca\/index.php\/wp-json\/wp\/v2\/product_tag?post=112186"}],"curies":[{"name":"wp","href":"https:\/\/api.w.org\/{rel}","templated":true}]}}