{"id":112173,"date":"2026-03-20T21:27:26","date_gmt":"2026-03-20T21:27:26","guid":{"rendered":"https:\/\/soydeaqui.ddns.net\/pachuca\/index.php\/producto\/pantalla-lcd-46-para-tv-wall-entrada-hdmi-vga-dvi-dp-monitor-robusto-bisel-delgado-3-5-mm-soportan-daisy-chain-conexion-en-cadena-sin-software\/"},"modified":"2026-03-20T21:27:47","modified_gmt":"2026-03-20T21:27:47","slug":"pantalla-lcd-46-para-tv-wall-entrada-hdmi-vga-dvi-dp-monitor-robusto-bisel-delgado-3-5-mm-soportan-daisy-chain-conexion-en-cadena-sin-software","status":"publish","type":"product","link":"https:\/\/soydeaqui.ddns.net\/pachuca\/index.php\/producto\/pantalla-lcd-46-para-tv-wall-entrada-hdmi-vga-dvi-dp-monitor-robusto-bisel-delgado-3-5-mm-soportan-daisy-chain-conexion-en-cadena-sin-software\/","title":{"rendered":"Pantalla LCD 46&#8243; para TV WALL \/ Entrada HDMI &#8211; VGA &#8211; DVI &#8211; DP \/ Monitor Robusto \/ Bisel Delgado (3.5 mm) \/ Soportan Daisy Chain (Conexi\u00f3n en Cadena sin Software)"},"content":{"rendered":"<div style='width: 100%; max-width: 1200px; margin: 0 auto; font-family: sans-serif; line-height: 1.6; color: inherit; background-color: transparent;'> <!-- Imagen principal --> <\/p>\n<div style='text-align: center; margin-bottom: 30px;'> <img style='width: 50%; height: auto; border: 1px solid rgba(150&comma;150&comma;150&comma;0.3); border-radius: 8px;' src='https:\/\/ftp3.syscom.mx\/usuarios\/nortega\/hikvision\/HPD.png' alt='Pantalla LCD Hikvision'> <\/div>\n<p> <!-- Secci\u00f3n de caracter\u00edsticas --> <\/p>\n<div style='display: flex; flex-wrap: wrap; gap: 30px; margin-bottom: 30px;'>\n<div style='flex: 1 1 300px; min-width: 280px;'>\n<h3 style='font-size: 22px; border-bottom: 2px solid currentColor; padding-bottom: 5px; margin-top: 0; color: inherit; opacity: 0.8;'>Caracter\u00edsticas principales<\/h3>\n<ul style='padding-left: 20px; font-size: 15px; color: inherit;'>\n<li style='margin-bottom: 5px;'>Resolucion: 1920 x 1080 (Full HD) 60Hz<\/li>\n<li style='margin-bottom: 5px;'>Pantalla de 46&#8242;<\/li>\n<li style='margin-bottom: 5px;'>Bisel: 2.36mm (arriba\/izquierda)&comma; 1.2mm (abajo\/derecha)<\/li>\n<li style='margin-bottom: 5px;'>Brillo: 500 cd\/m\u00b2<\/li>\n<li style='margin-bottom: 5px;'>Angulo de visi\u00f3n: Horizontal: 178\u00b0&comma; vertical: 178\u00b0<\/li>\n<li style='margin-bottom: 5px;'>Soporta control remoto<\/li>\n<li style='margin-bottom: 5px;'>Entradas: 1 puerto HDMI&comma; 1 puertos DVI&comma; 1 puerto VGA&comma; 1 puerto Display Port&comma; 1 Puerto USB<\/li>\n<\/ul><\/div>\n<div style='flex: 1 1 300px; min-width: 280px;'>\n<h3 style='font-size: 22px; border-bottom: 2px solid currentColor; padding-bottom: 5px; margin-top: 0; color: inherit; opacity: 0.8;'>Caracter\u00edsticas F\u00edsicas y El\u00e9ctricas<\/h3>\n<ul style='padding-left: 20px; font-size: 15px; color: inherit;'>\n<li style='margin-bottom: 5px;'>Alimentacion: 100 &#8211; 240 Vca<\/li>\n<li style='margin-bottom: 5px;'>Consumo: 187 Watts<\/li>\n<li style='margin-bottom: 5px;'>Temperatura de operacion: 0\u00b0 a 40\u00b0<\/li>\n<li style='margin-bottom: 5px; font-weight: bold;'>Dimensiones: 1021.98 mm x 576.57 mm x 72.25 mm<\/li>\n<li style='margin-bottom: 5px;'>Tiempo de vida: 60&comma;000 horas<\/li>\n<\/ul><\/div>\n<div style='flex: 1 1 300px; min-width: 280px;'>\n<h3 style='font-size: 22px; border-bottom: 2px solid currentColor; padding-bottom: 5px; margin-top: 0; color: inherit; opacity: 0.8;'>Accesorios incluidos<\/h3>\n<h4 style='font-size: 18px; margin-top: 20px; margin-bottom: 10px; color: inherit;'>Por pantalla<\/h4>\n<ul style='padding-left: 20px; font-size: 15px; color: inherit;'>\n<li style='margin-bottom: 5px;'>1 x Cable de corriente<\/li>\n<li style='margin-bottom: 5px;'>1 x Cable de red RJ45<\/li>\n<li style='margin-bottom: 5px;'>1 x Cable HDMI 2m<\/li>\n<\/ul>\n<h4 style='font-size: 18px; margin-top: 20px; margin-bottom: 10px; color: inherit;'>En caja de 2 pantallas<\/h4>\n<ul style='padding-left: 20px; font-size: 15px; color: inherit;'>\n<li style='margin-bottom: 5px;'>1 x Control remoto<\/li>\n<li style='margin-bottom: 5px;'>1 x Receptor IR<\/li>\n<li style='margin-bottom: 5px;'>1 x Convertidor RS-232<\/li>\n<\/ul><\/div>\n<\/p><\/div>\n<p> <!-- Texto explicativo --> <\/p>\n<div style='margin-bottom: 30px; font-size: 15px; color: inherit;'>\n<p style='text-align: center;'>Cree un videowall de manera autonoma de hasta 30 pantallas mediante HDMI (Daisy Chain)&comma; sin necesidad de licencias adicionales&comma; controlador o decodificador.<\/p>\n<\/p><\/div>\n<p> <!-- Im\u00e1genes de videowall --> <\/p>\n<div style='display: grid; grid-template-columns: repeat(auto-fit&comma; minmax(300px&comma; 1fr)); gap: 30px; margin-bottom: 30px;'>\n<div style='text-align: center;'>\n<p style='margin: 0 0 10px 0; font-weight: bold; color: inherit;'>Videowall 2&#215;2<\/p>\n<p style='margin: 0 0 15px 0; font-size: 14px; color: inherit;'>Vista Frontal<\/p>\n<p> <img style='width: 100%; height: auto; border: 1px solid rgba(150&comma;150&comma;150&comma;0.3); border-radius: 8px;' src='https:\/\/ftp3.syscom.mx\/usuarios\/nortega\/hikvision\/pantallas%20vw\/2x2.png' alt='Videowall 2x2 Frontal'> <\/div>\n<div style='text-align: center;'>\n<p style='margin: 0 0 10px 0; font-weight: bold; color: inherit;'>Videowall 2&#215;2<\/p>\n<p style='margin: 0 0 15px 0; font-size: 14px; color: inherit;'>Vista posterior<\/p>\n<p> <img style='width: 100%; height: auto; border: 1px solid rgba(150&comma;150&comma;150&comma;0.3); border-radius: 8px;' src='https:\/\/ftp3.syscom.mx\/usuarios\/nortega\/hikvision\/pantallas%20vw\/2x2back1.png' alt='Videowall 2x2 Posterior'> <\/div>\n<\/p><\/div>\n<p> <!-- Imagen final --> <\/p>\n<div style='text-align: center; margin-bottom: 30px;'> <img style='width: 100%; height: auto; border: 1px solid rgba(150&comma;150&comma;150&comma;0.3); border-radius: 8px;' src='https:\/\/ftp3.syscom.mx\/usuarios\/nortega\/hikvision\/imagenes\/HIKVISION-VW-DS.png' alt='Pantalla LCD Hikvision'> <\/div>\n<\/p><\/div>\n","protected":false},"excerpt":{"rendered":"<p>Pantalla LCD 46&#8243; para TV WALL \/ Entrada HDMI &#8211; VGA &#8211; DVI &#8211; DP \/ Monitor Robusto \/ Bisel Delgado (3.5 mm) \/ Soportan Daisy Chain (Conexi\u00f3n en Cadena sin Software)<\/p>\n","protected":false},"featured_media":112172,"comment_status":"open","ping_status":"closed","template":"","meta":[],"product_brand":[],"product_cat":[2088],"product_tag":[54,2089,2090],"class_list":{"0":"post-112173","1":"product","2":"type-product","3":"status-publish","4":"has-post-thumbnail","6":"product_cat-videowall-seguridad","7":"product_tag-hikvision","8":"product_tag-monitores-pantallas-y-mobiliario","9":"product_tag-videowall-seguridad","11":"first","12":"outofstock","13":"sale","14":"shipping-taxable","15":"purchasable","16":"product-type-simple"},"_links":{"self":[{"href":"https:\/\/soydeaqui.ddns.net\/pachuca\/index.php\/wp-json\/wp\/v2\/product\/112173","targetHints":{"allow":["GET"]}}],"collection":[{"href":"https:\/\/soydeaqui.ddns.net\/pachuca\/index.php\/wp-json\/wp\/v2\/product"}],"about":[{"href":"https:\/\/soydeaqui.ddns.net\/pachuca\/index.php\/wp-json\/wp\/v2\/types\/product"}],"replies":[{"embeddable":true,"href":"https:\/\/soydeaqui.ddns.net\/pachuca\/index.php\/wp-json\/wp\/v2\/comments?post=112173"}],"wp:featuredmedia":[{"embeddable":true,"href":"https:\/\/soydeaqui.ddns.net\/pachuca\/index.php\/wp-json\/wp\/v2\/media\/112172"}],"wp:attachment":[{"href":"https:\/\/soydeaqui.ddns.net\/pachuca\/index.php\/wp-json\/wp\/v2\/media?parent=112173"}],"wp:term":[{"taxonomy":"product_brand","embeddable":true,"href":"https:\/\/soydeaqui.ddns.net\/pachuca\/index.php\/wp-json\/wp\/v2\/product_brand?post=112173"},{"taxonomy":"product_cat","embeddable":true,"href":"https:\/\/soydeaqui.ddns.net\/pachuca\/index.php\/wp-json\/wp\/v2\/product_cat?post=112173"},{"taxonomy":"product_tag","embeddable":true,"href":"https:\/\/soydeaqui.ddns.net\/pachuca\/index.php\/wp-json\/wp\/v2\/product_tag?post=112173"}],"curies":[{"name":"wp","href":"https:\/\/api.w.org\/{rel}","templated":true}]}}