{"id":112111,"date":"2026-03-20T21:24:04","date_gmt":"2026-03-20T21:24:04","guid":{"rendered":"https:\/\/soydeaqui.ddns.net\/pachuca\/index.php\/producto\/bateria-de-litio-de-4-8-kwh-48-vcc-100-ah-3u-de-montaje-en-rack-con-pantalla-de-monitoreo-local-lcd\/"},"modified":"2026-03-20T21:24:16","modified_gmt":"2026-03-20T21:24:16","slug":"bateria-de-litio-de-4-8-kwh-48-vcc-100-ah-3u-de-montaje-en-rack-con-pantalla-de-monitoreo-local-lcd","status":"publish","type":"product","link":"https:\/\/soydeaqui.ddns.net\/pachuca\/index.php\/producto\/bateria-de-litio-de-4-8-kwh-48-vcc-100-ah-3u-de-montaje-en-rack-con-pantalla-de-monitoreo-local-lcd\/","title":{"rendered":"Bater\u00eda de Litio de 4.8 Kwh, 48 Vcc, 100 Ah, 3U de Montaje en Rack con Pantalla de Monitoreo Local LCD"},"content":{"rendered":"<div style='width: 100%; max-width: 1200px; margin: 0 auto; font-family: sans-serif; line-height: 1.6; color: inherit; background-color: transparent;'> <!-- Imagen principal --> <\/p>\n<div style='width: 100%; margin-bottom: 30px;'> <img style='width: 100%; height: auto; border: 1px solid rgba(150&comma;150&comma;150&comma;0.3); border-radius: 8px;' src='https:\/\/ftp3.syscom.mx\/usuarios\/ftp\/single_page\/epcom_powerline\/BAN1.jpg' alt='Bater\u00eda de Litio Epcom Powerline'> <\/div>\n<p> <!-- T\u00edtulo principal --> <\/p>\n<div style='width: 100%; margin-bottom: 30px;'>\n<h1 style='text-align: center; font-size: 36px; color: inherit; opacity: 0.8; margin: 0; padding: 0;'> Bater\u00eda de Litio de Alta Capacidad para Montaje en Rack <\/h1>\n<\/p><\/div>\n<p> <!-- Separador --> <\/p>\n<hr style='border: 0; border-top: 2px solid red; margin: 30px 0;'> <!-- Ventajas --> <\/p>\n<div style='width: 100%; margin-bottom: 30px;'>\n<h1 style='text-align: center; font-size: 32px; color: inherit; opacity: 0.8; margin: 0 0 15px 0; padding: 0;'> Ventajas Epcom Powerline <\/h1>\n<div style='display: flex; flex-direction: column; gap: 20px; margin-top: 20px;'>\n<div style='border: 1px solid rgba(150&comma;150&comma;150&comma;0.3); border-radius: 8px; padding: 15px;'>\n<h2 style='font-size: 22px; font-weight: bold; color: inherit; margin-top: 0; margin-bottom: 10px;'> Tecnolog\u00eda LiFePO4 <\/h2>\n<p style='margin: 0; color: inherit; font-size: 15px;'> Tecnolog\u00eda l\u00edder en almacenamiento de energ\u00eda para sistemas de alta demanda. <\/p>\n<\/p><\/div>\n<div style='border: 1px solid rgba(150&comma;150&comma;150&comma;0.3); border-radius: 8px; padding: 15px;'>\n<h2 style='font-size: 22px; font-weight: bold; color: inherit; margin-top: 0; margin-bottom: 10px;'> BMS reforzado <\/h2>\n<p style='margin: 0; color: inherit; font-size: 15px;'> Soporta hasta 5 unidades conectadas en paralelo para mayor capacidad. <\/p>\n<\/p><\/div>\n<div style='border: 1px solid rgba(150&comma;150&comma;150&comma;0.3); border-radius: 8px; padding: 15px;'>\n<h2 style='font-size: 22px; font-weight: bold; color: inherit; margin-top: 0; margin-bottom: 10px;'> Estructura interna m\u00e1s firme y estable <\/h2>\n<p style='margin: 0; color: inherit; font-size: 15px;'> Los separadores de celdas protegen y separa las celdas reduciendo el riesgo de corto circuito por vibraci\u00f3n o impacto mientras ayudan a disipar el calor de manera eficiente. <\/p>\n<\/p><\/div>\n<div style='border: 1px solid rgba(150&comma;150&comma;150&comma;0.3); border-radius: 8px; padding: 15px;'>\n<h2 style='font-size: 22px; font-weight: bold; color: inherit; margin-top: 0; margin-bottom: 10px;'> Menor peso y tama\u00f1o <\/h2>\n<p style='margin: 0; color: inherit; font-size: 15px;'> Debido al dise\u00f1o de las celdas internas&comma; la bater\u00eda RLB-100-48 tiene una diferencia de 5 kg contra las bater\u00edas de la competencia&comma; debido a su dise\u00f1o utiliza \u00fanicamente 3U rack mientras que otras bater\u00edas pueden requerir hasta 5U rack. <\/p>\n<\/p><\/div>\n<div style='border: 1px solid rgba(150&comma;150&comma;150&comma;0.3); border-radius: 8px; padding: 15px;'>\n<h2 style='font-size: 22px; font-weight: bold; color: inherit; margin-top: 0; margin-bottom: 10px;'> Calidad garantizada <\/h2>\n<p style='margin: 0; color: inherit; font-size: 15px;'> contra defectos de f\u00e1brica. <\/p>\n<\/p><\/div>\n<\/p><\/div>\n<\/p><\/div>\n<p> <!-- Separador --> <\/p>\n<hr style='border: 0; border-top: 2px solid red; margin: 30px 0;'> <!-- Aplicaciones --> <\/p>\n<div style='width: 100%; margin-bottom: 30px;'>\n<h1 style='text-align: center; font-size: 32px; color: inherit; opacity: 0.8; margin: 0 0 20px 0; padding: 0;'> Aplicaciones <\/h1>\n<div style='display: flex; flex-wrap: wrap; gap: 20px; justify-content: center;'>\n<div style='flex: 1 1 250px; max-width: 300px;'> <img style='width: 100%; height: auto; border: 1px solid rgba(150&comma;150&comma;150&comma;0.3); border-radius: 8px;' src='https:\/\/ftp3.syscom.mx\/usuarios\/ftp\/single_page\/epcom_powerline\/tele.png' alt='Telecomunicaciones'> <\/p>\n<p style='text-align: center; margin-top: 10px; margin-bottom: 0; color: inherit; font-size: 16px;'> Telecomunicaciones <\/p>\n<\/p><\/div>\n<div style='flex: 1 1 250px; max-width: 300px;'> <img style='width: 100%; height: auto; border: 1px solid rgba(150&comma;150&comma;150&comma;0.3); border-radius: 8px;' src='https:\/\/ftp3.syscom.mx\/usuarios\/ftp\/single_page\/epcom_powerline\/cen.png' alt='Centro de Datos'> <\/p>\n<p style='text-align: center; margin-top: 10px; margin-bottom: 0; color: inherit; font-size: 16px;'> Centro de Datos <\/p>\n<\/p><\/div>\n<div style='flex: 1 1 250px; max-width: 300px;'> <img style='width: 100%; height: auto; border: 1px solid rgba(150&comma;150&comma;150&comma;0.3); border-radius: 8px;' src='https:\/\/ftp3.syscom.mx\/usuarios\/ftp\/single_page\/epcom_powerline\/energia.png' alt='Energ\u00eda Solar'> <\/p>\n<p style='text-align: center; margin-top: 10px; margin-bottom: 0; color: inherit; font-size: 16px;'> Energ\u00eda Solar <\/p>\n<\/p><\/div>\n<div style='flex: 1 1 250px; max-width: 300px;'> <img style='width: 100%; height: auto; border: 1px solid rgba(150&comma;150&comma;150&comma;0.3); border-radius: 8px;' src='https:\/\/ftp3.syscom.mx\/usuarios\/ftp\/single_page\/epcom_powerline\/res.png' alt='Residencial'> <\/p>\n<p style='text-align: center; margin-top: 10px; margin-bottom: 0; color: inherit; font-size: 16px;'> Residencial <\/p>\n<\/p><\/div>\n<div style='flex: 1 1 250px; max-width: 300px;'> <img style='width: 100%; height: auto; border: 1px solid rgba(150&comma;150&comma;150&comma;0.3); border-radius: 8px;' src='https:\/\/ftp3.syscom.mx\/usuarios\/ftp\/single_page\/epcom_powerline\/vehi.png' alt='Veh\u00edculos Recreativos'> <\/p>\n<p style='text-align: center; margin-top: 10px; margin-bottom: 0; color: inherit; font-size: 16px;'> Veh\u00edculos Recreativos <\/p>\n<\/p><\/div>\n<div style='flex: 1 1 250px; max-width: 300px;'> <img style='width: 100%; height: auto; border: 1px solid rgba(150&comma;150&comma;150&comma;0.3); border-radius: 8px;' src='https:\/\/ftp3.syscom.mx\/usuarios\/ftp\/single_page\/epcom_powerline\/indus.png' alt='Industrial'> <\/p>\n<p style='text-align: center; margin-top: 10px; margin-bottom: 0; color: inherit; font-size: 16px;'> Industrial <\/p>\n<\/p><\/div>\n<\/p><\/div>\n<\/p><\/div>\n<p> <!-- Separador --> <\/p>\n<hr style='border: 0; border-top: 2px solid red; margin: 30px 0;'> <!-- Especificaciones y dimensiones --> <\/p>\n<div style='width: 100%; margin-bottom: 30px;'>\n<div style='display: flex; flex-wrap: wrap; gap: 30px;'> <!-- Especificaciones --> <\/p>\n<div style='flex: 1 1 300px; min-width: 280px;'>\n<h3 style='font-size: 22px; border-bottom: 2px solid currentColor; padding-bottom: 5px; margin-top: 0; color: inherit; opacity: 0.8;'> Especificaciones t\u00e9cnicas <\/h3>\n<ul style='padding-left: 20px; font-size: 15px; color: inherit;'>\n<li style='margin-bottom: 5px;'><strong>Voltaje nominal:<\/strong> 48 V<\/li>\n<li style='margin-bottom: 5px;'><strong>Capacidad:<\/strong> 100 Ah<\/li>\n<li style='margin-bottom: 5px;'><strong>Peso:<\/strong> 43 kg<\/li>\n<li style='margin-bottom: 5px;'><strong>Energ\u00eda:<\/strong> 4.8 kWh<\/li>\n<li style='margin-bottom: 5px;'><strong>Ciclo de vida:<\/strong> \u22653000 ciclos (100% DOD)<\/li>\n<li style='margin-bottom: 5px;'><strong>Protecciones:<\/strong> Sobrecarga&comma; Sobredescarga&comma; Temperatura.<\/li>\n<li style='margin-bottom: 5px;'><strong>Carga recomendada del banco:<\/strong> \u226420A<\/li>\n<li style='margin-bottom: 5px;'><strong>M\u00e1xima carga del banco:<\/strong> \u226450A<\/li>\n<\/ul><\/div>\n<p> <!-- Imagen de dimensiones --> <\/p>\n<div style='flex: 1 1 300px; min-width: 280px;'> <img style='width: 100%; height: auto; border: 1px solid rgba(150&comma;150&comma;150&comma;0.3); border-radius: 8px;' src='https:\/\/ftp3.syscom.mx\/usuarios\/ftp\/single_page\/epcom_powerline\/DIM.png' alt='Dimensiones'> <\/div>\n<\/p><\/div>\n<\/p><\/div>\n<p> <!-- Separador --> <\/p>\n<hr style='border: 0; border-top: 2px solid red; margin: 30px 0;'> <!-- Video --> <\/p>\n<div style='width: 100%; margin-bottom: 30px;'>\n<h3 style='text-align: center; font-size: 22px; margin-bottom: 20px; color: inherit; opacity: 0.8;'> Bater\u00eda de litio de alta capacidad <\/h3>\n<div style='position: relative; padding-bottom: 56.25%; height: 0; overflow: hidden; margin-bottom: 30px;'>   <\/div>\n<\/p><\/div>\n<p> <!-- Imagen final --> <\/p>\n<div style='width: 100%;'> <img style='width: 100%; height: auto; border: 1px solid rgba(150&comma;150&comma;150&comma;0.3); border-radius: 8px;' src='https:\/\/ftp3.syscom.mx\/usuarios\/ftp\/single_page\/epcom_powerline\/exp2.png' alt='Explosi\u00f3n de componentes'> <\/div>\n<\/p><\/div>\n","protected":false},"excerpt":{"rendered":"<p>Bater\u00eda de Litio de 4.8 Kwh, 48 Vcc, 100 Ah, 3U de Montaje en Rack con Pantalla de Monitoreo Local LCD<\/p>\n","protected":false},"featured_media":112110,"comment_status":"open","ping_status":"closed","template":"","meta":[],"product_brand":[],"product_cat":[1160],"product_tag":[143,142,454],"class_list":{"0":"post-112111","1":"product","2":"type-product","3":"status-publish","4":"has-post-thumbnail","6":"product_cat-baterias-energia-videovigilancia","7":"product_tag-baterias","8":"product_tag-energia","9":"product_tag-epcom-powerline","11":"first","12":"outofstock","13":"sale","14":"shipping-taxable","15":"purchasable","16":"product-type-simple"},"_links":{"self":[{"href":"https:\/\/soydeaqui.ddns.net\/pachuca\/index.php\/wp-json\/wp\/v2\/product\/112111","targetHints":{"allow":["GET"]}}],"collection":[{"href":"https:\/\/soydeaqui.ddns.net\/pachuca\/index.php\/wp-json\/wp\/v2\/product"}],"about":[{"href":"https:\/\/soydeaqui.ddns.net\/pachuca\/index.php\/wp-json\/wp\/v2\/types\/product"}],"replies":[{"embeddable":true,"href":"https:\/\/soydeaqui.ddns.net\/pachuca\/index.php\/wp-json\/wp\/v2\/comments?post=112111"}],"wp:featuredmedia":[{"embeddable":true,"href":"https:\/\/soydeaqui.ddns.net\/pachuca\/index.php\/wp-json\/wp\/v2\/media\/112110"}],"wp:attachment":[{"href":"https:\/\/soydeaqui.ddns.net\/pachuca\/index.php\/wp-json\/wp\/v2\/media?parent=112111"}],"wp:term":[{"taxonomy":"product_brand","embeddable":true,"href":"https:\/\/soydeaqui.ddns.net\/pachuca\/index.php\/wp-json\/wp\/v2\/product_brand?post=112111"},{"taxonomy":"product_cat","embeddable":true,"href":"https:\/\/soydeaqui.ddns.net\/pachuca\/index.php\/wp-json\/wp\/v2\/product_cat?post=112111"},{"taxonomy":"product_tag","embeddable":true,"href":"https:\/\/soydeaqui.ddns.net\/pachuca\/index.php\/wp-json\/wp\/v2\/product_tag?post=112111"}],"curies":[{"name":"wp","href":"https:\/\/api.w.org\/{rel}","templated":true}]}}