{"id":112095,"date":"2026-03-20T21:23:10","date_gmt":"2026-03-20T21:23:10","guid":{"rendered":"https:\/\/soydeaqui.ddns.net\/pachuca\/index.php\/producto\/cargador-de-fuente-de-alimentacion-salida-unica-24-vcc-a-10-a-salida-auxiliar-fai-listo-para-linq2-115-v-ca-placa\/"},"modified":"2026-03-20T21:23:12","modified_gmt":"2026-03-20T21:23:12","slug":"cargador-de-fuente-de-alimentacion-salida-unica-24-vcc-a-10-a-salida-auxiliar-fai-listo-para-linq2-115-v-ca-placa","status":"publish","type":"product","link":"https:\/\/soydeaqui.ddns.net\/pachuca\/index.php\/producto\/cargador-de-fuente-de-alimentacion-salida-unica-24-vcc-a-10-a-salida-auxiliar-fai-listo-para-linq2-115-v-ca-placa\/","title":{"rendered":"Cargador de fuente de alimentaci\u00f3n, salida \u00fanica, 24 VCC a 10 A, salida auxiliar, FAI, listo para LinQ2, 115 V CA, placa"},"content":{"rendered":"<div style='width: 100%; max-width: 1200px; margin: 0 auto; font-family: sans-serif; line-height: 1.6; color: inherit; background-color: transparent;'>\n<div style='display: flex; flex-wrap: wrap; gap: 30px; margin-bottom: 30px;'>\n<div style='flex: 1 1 300px; min-width: 280px;'>\n<h3 style='font-size: 22px; border-bottom: 2px solid currentColor; padding-bottom: 5px; margin-top: 0; color: inherit; opacity: 0.8;'>Descripci\u00f3n<\/h3>\n<p style='font-size: 15px; color: inherit;'>La fuente de alimentaci\u00f3n\/cargador del subconjunto Altronix eFlow104NB UL convierte una entrada de 120VAC y 60 Hz en una sola salida de 24VDC. Tambi\u00e9n ofrece un conjunto de caracter\u00edsticas que incluyen desconexi\u00f3n de alarma de incendio&comma; protecci\u00f3n contra sobretensi\u00f3n y desconexi\u00f3n de baja potencia que evita la descarga profunda de las bater\u00edas de reserva.<\/p>\n<\/div>\n<\/div>\n<hr style='border: 0; border-top: 1px solid rgba(150&comma; 150&comma; 150&comma; 0.3); margin: 30px 0;'><\/div>\n","protected":false},"excerpt":{"rendered":"<p>Cargador de fuente de alimentaci\u00f3n, salida \u00fanica, 24 VCC a 10 A, salida auxiliar, FAI, listo para LinQ2, 115 V CA, placa<\/p>\n","protected":false},"featured_media":112094,"comment_status":"open","ping_status":"closed","template":"","meta":[],"product_brand":[],"product_cat":[1103],"product_tag":[495,142,457],"class_list":{"0":"post-112095","1":"product","2":"type-product","3":"status-publish","4":"has-post-thumbnail","6":"product_cat-fuentes-de-alimentacion-energia-videovigilancia","7":"product_tag-altronix","8":"product_tag-energia","9":"product_tag-fuentes-de-alimentacion","11":"first","12":"outofstock","13":"sale","14":"shipping-taxable","15":"purchasable","16":"product-type-simple"},"_links":{"self":[{"href":"https:\/\/soydeaqui.ddns.net\/pachuca\/index.php\/wp-json\/wp\/v2\/product\/112095","targetHints":{"allow":["GET"]}}],"collection":[{"href":"https:\/\/soydeaqui.ddns.net\/pachuca\/index.php\/wp-json\/wp\/v2\/product"}],"about":[{"href":"https:\/\/soydeaqui.ddns.net\/pachuca\/index.php\/wp-json\/wp\/v2\/types\/product"}],"replies":[{"embeddable":true,"href":"https:\/\/soydeaqui.ddns.net\/pachuca\/index.php\/wp-json\/wp\/v2\/comments?post=112095"}],"wp:featuredmedia":[{"embeddable":true,"href":"https:\/\/soydeaqui.ddns.net\/pachuca\/index.php\/wp-json\/wp\/v2\/media\/112094"}],"wp:attachment":[{"href":"https:\/\/soydeaqui.ddns.net\/pachuca\/index.php\/wp-json\/wp\/v2\/media?parent=112095"}],"wp:term":[{"taxonomy":"product_brand","embeddable":true,"href":"https:\/\/soydeaqui.ddns.net\/pachuca\/index.php\/wp-json\/wp\/v2\/product_brand?post=112095"},{"taxonomy":"product_cat","embeddable":true,"href":"https:\/\/soydeaqui.ddns.net\/pachuca\/index.php\/wp-json\/wp\/v2\/product_cat?post=112095"},{"taxonomy":"product_tag","embeddable":true,"href":"https:\/\/soydeaqui.ddns.net\/pachuca\/index.php\/wp-json\/wp\/v2\/product_tag?post=112095"}],"curies":[{"name":"wp","href":"https:\/\/api.w.org\/{rel}","templated":true}]}}