{"id":112091,"date":"2026-03-20T21:22:57","date_gmt":"2026-03-20T21:22:57","guid":{"rendered":"https:\/\/soydeaqui.ddns.net\/pachuca\/index.php\/producto\/modulo-para-camara-oculta-de-2mp-soporta-hasta-4-lentes-wdr-150db-wisestream-ii-alarma-i-o-soporta-memoria-sd\/"},"modified":"2026-03-20T21:23:06","modified_gmt":"2026-03-20T21:23:06","slug":"modulo-para-camara-oculta-de-2mp-soporta-hasta-4-lentes-wdr-150db-wisestream-ii-alarma-i-o-soporta-memoria-sd","status":"publish","type":"product","link":"https:\/\/soydeaqui.ddns.net\/pachuca\/index.php\/producto\/modulo-para-camara-oculta-de-2mp-soporta-hasta-4-lentes-wdr-150db-wisestream-ii-alarma-i-o-soporta-memoria-sd\/","title":{"rendered":"Modulo para camara oculta de 2MP soporta hasta 4 Lentes \/ WDR 150dB \/ Wisestream II \/ Alarma I\/O \/ Soporta Memoria SD"},"content":{"rendered":"<div style='width: 100%; max-width: 1200px; margin: 0 auto; font-family: sans-serif; line-height: 1.6; color: inherit; background-color: transparent;'>\n<div style='display: flex; flex-direction: column; align-items: center; text-align: center; margin-bottom: 30px;'>\n<h1 style='color: inherit; font-size: 24px; margin: 0 0 15px 0;'><strong>La mejor soluci\u00f3n rentable para tiendas&comma; comercios&comma; oficinas y bancos.<\/strong><\/h1>\n<p style='margin: 10px 70px 20px 70px; font-size: 15px; color: inherit;'>La soluci\u00f3n de m\u00faltiples lentes es rentable en comparaci\u00f3n con las c\u00e1maras de red t\u00edpicas. Los usuarios pueden integrar m\u00f3dulos de lentes hasta 4 canales en un solo cuerpo y monitorear 4 \u00e1reas diferentes.<\/p>\n<\/p><\/div>\n<div style='display: flex; flex-wrap: wrap; gap: 30px;'>\n<div style='flex: 1 1 300px; min-width: 280px;'>\n<div style='border-left: 5px solid #0091ff; border-radius: 5px; padding: 5px; box-shadow: 2px 2px 10px rgba(216&comma;216&comma;216&comma;0.5);'> <strong style='font-size: 18px; margin-bottom: 10px; display: block; color: inherit;'>Caracter\u00edsticas de la c\u00e1mara:<\/strong> <\/p>\n<ul style='padding-left: 20px; font-size: 14px; color: inherit;'>\n<li style='margin-bottom: 5px;'>Resolucion 1920 x 1080 (2MP)<\/li>\n<li style='margin-bottom: 5px;'>Compresi\u00f3n H.264&comma; H.265 y WisestreamII<\/li>\n<li style='margin-bottom: 5px;'>Salida de video por HDMI<\/li>\n<li style='margin-bottom: 5px;'>WDR 150dB<\/li>\n<li style='margin-bottom: 5px;'>BLC&comma; HLC<\/li>\n<li style='margin-bottom: 5px;'>Soporta: Flip&comma; Mirror y cista pasillo<\/li>\n<\/ul><\/div>\n<\/p><\/div>\n<div style='flex: 1 1 300px; min-width: 280px;'>\n<div style='border-left: 5px solid #0091ff; border-radius: 5px; padding: 5px; box-shadow: 2px 2px 10px rgba(216&comma;216&comma;216&comma;0.5);'> <strong style='font-size: 18px; margin-bottom: 10px; display: block; color: inherit;'>Caracter\u00edsticas F\u00edsicas y El\u00e9ctricas:<\/strong> <\/p>\n<ul style='padding-left: 20px; font-size: 14px; color: inherit;'>\n<li style='margin-bottom: 5px;'>PoE+(IEEE802.3at&comma; Class4)&comma; 12VDC<\/li>\n<li style='margin-bottom: 5px;'>Consumo m\u00e1ximo: 22W<\/li>\n<li style='margin-bottom: 5px;'>Soporta dos memorias SD (hasta 256)<\/li>\n<li style='margin-bottom: 5px;'>Dimensiones: 200(W)x37(H)x146(D)mm<\/li>\n<li style='margin-bottom: 5px;'>Peso: 715g<\/li>\n<\/ul><\/div>\n<\/p><\/div>\n<div style='flex: 1 1 300px; min-width: 280px;'>\n<div style='border-left: 5px solid #0091ff; border-radius: 5px; padding: 5px; box-shadow: 2px 2px 10px rgba(216&comma;216&comma;216&comma;0.5);'> <strong style='font-size: 18px; margin-bottom: 10px; display: block; color: inherit;'>Anal\u00edtica:<\/strong> <\/p>\n<ul style='padding-left: 20px; font-size: 14px; color: inherit;'>\n<li style='margin-bottom: 5px;'>Cruse de l\u00ednea<\/li>\n<li style='margin-bottom: 5px;'>Detecci\u00f3n de movimiento<\/li>\n<li style='margin-bottom: 5px;'>Detecci\u00f3n de niebla<\/li>\n<li style='margin-bottom: 5px;'>Entrada salida de \u00e1rea<\/li>\n<li style='margin-bottom: 5px;'>Sabotaje<\/li>\n<\/ul>\n<p style='margin-top: 15px; margin-bottom: 10px; font-size: 14px; color: inherit;'><strong>Nota: Los lentes compatibles se manejan por separado:<\/strong><\/p>\n<ul style='padding-left: 20px; font-size: 14px; color: inherit;'>\n<li style='margin-bottom: 5px;'>SLA-T4680A<\/li>\n<li style='margin-bottom: 5px;'>SLA-T4680VA<\/li>\n<li style='margin-bottom: 5px;'>SLA-T2480A<\/li>\n<li style='margin-bottom: 5px;'>SLA-T1080FA<\/li>\n<\/ul><\/div>\n<\/p><\/div>\n<\/p><\/div>\n<\/p><\/div>\n","protected":false},"excerpt":{"rendered":"<p>Modulo para camara oculta de 2MP soporta hasta 4 Lentes \/ WDR 150dB \/ Wisestream II \/ Alarma I\/O \/ Soporta Memoria SD<\/p>\n","protected":false},"featured_media":112090,"comment_status":"open","ping_status":"closed","template":"","meta":[],"product_brand":[],"product_cat":[2274],"product_tag":[122,1055,2275],"class_list":{"0":"post-112091","1":"product","2":"type-product","3":"status-publish","4":"has-post-thumbnail","6":"product_cat-ocultas-pinhole","7":"product_tag-camaras-ip-y-nvrs","8":"product_tag-hanwha-vision","9":"product_tag-ocultas-pinhole","11":"first","12":"outofstock","13":"sale","14":"shipping-taxable","15":"purchasable","16":"product-type-simple"},"_links":{"self":[{"href":"https:\/\/soydeaqui.ddns.net\/pachuca\/index.php\/wp-json\/wp\/v2\/product\/112091","targetHints":{"allow":["GET"]}}],"collection":[{"href":"https:\/\/soydeaqui.ddns.net\/pachuca\/index.php\/wp-json\/wp\/v2\/product"}],"about":[{"href":"https:\/\/soydeaqui.ddns.net\/pachuca\/index.php\/wp-json\/wp\/v2\/types\/product"}],"replies":[{"embeddable":true,"href":"https:\/\/soydeaqui.ddns.net\/pachuca\/index.php\/wp-json\/wp\/v2\/comments?post=112091"}],"wp:featuredmedia":[{"embeddable":true,"href":"https:\/\/soydeaqui.ddns.net\/pachuca\/index.php\/wp-json\/wp\/v2\/media\/112090"}],"wp:attachment":[{"href":"https:\/\/soydeaqui.ddns.net\/pachuca\/index.php\/wp-json\/wp\/v2\/media?parent=112091"}],"wp:term":[{"taxonomy":"product_brand","embeddable":true,"href":"https:\/\/soydeaqui.ddns.net\/pachuca\/index.php\/wp-json\/wp\/v2\/product_brand?post=112091"},{"taxonomy":"product_cat","embeddable":true,"href":"https:\/\/soydeaqui.ddns.net\/pachuca\/index.php\/wp-json\/wp\/v2\/product_cat?post=112091"},{"taxonomy":"product_tag","embeddable":true,"href":"https:\/\/soydeaqui.ddns.net\/pachuca\/index.php\/wp-json\/wp\/v2\/product_tag?post=112091"}],"curies":[{"name":"wp","href":"https:\/\/api.w.org\/{rel}","templated":true}]}}