{"id":112075,"date":"2026-03-20T21:22:01","date_gmt":"2026-03-20T21:22:01","guid":{"rendered":"https:\/\/soydeaqui.ddns.net\/pachuca\/index.php\/producto\/camara-ip-de-2-megapixel-1080p-para-dvrs-moviles-xmr-epcom-solucion-para-el-conteo-de-personas-2\/"},"modified":"2026-03-20T21:22:15","modified_gmt":"2026-03-20T21:22:15","slug":"camara-ip-de-2-megapixel-1080p-para-dvrs-moviles-xmr-epcom-solucion-para-el-conteo-de-personas-2","status":"publish","type":"product","link":"https:\/\/soydeaqui.ddns.net\/pachuca\/index.php\/producto\/camara-ip-de-2-megapixel-1080p-para-dvrs-moviles-xmr-epcom-solucion-para-el-conteo-de-personas-2\/","title":{"rendered":"C\u00e1mara IP de 2 Megapixel (1080p) para DVRs M\u00f3viles XMR EPCOM \/ Soluci\u00f3n para el Conteo de Personas"},"content":{"rendered":"<div style='width: 100%; max-width: 1200px; margin: 0 auto; font-family: sans-serif; line-height: 1.6; color: inherit; background-color: transparent;'>\n<p style='color: #808080;'><strong>Seguridad Sobre Ruedas<\/strong><\/p>\n<p>La seguridad en el transporte p\u00fablico&comma; traslado de mercanc\u00eda&comma; taxis&comma; etc.&comma; es un motivo de preocupaci\u00f3n en caso de accidentes de tr\u00e1nsito o la protecci\u00f3n contra posibles asaltos; los medios de transporte hacen necesaria la existencia de un sistema de gesti\u00f3n central que brinde protecci\u00f3n contra actividades delictivas como hurtos&comma; arrebatos&comma; entre otros.<\/p>\n<div style='width: 100%; margin: 20px 0;'>\n<div style='position: relative; padding-bottom: 56.25%; height: 0; overflow: hidden;'>   <\/div>\n<\/p><\/div>\n<div style='display: flex; flex-wrap: wrap; gap: 30px; margin-bottom: 30px;'>\n<div style='flex: 1 1 300px; min-width: 280px;'>\n<h3 style='font-size: 22px; border-bottom: 2px solid currentColor; padding-bottom: 5px; margin-top: 0; color: inherit; opacity: 0.8;'>Caracter\u00edsticas principales:<\/h3>\n<ul style='padding-left: 20px; font-size: 15px; color: inherit;'>\n<li style='margin-bottom: 5px;'>C\u00e1mara IP de 2MP<\/li>\n<li style='margin-bottom: 5px;'>Conector tipo aviaci\u00f3n de 6 pines<\/li>\n<li style='margin-bottom: 5px;'>Resoluci\u00f3n: 2MP<\/li>\n<li style='margin-bottom: 5px;'>Lente: 2.7mm<\/li>\n<li style='margin-bottom: 5px;'>Formato de compresi\u00f3n de video <strong>H.264<\/strong><\/li>\n<\/ul><\/div>\n<div style='flex: 1 1 300px; min-width: 280px;'>\n<h3 style='font-size: 22px; border-bottom: 2px solid currentColor; padding-bottom: 5px; margin-top: 0; color: inherit; opacity: 0.8;'>Caracter\u00edsticas F\u00edsicas y El\u00e9ctricas:<\/h3>\n<ul style='padding-left: 20px; font-size: 15px; color: inherit;'>\n<li style='margin-bottom: 5px;'>Voltaje de entrada 12 Vcc<\/li>\n<li style='margin-bottom: 5px;'>Temperatura -30~70\u00b0C<\/li>\n<\/ul><\/div>\n<div style='flex: 1 1 300px; min-width: 280px;'>\n<h3 style='font-size: 22px; border-bottom: 2px solid currentColor; padding-bottom: 5px; margin-top: 0; color: inherit; opacity: 0.8;'>Caracter\u00edsticas Destacadas:<\/h3>\n<ul style='padding-left: 20px; font-size: 15px; color: inherit;'>\n<li style='margin-bottom: 5px;'>Compatible con <strong>plataforma Ceiba2<\/strong><\/li>\n<li style='margin-bottom: 5px;'>Compatible con MDVR modelos XMR401AHD\/V2&comma; XMR401AHDS\/V2&comma; XMR401NAHD&comma; XMR401NAHDS<\/li>\n<li style='margin-bottom: 5px;'><\/li>\n<\/ul><\/div>\n<\/p><\/div>\n<hr style='border: 0; border-top: 1px solid rgba(150&comma; 150&comma; 150&comma; 0.3); margin: 30px 0;'> <\/div>\n","protected":false},"excerpt":{"rendered":"<p>C\u00e1mara IP de 2 Megapixel (1080p) para DVRs M\u00f3viles XMR EPCOM \/ Soluci\u00f3n para el Conteo de Personas<\/p>\n","protected":false},"featured_media":112074,"comment_status":"open","ping_status":"closed","template":"","meta":[],"product_brand":[],"product_cat":[1408,1406],"product_tag":[93,1409,935,1345],"class_list":{"0":"post-112075","1":"product","2":"type-product","3":"status-publish","4":"has-post-thumbnail","6":"product_cat-accesorios-dash-cams-y-body-cams","7":"product_cat-videograbadoras-moviles-videovigilancia","8":"product_tag-accesorios","9":"product_tag-dash-cams-y-body-cams","10":"product_tag-epcom","11":"product_tag-videograbadoras-moviles","13":"first","14":"outofstock","15":"sale","16":"shipping-taxable","17":"purchasable","18":"product-type-simple"},"_links":{"self":[{"href":"https:\/\/soydeaqui.ddns.net\/pachuca\/index.php\/wp-json\/wp\/v2\/product\/112075","targetHints":{"allow":["GET"]}}],"collection":[{"href":"https:\/\/soydeaqui.ddns.net\/pachuca\/index.php\/wp-json\/wp\/v2\/product"}],"about":[{"href":"https:\/\/soydeaqui.ddns.net\/pachuca\/index.php\/wp-json\/wp\/v2\/types\/product"}],"replies":[{"embeddable":true,"href":"https:\/\/soydeaqui.ddns.net\/pachuca\/index.php\/wp-json\/wp\/v2\/comments?post=112075"}],"wp:featuredmedia":[{"embeddable":true,"href":"https:\/\/soydeaqui.ddns.net\/pachuca\/index.php\/wp-json\/wp\/v2\/media\/112074"}],"wp:attachment":[{"href":"https:\/\/soydeaqui.ddns.net\/pachuca\/index.php\/wp-json\/wp\/v2\/media?parent=112075"}],"wp:term":[{"taxonomy":"product_brand","embeddable":true,"href":"https:\/\/soydeaqui.ddns.net\/pachuca\/index.php\/wp-json\/wp\/v2\/product_brand?post=112075"},{"taxonomy":"product_cat","embeddable":true,"href":"https:\/\/soydeaqui.ddns.net\/pachuca\/index.php\/wp-json\/wp\/v2\/product_cat?post=112075"},{"taxonomy":"product_tag","embeddable":true,"href":"https:\/\/soydeaqui.ddns.net\/pachuca\/index.php\/wp-json\/wp\/v2\/product_tag?post=112075"}],"curies":[{"name":"wp","href":"https:\/\/api.w.org\/{rel}","templated":true}]}}