{"id":112036,"date":"2026-03-20T21:19:48","date_gmt":"2026-03-20T21:19:48","guid":{"rendered":"https:\/\/soydeaqui.ddns.net\/pachuca\/index.php\/producto\/paquete-de-300-grapas-con-aislamiento-para-cables-nm-romex-como-14-3-14-3g-12-3-y-otros-cables-de-hasta-11-32-x-19-32-9-mm-x-15-mm-0-35-x-0-59-pulgadas\/"},"modified":"2026-03-20T21:20:11","modified_gmt":"2026-03-20T21:20:11","slug":"paquete-de-300-grapas-con-aislamiento-para-cables-nm-romex-como-14-3-14-3g-12-3-y-otros-cables-de-hasta-11-32-x-19-32-9-mm-x-15-mm-0-35-x-0-59-pulgadas","status":"publish","type":"product","link":"https:\/\/soydeaqui.ddns.net\/pachuca\/index.php\/producto\/paquete-de-300-grapas-con-aislamiento-para-cables-nm-romex-como-14-3-14-3g-12-3-y-otros-cables-de-hasta-11-32-x-19-32-9-mm-x-15-mm-0-35-x-0-59-pulgadas\/","title":{"rendered":"Paquete de 300 Grapas con Aislamiento, para Cables NM (Romex?) como 14\/3, 14\/3G, 12\/3 y otros cables de hasta 11\/32 x 19\/32 (9 mm x 15 mm \/ 0.35 x 0.59 pulgadas)."},"content":{"rendered":"<div style='width: 100%; max-width: 1200px; margin: 0 auto; font-family: sans-serif; line-height: 1.6; color: inherit; background-color: transparent;'> <!-- Secci\u00f3n de caracter\u00edsticas --> <\/p>\n<div style='display: flex; flex-wrap: wrap; gap: 30px; margin-bottom: 30px;'>\n<div style='flex: 1 1 300px; min-width: 280px;'>\n<h3 style='font-size: 22px; border-bottom: 2px solid currentColor; padding-bottom: 5px; margin-top: 0; color: inherit; opacity: 0.8;'>Caracter\u00edsticas<\/h3>\n<ul style='padding-left: 20px; font-size: 15px; color: inherit;'>\n<li style='margin-bottom: 5px;'>Grapas que aseguran cables planos y redondos de voz&comma; datos y video y cables no met\u00e1licos forrados NM (Romex\u00ae).<\/li>\n<li style='margin-bottom: 5px;'>Para calibres de cable NM (Romex\u00ae) como 14\/3&comma; 14\/3G&comma; 12\/3 y otros cables de hasta 11\/32&#8242; \u00d7 19\/32&#8242; (9 mm \u00d7 15 mm) de tama\u00f1o<\/li>\n<li style='margin-bottom: 5px;'>Grapas con aislamiento y certificaci\u00f3n UL dise\u00f1adas con aislamiento pl\u00e1stico para proteger el cable.<\/li>\n<li style='margin-bottom: 5px;'>Revestimiento especial que aumenta el poder de sujeci\u00f3n.<\/li>\n<li style='margin-bottom: 5px;'>Paquete de 300 grapas.<\/li>\n<li style='margin-bottom: 5px;'>Disponible en otros tama\u00f1os de grapas de Klein Tools.<\/li>\n<li style='margin-bottom: 5px;'>Romex\u00ae es una marca registrada de Southwire Company.<\/li>\n<li style='margin-bottom: 5px;'>Romex\u00ae es una marca registrada de Southwire Company.<\/li>\n<li style='margin-bottom: 5px;'><strong>No es compatible con otras marcas de grapas.<\/strong><\/li>\n<li style='margin-bottom: 5px;'><strong>Se adapta a la engrapadora para cables sueltos de Klein Tools (modelo 450-100) exclusivamente.<\/strong><\/li>\n<\/ul><\/div>\n<\/p><\/div>\n<p> <!-- Secci\u00f3n de especificaciones --> <\/p>\n<div style='display: flex; flex-wrap: wrap; gap: 20px; margin-bottom: 30px;'>\n<div style='flex: 1 1 250px; border: 1px solid rgba(150&comma; 150&comma; 150&comma; 0.4); border-radius: 8px; overflow: hidden; display: flex; flex-direction: column;'>\n<div style='padding: 15px; border-bottom: 1px solid rgba(150&comma; 150&comma; 150&comma; 0.2); font-weight: bold; font-size: 18px; color: inherit;'>Dimensiones<\/div>\n<div style='padding: 15px; color: inherit;'>\n<ul style='padding-left: 20px; margin: 0; font-size: 14px; list-style-type: disc;'>\n<li style='margin-bottom: 5px;'><strong>Material:<\/strong> Acero y pl\u00e1stico.<\/li>\n<li style='margin-bottom: 5px;'><strong>Longitud total:<\/strong> 5.75&#8242; (146 mm)<\/li>\n<li style='margin-bottom: 5px;'><strong>Altura total:<\/strong> 5.75&#8242; (146 mm)<\/li>\n<li style='margin-bottom: 5px;'><strong>Ancho total:<\/strong> 1.3&#8242; (33 mm)<\/li>\n<li style='margin-bottom: 5px;'><strong>Di\u00e1metro del cable:<\/strong> 19\/32&#8242; (15 mm)<\/li>\n<li style='margin-bottom: 5px;'><strong>Longitud de la pata:<\/strong> 7\/8&#8242; (22 mm)<\/li>\n<li style='margin-bottom: 5px;'><strong>Ancho de la corona:<\/strong> 19\/32&#8242; (15 mm)<\/li>\n<li style='margin-bottom: 5px;'><strong>Cantidad por paquete:<\/strong> 300<\/li>\n<li style='margin-bottom: 5px;'><strong>Color:<\/strong> Plata y blanco<\/li>\n<li style='margin-bottom: 5px;'><strong>Peso:<\/strong> 227 g (8 oz)<\/li>\n<li style='margin-bottom: 5px;'><strong>Normas:<\/strong> Certificaci\u00f3n UL.<\/li>\n<\/ul><\/div>\n<\/p><\/div>\n<\/p><\/div>\n<p> <!-- Separador --> <\/p>\n<hr style='border: 0; border-top: 1px solid rgba(150&comma; 150&comma; 150&comma; 0.3); margin: 30px 0;'> <\/div>\n","protected":false},"excerpt":{"rendered":"<p>Paquete de 300 Grapas con Aislamiento, para Cables NM (Romex?) como 14\/3, 14\/3G, 12\/3 y otros cables de hasta 11\/32 x 19\/32 (9 mm x 15 mm \/ 0.35 x 0.59 pulgadas).<\/p>\n","protected":false},"featured_media":112035,"comment_status":"open","ping_status":"closed","template":"","meta":[],"product_brand":[],"product_cat":[608],"product_tag":[586,25,432],"class_list":{"0":"post-112036","1":"product","2":"type-product","3":"status-publish","4":"has-post-thumbnail","6":"product_cat-herramientas-cableado-de-cobre","7":"product_tag-cableado-de-cobre","8":"product_tag-herramientas","9":"product_tag-klein-tools","11":"first","12":"instock","13":"sale","14":"shipping-taxable","15":"purchasable","16":"product-type-simple"},"_links":{"self":[{"href":"https:\/\/soydeaqui.ddns.net\/pachuca\/index.php\/wp-json\/wp\/v2\/product\/112036","targetHints":{"allow":["GET"]}}],"collection":[{"href":"https:\/\/soydeaqui.ddns.net\/pachuca\/index.php\/wp-json\/wp\/v2\/product"}],"about":[{"href":"https:\/\/soydeaqui.ddns.net\/pachuca\/index.php\/wp-json\/wp\/v2\/types\/product"}],"replies":[{"embeddable":true,"href":"https:\/\/soydeaqui.ddns.net\/pachuca\/index.php\/wp-json\/wp\/v2\/comments?post=112036"}],"wp:featuredmedia":[{"embeddable":true,"href":"https:\/\/soydeaqui.ddns.net\/pachuca\/index.php\/wp-json\/wp\/v2\/media\/112035"}],"wp:attachment":[{"href":"https:\/\/soydeaqui.ddns.net\/pachuca\/index.php\/wp-json\/wp\/v2\/media?parent=112036"}],"wp:term":[{"taxonomy":"product_brand","embeddable":true,"href":"https:\/\/soydeaqui.ddns.net\/pachuca\/index.php\/wp-json\/wp\/v2\/product_brand?post=112036"},{"taxonomy":"product_cat","embeddable":true,"href":"https:\/\/soydeaqui.ddns.net\/pachuca\/index.php\/wp-json\/wp\/v2\/product_cat?post=112036"},{"taxonomy":"product_tag","embeddable":true,"href":"https:\/\/soydeaqui.ddns.net\/pachuca\/index.php\/wp-json\/wp\/v2\/product_tag?post=112036"}],"curies":[{"name":"wp","href":"https:\/\/api.w.org\/{rel}","templated":true}]}}