{"id":112027,"date":"2026-03-20T21:19:23","date_gmt":"2026-03-20T21:19:23","guid":{"rendered":"https:\/\/soydeaqui.ddns.net\/pachuca\/index.php\/producto\/probador-que-prueba-y-mapea-cables-coaxiales-rg59-rg6-6q-rg7-y-rg11\/"},"modified":"2026-03-20T21:19:34","modified_gmt":"2026-03-20T21:19:34","slug":"probador-que-prueba-y-mapea-cables-coaxiales-rg59-rg6-6q-rg7-y-rg11","status":"publish","type":"product","link":"https:\/\/soydeaqui.ddns.net\/pachuca\/index.php\/producto\/probador-que-prueba-y-mapea-cables-coaxiales-rg59-rg6-6q-rg7-y-rg11\/","title":{"rendered":"Probador que Prueba y Mapea Cables Coaxiales RG59, RG6\/6Q, RG7 y RG11."},"content":{"rendered":"<div style='width: 100%; max-width: 1200px; margin: 0 auto; font-family: sans-serif; line-height: 1.6; color: inherit;'>\n<div style='display: flex; flex-wrap: wrap; gap: 30px; margin-bottom: 30px;'>\n<div style='flex: 1 1 300px; min-width: 280px;'>\n<h3 style='font-size: 22px; border-bottom: 2px solid currentColor; padding-bottom: 5px; margin-top: 0; color: inherit; opacity: 0.8;'>Caracter\u00edsticas<\/h3>\n<ul style='padding-left: 20px; font-size: 15px; color: inherit;'>\n<li style='margin-bottom: 5px;'>Probador de cables que prueba y mapea cables coaxiales.<\/li>\n<li style='margin-bottom: 5px;'>Funcionamiento sencillo con bot\u00f3n pulsador para el trazado de cables.<\/li>\n<li style='margin-bottom: 5px;'>Panel de LED f\u00e1cil de leer que indica las condiciones PRUEBA APROBADA&comma; CIRCUITO ABIERTO o CORTOCIRCUITO&comma; y facilita la identificaci\u00f3n de cables.<\/li>\n<li style='margin-bottom: 5px;'>Este probador viene con el transmisor remoto n.\u00ba 1 (rojo); los dem\u00e1s transmisores remotos tambi\u00e9n est\u00e1n disponibles.<\/li>\n<li style='margin-bottom: 5px;'>Los transmisores remotos a presi\u00f3n codificados por color permiten probar y mapear hasta cuatro cables (se venden por separado).<\/li>\n<li style='margin-bottom: 5px;'>El kit para actualizar transmisores remotos VDV512-110 (se vende por separado) incluye un portatransmisor con 4 transmisores remotos y un adaptador F<\/li>\n<li style='margin-bottom: 5px;'>Emplea 2 bater\u00edas AAA reemplazables<\/li>\n<li style='margin-bottom: 5px;'>Nota: No funciona a trav\u00e9s de divisores de cable.<\/li>\n<\/ul><\/div>\n<\/p><\/div>\n<div style='display: flex; flex-wrap: wrap; gap: 20px; margin-bottom: 30px;'>\n<div style='flex: 1 1 250px; border: 1px solid rgba(150&comma; 150&comma; 150&comma; 0.4); border-radius: 8px; overflow: hidden; display: flex; flex-direction: column;'>\n<div style='padding: 15px; border-bottom: 1px solid rgba(150&comma; 150&comma; 150&comma; 0.2); font-weight: bold; font-size: 18px; color: inherit;'>Dimensiones<\/div>\n<div style='padding: 15px; color: inherit;'>\n<ul style='padding-left: 20px; margin: 0; font-size: 14px; list-style-type: disc;'>\n<li style='margin-bottom: 5px;'>Longitud total: 5.75&#8242; (146 mm)<\/li>\n<li style='margin-bottom: 5px;'>Altura total: 1&#8242; (25 mm)<\/li>\n<li style='margin-bottom: 5px;'>Ancho total: 1.25&#8242; (32 mm)<\/li>\n<li style='margin-bottom: 5px;'>Tipo de Cable: RG59&comma; RG6\/6Q&comma; RG7 y RG11<\/li>\n<li style='margin-bottom: 5px;'>Transmisores remotos de ID Test-n-Map: <strong>1 transmisor remoto rojo<\/strong> <strong>(incluido).<\/strong><\/li>\n<\/ul><\/div>\n<\/p><\/div>\n<\/p><\/div>\n<hr style='border: 0; border-top: 1px solid rgba(150&comma; 150&comma; 150&comma; 0.3); margin: 30px 0;'>\n<div style='position: relative; padding-bottom: 56.25%; height: 0; overflow: hidden; margin-bottom: 30px;'>   <\/div>\n<\/p><\/div>\n","protected":false},"excerpt":{"rendered":"<p>Probador que Prueba y Mapea Cables Coaxiales RG59, RG6\/6Q, RG7 y RG11.<\/p>\n","protected":false},"featured_media":112026,"comment_status":"open","ping_status":"closed","template":"","meta":[],"product_brand":[],"product_cat":[731],"product_tag":[26,25,432],"class_list":{"0":"post-112027","1":"product","2":"type-product","3":"status-publish","4":"has-post-thumbnail","6":"product_cat-accesorios-de-instalacion-herramientas-deteccion-de-fuego","7":"product_tag-accesorios-de-instalacion","8":"product_tag-herramientas","9":"product_tag-klein-tools","11":"first","12":"instock","13":"sale","14":"shipping-taxable","15":"purchasable","16":"product-type-simple"},"_links":{"self":[{"href":"https:\/\/soydeaqui.ddns.net\/pachuca\/index.php\/wp-json\/wp\/v2\/product\/112027","targetHints":{"allow":["GET"]}}],"collection":[{"href":"https:\/\/soydeaqui.ddns.net\/pachuca\/index.php\/wp-json\/wp\/v2\/product"}],"about":[{"href":"https:\/\/soydeaqui.ddns.net\/pachuca\/index.php\/wp-json\/wp\/v2\/types\/product"}],"replies":[{"embeddable":true,"href":"https:\/\/soydeaqui.ddns.net\/pachuca\/index.php\/wp-json\/wp\/v2\/comments?post=112027"}],"wp:featuredmedia":[{"embeddable":true,"href":"https:\/\/soydeaqui.ddns.net\/pachuca\/index.php\/wp-json\/wp\/v2\/media\/112026"}],"wp:attachment":[{"href":"https:\/\/soydeaqui.ddns.net\/pachuca\/index.php\/wp-json\/wp\/v2\/media?parent=112027"}],"wp:term":[{"taxonomy":"product_brand","embeddable":true,"href":"https:\/\/soydeaqui.ddns.net\/pachuca\/index.php\/wp-json\/wp\/v2\/product_brand?post=112027"},{"taxonomy":"product_cat","embeddable":true,"href":"https:\/\/soydeaqui.ddns.net\/pachuca\/index.php\/wp-json\/wp\/v2\/product_cat?post=112027"},{"taxonomy":"product_tag","embeddable":true,"href":"https:\/\/soydeaqui.ddns.net\/pachuca\/index.php\/wp-json\/wp\/v2\/product_tag?post=112027"}],"curies":[{"name":"wp","href":"https:\/\/api.w.org\/{rel}","templated":true}]}}