{"id":111991,"date":"2026-03-20T21:17:23","date_gmt":"2026-03-20T21:17:23","guid":{"rendered":"https:\/\/soydeaqui.ddns.net\/pachuca\/index.php\/producto\/switch-industrial-administrable-capa-3-8-puertos-gigabit-poe-802-3bt-2-puertos-1-g-2-5-g-sfp\/"},"modified":"2026-03-20T21:17:33","modified_gmt":"2026-03-20T21:17:33","slug":"switch-industrial-administrable-capa-3-8-puertos-gigabit-poe-802-3bt-2-puertos-1-g-2-5-g-sfp","status":"publish","type":"product","link":"https:\/\/soydeaqui.ddns.net\/pachuca\/index.php\/producto\/switch-industrial-administrable-capa-3-8-puertos-gigabit-poe-802-3bt-2-puertos-1-g-2-5-g-sfp\/","title":{"rendered":"Switch Industrial Administrable Capa 3, 8 Puertos Gigabit PoE 802.3bt+, 2 Puertos 1 G \/ 2.5 G SFP+"},"content":{"rendered":"<div style='width: 100%; max-width: 1200px; margin: 0 auto; font-family: sans-serif; line-height: 1.6; color: inherit; background-color: transparent;'> <!-- Im\u00e1genes y t\u00edtulos --> <\/p>\n<div style='display: flex; flex-wrap: wrap; align-items: center; gap: 15px; margin-bottom: 30px;'> <img style='width: 40px; height: auto; border: 1px solid rgba(150&comma;150&comma;150&comma;0.3); border-radius: 8px;' src='https:\/\/www.planet.com.tw\/storage\/icons\/4icon_L3_OSPF_Routing.png' alt=''> <img style='width: 40px; height: auto; border: 1px solid rgba(150&comma;150&comma;150&comma;0.3); border-radius: 8px;' src='https:\/\/www.planet.com.tw\/storage\/icons\/623\/4icon_95W_PoE++.png' alt=''> <img style='width: 40px; height: auto; border: 1px solid rgba(150&comma;150&comma;150&comma;0.3); border-radius: 8px;' src='https:\/\/www.planet.com.tw\/storage\/icons\/1icon_Alive-Check.png' alt=''> <img style='width: 40px; height: auto; border: 1px solid rgba(150&comma;150&comma;150&comma;0.3); border-radius: 8px;' src='https:\/\/www.planet.com.tw\/storage\/icons\/3icon_ONVIF.png' alt=''> <img style='width: 40px; height: auto; border: 1px solid rgba(150&comma;150&comma;150&comma;0.3); border-radius: 8px;' src='https:\/\/www.planet.com.tw\/storage\/icons\/633\/Cyber-Security.png' alt=''> <img style='width: 40px; height: auto; border: 1px solid rgba(150&comma;150&comma;150&comma;0.3); border-radius: 8px;' src='https:\/\/www.planet.com.tw\/storage\/icons\/6icon_RING.png' alt=''> <img style='width: 40px; height: auto; border: 1px solid rgba(150&comma;150&comma;150&comma;0.3); border-radius: 8px;' src='https:\/\/www.planet.com.tw\/storage\/icons\/8icon_di_do.png' alt=''> <\/div>\n<p> <!-- Imagen principal --> <\/p>\n<div style='margin-bottom: 30px;'> <img style='width: 100%; height: auto; border: 1px solid rgba(150&comma;150&comma;150&comma;0.3); border-radius: 8px;' src='https:\/\/www.planet.com.tw\/storage\/products\/49289\/IGS-6325-8UP2S-2.png' alt=''> <\/div>\n<p> <!-- Secci\u00f3n de PoE --> <\/p>\n<div style='margin-bottom: 30px;'>\n<h3 style='font-size: 22px; border-bottom: 2px solid currentColor; padding-bottom: 5px; margin-top: 0; color: inherit; opacity: 0.8;'>802.3bt PoE ++: 90 ~ 95 W sobre una soluci\u00f3n UTP de 4 pares<\/h3>\n<\/p><\/div>\n<p> <!-- Imagen PoE --> <\/p>\n<div style='margin-bottom: 30px;'> <img style='width: 100%; height: auto; border: 1px solid rgba(150&comma;150&comma;150&comma;0.3); border-radius: 8px;' src='https:\/\/www.planet.com.tw\/storage\/products\/49289\/IGS-6325-8UP2S-3.png' alt=''> <\/div>\n<p> <!-- Secci\u00f3n de configuraci\u00f3n PoE --> <\/p>\n<div style='margin-bottom: 30px;'>\n<h3 style='font-size: 22px; border-bottom: 2px solid currentColor; padding-bottom: 5px; margin-top: 0; color: inherit; opacity: 0.8;'>Para satisfacer la demanda de varios dispositivos alimentador por PoE&comma; se proporciona cinco modos de salida de energ\u00eda PoE<\/h3>\n<ul style='padding-left: 20px; font-size: 15px; color: inherit;'>\n<li style='margin-bottom: 5px;'><strong style='color: inherit;'>Modo de salida de potencia PoE ++ de 90 W 802.3bt:<\/strong> (pines 1&comma; 2&comma; 3&comma; 6 + pines 4&comma; 5&comma; 7&comma; 8)<\/li>\n<li style='margin-bottom: 5px;'><strong style='color: inherit;'>Modo de salida de potencia UPOE \/ PoH de 95 W:<\/strong> (pines 1&comma; 2&comma; 3&comma; 6 + pines 4&comma; 5&comma; 7&comma; 8)<\/li>\n<li style='margin-bottom: 5px;'><strong style='color: inherit;'>Modo de salida de potencia PoE de 30 W de final de tramo:<\/strong> (pines 1&comma; 2&comma; 3&comma; 6)<\/li>\n<li style='margin-bottom: 5px;'><strong style='color: inherit;'>Modo de salida de potencia PoE de 30 W de alcance medio:<\/strong> (pines 4&comma; 5&comma; 7&comma; 8)<\/li>\n<li style='margin-bottom: 5px;'><strong style='color: inherit;'>Modo de salida de potencia de 60 W:<\/strong> (pines 1&comma; 2&comma; 3&comma; 6 + pines 4&comma; 5&comma; 7&comma; 8)<\/li>\n<\/ul><\/div>\n<p> <!-- Imagen monitoreo --> <\/p>\n<div style='margin-bottom: 30px;'> <img style='width: 100%; height: auto; border: 1px solid rgba(150&comma;150&comma;150&comma;0.3); border-radius: 8px;' src='https:\/\/www.planet.com.tw\/storage\/products\/49289\/SGS-5220-24T2X-8_L.png' alt=''> <\/div>\n<p> <!-- Secci\u00f3n de monitoreo --> <\/p>\n<div style='margin-bottom: 30px;'>\n<h3 style='font-size: 22px; border-bottom: 2px solid currentColor; padding-bottom: 5px; margin-top: 0; color: inherit; opacity: 0.8;'>Monitoreo de la PD conectada en tiempo real a trav\u00e9s de la acci\u00f3n de ping.<\/h3>\n<\/p><\/div>\n<p> <!-- Imagen ahorro energ\u00eda --> <\/p>\n<div style='margin-bottom: 30px;'> <img style='width: 100%; height: auto; border: 1px solid rgba(150&comma;150&comma;150&comma;0.3); border-radius: 8px;' src='https:\/\/www.planet.com.tw\/storage\/products\/49289\/IGS-6325-8UP2S-4.png' alt=''> <\/div>\n<p> <!-- Secci\u00f3n ahorro energ\u00eda --> <\/p>\n<div style='margin-bottom: 30px;'>\n<h3 style='font-size: 22px; border-bottom: 2px solid currentColor; padding-bottom: 5px; margin-top: 0; color: inherit; opacity: 0.8;'>Programa de PoE para ahorro de energ\u00eda<\/h3>\n<\/p><\/div>\n<p> <!-- Imagen reciclado energ\u00eda --> <\/p>\n<div style='margin-bottom: 30px;'> <img style='width: 100%; height: auto; border: 1px solid rgba(150&comma;150&comma;150&comma;0.3); border-radius: 8px;' src='https:\/\/www.planet.com.tw\/storage\/products\/49289\/WGSW-20160HP-8_L.gif' alt=''> <\/div>\n<p> <!-- Secci\u00f3n reciclado energ\u00eda --> <\/p>\n<div style='margin-bottom: 30px;'>\n<h3 style='font-size: 22px; border-bottom: 2px solid currentColor; padding-bottom: 5px; margin-top: 0; color: inherit; opacity: 0.8;'>Reciclado de energ\u00eda programado<\/h3>\n<\/p><\/div>\n<p> <!-- Imagen principal 2 --> <\/p>\n<div style='margin-bottom: 30px;'> <img style='width: 100%; height: auto; border: 1px solid rgba(150&comma;150&comma;150&comma;0.3); border-radius: 8px;' src='https:\/\/www.planet.com.tw\/storage\/products\/49289\/IGS-6325-8UP2S-1.png' alt=''> <\/div>\n<p> <!-- Imagen protocolo tiempo --> <\/p>\n<div style='margin-bottom: 30px;'> <img style='width: 100%; height: auto; border: 1px solid rgba(150&comma;150&comma;150&comma;0.3); border-radius: 8px;' src='https:\/\/www.planet.com.tw\/storage\/products\/49289\/IGS-6325-8UP2S-10.png' alt=''> <\/div>\n<p> <!-- Secci\u00f3n protocolo tiempo --> <\/p>\n<div style='margin-bottom: 30px;'>\n<h3 style='font-size: 22px; border-bottom: 2px solid currentColor; padding-bottom: 5px; margin-top: 0; color: inherit; opacity: 0.8;'>Protocolo de tiempo 1588 para redes de computaci\u00f3n industrial<\/h3>\n<p style='font-size: 15px; margin-top: 15px; margin-bottom: 15px; color: inherit;'>La serie IGS-6325 es ideal para aplicaciones de telecomunicaciones y Carrier Ethernet&comma; ya que admite la prestaci\u00f3n de servicios MEF y la temporizaci\u00f3n sobre soluciones de paquetes para IEEE 1588 y Ethernet s\u00edncrona.<\/p>\n<\/p><\/div>\n<p> <!-- Imagen evento SMTP --> <\/p>\n<div style='margin-bottom: 30px;'> <img style='width: 100%; height: auto; border: 1px solid rgba(150&comma;150&comma;150&comma;0.3); border-radius: 8px;' src='https:\/\/www.planet.com.tw\/storage\/products\/49289\/IGS-6325-8UP2S-5.png' alt=''> <\/div>\n<p> <!-- Secci\u00f3n evento SMTP --> <\/p>\n<div style='margin-bottom: 30px;'>\n<h3 style='font-size: 22px; border-bottom: 2px solid currentColor; padding-bottom: 5px; margin-top: 0; color: inherit; opacity: 0.8;'>Alerta de evento de captura SMTP \/ SNMP<\/h3>\n<\/p><\/div>\n<p> <!-- Imagen alarma --> <\/p>\n<div style='margin-bottom: 30px;'> <img style='width: 100%; height: auto; border: 1px solid rgba(150&comma;150&comma;150&comma;0.3); border-radius: 8px;' src='https:\/\/www.planet.com.tw\/storage\/products\/49289\/IGS-6325-8UP2S-6.png' alt=''> <\/div>\n<p> <!-- Secci\u00f3n alarma --> <\/p>\n<div style='margin-bottom: 30px;'>\n<h3 style='font-size: 22px; border-bottom: 2px solid currentColor; padding-bottom: 5px; margin-top: 0; color: inherit; opacity: 0.8;'>Alerta de alarma efectiva para una mejor protecci\u00f3n<\/h3>\n<\/p><\/div>\n<p> <!-- Imagen DI\/DO --> <\/p>\n<div style='margin-bottom: 30px;'> <img style='width: 100%; height: auto; border: 1px solid rgba(150&comma;150&comma;150&comma;0.3); border-radius: 8px;' src='https:\/\/www.planet.com.tw\/storage\/products\/49289\/IGS-6325-8UP2S-7.png' alt=''> <\/div>\n<p> <!-- Secci\u00f3n DI\/DO --> <\/p>\n<div style='margin-bottom: 30px;'>\n<h3 style='font-size: 22px; border-bottom: 2px solid currentColor; padding-bottom: 5px; margin-top: 0; color: inherit; opacity: 0.8;'>Entrada digital y salida digital para alarma externa<\/h3>\n<\/p><\/div>\n<p> <!-- Imagen final --> <\/p>\n<div style='margin-bottom: 30px;'> <img style='width: 100%; height: auto; border: 1px solid rgba(150&comma;150&comma;150&comma;0.3); border-radius: 8px;' src='https:\/\/www.planet.com.tw\/storage\/products\/49289\/IGS-6325-8UP2S-9.png' alt=''> <\/div>\n<p> <!-- Especificaciones --> <\/p>\n<div style='margin-bottom: 30px;'>\n<h3 style='font-size: 22px; border-bottom: 2px solid currentColor; padding-bottom: 5px; margin-top: 0; color: inherit; opacity: 0.8;'>Especificaciones<\/h3>\n<p> <!-- Tarjetas de especificaciones --> <\/p>\n<div style='display: flex; flex-wrap: wrap; gap: 20px; margin-top: 20px;'> <!-- Hardware --> <\/p>\n<div style='flex: 1 1 250px; border: 1px solid rgba(150&comma; 150&comma; 150&comma; 0.4); border-radius: 8px; overflow: hidden; display: flex; flex-direction: column;'>\n<div style='padding: 15px; border-bottom: 1px solid rgba(150&comma; 150&comma; 150&comma; 0.2); font-weight: bold; font-size: 18px; color: inherit;'>Hardware<\/div>\n<div style='padding: 15px; color: inherit;'>\n<ul style='padding-left: 20px; margin: 0; font-size: 14px; list-style-type: disc;'>\n<li style='margin-bottom: 5px;'><strong style='color: inherit;'>Puertos de cobre:<\/strong> 8 puertos 10\/100\/1000BASE-T RJ45 auto-MDI\/MDI-X<\/li>\n<li style='margin-bottom: 5px;'><strong style='color: inherit;'>Puertos SFP:<\/strong> 2 ranuras SFP 1000BASE-SX\/LX\/BX (Puerto 9 y 10) Compatibles con SFP 100BASE-FX y SFP 2500BASE-X<\/li>\n<li style='margin-bottom: 5px;'><strong style='color: inherit;'>Puertos SFP+:<\/strong> N\/A<\/li>\n<li style='margin-bottom: 5px;'><strong style='color: inherit;'>Puertos PoE:<\/strong> 8 puertos con funci\u00f3n inyectora PoE++ 802.3bt desde el Puerto 1 al 8<\/li>\n<li style='margin-bottom: 5px;'><strong style='color: inherit;'>Consola:<\/strong> 1 puerto serial RJ45-to-RS232 (115200&comma; 8&comma; N&comma; 1)<\/li>\n<li style='margin-bottom: 5px;'><strong style='color: inherit;'>Arquitectura:<\/strong> Store-and-Forward<\/li>\n<li style='margin-bottom: 5px;'><strong style='color: inherit;'>Switch Fabric:<\/strong> 20Gbps\/no blocking<\/li>\n<li style='margin-bottom: 5px;'><strong style='color: inherit;'>Rendimiento:<\/strong> 14.8Mpps@ paquetes de 64 bytes<\/li>\n<li style='margin-bottom: 5px;'><strong style='color: inherit;'>Tabla de direcciones:<\/strong> 16K entradas&comma; aprendizaje autom\u00e1tico y envejecimiento<\/li>\n<li style='margin-bottom: 5px;'><strong style='color: inherit;'>Buffer compartido:<\/strong> 32Mbits<\/li>\n<li style='margin-bottom: 5px;'><strong style='color: inherit;'>Jumbo Frame:<\/strong> 10Kbytes<\/li>\n<li style='margin-bottom: 5px;'><strong style='color: inherit;'>SDRAM:<\/strong> 512Mbytes<\/li>\n<li style='margin-bottom: 5px;'><strong style='color: inherit;'>Memoria Flash:<\/strong> 64Mbytes<\/li>\n<li style='margin-bottom: 5px;'><strong style='color: inherit;'>Control de flujo:<\/strong> IEEE 802.3x pause frame para full-duplex \/ Back pressure para half-duplex<\/li>\n<li style='margin-bottom: 5px;'><strong style='color: inherit;'>Bot\u00f3n de reset:<\/strong> < 5 seg: reinicio del sistema \/ > 5 seg: configuraci\u00f3n de f\u00e1brica<\/li>\n<li style='margin-bottom: 5px;'><strong style='color: inherit;'>Conector:<\/strong> Bloque de terminales de 6 pines extra\u00edble para entrada de alimentaci\u00f3n (Pines 1\/2 para Alimentaci\u00f3n 1&comma; Pines 3\/4 para alarma de fallo&comma; Pines 5\/6 para Alimentaci\u00f3n 2) + Bloque de terminales de 6 pines extra\u00edble para interfaz DI\/DO (Pines 1\/2 para DI 1 y 2&comma; Pines 3\/4 para DO 1 y 2&comma; Pines 5\/6 para GND)<\/li>\n<li style='margin-bottom: 5px;'><strong style='color: inherit;'>Alarma:<\/strong> Una salida de rel\u00e9 para fallo de alimentaci\u00f3n. Capacidad de corriente del rel\u00e9 de alarma: 1A @ 24V DC<\/li>\n<li style='margin-bottom: 5px;'><strong style='color: inherit;'>Entrada digital (DI):<\/strong> 2 entradas digitales: Nivel 0: -24~2.1V (\u00b10.1V)&comma; Nivel 1: 2.1~24V (\u00b10.1V)&comma; Carga de entrada a 24V DC&comma; m\u00e1ximo 10mA<\/li>\n<li style='margin-bottom: 5px;'><strong style='color: inherit;'>Salida digital (DO):<\/strong> 2 salidas digitales: Colector abierto a 24VDC&comma; 100mA<\/li>\n<li style='margin-bottom: 5px;'><strong style='color: inherit;'>Carcasa:<\/strong> Caja de aluminio IP30<\/li>\n<li style='margin-bottom: 5px;'><strong style='color: inherit;'>Instalaci\u00f3n:<\/strong> Montaje en carril DIN o pared<\/li>\n<li style='margin-bottom: 5px;'><strong style='color: inherit;'>Dimensiones:<\/strong> 76.8 x 107.3 x 152 mm<\/li>\n<li style='margin-bottom: 5px;'><strong style='color: inherit;'>Peso:<\/strong> 1&comma;138g<\/li>\n<li style='margin-bottom: 5px;'><strong style='color: inherit;'>Alimentaci\u00f3n:<\/strong> Doble DC 48~56V&comma; 7.5A m\u00e1ximo (recomendado >52V DC para salida PoE++ 802.3bt)<\/li>\n<li style='margin-bottom: 10px;'><strong style='color: inherit;'>Consumo:<\/strong> M\u00e1x. 27 watts\/92.13BTU@56V DC (Sistema activo) \/ M\u00e1x. 395 watts\/1&comma;347.80BTU@56V DC (Carga completa con funci\u00f3n PoE++)<\/li>\n<li style='margin-bottom: 5px;'><strong style='color: inherit;'>Protecci\u00f3n ESD:<\/strong> 8KV DC (aire)&comma; 6KV DC (contacto)<\/li>\n<li style='margin-bottom: 5px;'><strong style='color: inherit;'>Protecci\u00f3n contra sobretensi\u00f3n:<\/strong> 4KV DC<\/li>\n<li style='margin-bottom: 5px;'><strong style='color: inherit;'>Indicadores LED:<\/strong> Sistema: Power 1 (Verde)&comma; Power 2 (Verde)&comma; Fallo (Rojo)&comma; Anillo (Verde)&comma; Anillo propietario (Verde)&comma; Dido (Rojo). Puerto: 1000Mbps LNK\/ACT (Verde)&comma; 10\/100Mbps LNK\/ACT (\u00c1mbar)&comma; PoE++ en uso x1 (Verde)&comma; PoE en uso x1 (\u00c1mbar)&comma; SFP 1000 LNK\/ACT (Verde)&comma; SFP 100 LNK\/ACT (\u00c1mbar)&comma; Puertos SFP+: 10Gbps LNK\/ACT (Verde)&comma; 1Gbps LNK\/ACT (\u00c1mbar)&comma; Uso PoE: 80W&comma; 160W&comma; 240W&comma; 320W (\u00c1mbar)<\/li>\n<\/ul><\/div>\n<\/p><\/div>\n<p> <!-- PoE --> <\/p>\n<div style='flex: 1 1 250px; border: 1px solid rgba(150&comma; 150&comma; 150&comma; 0.4); border-radius: 8px; overflow: hidden; display: flex; flex-direction: column;'>\n<div style='padding: 15px; border-bottom: 1px solid rgba(150&comma; 150&comma; 150&comma; 0.2); font-weight: bold; font-size: 18px; color: inherit;'>Power Over Ethernet<\/div>\n<div style='padding: 15px; color: inherit;'>\n<ul style='padding-left: 20px; margin: 0; font-size: 14px; list-style-type: disc;'>\n<li style='margin-bottom: 5px;'><strong style='color: inherit;'>Est\u00e1ndar:<\/strong> IEEE 802.3bt PoE++ Type-4 PSE&comma; compatible con 802.3at PoE+ PSE<\/li>\n<li style='margin-bottom: 5px;'><strong style='color: inherit;'>Tipo de alimentaci\u00f3n:<\/strong> 802.3bt&comma; UPOE\/POH&comma; End-span&comma; Mid-span&comma; Force<\/li>\n<li style='margin-bottom: 5px;'><strong style='color: inherit;'>Salida PoE:<\/strong> 802.3bt PoE++ &#8211; Por puerto 52V~56V DC (dependiendo de la alimentaci\u00f3n)&comma; m\u00e1x. 90 watts UPoE(PoH) &#8211; Por puerto 52V~56V DC (dependiendo de la alimentaci\u00f3n)&comma; m\u00e1x. 95 watts IEEE 802.3at Standard &#8211; Por puerto 52V~56V DC (dependiendo de la alimentaci\u00f3n)&comma; m\u00e1x. 36 watts Force &#8211; Por puerto 52V~56V DC (dependiendo de la alimentaci\u00f3n)&comma; m\u00e1x. 60 watts<\/li>\n<li style='margin-bottom: 5px;'><strong style='color: inherit;'>Asignaci\u00f3n de pines:<\/strong> End-span: 1\/2(-)&comma; 3\/6(+) \/ Mid-span: 4\/5(+)&comma; 7\/8(-) \/ 802.3bt\/UPoE: 1\/2(-)&comma; 3\/6(+)&comma;4\/5(+)&comma; 7\/8(-)<\/li>\n<li style='margin-bottom: 5px;'><strong style='color: inherit;'>Presupuesto PoE:<\/strong> 395W<\/li>\n<li style='margin-bottom: 5px;'><strong style='color: inherit;'>Prioridad de alimentaci\u00f3n:<\/strong> 4 niveles (Critical&comma; High&comma; Middle&comma; Low)<\/li>\n<li style='margin-bottom: 5px;'><strong style='color: inherit;'>Detecci\u00f3n:<\/strong> IEEE 802.3at\/af\/bt PD signature<\/li>\n<li style='margin-bottom: 5px;'><strong style='color: inherit;'>Desconexi\u00f3n:<\/strong> Desconexi\u00f3n autom\u00e1tica para sobrecorriente (450mA ~ 750mA)<\/li>\n<li style='margin-bottom: 5px;'><strong style='color: inherit;'>Corte por desconexi\u00f3n:<\/strong> S\u00ed<\/li>\n<li style='margin-bottom: 5px;'><strong style='color: inherit;'>Protecci\u00f3n:<\/strong> 40\u00b0C: 395W \/ 50\u00b0C: 360W \/ 60\u00b0C: 325W<\/li>\n<\/ul><\/div>\n<\/p><\/div>\n<p> <!-- Entorno --> <\/p>\n<div style='flex: 1 1 250px; border: 1px solid rgba(150&comma; 150&comma; 150&comma; 0.4); border-radius: 8px; overflow: hidden; display: flex; flex-direction: column;'>\n<div style='padding: 15px; border-bottom: 1px solid rgba(150&comma; 150&comma; 150&comma; 0.2); font-weight: bold; font-size: 18px; color: inherit;'>Entorno<\/div>\n<div style='padding: 15px; color: inherit;'>\n<ul style='padding-left: 20px; margin: 0; font-size: 14px; list-style-type: disc;'>\n<li style='margin-bottom: 5px;'><strong style='color: inherit;'>Temperatura de operaci\u00f3n:<\/strong> -40 a 75\u00b0C<\/li>\n<li style='margin-bottom: 5px;'><strong style='color: inherit;'>Temperatura de almacenamiento:<\/strong> -40 a 85\u00b0C<\/li>\n<li style='margin-bottom: 5px;'><strong style='color: inherit;'>Humedad de operaci\u00f3n:<\/strong> 10 a 95% sin condensaci\u00f3n<\/li>\n<li style='margin-bottom: 5px;'><strong style='color: inherit;'>Altitud de operaci\u00f3n:<\/strong> 0 a 3000m<\/li>\n<\/ul><\/div>\n<\/p><\/div>\n<\/p><\/div>\n<\/p><\/div>\n<p> <!-- Separador --> <\/p>\n<hr style='border: 0; border-top: 1px solid rgba(150&comma; 150&comma; 150&comma; 0.3); margin: 30px 0;'> <\/div>\n","protected":false},"excerpt":{"rendered":"<p>Switch Industrial Administrable Capa 3, 8 Puertos Gigabit PoE 802.3bt+, 2 Puertos 1 G \/ 2.5 G SFP+<\/p>\n","protected":false},"featured_media":111990,"comment_status":"open","ping_status":"closed","template":"","meta":[],"product_brand":[],"product_cat":[1984],"product_tag":[1985,664,2033],"class_list":{"0":"post-111991","1":"product","2":"type-product","3":"status-publish","4":"has-post-thumbnail","6":"product_cat-industrial","7":"product_tag-industrial","8":"product_tag-networking","9":"product_tag-planet","11":"first","12":"outofstock","13":"sale","14":"shipping-taxable","15":"purchasable","16":"product-type-simple"},"_links":{"self":[{"href":"https:\/\/soydeaqui.ddns.net\/pachuca\/index.php\/wp-json\/wp\/v2\/product\/111991","targetHints":{"allow":["GET"]}}],"collection":[{"href":"https:\/\/soydeaqui.ddns.net\/pachuca\/index.php\/wp-json\/wp\/v2\/product"}],"about":[{"href":"https:\/\/soydeaqui.ddns.net\/pachuca\/index.php\/wp-json\/wp\/v2\/types\/product"}],"replies":[{"embeddable":true,"href":"https:\/\/soydeaqui.ddns.net\/pachuca\/index.php\/wp-json\/wp\/v2\/comments?post=111991"}],"wp:featuredmedia":[{"embeddable":true,"href":"https:\/\/soydeaqui.ddns.net\/pachuca\/index.php\/wp-json\/wp\/v2\/media\/111990"}],"wp:attachment":[{"href":"https:\/\/soydeaqui.ddns.net\/pachuca\/index.php\/wp-json\/wp\/v2\/media?parent=111991"}],"wp:term":[{"taxonomy":"product_brand","embeddable":true,"href":"https:\/\/soydeaqui.ddns.net\/pachuca\/index.php\/wp-json\/wp\/v2\/product_brand?post=111991"},{"taxonomy":"product_cat","embeddable":true,"href":"https:\/\/soydeaqui.ddns.net\/pachuca\/index.php\/wp-json\/wp\/v2\/product_cat?post=111991"},{"taxonomy":"product_tag","embeddable":true,"href":"https:\/\/soydeaqui.ddns.net\/pachuca\/index.php\/wp-json\/wp\/v2\/product_tag?post=111991"}],"curies":[{"name":"wp","href":"https:\/\/api.w.org\/{rel}","templated":true}]}}