{"id":111975,"date":"2026-03-20T21:16:32","date_gmt":"2026-03-20T21:16:32","guid":{"rendered":"https:\/\/soydeaqui.ddns.net\/pachuca\/index.php\/producto\/camara-ip-profesional-8k-33-megapixel-h-265-wisestream-blc-analiticos-basados-en-ia-bestshot\/"},"modified":"2026-03-20T21:16:46","modified_gmt":"2026-03-20T21:16:46","slug":"camara-ip-profesional-8k-33-megapixel-h-265-wisestream-blc-analiticos-basados-en-ia-bestshot","status":"publish","type":"product","link":"https:\/\/soydeaqui.ddns.net\/pachuca\/index.php\/producto\/camara-ip-profesional-8k-33-megapixel-h-265-wisestream-blc-analiticos-basados-en-ia-bestshot\/","title":{"rendered":"C\u00e1mara IP Profesional 8K (33 Megap\u00edxel)  \/ H.265 &#038; WiseStream \/ BLC \/ Anal\u00edticos basados en IA \/ BestShot"},"content":{"rendered":"<div style='width: 100%; max-width: 1200px; margin: 0 auto; font-family: sans-serif; line-height: 1.6; color: inherit; background-color: transparent;'> <!-- Secci\u00f3n 1 --> <\/p>\n<div style='display: flex; flex-wrap: wrap; gap: 30px; margin-bottom: 30px;'>\n<div style='flex: 1 1 300px; min-width: 280px;'> <img style='width: 100%; height: auto; border: 1px solid rgba(150&comma;150&comma;150&comma;0.3); border-radius: 8px;' src='https:\/\/ftp3.syscom.mx\/usuarios\/imendez\/Hanwha\/Serie%20X\/GIF\/WiseStream.gif' alt=''> <\/div>\n<div style='flex: 1 1 300px; min-width: 280px;'>\n<h3 style='font-size: 22px; border-bottom: 2px solid currentColor; padding-bottom: 5px; margin-top: 0; color: inherit; opacity: 0.8;'>H.265 + WiseStream II<\/h3>\n<p style='text-align: justify; font-size: 15px; color: inherit;'>Mediante WiseStream II&comma; la tecnolog\u00eda de compresi\u00f3n de v\u00eddeo de Hanwha Techwin&comma; la serie Wisenet X reduce el almacenamiento de datos hasta un 99% en comparaci\u00f3n con la actual tecnolog\u00eda H.264&comma; cuando se combina con la compresi\u00f3n H.265. Los costes del sistema se reducen enormemente sin comprometer la calidad de las im\u00e1genes.<\/p>\n<\/p><\/div>\n<\/p><\/div>\n<p> <!-- Secci\u00f3n 2 --> <\/p>\n<div style='display: flex; flex-wrap: wrap; gap: 30px; margin-bottom: 30px;'>\n<div style='flex: 1 1 300px; min-width: 280px;'>\n<h3 style='font-size: 22px; border-bottom: 2px solid currentColor; padding-bottom: 5px; margin-top: 0; color: inherit; opacity: 0.8;'>An\u00e1lisis de v\u00eddeo basado en Deep Learning<\/h3>\n<p style='text-align: justify; font-size: 15px; color: inherit;'>La c\u00e1mara H.265 Wisenet TNB-9000&comma; utiliza un sensor CMOS de tama\u00f1o completo de 43&comma;3 mm para capturar im\u00e1genes de 8K verdaderas a 15 im\u00e1genes por segundo. Tiene anal\u00edtica de v\u00eddeo basada en Deep Learning: esto permite detectar y clasificar simult\u00e1neamente varios tipos de objetos&comma; entre ellos personas&comma; veh\u00edculos&comma; caras y matr\u00edculas.<\/p>\n<\/p><\/div>\n<div style='flex: 1 1 300px; min-width: 280px;'> <img style='width: 100%; height: auto; border: 1px solid rgba(150&comma;150&comma;150&comma;0.3); border-radius: 8px;' src='https:\/\/ftp3.syscom.mx\/usuarios\/fotos\/TNB9000\/188256-tnb-9000-8k.jpg' alt=''> <\/div>\n<\/p><\/div>\n<p> <!-- Secci\u00f3n 3 --> <\/p>\n<div style='display: flex; flex-wrap: wrap; gap: 30px; margin-bottom: 30px;'>\n<div style='flex: 1 1 300px; min-width: 280px;'> <img style='width: 100%; height: auto; border: 1px solid rgba(150&comma;150&comma;150&comma;0.3); border-radius: 8px;' src='https:\/\/ftp3.syscom.mx\/usuarios\/fotos\/TNB9000\/188256-captura_de_pantalla_2020-06-10_a_la(s)_17.42.10.png' alt=''> <\/div>\n<div style='flex: 1 1 300px; min-width: 280px;'>\n<h3 style='font-size: 22px; border-bottom: 2px solid currentColor; padding-bottom: 5px; margin-top: 0; color: inherit; opacity: 0.8;'>BestShot<\/h3>\n<p style='text-align: justify; font-size: 15px; color: inherit;'>Las c\u00e1mara TNB-9000 est\u00e1 equipada con la funci\u00f3n BestShot que garantiza que solo las im\u00e1genes m\u00e1s adecuadas de los objetos clasificados se env\u00edan al servidor de fondo. La imagen de video completa puede tener una resoluci\u00f3n de hasta 4K para ver detalles de los objetos&comma; junto con con metadatos de atributos etiquetados. Los usuarios tienen la opci\u00f3n de establecer una resoluci\u00f3n de imagen inferior a 4K para transmisi\u00f3n de video completa o usar BestShot para minimizar los requisitos de ancho de banda y almacenamiento.<\/p>\n<\/p><\/div>\n<\/p><\/div>\n<p> <!-- T\u00edtulo de caracter\u00edsticas t\u00e9cnicas --> <\/p>\n<h2 style='font-size: 20px; margin: 30px 0 15px; color: inherit; text-align: center;'>Caracter\u00edsticas t\u00e9cnicas<\/h2>\n<p> <!-- Secci\u00f3n de cards con especificaciones --> <\/p>\n<div style='display: flex; flex-wrap: wrap; gap: 20px; margin-bottom: 30px;'> <!-- Card 1 --> <\/p>\n<div style='flex: 1 1 250px; border: 1px solid rgba(150&comma; 150&comma; 150&comma; 0.4); border-radius: 8px; overflow: hidden; display: flex; flex-direction: column;'>\n<div style='padding: 15px; border-bottom: 1px solid rgba(150&comma; 150&comma; 150&comma; 0.2); font-weight: bold; font-size: 18px; color: inherit;'>Video<\/div>\n<div style='padding: 15px; color: inherit;'>\n<ul style='padding-left: 20px; margin: 0; font-size: 14px; list-style-type: disc;'>\n<li style='margin-bottom: 5px;'><strong>Compresi\u00f3n:<\/strong> H.265 &#038; WiseStream \/ H.264 \/ High Profile \/ MJPEG<\/li>\n<li style='margin-bottom: 5px;'><strong>Resoluciones soportadas:<\/strong> 15fps@8K&comma; 20fps@24MP&comma; 30fps@15MP&comma; 60fps@4K<\/li>\n<li style='margin-bottom: 5px;'><strong>Dual Stream \/ Dual Codec Simult\u00e1neos<\/strong> con configuraciones diferentes<\/li>\n<\/ul>\n<ul style='padding-left: 20px; margin: 15px 0; font-size: 14px; list-style-type: disc;'>\n<li style='margin-bottom: 5px;'><strong>Almacenamiento:<\/strong> Soporta microSD de hasta 256GB (256GB max.)<\/li>\n<\/ul>\n<ul style='padding-left: 20px; margin: 0; font-size: 14px; list-style-type: disc;'>\n<li style='margin-bottom: 5px;'><strong>Compensaci\u00f3n de luz:<\/strong> dWDR&comma; BLC<\/li>\n<li style='margin-bottom: 5px;'><strong>Enfoque simple<\/strong><\/li>\n<\/ul><\/div>\n<\/p><\/div>\n<p> <!-- Card 2 --> <\/p>\n<div style='flex: 1 1 250px; border: 1px solid rgba(150&comma; 150&comma; 150&comma; 0.4); border-radius: 8px; overflow: hidden; display: flex; flex-direction: column;'>\n<div style='padding: 15px; border-bottom: 1px solid rgba(150&comma; 150&comma; 150&comma; 0.2); font-weight: bold; font-size: 18px; color: inherit;'>Interfaces<\/div>\n<div style='padding: 15px; color: inherit;'>\n<ul style='padding-left: 20px; margin: 0; font-size: 14px; list-style-type: disc;'>\n<li style='margin-bottom: 5px;'>1 Puerto Ethernet RJ45 10\/100 Base-T<\/li>\n<li style='margin-bottom: 5px;'>1 Ranura SFP (100\/1000Mbps)<\/li>\n<li style='margin-bottom: 5px;'>1 Salida de video HDMI (30 FPS @ 1080p)<\/li>\n<li style='margin-bottom: 5px;'>1 Entrada Audio (entrada de micr\u00f3fono \/ entrada de l\u00ednea)<\/li>\n<li style='margin-bottom: 5px;'>1 Salida de Audio<\/li>\n<li style='margin-bottom: 5px;'>1 Entrada \/ Salida Alarma<\/li>\n<\/ul><\/div>\n<div style='padding: 15px; border-top: 1px solid rgba(150&comma; 150&comma; 150&comma; 0.2); color: inherit;'>\n<div style='font-weight: bold; font-size: 18px; margin-bottom: 10px;'>Caracter\u00edsticas F\u00edsicas y El\u00e9ctricas<\/div>\n<ul style='padding-left: 20px; margin: 0; font-size: 14px; list-style-type: disc;'>\n<li style='margin-bottom: 5px;'>Temperatura de Operaci\u00f3n: -10 a 55\u00b0C<\/li>\n<li style='margin-bottom: 5px;'>Alimentaci\u00f3n: 12Vcc \/ PoE 802.03at<\/li>\n<li style='margin-bottom: 5px;'>Consumo: 26 W \/ 30W<\/li>\n<li style='margin-bottom: 5px;'>Dimensiones: 120 x 118.1 x 179mm<\/li>\n<li style='margin-bottom: 5px;'>Peso: 2100 gr<\/li>\n<\/ul><\/div>\n<\/p><\/div>\n<p> <!-- Card 3 --> <\/p>\n<div style='flex: 1 1 250px; border: 1px solid rgba(150&comma; 150&comma; 150&comma; 0.4); border-radius: 8px; overflow: hidden; display: flex; flex-direction: column;'>\n<div style='padding: 15px; border-bottom: 1px solid rgba(150&comma; 150&comma; 150&comma; 0.2); font-weight: bold; font-size: 18px; color: inherit;'>An\u00e1lisis de eventos con base en el motor de IA<\/div>\n<div style='padding: 15px; color: inherit;'>\n<ul style='padding-left: 20px; margin: 0; font-size: 14px; list-style-type: disc;'>\n<li style='margin-bottom: 5px;'>Detecci\u00f3n de objetos<\/li>\n<li style='margin-bottom: 5px;'>Merodeo<\/li>\n<li style='margin-bottom: 5px;'>Detecci\u00f3n de direcci\u00f3n<\/li>\n<li style='margin-bottom: 5px;'><strong>Cruce de l\u00ednea virtual<\/strong><\/li>\n<li style='margin-bottom: 5px;'>Entrada \/ Salida<\/li>\n<\/ul><\/div>\n<div style='padding: 15px; border-top: 1px solid rgba(150&comma; 150&comma; 150&comma; 0.2); color: inherit;'>\n<div style='font-weight: bold; font-size: 18px; margin-bottom: 10px;'>Clasificaci\u00f3n de objetos<\/div>\n<ul style='padding-left: 20px; margin: 0 0 15px 0; font-size: 14px; list-style-type: disc;'>\n<li style='margin-bottom: 5px;'>Persona\/Rostro<\/li>\n<li style='margin-bottom: 5px;'>Veh\u00edculo<\/li>\n<li style='margin-bottom: 5px;'>Matricula de vehiculos con atributos<\/li>\n<li style='margin-bottom: 5px;'>BestShot por objeto<\/li>\n<\/ul>\n<div style='font-weight: bold; font-size: 18px; margin-bottom: 10px;'>An\u00e1lisis de eventos<\/div>\n<ul style='padding-left: 20px; margin: 0; font-size: 14px; list-style-type: disc;'>\n<li style='margin-bottom: 5px;'>Aparici\u00f3n \/ Desaparici\u00f3n<\/li>\n<li style='margin-bottom: 5px;'>Detecci\u00f3n de Desenfoque<\/li>\n<li style='margin-bottom: 5px;'>Detecci\u00f3n de Audio<\/li>\n<li style='margin-bottom: 5px;'>Detecci\u00f3n de Movimiento<\/li>\n<li style='margin-bottom: 5px;'>Sabotaje<\/li>\n<li style='margin-bottom: 5px;'><strong>Clasificaci\u00f3n de sonidos<\/strong><\/li>\n<\/ul><\/div>\n<\/p><\/div>\n<\/p><\/div>\n<p> <!-- T\u00edtulo de caracter\u00edsticas adicionales --> <\/p>\n<h2 style='font-size: 20px; margin: 30px 0 15px; color: inherit; text-align: center;'>Otras caracter\u00edsticas<\/h2>\n<p> <!-- Secci\u00f3n de caracter\u00edsticas adicionales --> <\/p>\n<div style='display: flex; flex-wrap: wrap; gap: 20px; margin-bottom: 30px; justify-content: center;'>\n<div style='flex: 1 1 200px; border: 1px solid rgba(150&comma; 150&comma; 150&comma; 0.4); border-radius: 8px; padding: 15px; text-align: center; color: inherit; font-weight: bold; min-width: 180px;'> H.265 &#038; WiseStream II <\/div>\n<div style='flex: 1 1 200px; border: 1px solid rgba(150&comma; 150&comma; 150&comma; 0.4); border-radius: 8px; padding: 15px; text-align: center; color: inherit; font-weight: bold; min-width: 180px;'> Anal\u00edticos de Audio <\/div>\n<div style='flex: 1 1 200px; border: 1px solid rgba(150&comma; 150&comma; 150&comma; 0.4); border-radius: 8px; padding: 15px; text-align: center; color: inherit; font-weight: bold; min-width: 180px;'> Resoluci\u00f3n 8K <\/div>\n<\/p><\/div>\n<p> <!-- Secci\u00f3n de videos --> <\/p>\n<div style='display: flex; flex-wrap: wrap; gap: 30px; margin-bottom: 30px; justify-content: center;'>\n<div style='flex: 1 1 300px; min-width: 280px;'>\n<div style='position: relative; padding-bottom: 56.25%; height: 0; overflow: hidden; margin-bottom: 30px;'>   <\/div>\n<\/p><\/div>\n<div style='flex: 1 1 300px; min-width: 280px;'>\n<div style='position: relative; padding-bottom: 56.25%; height: 0; overflow: hidden; margin-bottom: 30px;'>   <\/div>\n<\/p><\/div>\n<div style='flex: 1 1 300px; min-width: 280px;'>\n<div style='position: relative; padding-bottom: 56.25%; height: 0; overflow: hidden; margin-bottom: 30px;'>   <\/div>\n<\/p><\/div>\n<\/p><\/div>\n<p> <!-- Secci\u00f3n de videos adicionales --> <\/p>\n<div style='display: flex; flex-wrap: wrap; gap: 30px; margin-bottom: 30px; justify-content: center;'>\n<div style='flex: 1 1 300px; min-width: 280px;'>\n<div style='position: relative; padding-bottom: 56.25%; height: 0; overflow: hidden; margin-bottom: 30px;'>   <\/div>\n<\/p><\/div>\n<div style='flex: 1 1 300px; min-width: 280px;'>\n<div style='position: relative; padding-bottom: 56.25%; height: 0; overflow: hidden; margin-bottom: 30px;'>   <\/div>\n<\/p><\/div>\n<div style='flex: 1 1 300px; min-width: 280px;'>\n<div style='position: relative; padding-bottom: 56.25%; height: 0; overflow: hidden; margin-bottom: 30px;'>   <\/div>\n<\/p><\/div>\n<\/p><\/div>\n<p> <!-- Enlace a base de conocimiento --> <\/p>\n<div style='text-align: center; margin: 30px 0;'> <a style='color: inherit; text-decoration: none;' href='http:\/\/soporte.syscom.mx\/videovigilancia\/hanwha-lista-de-tips-tecnicos' target='_blank' rel='noopener'> <img style='width: 432px; height: auto; border: 1px solid rgba(150&comma;150&comma;150&comma;0.3); border-radius: 8px;' src='https:\/\/ftp3.syscom.mx\/usuarios\/gmagos\/Hanwha\/fotos\/basede1.png' alt=''> <\/a> <\/div>\n<p> <!-- Separador final --> <\/p>\n<hr style='border: 0; border-top: 1px solid rgba(150&comma; 150&comma; 150&comma; 0.3); margin: 30px 0;'> <\/div>\n","protected":false},"excerpt":{"rendered":"<p>C\u00e1mara IP Profesional 8K (33 Megap\u00edxel)  \/ H.265 &#038; WiseStream \/ BLC \/ Anal\u00edticos basados en IA \/ BestShot<\/p>\n","protected":false},"featured_media":111974,"comment_status":"open","ping_status":"closed","template":"","meta":[],"product_brand":[],"product_cat":[2341],"product_tag":[122,1055,2342],"class_list":{"0":"post-111975","1":"product","2":"type-product","3":"status-publish","4":"has-post-thumbnail","6":"product_cat-profesionales-caja","7":"product_tag-camaras-ip-y-nvrs","8":"product_tag-hanwha-vision","9":"product_tag-profesionales-caja","11":"first","12":"outofstock","13":"sale","14":"shipping-taxable","15":"purchasable","16":"product-type-simple"},"_links":{"self":[{"href":"https:\/\/soydeaqui.ddns.net\/pachuca\/index.php\/wp-json\/wp\/v2\/product\/111975","targetHints":{"allow":["GET"]}}],"collection":[{"href":"https:\/\/soydeaqui.ddns.net\/pachuca\/index.php\/wp-json\/wp\/v2\/product"}],"about":[{"href":"https:\/\/soydeaqui.ddns.net\/pachuca\/index.php\/wp-json\/wp\/v2\/types\/product"}],"replies":[{"embeddable":true,"href":"https:\/\/soydeaqui.ddns.net\/pachuca\/index.php\/wp-json\/wp\/v2\/comments?post=111975"}],"wp:featuredmedia":[{"embeddable":true,"href":"https:\/\/soydeaqui.ddns.net\/pachuca\/index.php\/wp-json\/wp\/v2\/media\/111974"}],"wp:attachment":[{"href":"https:\/\/soydeaqui.ddns.net\/pachuca\/index.php\/wp-json\/wp\/v2\/media?parent=111975"}],"wp:term":[{"taxonomy":"product_brand","embeddable":true,"href":"https:\/\/soydeaqui.ddns.net\/pachuca\/index.php\/wp-json\/wp\/v2\/product_brand?post=111975"},{"taxonomy":"product_cat","embeddable":true,"href":"https:\/\/soydeaqui.ddns.net\/pachuca\/index.php\/wp-json\/wp\/v2\/product_cat?post=111975"},{"taxonomy":"product_tag","embeddable":true,"href":"https:\/\/soydeaqui.ddns.net\/pachuca\/index.php\/wp-json\/wp\/v2\/product_tag?post=111975"}],"curies":[{"name":"wp","href":"https:\/\/api.w.org\/{rel}","templated":true}]}}