{"id":111970,"date":"2026-03-20T21:16:14","date_gmt":"2026-03-20T21:16:14","guid":{"rendered":"https:\/\/soydeaqui.ddns.net\/pachuca\/index.php\/producto\/switch-industrial-no-administrable-5-puertos-gigabit-poe-en-4-puertos-802-3af-at-120w\/"},"modified":"2026-03-20T21:16:26","modified_gmt":"2026-03-20T21:16:26","slug":"switch-industrial-no-administrable-5-puertos-gigabit-poe-en-4-puertos-802-3af-at-120w","status":"publish","type":"product","link":"https:\/\/soydeaqui.ddns.net\/pachuca\/index.php\/producto\/switch-industrial-no-administrable-5-puertos-gigabit-poe-en-4-puertos-802-3af-at-120w\/","title":{"rendered":"Switch Industrial No-Administrable 5 puertos Gigabit, PoE en 4 puertos 802.3af\/at (120W)"},"content":{"rendered":"<div style='width: 100%; max-width: 1200px; margin: 0 auto; font-family: sans-serif; line-height: 1.6; color: inherit; background-color: transparent;'>\n<div style='width: 100%; max-width: 1200px; margin: 0 auto;'> <img style='width: 100%; height: auto; border: 1px solid rgba(150&comma;150&comma;150&comma;0.3); border-radius: 8px;' src='https:\/\/ftp3.syscom.mx\/usuarios\/fotos\/TSW100\/188315-banner_tsw100.png' alt='Banner TSW100'> <\/div>\n<div style='padding: 0 20px;'>\n<h3 style='font-size: 22px; border-bottom: 2px solid currentColor; padding-bottom: 5px; margin-top: 0; color: inherit; opacity: 0.8;'>Switch Industrial No-Administrable PoE+<\/h3>\n<p style='margin: 10px 0; color: inherit;'>TSW100 es el primer switch industrial no administrado de Teltonika Networks.<\/p>\n<p style='margin: 10px 0; color: inherit;'>Equipado con cinco puertos Gigabit Ethernet&comma; cuatro de los cuales admiten est\u00e1ndares IEEE802.3af e IEEE802.3at Power-over-Ethernet (PoE).<\/p>\n<p style='margin: 10px 0; color: inherit;'>Clasificado como equipo de fuente de energ\u00eda (PSE)&comma; permite la centralizaci\u00f3n de la fuente de alimentaci\u00f3n&comma; proporcionando hasta 30 vatios por puerto y reduciendo el esfuerzo de instalaci\u00f3n de energ\u00eda.<\/p>\n<p style='margin: 10px 0; color: inherit;'>Tiene puertos Ethernet de 10\/100\/1000 Mbps para una soluci\u00f3n econ\u00f3mica de alto ancho de banda.<\/p>\n<p style='margin: 10px 0; color: inherit;'>Ideal para aplicaciones profesionales de alto ancho de banda para proporcionar tanto: conexi\u00f3n de datos confiable como fuente de alimentaci\u00f3n.<\/p>\n<\/p><\/div>\n<h2 style='font-size: 24px; color: inherit; margin: 30px 0 15px; border-bottom: 2px solid currentColor; padding-bottom: 5px;'>Caracter\u00edsticas<\/h2>\n<div style='display: flex; flex-wrap: wrap; gap: 20px; margin-bottom: 30px;'>\n<div style='flex: 1 1 250px; border: 1px solid rgba(150&comma; 150&comma; 150&comma; 0.4); border-radius: 8px; overflow: hidden; display: flex; flex-direction: column;'>\n<div style='padding: 15px; border-bottom: 1px solid rgba(150&comma; 150&comma; 150&comma; 0.2); font-weight: bold; font-size: 18px; color: inherit;'>Generales<\/div>\n<div style='padding: 15px; color: inherit;'>\n<ul style='padding-left: 20px; margin: 0; font-size: 14px; list-style-type: disc;'>\n<li style='margin-bottom: 5px;'>Alimenta equipos con est\u00e1ndares 802.3 af\/at&comma; hasta 30 Watts por puerto.<\/li>\n<li style='margin-bottom: 5px;'>Construcci\u00f3n robusta en carcasa de aluminio con opci\u00f3n de montaje en riel DIN.<\/li>\n<li style='margin-bottom: 5px;'>Gran rango de operaci\u00f3n en ambientes extremos.<\/li>\n<li style='margin-bottom: 5px;'>Tama\u00f1o compacto.<\/li>\n<\/ul><\/div>\n<\/p><\/div>\n<div style='flex: 1 1 250px; border: 1px solid rgba(150&comma; 150&comma; 150&comma; 0.4); border-radius: 8px; overflow: hidden; display: flex; flex-direction: column;'>\n<div style='padding: 15px; border-bottom: 1px solid rgba(150&comma; 150&comma; 150&comma; 0.2); font-weight: bold; font-size: 18px; color: inherit;'>Conectividad<\/div>\n<div style='padding: 15px; color: inherit;'>\n<ul style='padding-left: 20px; margin: 0; font-size: 14px; list-style-type: disc;'>\n<li style='margin-bottom: 5px;'>5 puertos LAN&comma; 10\/100\/1000 Mbps<\/li>\n<li style='margin-bottom: 5px;'>4 puertos con PoE 802.3 af\/at<\/li>\n<\/ul><\/div>\n<div style='padding: 15px; border-top: 1px solid rgba(150&comma; 150&comma; 150&comma; 0.2); font-weight: bold; font-size: 18px; color: inherit;'>Rendimiento<\/div>\n<div style='padding: 15px; color: inherit;'>\n<ul style='padding-left: 20px; margin: 0; font-size: 14px; list-style-type: disc;'>\n<li style='margin-bottom: 5px;'>Ancho de banda: 10 Gbps<\/li>\n<\/ul><\/div>\n<\/p><\/div>\n<div style='flex: 1 1 250px; border: 1px solid rgba(150&comma; 150&comma; 150&comma; 0.4); border-radius: 8px; overflow: hidden; display: flex; flex-direction: column;'>\n<div style='padding: 15px; border-bottom: 1px solid rgba(150&comma; 150&comma; 150&comma; 0.2); font-weight: bold; font-size: 18px; color: inherit;'>El\u00e9ctricas y F\u00edsicas<\/div>\n<div style='padding: 15px; color: inherit;'>\n<ul style='padding-left: 20px; margin: 0; font-size: 14px; list-style-type: disc;'>\n<li style='margin-bottom: 5px;'>Alimentaci\u00f3n: 9 &#8211; 57 Vcc&comma; Requiere 44 &#8211; 57 Vcc para activar PoE.<\/li>\n<li style='margin-bottom: 5px;'>Consumo: 9 W sin PoE&comma; 129 W con PoE<\/li>\n<li style='margin-bottom: 5px;'>Peso: 136 g<\/li>\n<li style='margin-bottom: 5px;'>Dimensiones: 115x32x95 mm (An x Al x Pr)<\/li>\n<li style='margin-bottom: 5px;'>Temperatura de Operaci\u00f3n: -40 a 75\u00ba C<\/li>\n<li style='margin-bottom: 5px;'>Protecci\u00f3n de ingreso: IP30<\/li>\n<\/ul><\/div>\n<\/p><\/div>\n<\/p><\/div>\n<h2 style='font-size: 24px; color: inherit; margin: 30px 0 15px; border-bottom: 2px solid currentColor; padding-bottom: 5px;'>Remote Management System RMS<\/h2>\n<p style='margin: 10px 0; color: inherit;'> <span style='color: inherit; opacity: 0.8;'>Para uso de RMS requiere de un Router Principal<\/span> <\/p>\n<div style='display: flex; flex-wrap: wrap; gap: 30px; margin-bottom: 30px;'>\n<div style='flex: 1 1 560px; min-width: 300px; position: relative; padding-bottom: 56.25%; height: 0; overflow: hidden; margin-bottom: 30px;'>   <\/div>\n<div style='flex: 1 1 560px; min-width: 300px; position: relative; padding-bottom: 56.25%; height: 0; overflow: hidden; margin-bottom: 30px;'>   <\/div>\n<\/p><\/div>\n<hr style='border: 0; border-top: 1px solid rgba(150&comma; 150&comma; 150&comma; 0.3); margin: 30px 0;'> <\/div>\n","protected":false},"excerpt":{"rendered":"<p>Switch Industrial No-Administrable 5 puertos Gigabit, PoE en 4 puertos 802.3af\/at (120W)<\/p>\n","protected":false},"featured_media":111969,"comment_status":"open","ping_status":"closed","template":"","meta":[],"product_brand":[],"product_cat":[1986],"product_tag":[664,1987,1430],"class_list":{"0":"post-111970","1":"product","2":"type-product","3":"status-publish","4":"has-post-thumbnail","6":"product_cat-switches-poe","7":"product_tag-networking","8":"product_tag-switches-poe","9":"product_tag-teltonika","11":"first","12":"instock","13":"sale","14":"shipping-taxable","15":"purchasable","16":"product-type-simple"},"_links":{"self":[{"href":"https:\/\/soydeaqui.ddns.net\/pachuca\/index.php\/wp-json\/wp\/v2\/product\/111970","targetHints":{"allow":["GET"]}}],"collection":[{"href":"https:\/\/soydeaqui.ddns.net\/pachuca\/index.php\/wp-json\/wp\/v2\/product"}],"about":[{"href":"https:\/\/soydeaqui.ddns.net\/pachuca\/index.php\/wp-json\/wp\/v2\/types\/product"}],"replies":[{"embeddable":true,"href":"https:\/\/soydeaqui.ddns.net\/pachuca\/index.php\/wp-json\/wp\/v2\/comments?post=111970"}],"wp:featuredmedia":[{"embeddable":true,"href":"https:\/\/soydeaqui.ddns.net\/pachuca\/index.php\/wp-json\/wp\/v2\/media\/111969"}],"wp:attachment":[{"href":"https:\/\/soydeaqui.ddns.net\/pachuca\/index.php\/wp-json\/wp\/v2\/media?parent=111970"}],"wp:term":[{"taxonomy":"product_brand","embeddable":true,"href":"https:\/\/soydeaqui.ddns.net\/pachuca\/index.php\/wp-json\/wp\/v2\/product_brand?post=111970"},{"taxonomy":"product_cat","embeddable":true,"href":"https:\/\/soydeaqui.ddns.net\/pachuca\/index.php\/wp-json\/wp\/v2\/product_cat?post=111970"},{"taxonomy":"product_tag","embeddable":true,"href":"https:\/\/soydeaqui.ddns.net\/pachuca\/index.php\/wp-json\/wp\/v2\/product_tag?post=111970"}],"curies":[{"name":"wp","href":"https:\/\/api.w.org\/{rel}","templated":true}]}}