{"id":111958,"date":"2026-03-20T21:15:34","date_gmt":"2026-03-20T21:15:34","guid":{"rendered":"https:\/\/soydeaqui.ddns.net\/pachuca\/index.php\/producto\/ssd-400gb-nvme-m-2-2280-disenada-para-synology-nas-con-ranuras-m-2-integradas\/"},"modified":"2026-03-20T21:15:40","modified_gmt":"2026-03-20T21:15:40","slug":"ssd-400gb-nvme-m-2-2280-disenada-para-synology-nas-con-ranuras-m-2-integradas","status":"publish","type":"product","link":"https:\/\/soydeaqui.ddns.net\/pachuca\/index.php\/producto\/ssd-400gb-nvme-m-2-2280-disenada-para-synology-nas-con-ranuras-m-2-integradas\/","title":{"rendered":"SSD 400GB NVMe M.2 2280, dise\u00f1ada para Synology NAS con ranuras M.2 integradas"},"content":{"rendered":"<div style='width: 100%; max-width: 1200px; margin: 0 auto; font-family: sans-serif; line-height: 1.6; color: inherit; background-color: transparent;'> <!-- Secci\u00f3n principal --> <\/p>\n<div style='margin-bottom: 30px;'>\n<h2 style='font-size: 24px; color: inherit; margin-top: 0; margin-bottom: 15px;'>SSD duradera para cargas de trabajo de almacenamiento en cach\u00e9 exigentes<\/h2>\n<p style='font-size: 15px; color: inherit; margin-bottom: 20px;'>La SSD NVMe serie SNV3000 de Synology se ha dise\u00f1ado para gestionar cargas de trabajo de almacenamiento en cach\u00e9 dif\u00edciles en un entorno multiusuario permanente. Su duradero rendimiento de E\/S aumenta la capacidad de respuesta del sistema y acelera la gesti\u00f3n de datos de acceso frecuente&comma; lo que proporciona una experiencia de almacenamiento optimizada al tiempo que minimiza las interrupciones del servicio en su Synology NAS.<\/p>\n<\/p><\/div>\n<p> <!-- Caracter\u00edsticas con \u00edconos --> <\/p>\n<div style='display: flex; flex-wrap: wrap; gap: 20px; margin-bottom: 30px;'>\n<div style='flex: 1 1 200px; min-width: 180px; border: 1px solid rgba(150&comma; 150&comma; 150&comma; 0.3); border-radius: 8px; padding: 15px; background-color: rgba(0&comma;0&comma;0&comma;0.02);'> <img style='width: 47px; height: 47px; display: block; margin: 0 auto 10px; border: 1px solid rgba(150&comma;150&comma;150&comma;0.3); border-radius: 8px;' src='https:\/\/ftp3.syscom.mx\/usuarios\/nortega\/synology\/imagenes\/ds216j\/SSDs\/icon_performance_ssd.png' alt=''> <\/p>\n<h3 style='font-size: 18px; text-align: center; margin-top: 0; margin-bottom: 10px; color: inherit;'>Rendimiento<\/h3>\n<p style='text-align: center; font-size: 14px; margin: 0; color: inherit;'>Hasta 40 000 IOPS de escritura aleatoria 4K<\/p>\n<\/p><\/div>\n<div style='flex: 1 1 200px; min-width: 180px; border: 1px solid rgba(150&comma; 150&comma; 150&comma; 0.3); border-radius: 8px; padding: 15px; background-color: rgba(0&comma;0&comma;0&comma;0.02);'> <img style='width: 48px; height: 54px; display: block; margin: 0 auto 10px; border: 1px solid rgba(150&comma;150&comma;150&comma;0.3); border-radius: 8px;' src='https:\/\/ftp3.syscom.mx\/usuarios\/nortega\/synology\/imagenes\/ds216j\/SSDs\/icon_endurance.png' alt=''> <\/p>\n<h3 style='font-size: 18px; text-align: center; margin-top: 0; margin-bottom: 10px; color: inherit;'>Resistencia<\/h3>\n<p style='text-align: center; font-size: 14px; margin: 0; color: inherit;'>500 TBW para cargas de trabajo empresariales permanentes<\/p>\n<\/p><\/div>\n<div style='flex: 1 1 200px; min-width: 180px; border: 1px solid rgba(150&comma; 150&comma; 150&comma; 0.3); border-radius: 8px; padding: 15px; background-color: rgba(0&comma;0&comma;0&comma;0.02);'> <img style='width: 48px; height: 48px; display: block; margin: 0 auto 10px; border: 1px solid rgba(150&comma;150&comma;150&comma;0.3); border-radius: 8px;' src='https:\/\/ftp3.syscom.mx\/usuarios\/nortega\/synology\/imagenes\/ds216j\/SSDs\/icon_reliability1.png' alt=''> <\/p>\n<h3 style='font-size: 18px; text-align: center; margin-top: 0; margin-bottom: 10px; color: inherit;'>Fiabilidad<\/h3>\n<p style='text-align: center; font-size: 14px; margin: 0; color: inherit;'>Protecci\u00f3n de datos integral<\/p>\n<\/p><\/div>\n<div style='flex: 1 1 200px; min-width: 180px; border: 1px solid rgba(150&comma; 150&comma; 150&comma; 0.3); border-radius: 8px; padding: 15px; background-color: rgba(0&comma;0&comma;0&comma;0.02);'> <img style='width: 48px; height: 48px; display: block; margin: 0 auto 10px; border: 1px solid rgba(150&comma;150&comma;150&comma;0.3); border-radius: 8px;' src='https:\/\/ftp3.syscom.mx\/usuarios\/nortega\/synology\/imagenes\/ds216j\/SSDs\/icon_lifetime_analytics.png' alt=''> <\/p>\n<h3 style='font-size: 18px; text-align: center; margin-top: 0; margin-bottom: 10px; color: inherit;'>An\u00e1lisis de vida \u00fatil<\/h3>\n<p style='text-align: center; font-size: 14px; margin: 0; color: inherit;'>Informaci\u00f3n pr\u00e1ctica para un rendimiento y una longevidad \u00f3ptimos<\/p>\n<\/p><\/div>\n<\/p><\/div>\n<p> <!-- Secci\u00f3n de rendimiento --> <\/p>\n<div style='display: flex; flex-wrap: wrap; gap: 30px; margin-bottom: 30px;'>\n<div style='flex: 1 1 300px;'>\n<h3 style='font-size: 20px; border-bottom: 2px solid currentColor; padding-bottom: 5px; margin-top: 0; color: inherit; opacity: 0.8;'>Almacenamiento en cach\u00e9 r\u00e1pido y constante para entornos permanentes<\/h3>\n<p style='font-size: 15px; color: inherit;'>Dise\u00f1ada para cach\u00e9 del sistema&comma; la serie SNV3000 de Synology aumenta el rendimiento de E\/S aleatoria y reduce la latencia en entornos permanentes exigentes. Ofrece un almacenamiento en cach\u00e9 duradero con m\u00e1s de 205 000\/40 000 IOPS de lectura\/escritura aleatoria 4K y una clasificaci\u00f3n de resistencia de 500 TBW&comma; por lo que es adecuada para posproducci\u00f3n multimedia y aplicaciones de bases de datos.<\/p>\n<\/p><\/div>\n<div style='flex: 1 1 300px;'> <img style='width: 100%; height: auto; border: 1px solid rgba(150&comma;150&comma;150&comma;0.3); border-radius: 8px;' src='https:\/\/ftp3.syscom.mx\/usuarios\/nortega\/synology\/imagenes\/ds216j\/SSDs\/rendimiento.png' alt=''> <\/div>\n<\/p><\/div>\n<p> <!-- Protecci\u00f3n de datos --> <\/p>\n<div style='margin-bottom: 30px;'>\n<h3 style='font-size: 20px; border-bottom: 2px solid currentColor; padding-bottom: 5px; margin-top: 0; margin-bottom: 15px; color: inherit; opacity: 0.8;'>Protecciones de integridad de datos<\/h3>\n<p style='font-size: 15px; color: inherit;'>La serie SNV3000 de Synology integra protecci\u00f3n de datos integral para salvaguardar la integridad de los datos en toda la ruta de transferencia. La SNV3500 cuenta con un dise\u00f1o de circuito de protecci\u00f3n contra p\u00e9rdida de energ\u00eda&comma; que evita mejor que los datos se da\u00f1en durante un apagado anormal: Los condensadores espec\u00edficos proporcionan alimentaci\u00f3n para pasar los datos en curso a flash NAND en caso de p\u00e9rdida de energ\u00eda y el firmware se ha dise\u00f1ado para permitir un reinicio correcto en el siguiente encendido.<\/p>\n<\/p><\/div>\n<p> <!-- An\u00e1lisis de vida \u00fatil --> <\/p>\n<div style='display: flex; flex-wrap: wrap; gap: 30px; margin-bottom: 30px;'>\n<div style='flex: 1 1 300px;'>\n<h3 style='font-size: 20px; border-bottom: 2px solid currentColor; padding-bottom: 5px; margin-top: 0; margin-bottom: 15px; color: inherit; opacity: 0.8;'>An\u00e1lisis de vida \u00fatil basados en la carga de trabajo real<\/h3>\n<p style='font-size: 15px; color: inherit; margin-bottom: 15px;'>La integraci\u00f3n completa con DiskStation Manager (DSM) de Synology permite realizar an\u00e1lisis de vida \u00fatil de cada unidad de la serie SNV3000 bas\u00e1ndose en cargas de trabajo reales:<\/p>\n<h4 style='font-size: 18px; margin-top: 0; margin-bottom: 8px; color: inherit;'>Notificaciones oportunas<\/h4>\n<p style='font-size: 15px; color: inherit; margin-bottom: 15px;'>Planifique con m\u00e1s antelaci\u00f3n el rendimiento y la longevidad del sistema sin interrupciones con notificaciones oportunas.<\/p>\n<h4 style='font-size: 18px; margin-top: 0; margin-bottom: 8px; color: inherit;'>Uso \u00f3ptimo<\/h4>\n<p style='font-size: 15px; color: inherit; margin: 0;'>La monitorizaci\u00f3n sencilla permite un uso \u00f3ptimo de cada SSD.<\/p>\n<\/p><\/div>\n<div style='flex: 1 1 300px;'> <img style='width: 100%; height: auto; border: 1px solid rgba(150&comma;150&comma;150&comma;0.3); border-radius: 8px;' src='https:\/\/ftp3.syscom.mx\/usuarios\/nortega\/synology\/imagenes\/ds216j\/SSDs\/SNV_lifetime.gif' alt=''> <\/div>\n<\/p><\/div>\n<p> <!-- Dise\u00f1ada para Synology NAS --> <\/p>\n<div style='margin-bottom: 30px; text-align: center;'> <img style='width: 100%; max-width: 600px; height: auto; border: 1px solid rgba(150&comma;150&comma;150&comma;0.3); border-radius: 8px; margin-bottom: 20px;' src='http:\/\/172.31.13.99\/usuarios\/nortega\/synology\/imagenes\/ds216j\/SSDs\/purpose_built.png' alt=''> <\/p>\n<h3 style='font-size: 20px; margin-top: 0; margin-bottom: 10px; color: inherit;'>Dise\u00f1ada a medida para Synology NAS<\/h3>\n<p style='font-size: 15px; color: inherit; max-width: 800px; margin: 0 auto;'>La compatibilidad de la serie SNV3000 de Synology con nuestros sistemas se prueba exhaustivamente tras cada cambio de ingenier\u00eda&comma; mientras que los cambios de firmware y componentes se gestionan de forma estricta. Las pruebas intensivas de tensi\u00f3n de E\/S&comma; ciclos de encendido\/apagado y temperatura garantizan que todos los productos cumplan nuestros m\u00e1s estrictos est\u00e1ndares de calidad y fiabilidad.<\/p>\n<\/p><\/div>\n<p> <!-- Especificaciones --> <\/p>\n<div style='margin-bottom: 30px;'>\n<h3 style='font-size: 20px; border-bottom: 2px solid currentColor; padding-bottom: 5px; margin-top: 0; margin-bottom: 15px; color: inherit; opacity: 0.8;'>Especificaciones<\/h3>\n<div style='border: 1px solid rgba(150&comma; 150&comma; 150&comma; 0.4); border-radius: 8px; overflow: hidden; padding: 15px; background-color: rgba(0&comma;0&comma;0&comma;0.02);'>\n<ul style='padding-left: 20px; margin: 0; font-size: 14px; color: inherit; list-style-type: disc;'>\n<li style='margin-bottom: 5px;'><strong>Capacidad:<\/strong> 400 GB<\/li>\n<li style='margin-bottom: 5px;'><strong>Factor de forma:<\/strong> M.2 2280<\/li>\n<li style='margin-bottom: 5px;'><strong>Interfaz:<\/strong> NVMe PCIe 3.0 x4<\/li>\n<li style='margin-bottom: 5px;'><strong>Consumo:<\/strong> 3.2 W<\/li>\n<li style='margin-bottom: 5px;'><strong>Temp. de operaci\u00f3n:<\/strong> 0\u00b0C a 70\u00b0C<\/li>\n<li style='margin-bottom: 5px;'><strong>Temp. de almacenamiento:<\/strong> -40\u00b0C a 85\u00b0C<\/li>\n<li style='margin-bottom: 5px;'><strong>Tama\u00f1o:<\/strong> 3.5 mm x 22 mm x 80 mm<\/li>\n<li style='margin-bottom: 5px;'><strong>Garant\u00eda:<\/strong> 5 a\u00f1os<\/li>\n<\/ul><\/div>\n<\/p><\/div>\n<\/p><\/div>\n","protected":false},"excerpt":{"rendered":"<p>SSD 400GB NVMe M.2 2280, dise\u00f1ada para Synology NAS con ranuras M.2 integradas<\/p>\n","protected":false},"featured_media":111957,"comment_status":"open","ping_status":"closed","template":"","meta":[],"product_brand":[],"product_cat":[2199],"product_tag":[2065,1976,2139],"class_list":{"0":"post-111958","1":"product","2":"type-product","3":"status-publish","4":"has-post-thumbnail","6":"product_cat-unidades-de-estado-solido-ssd-servidores-almacenamiento","7":"product_tag-servidores-almacenamiento","8":"product_tag-synology","9":"product_tag-unidades-de-estado-solido-ssd","11":"first","12":"outofstock","13":"sale","14":"shipping-taxable","15":"purchasable","16":"product-type-simple"},"_links":{"self":[{"href":"https:\/\/soydeaqui.ddns.net\/pachuca\/index.php\/wp-json\/wp\/v2\/product\/111958","targetHints":{"allow":["GET"]}}],"collection":[{"href":"https:\/\/soydeaqui.ddns.net\/pachuca\/index.php\/wp-json\/wp\/v2\/product"}],"about":[{"href":"https:\/\/soydeaqui.ddns.net\/pachuca\/index.php\/wp-json\/wp\/v2\/types\/product"}],"replies":[{"embeddable":true,"href":"https:\/\/soydeaqui.ddns.net\/pachuca\/index.php\/wp-json\/wp\/v2\/comments?post=111958"}],"wp:featuredmedia":[{"embeddable":true,"href":"https:\/\/soydeaqui.ddns.net\/pachuca\/index.php\/wp-json\/wp\/v2\/media\/111957"}],"wp:attachment":[{"href":"https:\/\/soydeaqui.ddns.net\/pachuca\/index.php\/wp-json\/wp\/v2\/media?parent=111958"}],"wp:term":[{"taxonomy":"product_brand","embeddable":true,"href":"https:\/\/soydeaqui.ddns.net\/pachuca\/index.php\/wp-json\/wp\/v2\/product_brand?post=111958"},{"taxonomy":"product_cat","embeddable":true,"href":"https:\/\/soydeaqui.ddns.net\/pachuca\/index.php\/wp-json\/wp\/v2\/product_cat?post=111958"},{"taxonomy":"product_tag","embeddable":true,"href":"https:\/\/soydeaqui.ddns.net\/pachuca\/index.php\/wp-json\/wp\/v2\/product_tag?post=111958"}],"curies":[{"name":"wp","href":"https:\/\/api.w.org\/{rel}","templated":true}]}}