{"id":111935,"date":"2026-03-20T21:14:18","date_gmt":"2026-03-20T21:14:18","guid":{"rendered":"https:\/\/soydeaqui.ddns.net\/pachuca\/index.php\/producto\/caja-de-conexiones-de-metal-extra-grande-compatible-con-ds-2cd20xx-b8-turbogxx-thc-b120-xx-thc-bxx-thc-txx\/"},"modified":"2026-03-20T21:14:30","modified_gmt":"2026-03-20T21:14:30","slug":"caja-de-conexiones-de-metal-extra-grande-compatible-con-ds-2cd20xx-b8-turbogxx-thc-b120-xx-thc-bxx-thc-txx","status":"publish","type":"product","link":"https:\/\/soydeaqui.ddns.net\/pachuca\/index.php\/producto\/caja-de-conexiones-de-metal-extra-grande-compatible-con-ds-2cd20xx-b8-turbogxx-thc-b120-xx-thc-bxx-thc-txx\/","title":{"rendered":"Caja de Conexiones de Metal \/ Extra Grande \/ Compatible con DS-2CD20XX, B8-TURBOGXX, THC-B120-XX,, THC-BXX,, THC-TXX"},"content":{"rendered":"<div style='width: 100%; max-width: 1200px; margin: 0 auto; font-family: sans-serif; line-height: 1.6; color: inherit; background-color: transparent;'> <!-- Secci\u00f3n de caracter\u00edsticas --> <\/p>\n<div style='display: flex; flex-wrap: wrap; gap: 30px; margin-bottom: 30px;'>\n<div style='flex: 1 1 300px; min-width: 280px;'>\n<h3 style='font-size: 22px; border-bottom: 2px solid currentColor; padding-bottom: 5px; margin-top: 0; color: inherit; opacity: 0.8;'>Caracter\u00edsticas principales<\/h3>\n<ul style='padding-left: 20px; font-size: 15px; color: inherit;'>\n<li style='margin-bottom: 5px;'><strong>Caja de conexiones extra grande<\/strong>: 46% m\u00e1s grande que el modelo est\u00e1ndar DS-1280ZJXS-AX&comma; tiene buen espacio para el transceptor y para el conector de alimentaci\u00f3n.<\/li>\n<li style='margin-bottom: 5px;'><strong>Material:<\/strong> Aleaci\u00f3n de aluminio.<\/li>\n<li style='margin-bottom: 5px;'><strong>Dimensi\u00f3n del conector lateral:<\/strong> M22<\/li>\n<li style='margin-bottom: 5px;'><strong>Dimensi\u00f3n del orificio parte inferior:<\/strong> 3\/4&#8242;<\/li>\n<li style='margin-bottom: 5px;'><strong>Dimensiones:<\/strong> \u03a6100 x 63 x 129 mm.<\/li>\n<li style='margin-bottom: 5px;'><strong>Carga m\u00e1xima:<\/strong> 4.5 kg.<\/li>\n<li style='margin-bottom: 5px;'><strong>Peso:<\/strong> 320 gr.<\/li>\n<\/ul><\/div>\n<\/p><\/div>\n<p> <!-- Secci\u00f3n de compatibilidad --> <\/p>\n<div style='display: flex; flex-wrap: wrap; gap: 20px; margin-bottom: 30px;'>\n<div style='flex: 1 1 250px; border: 1px solid rgba(150&comma; 150&comma; 150&comma; 0.4); border-radius: 8px; overflow: hidden; display: flex; flex-direction: column;'>\n<div style='padding: 15px; border-bottom: 1px solid rgba(150&comma; 150&comma; 150&comma; 0.2); font-weight: bold; font-size: 18px; color: inherit;'>Compatibilidad<\/div>\n<div style='padding: 15px; color: inherit;'>\n<ul style='padding-left: 20px; margin: 0; font-size: 14px; list-style-type: disc;'>\n<li style='margin-bottom: 5px;'>THC-T110-M \/ THC-T110-P \/ THC-T120-PC \/ THC-T120-MC \/ THC-T140-M \/ THC-T140-P \/ THC-T120-MS.<\/li>\n<li style='margin-bottom: 5px;'>THC-B110-M \/ THC-B110-P \/ THC-B120-PC \/ THC-B120-MC \/ THC-B140-M \/ THC-B140-P \/ THC-B120-MS \/ THC-B220-MC \/ THC-B240-M \/ THC-B210-M \/ THC-B223-M.<\/li>\n<li style='margin-bottom: 5px;'>LB-7TURBO-G2 \/ LB7-TURBO-G2PW \/ B8-TURBO-G2W \/ B8-TURBO-C \/ B8-TURBO-G2\/A \/ B8-TURBO-G2P\/A \/ B8-TURBO-XG2W \/ B8-TURBO-X8 \/ B40-TURBO-X \/ B40-TURBO-W \/ B40-TURBO \/ B50-TURBO-G2 \/ B50-TURBO-G2X \/ B50-TURBO-G2\/A \/ B4K-TURBO \/ B4K-TURBO-X.<\/li>\n<li style='margin-bottom: 5px;'>LE7-TURBO-G2W \/ LE7-TURBO-G2 \/ E8-TURBO-G2W \/ E8-TURBO-C \/ E8-TURBO-G2\/A \/ E8-TURBO-G2P\/A \/ E8-TURBO-IG2W \/ B40-TURBO-W \/ E50-TURBO-G2 \/ E50-TURBO-G2\/A \/ E4K-TURBO.<\/li>\n<li style='margin-bottom: 5px;'>DS-2CE76D0T-ITMF \/ DS-2CE70DF0T-MF \/ DS-2CE76D0T-ITMFS \/ DS-2CE76H0T-ITMF(C) \/ DS-2CE76H0T-ITMFS \/ DS-2CE70DF3T-MF \/ DS-2CE76U1T-ITMF \/ DS-2CE70DF3T-MFS \/ DS-2CE70KoT-MFS \/ DS-2CE72UF3T-E.<\/li>\n<li style='margin-bottom: 5px;'>DS-2CE16D0T-ITF \/ DS-2CE17D0T-IT5F(C) \/ DS-2CE16D0T-ITFS \/ DS-2CE16H0T-ITF(C) \/ DS-2CE16H0T-ITFS \/ DS-2CE16H0T-IT3F(C) \/ DS-2CE12DF0T-F \/ DS-2CE10DF3T-F \/ DS-2CE17H0T-IT5F(C) \/ DS-2CE10HFT-F28 \/ DS-2CE12DFT-PIRXOF28 \/ DS-2CE12DF3T-PIRXOS \/ DS-2CE16U1T-IT3F \/ DS-2CE10DF0T-F \/ DS-2CE10DF3T-FS \/ DS-2CE10KF0T-FS \/ DS-2CE12KF0T-FS \/ DS-2CE16U1T-ITF \/ DS-2CE10UF3T-E.<\/li>\n<li style='margin-bottom: 5px;'>DS-2CD2023G0-I \/ DS-2CD2043G0-I \/ DS-2CD2063G0-I \/ DS-2CD2083G0-I \/ DS-2CD2023G2-I(U) \/ DS-2CD2043G2-I(U) \/ DS-2CD2063G2-I(U) \/ DS-2CD2083G2-I(U) \/ DS-2CD2085G1-I.<\/li>\n<\/ul><\/div>\n<\/p><\/div>\n<\/p><\/div>\n<p> <!-- Separador --> <\/p>\n<hr style='border: 0; border-top: 1px solid rgba(150&comma; 150&comma; 150&comma; 0.3); margin: 30px 0;'> <!-- Secci\u00f3n de im\u00e1genes --> <\/p>\n<div style='display: flex; flex-wrap: wrap; gap: 20px; margin-bottom: 30px;'>\n<div style='flex: 1 1 300px; min-width: 280px;'>\n<h3 style='font-size: 22px; border-bottom: 2px solid currentColor; padding-bottom: 5px; margin-top: 0; color: inherit; opacity: 0.8;'>Fotos<\/h3>\n<p style='margin-bottom: 20px; color: inherit; font-size: 14px;'><strong>No incluye c\u00e1mara<\/strong><\/p>\n<div style='display: grid; grid-template-columns: repeat(auto-fill&comma; minmax(280px&comma; 1fr)); gap: 20px;'>\n<div style='width: 100%;'> <img style='width: 100%; height: auto; border: 1px solid rgba(150&comma;150&comma;150&comma;0.3); border-radius: 8px;' src='https:\/\/ftp3.syscom.mx\/usuarios\/jmolinar\/JonathanMolinar\/Hikvision\/DS1280ZJXSBAX-6.JPG' alt=''> <\/div>\n<div style='width: 100%;'> <img style='width: 100%; height: auto; border: 1px solid rgba(150&comma;150&comma;150&comma;0.3); border-radius: 8px;' src='https:\/\/ftp3.syscom.mx\/usuarios\/jmolinar\/JonathanMolinar\/Hikvision\/DS1280ZJXSBAX-7%20%282%29.JPG' alt=''> <\/div>\n<div style='width: 100%;'> <img style='width: 100%; height: auto; border: 1px solid rgba(150&comma;150&comma;150&comma;0.3); border-radius: 8px;' src='https:\/\/ftp3.syscom.mx\/usuarios\/jmolinar\/JonathanMolinar\/Hikvision\/DS1280ZJXSBAX-1%20%282%29.JPG' alt=''> <\/div>\n<div style='width: 100%;'> <img style='width: 100%; height: auto; border: 1px solid rgba(150&comma;150&comma;150&comma;0.3); border-radius: 8px;' src='https:\/\/ftp3.syscom.mx\/usuarios\/jmolinar\/JonathanMolinar\/Hikvision\/DS1280ZJXSBAX-3%20%282%29.JPG' alt=''> <\/div>\n<div style='width: 100%;'> <img style='width: 100%; height: auto; border: 1px solid rgba(150&comma;150&comma;150&comma;0.3); border-radius: 8px;' src='https:\/\/ftp3.syscom.mx\/usuarios\/jmolinar\/JonathanMolinar\/Hikvision\/DS1280ZJXSBAX-4%20%282%29.JPG' alt=''> <\/div>\n<\/p><\/div>\n<\/p><\/div>\n<\/p><\/div>\n<\/p><\/div>\n","protected":false},"excerpt":{"rendered":"<p>Caja de Conexiones de Metal \/ Extra Grande \/ Compatible con DS-2CD20XX, B8-TURBOGXX, THC-B120-XX,, THC-BXX,, THC-TXX<\/p>\n","protected":false},"featured_media":111934,"comment_status":"open","ping_status":"closed","template":"","meta":[],"product_brand":[],"product_cat":[416],"product_tag":[417,418,939],"class_list":{"0":"post-111935","1":"product","2":"type-product","3":"status-publish","4":"has-post-thumbnail","6":"product_cat-montajes-y-brackets-para-camaras","7":"product_tag-accesorios-generales","8":"product_tag-montajes-y-brackets-para-camaras","9":"product_tag-syscom-video","11":"first","12":"instock","13":"sale","14":"shipping-taxable","15":"purchasable","16":"product-type-simple"},"_links":{"self":[{"href":"https:\/\/soydeaqui.ddns.net\/pachuca\/index.php\/wp-json\/wp\/v2\/product\/111935","targetHints":{"allow":["GET"]}}],"collection":[{"href":"https:\/\/soydeaqui.ddns.net\/pachuca\/index.php\/wp-json\/wp\/v2\/product"}],"about":[{"href":"https:\/\/soydeaqui.ddns.net\/pachuca\/index.php\/wp-json\/wp\/v2\/types\/product"}],"replies":[{"embeddable":true,"href":"https:\/\/soydeaqui.ddns.net\/pachuca\/index.php\/wp-json\/wp\/v2\/comments?post=111935"}],"wp:featuredmedia":[{"embeddable":true,"href":"https:\/\/soydeaqui.ddns.net\/pachuca\/index.php\/wp-json\/wp\/v2\/media\/111934"}],"wp:attachment":[{"href":"https:\/\/soydeaqui.ddns.net\/pachuca\/index.php\/wp-json\/wp\/v2\/media?parent=111935"}],"wp:term":[{"taxonomy":"product_brand","embeddable":true,"href":"https:\/\/soydeaqui.ddns.net\/pachuca\/index.php\/wp-json\/wp\/v2\/product_brand?post=111935"},{"taxonomy":"product_cat","embeddable":true,"href":"https:\/\/soydeaqui.ddns.net\/pachuca\/index.php\/wp-json\/wp\/v2\/product_cat?post=111935"},{"taxonomy":"product_tag","embeddable":true,"href":"https:\/\/soydeaqui.ddns.net\/pachuca\/index.php\/wp-json\/wp\/v2\/product_tag?post=111935"}],"curies":[{"name":"wp","href":"https:\/\/api.w.org\/{rel}","templated":true}]}}