{"id":111919,"date":"2026-03-20T21:13:25","date_gmt":"2026-03-20T21:13:25","guid":{"rendered":"https:\/\/soydeaqui.ddns.net\/pachuca\/index.php\/producto\/switch-administrable-capa-3-24-puertos-gigabit-802-3bt-hasta-600-w-4-puertos-10-g-sfp-con-pantalla-tactil-para-configuracion-basica\/"},"modified":"2026-03-20T21:13:44","modified_gmt":"2026-03-20T21:13:44","slug":"switch-administrable-capa-3-24-puertos-gigabit-802-3bt-hasta-600-w-4-puertos-10-g-sfp-con-pantalla-tactil-para-configuracion-basica","status":"publish","type":"product","link":"https:\/\/soydeaqui.ddns.net\/pachuca\/index.php\/producto\/switch-administrable-capa-3-24-puertos-gigabit-802-3bt-hasta-600-w-4-puertos-10-g-sfp-con-pantalla-tactil-para-configuracion-basica\/","title":{"rendered":"Switch Administrable Capa 3, 24 Puertos Gigabit 802.3bt, Hasta 600 W, 4 Puertos 10 G SFP+, Con Pantalla T\u00e1ctil para Configuraci\u00f3n B\u00e1sica"},"content":{"rendered":"<div style='width: 100%; max-width: 1200px; margin: 0 auto; font-family: sans-serif; line-height: 1.6; color: inherit; background-color: transparent;'> <!-- Secci\u00f3n de iconos --> <\/p>\n<div style='display: flex; flex-wrap: wrap; gap: 15px; justify-content: center; margin: 30px 0;'> <img style='width: 60px; height: auto; border: 1px solid rgba(150&comma;150&comma;150&comma;0.3); border-radius: 8px;' src='https:\/\/www.planet.com.tw\/storage\/icons\/629\/8icon_802.3bt_802.3at_End-span_Mid-span.png' alt=''> <img style='width: 60px; height: auto; border: 1px solid rgba(150&comma;150&comma;150&comma;0.3); border-radius: 8px;' src='https:\/\/www.planet.com.tw\/storage\/icons\/0icon_Touch-LCD.png' alt=''> <img style='width: 60px; height: auto; border: 1px solid rgba(150&comma;150&comma;150&comma;0.3); border-radius: 8px;' src='https:\/\/www.planet.com.tw\/storage\/icons\/4icon_L3_OSPF_Routing.png' alt=''> <img style='width: 60px; height: auto; border: 1px solid rgba(150&comma;150&comma;150&comma;0.3); border-radius: 8px;' src='https:\/\/www.planet.com.tw\/storage\/icons\/6icon_RING.png' alt=''> <img style='width: 60px; height: auto; border: 1px solid rgba(150&comma;150&comma;150&comma;0.3); border-radius: 8px;' src='https:\/\/www.planet.com.tw\/storage\/icons\/633\/Cyber-Security.png' alt=''> <\/div>\n<p> <!-- Imagen principal --> <\/p>\n<div style='text-align: center; margin: 30px 0;'> <img style='width: 100%; max-width: 750px; height: auto; border: 1px solid rgba(150&comma;150&comma;150&comma;0.3); border-radius: 8px;' src='https:\/\/www.planet.com.tw\/storage\/products\/49433\/GS-5220-24UPL4XV(R)v3_Front-Panel-Introducton.png' alt='Panel frontal'> <\/div>\n<p> <!-- Secci\u00f3n de caracter\u00edstica con imagen --> <\/p>\n<div style='display: flex; flex-wrap: wrap; gap: 30px; align-items: center; margin: 30px 0;'>\n<div style='flex: 1 1 300px; min-width: 280px;'>\n<h3 style='font-size: 22px; border-bottom: 2px solid currentColor; padding-bottom: 5px; margin-top: 0; color: inherit; opacity: 0.8;'>Control LCD inteligente e intuitivo<\/h3>\n<ul style='padding-left: 20px; font-size: 15px; color: inherit;'>\n<li style='margin-bottom: 5px;'>Direcci\u00f3n IP del sistema&comma; configuraci\u00f3n de VLAN y QoS<\/li>\n<li style='margin-bottom: 5px;'>Gesti\u00f3n de PoE y estado<\/li>\n<li style='margin-bottom: 5px;'>Administraci\u00f3n y estado del puerto e informaci\u00f3n SFP<\/li>\n<li style='margin-bottom: 5px;'>Soluci\u00f3n de problemas: diagn\u00f3stico de cable y ping IP remoto<\/li>\n<li style='margin-bottom: 5px;'>Mantenimiento: reinicio&comma; configuraci\u00f3n predeterminada de f\u00e1brica y guardar configuraci\u00f3n<\/li>\n<\/ul><\/div>\n<div style='flex: 1 1 300px; min-width: 280px; text-align: center;'> <img style='width: 100%; max-width: 350px; height: auto; border: 1px solid rgba(150&comma;150&comma;150&comma;0.3); border-radius: 8px;' src='https:\/\/www.planet.com.tw\/storage\/products\/49433\/GS-5220-24UPL4XV(R)v3-1.png' alt='Pantalla LCD'> <\/div>\n<\/p><\/div>\n<p> <!-- Secci\u00f3n de fuente de alimentaci\u00f3n --> <\/p>\n<div style='text-align: center; margin: 30px 0;'>\n<h3 style='font-size: 22px; border-bottom: 2px solid currentColor; padding-bottom: 5px; margin-top: 0; color: inherit; opacity: 0.8; display: inline-block;'>Fuente de alimentaci\u00f3n de CA \/ CC redundante para garantizar un funcionamiento continuo<\/h3>\n<\/p><\/div>\n<p> <!-- Secci\u00f3n de imagen y caracter\u00edstica ONVIF --> <\/p>\n<div style='display: flex; flex-wrap: wrap; gap: 30px; align-items: center; margin: 30px 0;'>\n<div style='flex: 1 1 300px; min-width: 280px; text-align: center;'> <img style='width: 100%; max-width: 550px; height: auto; border: 1px solid rgba(150&comma;150&comma;150&comma;0.3); border-radius: 8px;' src='https:\/\/www.planet.com.tw\/storage\/products\/49433\/GS-5220-24UPL4XV(R)v3_Rear-Panel-Introducton.png' alt='Panel trasero'> <\/div>\n<div style='flex: 1 1 300px; min-width: 280px;'>\n<h3 style='font-size: 22px; border-bottom: 2px solid currentColor; padding-bottom: 5px; margin-top: 0; color: inherit; opacity: 0.8;'>Soporta dispositivos ONVIF<\/h3>\n<\/p><\/div>\n<\/p><\/div>\n<p> <!-- Secci\u00f3n de 75W PoE --> <\/p>\n<div style='display: flex; flex-wrap: wrap; gap: 30px; align-items: center; margin: 30px 0;'>\n<div style='flex: 1 1 300px; min-width: 280px;'>\n<h3 style='font-size: 22px; border-bottom: 2px solid currentColor; padding-bottom: 5px; margin-top: 0; color: inherit; opacity: 0.8;'>75 Watts de potencia sobre UTP de 4 pares<\/h3>\n<\/p><\/div>\n<div style='flex: 1 1 300px; min-width: 280px; text-align: center;'> <img style='width: 100%; max-width: 600px; height: auto; border: 1px solid rgba(150&comma;150&comma;150&comma;0.3); border-radius: 8px;' src='https:\/\/www.planet.com.tw\/storage\/products\/48993\/GS-5220-16UP4S2X-1_L.png' alt='Potencia PoE'> <\/div>\n<\/p><\/div>\n<p> <!-- Secci\u00f3n de programaci\u00f3n de PoE --> <\/p>\n<div style='display: flex; flex-wrap: wrap; gap: 30px; align-items: center; margin: 30px 0;'>\n<div style='flex: 1 1 300px; min-width: 280px; text-align: center;'> <img style='width: 100%; max-width: 950px; height: auto; border: 1px solid rgba(150&comma;150&comma;150&comma;0.3); border-radius: 8px;' src='https:\/\/www.planet.com.tw\/storage\/products\/48993\/SGS-5220-24T2X-6_L.png' alt='Programaci\u00f3n PoE'> <\/div>\n<div style='flex: 1 1 300px; min-width: 280px;'>\n<h3 style='font-size: 22px; border-bottom: 2px solid currentColor; padding-bottom: 5px; margin-top: 0; color: inherit; opacity: 0.8;'>Programaci\u00f3n de PoE para ahorro de energ\u00eda<\/h3>\n<\/p><\/div>\n<\/p><\/div>\n<p> <!-- Secci\u00f3n de especificaciones --> <\/p>\n<div style='display: flex; flex-wrap: wrap; gap: 20px; margin: 30px 0;'>\n<div style='flex: 1 1 250px; border: 1px solid rgba(150&comma; 150&comma; 150&comma; 0.4); border-radius: 8px; overflow: hidden; display: flex; flex-direction: column;'>\n<div style='padding: 15px; border-bottom: 1px solid rgba(150&comma; 150&comma; 150&comma; 0.2); font-weight: bold; font-size: 18px; color: inherit;'>Puertos<\/div>\n<div style='padding: 15px; color: inherit;'>\n<ul style='padding-left: 20px; margin: 0; font-size: 14px; list-style-type: disc;'>\n<li style='margin-bottom: 5px;'><strong>Puertos de cobre:<\/strong> 24 puertos 10\/100\/1000BASE-T RJ45 auto-MDI\/MDI-X<\/li>\n<li style='margin-bottom: 5px;'><strong>Puertos SFP+:<\/strong> 4 interfaces 10GBASE-SR\/LR SFP+ (puerto 25 a puerto 28)<\/li>\n<li style='margin-bottom: 5px;'><strong>Compatible con:<\/strong> Transceptor SFP 1000BASE-SX\/LX\/BX y 2500BASE-X<\/li>\n<li style='margin-bottom: 5px;'><strong>Consola:<\/strong> 1 puerto serie RS232 a RJ45 (115200&comma; 8&comma; N&comma; 1)<\/li>\n<\/ul><\/div>\n<\/p><\/div>\n<div style='flex: 1 1 250px; border: 1px solid rgba(150&comma; 150&comma; 150&comma; 0.4); border-radius: 8px; overflow: hidden; display: flex; flex-direction: column;'>\n<div style='padding: 15px; border-bottom: 1px solid rgba(150&comma; 150&comma; 150&comma; 0.2); font-weight: bold; font-size: 18px; color: inherit;'>Caracter\u00edsticas f\u00edsicas<\/div>\n<div style='padding: 15px; color: inherit;'>\n<ul style='padding-left: 20px; margin: 0; font-size: 14px; list-style-type: disc;'>\n<li style='margin-bottom: 5px;'><strong>Dimensiones:<\/strong> 440 x 300 x 56 mm<\/li>\n<li style='margin-bottom: 5px;'><strong>Peso:<\/strong> 5478g<\/li>\n<li style='margin-bottom: 5px;'><strong>Consumo de energ\u00eda:<\/strong> Max. 740 Watts \/ 2538&comma;94 BTU<\/li>\n<li style='margin-bottom: 5px;'><strong>Requisitos de energ\u00eda (CA):<\/strong> CA 100 ~ 240 V&comma; 50\/60 Hz&comma; 8 A<\/li>\n<li style='margin-bottom: 5px;'><strong>Requisitos de energ\u00eda (CC):<\/strong> CC 36 ~ 60 V&comma; 2 A<\/li>\n<\/ul><\/div>\n<\/p><\/div>\n<div style='flex: 1 1 250px; border: 1px solid rgba(150&comma; 150&comma; 150&comma; 0.4); border-radius: 8px; overflow: hidden; display: flex; flex-direction: column;'>\n<div style='padding: 15px; border-bottom: 1px solid rgba(150&comma; 150&comma; 150&comma; 0.2); font-weight: bold; font-size: 18px; color: inherit;'>PoE<\/div>\n<div style='padding: 15px; color: inherit;'>\n<ul style='padding-left: 20px; margin: 0; font-size: 14px; list-style-type: disc;'>\n<li style='margin-bottom: 5px;'><strong>Estandar PoE:<\/strong> 802.3bt PoE++ PSE<\/li>\n<li style='margin-bottom: 5px;'><strong>Compatible con:<\/strong> IEEE 802.3af\/802.3at PoE PSE<\/li>\n<li style='margin-bottom: 5px;'><strong>Tipo de fuente de alimentaci\u00f3n:<\/strong> 802.3bt&comma; UPoE&comma; End-span&comma; Mid-span<\/li>\n<li style='margin-bottom: 5px;'><strong>Potencia PoE:<\/strong> 600 Watts (max.)<\/li>\n<li style='margin-bottom: 5px;'><strong>Capacidad PoE PD a 7 Watts:<\/strong> 24 uds.<\/li>\n<li style='margin-bottom: 5px;'><strong>Capacidad PoE PD a 15 Watts:<\/strong> 20 unidades<\/li>\n<li style='margin-bottom: 5px;'><strong>Capacidad PoE PD a 30 Watts:<\/strong> 10 unidades<\/li>\n<\/ul><\/div>\n<\/p><\/div>\n<div style='flex: 1 1 250px; border: 1px solid rgba(150&comma; 150&comma; 150&comma; 0.4); border-radius: 8px; overflow: hidden; display: flex; flex-direction: column;'>\n<div style='padding: 15px; border-bottom: 1px solid rgba(150&comma; 150&comma; 150&comma; 0.2); font-weight: bold; font-size: 18px; color: inherit;'>Funcionalidades<\/div>\n<div style='padding: 15px; color: inherit;'>\n<ul style='padding-left: 20px; margin: 0; font-size: 14px; list-style-type: disc;'>\n<li style='margin-bottom: 5px;'><strong>Capa 3:<\/strong> Interfaces IP (Max.128 interfaces VLAN)&comma; Tabla de ruteo (Max.128 entradas de enrutamiento)&comma; Protocolos de enrutamiento (IPv4 OSPFv2&comma; Enrutamiento est\u00e1tico de hardware IPv4&comma; IPv6)<\/li>\n<li style='margin-bottom: 5px;'><strong>Capa 2:<\/strong> Port Configuration&comma; Port Status&comma; Port Mirroring&comma; VLAN&comma; Link Aggregation&comma; Spanning Tree Protocol&comma; QoS&comma; IGMP Snooping&comma; MLD Snooping&comma; Bandwidth Control&comma; RING&comma; Access control list&comma; Security&comma; Network Access Control<\/li>\n<li style='margin-bottom: 5px;'><strong>Interfaces de gesti\u00f3n b\u00e1sica:<\/strong> Consola&comma; Telnet&comma; Navegador web&comma; SNMP v1&comma; v2c<\/li>\n<li style='margin-bottom: 5px;'><strong>Interfaces de gesti\u00f3n seguras:<\/strong> SSHv2&comma; TLSv1.2&comma; SNMP v3<\/li>\n<li style='margin-bottom: 5px;'><strong>ONVIF:<\/strong> Detecci\u00f3n de dispositivos&comma; Monitoreo de dispositivos ONVIF&comma; Floor Map<\/li>\n<\/ul><\/div>\n<\/p><\/div>\n<div style='flex: 1 1 250px; border: 1px solid rgba(150&comma; 150&comma; 150&comma; 0.4); border-radius: 8px; overflow: hidden; display: flex; flex-direction: column;'>\n<div style='padding: 15px; border-bottom: 1px solid rgba(150&comma; 150&comma; 150&comma; 0.2); font-weight: bold; font-size: 18px; color: inherit;'>Temperatura<\/div>\n<div style='padding: 15px; color: inherit;'>\n<ul style='padding-left: 20px; margin: 0; font-size: 14px; list-style-type: disc;'>\n<li style='margin-bottom: 5px;'><strong>Operaci\u00f3n:<\/strong> 0 ~ 50 grados C<\/li>\n<li style='margin-bottom: 5px;'><strong>Humedad operaci\u00f3n:<\/strong> 5 ~ 95% (sin condensaci\u00f3n)<\/li>\n<li style='margin-bottom: 5px;'><strong>Almacenamiento:<\/strong> -10 ~ 70 grados C<\/li>\n<li style='margin-bottom: 5px;'><strong>Humedad almacenamiento:<\/strong> 5 ~ 95% (sin condensaci\u00f3n)<\/li>\n<\/ul><\/div>\n<\/p><\/div>\n<\/p><\/div>\n<p> <!-- Separador --> <\/p>\n<hr style='border: 0; border-top: 1px solid rgba(150&comma; 150&comma; 150&comma; 0.3); margin: 30px 0;'> <\/div>\n","protected":false},"excerpt":{"rendered":"<p>Switch Administrable Capa 3, 24 Puertos Gigabit 802.3bt, Hasta 600 W, 4 Puertos 10 G SFP+, Con Pantalla T\u00e1ctil para Configuraci\u00f3n B\u00e1sica<\/p>\n","protected":false},"featured_media":111918,"comment_status":"open","ping_status":"closed","template":"","meta":[],"product_brand":[],"product_cat":[1986],"product_tag":[664,2033,1987],"class_list":{"0":"post-111919","1":"product","2":"type-product","3":"status-publish","4":"has-post-thumbnail","6":"product_cat-switches-poe","7":"product_tag-networking","8":"product_tag-planet","9":"product_tag-switches-poe","11":"first","12":"instock","13":"sale","14":"shipping-taxable","15":"purchasable","16":"product-type-simple"},"_links":{"self":[{"href":"https:\/\/soydeaqui.ddns.net\/pachuca\/index.php\/wp-json\/wp\/v2\/product\/111919","targetHints":{"allow":["GET"]}}],"collection":[{"href":"https:\/\/soydeaqui.ddns.net\/pachuca\/index.php\/wp-json\/wp\/v2\/product"}],"about":[{"href":"https:\/\/soydeaqui.ddns.net\/pachuca\/index.php\/wp-json\/wp\/v2\/types\/product"}],"replies":[{"embeddable":true,"href":"https:\/\/soydeaqui.ddns.net\/pachuca\/index.php\/wp-json\/wp\/v2\/comments?post=111919"}],"wp:featuredmedia":[{"embeddable":true,"href":"https:\/\/soydeaqui.ddns.net\/pachuca\/index.php\/wp-json\/wp\/v2\/media\/111918"}],"wp:attachment":[{"href":"https:\/\/soydeaqui.ddns.net\/pachuca\/index.php\/wp-json\/wp\/v2\/media?parent=111919"}],"wp:term":[{"taxonomy":"product_brand","embeddable":true,"href":"https:\/\/soydeaqui.ddns.net\/pachuca\/index.php\/wp-json\/wp\/v2\/product_brand?post=111919"},{"taxonomy":"product_cat","embeddable":true,"href":"https:\/\/soydeaqui.ddns.net\/pachuca\/index.php\/wp-json\/wp\/v2\/product_cat?post=111919"},{"taxonomy":"product_tag","embeddable":true,"href":"https:\/\/soydeaqui.ddns.net\/pachuca\/index.php\/wp-json\/wp\/v2\/product_tag?post=111919"}],"curies":[{"name":"wp","href":"https:\/\/api.w.org\/{rel}","templated":true}]}}