{"id":111883,"date":"2026-03-20T21:11:25","date_gmt":"2026-03-20T21:11:25","guid":{"rendered":"https:\/\/soydeaqui.ddns.net\/pachuca\/index.php\/producto\/dvr-4-megapixel-16-canales-turbohd-8-canales-ip-1-bahia-de-disco-duro-audio-por-coaxitron-evita-falsas-alarmas-salida-de-video-en-full-hd\/"},"modified":"2026-03-20T21:11:41","modified_gmt":"2026-03-20T21:11:41","slug":"dvr-4-megapixel-16-canales-turbohd-8-canales-ip-1-bahia-de-disco-duro-audio-por-coaxitron-evita-falsas-alarmas-salida-de-video-en-full-hd","status":"publish","type":"product","link":"https:\/\/soydeaqui.ddns.net\/pachuca\/index.php\/producto\/dvr-4-megapixel-16-canales-turbohd-8-canales-ip-1-bahia-de-disco-duro-audio-por-coaxitron-evita-falsas-alarmas-salida-de-video-en-full-hd\/","title":{"rendered":"DVR 4 Megapixel \/ 16 Canales TURBOHD + 8 Canales IP \/ 1 Bah\u00eda de Disco Duro \/ Audio por Coaxitron \/ Evita Falsas Alarmas \/ Salida de Video en Full HD"},"content":{"rendered":"<div style=\"width: 100%; max-width: 1200px; margin: 0 auto; font-family: sans-serif; line-height: 1.6; color: inherit; background-color: transparent;\"><!-- Imagen principal --> <\/p>\n<div style=\"width: 100%; margin-bottom: 30px;\"><img decoding=\"async\" style=\"width: 100%; height: auto; border: 1px solid rgba(150&comma;150&comma;150&comma;0.3); border-radius: 8px;\" src=\"https:\/\/ftp3.syscom.mx\/usuarios\/nicolas.jimenez\/epcom-2.png\" alt=\"DVR EPCOM EV4016TURBOD\" \/><\/div>\n<p> <!-- Videos 16:9 --> <\/p>\n<div style=\"display: grid; grid-template-columns: repeat(auto-fit&comma; minmax(300px&comma; 1fr)); gap: 30px; margin-bottom: 30px;\">\n<div style=\"position: relative; padding-bottom: 56.25%; height: 0; overflow: hidden;\"> <\/div>\n<div style=\"position: relative; padding-bottom: 56.25%; height: 0; overflow: hidden;\"> <\/div>\n<\/p><\/div>\n<p> <!-- Videos adicionales --> <\/p>\n<div style=\"display: grid; grid-template-columns: repeat(auto-fit&comma; minmax(300px&comma; 1fr)); gap: 30px; margin-bottom: 30px;\">\n<div style=\"position: relative; padding-bottom: 56.25%; height: 0; overflow: hidden;\"> <\/div>\n<div style=\"position: relative; padding-bottom: 56.25%; height: 0; overflow: hidden;\"> <\/div>\n<\/p><\/div>\n<p> <!-- Tres videos en grid --> <\/p>\n<div style=\"display: grid; grid-template-columns: repeat(auto-fit&comma; minmax(280px&comma; 1fr)); gap: 20px; margin-bottom: 30px;\">\n<div style=\"position: relative; padding-bottom: 56.25%; height: 0; overflow: hidden;\"> <\/div>\n<div style=\"position: relative; padding-bottom: 56.25%; height: 0; overflow: hidden;\"> <\/div>\n<div style=\"position: relative; padding-bottom: 56.25%; height: 0; overflow: hidden;\"> <\/div>\n<\/p><\/div>\n<p> <!-- Audio por coaxitron --> <\/p>\n<div style=\"width: 100%; margin-bottom: 30px;\">\n<p style=\"text-align: center; font-weight: bold; margin-bottom: 15px;\">Audio&comma; Video y Datos por el Mismo Cable<\/p>\n<p> <img decoding=\"async\" style=\"width: 100%; height: auto; border: 1px solid rgba(150&comma;150&comma;150&comma;0.3); border-radius: 8px;\" src=\"https:\/\/ftp3.syscom.mx\/usuarios\/jsosa\/HIKVISION\/imagenes\/coaxitron\/coaxitron.jpg\" alt=\"Audio por coaxitron\" \/><\/div>\n<p> <!-- Nota importante --> <\/p>\n<div style=\"background-color: rgba(255&comma; 0&comma; 0&comma; 0.05); border-left: 4px solid #ff0000; padding: 15px; margin-bottom: 30px; border-radius: 4px;\">\n<p style=\"margin: 0; font-weight: bold; color: #ff0000;\">Nota importante:<\/p>\n<p style=\"margin: 15px 0 10px 0;\">Gracias a las nuevas actualizaciones (mejoras) ahora el DVR permite aceptar c&aacute;maras TURBOHD de 4 Megapixel que originalmente estaba dedicado a soportar 3 Megapixel&comma; el DVR podr&aacute; grabar a 4 Megapixel Lite&comma; quiere decir que es un acoplamiento de se&ntilde;al que permite aceptar c&aacute;maras de 4 Megapixel TURBOHD con grabaci&oacute;n Lite.<\/p>\n<ul style=\"padding-left: 20px; margin: 10px 0;\">\n<li style=\"margin-bottom: 5px; color: #ff0000;\">4 Megapixel Real = 2560 X 1440.<\/li>\n<li style=\"color: #ff0000;\">4 Megapixel Lite = 1280 X 1440.<\/li>\n<\/ul><\/div>\n<p> <!-- Caracter\u00edsticas principales --> <\/p>\n<div style=\"display: flex; flex-wrap: wrap; gap: 20px; margin-bottom: 30px;\">\n<div style=\"flex: 1 1 300px; min-width: 280px; border: 1px solid rgba(150&comma; 150&comma; 150&comma; 0.4); border-radius: 8px; overflow: hidden;\">\n<div style=\"padding: 15px; border-bottom: 1px solid rgba(150&comma; 150&comma; 150&comma; 0.2); font-weight: bold; font-size: 18px; color: inherit;\">Caracter&iacute;sticas principales<\/div>\n<div style=\"padding: 15px;\">\n<ul style=\"padding-left: 20px; margin: 0; font-size: 14px;\">\n<li style=\"margin-bottom: 8px;\">Serie Turbo HD Versi&oacute;n 5.0<\/li>\n<li style=\"margin-bottom: 8px;\">Permite apagar canales anal&oacute;gicos TURBOHD y poder colocar c&aacute;maras IP en todos sus canales&comma; podemos colocar hasta 24 c&aacute;maras IP en total. Por cada canal anal&oacute;gico TURBOHD que se apague se genera un canal IP adicional.<\/li>\n<li style=\"margin-bottom: 8px;\">DVR pentah&iacute;brido: HD-TVI \/ HD-CVI \/ Anal&oacute;gico \/ IP \/ AHD.<\/li>\n<li style=\"margin-bottom: 8px;\">Acceso remoto: PC (WINDOWS \/ MAC)&comma; Smart Phone (iPhone&comma; iPad&comma; Android).<\/li>\n<li style=\"margin-bottom: 8px;\">Compatibilidad con navegador Internet Explorer.<\/li>\n<li style=\"margin-bottom: 8px;\">Software cliente multi sitio de hasta 64 canales (iVMS-4200).<\/li>\n<li style=\"margin-bottom: 8px;\">Compatible con Hik-Connect P2P.<\/li>\n<li style=\"margin-bottom: 8px;\">Soporta servicio DDNS Hik-Connect Domain \/ DynDNS.<\/li>\n<li style=\"margin-bottom: 8px;\">Funciones Avanzadas: Detecci&oacute;n por cruce de l&iacute;nea &amp; detecci&oacute;n de intrusi&oacute;n.<\/li>\n<li style=\"margin-bottom: 8px;\">1 entrada y 1 salida de audio.<\/li>\n<li style=\"margin-bottom: 8px;\">Soporta 1 HDD de hasta 10 TB (no incluido).<\/li>\n<li style=\"margin-bottom: 8px;\">Interfaz serial: RS-485 (HIKVISION C&comma; COAXITRON&comma; PELCO D&comma; PELCO P&comma; etc).<\/li>\n<\/ul>\n<p style=\"margin-top: 15px; font-size: 14px; color: rgba(0&comma;0&comma;0&comma;0.6);\">Para conectar los canales IP requiere utilizar un switch\/switch poe (no incluido)<\/p>\n<\/p><\/div>\n<\/p><\/div>\n<p> <!-- Caracter\u00edsticas f\u00edsicas y el\u00e9ctricas --> <\/p>\n<div style=\"flex: 1 1 300px; min-width: 280px; border: 1px solid rgba(150&comma; 150&comma; 150&comma; 0.4); border-radius: 8px; overflow: hidden;\">\n<div style=\"padding: 15px; border-bottom: 1px solid rgba(150&comma; 150&comma; 150&comma; 0.2); font-weight: bold; font-size: 18px; color: inherit;\">Caracter&iacute;sticas F&iacute;sicas y El&eacute;ctricas<\/div>\n<div style=\"padding: 15px;\">\n<ul style=\"padding-left: 20px; margin: 0; font-size: 14px;\">\n<li style=\"margin-bottom: 8px;\">Alimentaci&oacute;n: 12 Vcc (fuente incluida).<\/li>\n<li style=\"margin-bottom: 8px;\">Consumo sin HDD: 25 watts.<\/li>\n<li style=\"margin-bottom: 8px;\">Temperatura de operaci&oacute;n: -10 &ordm;C hasta 55 &ordm;C.<\/li>\n<li style=\"margin-bottom: 8px;\">Dimensiones: 315 x 242 x 45 mm (W &times; D &times; H)<\/li>\n<li style=\"margin-bottom: 8px;\">Peso: 1.78 Kg sin HDD.<\/li>\n<li style=\"margin-bottom: 8px;\">No compatible con control remoto.<\/li>\n<li style=\"margin-bottom: 8px;\">Garant&iacute;a: 4 A&ntilde;os.<\/li>\n<\/ul>\n<p style=\"margin-top: 15px; font-weight: bold; font-size: 16px;\">Compresi&oacute;n y resoluci&oacute;n:<\/p>\n<ul style=\"padding-left: 20px; margin: 10px 0; font-size: 14px;\">\n<li style=\"margin-bottom: 8px;\">Compresi&oacute;n: H.265+ \/ H.265 \/ H.264+ \/ H.264.<\/li>\n<li style=\"margin-bottom: 8px;\">Soporta 16 canales TURBOHD \/ anal&oacute;gicos + 8 canales IP = 24 canales en total.<\/li>\n<li style=\"margin-bottom: 8px;\">Soporta 5 Tecnolog&iacute;as (TVI \/ AHD \/ CVI \/ CVBS \/ IP):<\/li>\n<li style=\"margin-bottom: 8px;\">4 Megapixel Lite@ 15 IPS<\/li>\n<li style=\"margin-bottom: 8px;\">3 Megapixel @ 15 IPS<\/li>\n<li style=\"margin-bottom: 8px;\">2 Megapixel @ 30 IPS<\/li>\n<li style=\"margin-bottom: 8px;\">1 Megapixel @ 30 IPS<\/li>\n<li style=\"margin-bottom: 8px;\">Anal&oacute;gico 1200TVL (CVBS) @ 30 IPS<\/li>\n<li style=\"margin-bottom: 8px;\">IP hasta 6 Megapixel<\/li>\n<\/ul>\n<p style=\"margin-top: 15px; font-size: 14px;\"><strong>Nota:<\/strong> Acepta c&aacute;maras de 4MP&comma; 2MP y 1MP en todos sus canales BNC (C&aacute;maras de 3MP solo en el canal 1&comma; 2&comma; 3 y 4).<\/p>\n<p style=\"margin-top: 10px; font-size: 14px;\"><strong>El audio se recibe por la se&ntilde;al TVI<\/strong><\/p>\n<\/p><\/div>\n<\/p><\/div>\n<p> <!-- Caracter\u00edsticas destacadas --> <\/p>\n<div style=\"flex: 1 1 300px; min-width: 280px; border: 1px solid rgba(150&comma; 150&comma; 150&comma; 0.4); border-radius: 8px; overflow: hidden;\">\n<div style=\"padding: 15px; border-bottom: 1px solid rgba(150&comma; 150&comma; 150&comma; 0.2); font-weight: bold; font-size: 18px; color: inherit;\">Caracter&iacute;sticas Destacadas<\/div>\n<div style=\"padding: 15px;\">\n<p style=\"margin-top: 0;\">El DVR soporta 4 canales de video con activaci&oacute;n de detecci&oacute;n de cuerpo humano o detecci&oacute;n de veh&iacute;culos&comma; esto nos permite ser m&aacute;s precisos al momento de tener alguna grabaci&oacute;n de poder descargar cualquier otro tipo de movimientos.<\/p>\n<p>Es necesario contemplar cu&aacute;l de los anal&iacute;ticos se utilizar&aacute;n ya que no es posible utilizar ambos al mismo tiempo. Al activar la detecci&oacute;n de cuerpo humano no es posible activar detecci&oacute;n de veh&iacute;culos y viceversa.<\/p>\n<ul style=\"padding-left: 20px; margin: 15px 0; font-size: 14px;\">\n<li style=\"margin-bottom: 8px;\">Gu&iacute;a de configuraci&oacute;n filtro de humanos y veh&iacute;culos <a style=\"color: #005cb9; text-decoration: underline;\" href=\"https:\/\/soporte.syscom.mx\/es\/articles\/5388340-hikvision-acusense-guia-de-configuracion\" target=\"_blank\" rel=\"noopener\">aqu&iacute;<\/a><\/li>\n<\/ul>\n<p style=\"margin-top: 15px; font-weight: bold; font-size: 14px;\">Soporta audio en todos sus canales por coaxitron utilizando c&aacute;maras con audio integrado <a style=\"color: #005cb9; text-decoration: underline;\" href=\"https:\/\/www.syscom.mx\/principal\/promociones\/camaras_con_audio_por_coaxitron_2_mp-5477.html?ordenar=Relevancia&amp;pag=1\" target=\"_blank\" rel=\"noopener\">ver modelos compatibles<\/a>.<\/p>\n<p style=\"margin-top: 10px; font-weight: bold; font-size: 14px;\">Para utilizar audio de 2 v&iacute;as se recomienda colocar un micr&oacute;fono en la entrada de audio&comma; no se recomienda para audio de 2 v&iacute;as una c&aacute;mara con audio por coaxitron<\/p>\n<\/p><\/div>\n<\/p><\/div>\n<\/p><\/div>\n<p> <!-- Separador --><\/p>\n<hr style=\"border: 0; border-top: 1px solid rgba(150&comma; 150&comma; 150&comma; 0.3); margin: 30px 0;\" \/><!-- Recursos --> <\/p>\n<h2 style=\"text-align: center; font-size: 24px; margin-bottom: 25px;\">Recursos<\/h2>\n<p> <!-- Im\u00e1genes de recursos --> <\/p>\n<div style=\"display: flex; flex-wrap: wrap; gap: 20px; justify-content: center; margin-bottom: 30px;\"><a style=\"flex: 1 1 250px; min-width: 200px;\" href=\"https:\/\/www.hikvision.com\/es-la\/support\/download\/software\/ivms4200-series\/?q=serie%20ivms4200&amp;position=1\" target=\"_blank\" rel=\"noopener\"> <img decoding=\"async\" style=\"width: 100%; height: auto; border: 1px solid rgba(150&comma;150&comma;150&comma;0.3); border-radius: 8px;\" src=\"https:\/\/ftp3.syscom.mx\/usuarios\/gmagos\/HIK\/IP\/IPC\/Imagenes%20pagina\/Descargas%20IVMS4200.jpg\" alt=\"IVMS4200 Software\" \/> <\/a> <a style=\"flex: 1 1 250px; min-width: 200px;\" href=\"https:\/\/appstore.hikvision.com\/\" target=\"_blank\" rel=\"noopener\"> <img decoding=\"async\" style=\"width: 100%; height: auto; border: 1px solid rgba(150&comma;150&comma;150&comma;0.3); border-radius: 8px;\" src=\"https:\/\/ftp3.syscom.mx\/usuarios\/gmagos\/HIK\/IP\/IPC\/Imagenes%20pagina\/Descargas%20de%20app.jpg\" alt=\"App Store Hikvision\" \/> <\/a> <a style=\"flex: 1 1 250px; min-width: 200px;\" href=\"https:\/\/ftp3.syscom.mx\/usuarios\/jsosa\/epcom\/specs\/analogo\/dvr\/EV4000TURBOD\/EV-4000-TURBO-D%20Series-4.pdf\" target=\"_blank\" rel=\"noopener\"> <img decoding=\"async\" style=\"width: 100%; height: auto; border: 1px solid rgba(150&comma;150&comma;150&comma;0.3); border-radius: 8px;\" src=\"https:\/\/ftp3.syscom.mx\/usuarios\/gmagos\/HIK\/IP\/IPC\/Imagenes%20pagina\/Descarga%20de%20PDF.jpg\" alt=\"Ficha t&eacute;cnica PDF\" \/> <\/a><\/div>\n<p> <!-- Tecnolog\u00eda SensePlus --> <\/p>\n<div style=\"margin-bottom: 30px;\">\n<h3 style=\"font-size: 20px; border-bottom: 2px solid currentColor; padding-bottom: 5px; margin-top: 0; color: inherit; opacity: 0.8;\">Tecnolog&iacute;a SensePlus<\/h3>\n<p style=\"margin-top: 15px;\">La tecnolog&iacute;a AcuSense se basa en el algoritmo <em><strong>Deep Learning<\/strong><\/em> de epcom. Los algoritmos de <strong><em>Deep Learning<\/em><\/strong> son mucho m&aacute;s profundos que los algoritmos inteligentes convencionales&comma; que solo operan de forma superficial. Estos realizan aprendizaje de caracter&iacute;sticas&comma; proporcionando un rendimiento de an&aacute;lisis de contenido de v&iacute;deo (VCA) asombrosamente preciso y consistente.<\/p>\n<p style=\"margin-top: 15px;\">AcuSense es capaz de diferenciar&comma; con gran precisi&oacute;n&comma; un cuerpo humano y un veh&iacute;culo en un escenario con una gran cantidad de objetos. No solo puede detectar la intrusi&oacute;n humana y del veh&iacute;culo&comma; sino que tambi&eacute;n puede filtrar falsas alarmas que podr&iacute;an haber sido disparadas por objetos en movimiento que no presentan un riesgo.<\/p>\n<p style=\"margin-top: 15px;\">La tecnolog&iacute;a tambi&eacute;n brinda una funci&oacute;n de b&uacute;squeda de objetivos poderosa y r&aacute;pida que es capaz de analizar grabaciones y seleccionar todas las im&aacute;genes humanas o de veh&iacute;culos que se vinculan al video clip relacionado.<\/p>\n<\/p><\/div>\n<p> <!-- Im\u00e1genes AcuSense --> <\/p>\n<div style=\"display: grid; grid-template-columns: repeat(auto-fit&comma; minmax(280px&comma; 1fr)); gap: 20px; margin-bottom: 30px;\"><img decoding=\"async\" style=\"width: 100%; height: auto; border: 1px solid rgba(150&comma;150&comma;150&comma;0.3); border-radius: 8px;\" src=\"https:\/\/ftp3.syscom.mx\/usuarios\/jsosa\/josesosa\/Imagenes\/acusense1.jpg\" alt=\"AcuSense Imagen 1\" \/> <img decoding=\"async\" style=\"width: 100%; height: auto; border: 1px solid rgba(150&comma;150&comma;150&comma;0.3); border-radius: 8px;\" src=\"https:\/\/ftp3.syscom.mx\/usuarios\/jsosa\/josesosa\/Imagenes\/acusense2.jpg\" alt=\"AcuSense Imagen 2\" \/> <img decoding=\"async\" style=\"width: 100%; height: auto; border: 1px solid rgba(150&comma;150&comma;150&comma;0.3); border-radius: 8px;\" src=\"https:\/\/ftp3.syscom.mx\/usuarios\/jsosa\/josesosa\/Imagenes\/acusense3.jpg\" alt=\"AcuSense Imagen 3\" \/><\/div>\n<p> <!-- Im\u00e1genes adicionales --> <\/p>\n<div style=\"display: grid; grid-template-columns: repeat(auto-fit&comma; minmax(280px&comma; 1fr)); gap: 20px; margin-bottom: 30px;\"><img decoding=\"async\" style=\"width: 100%; height: auto; border: 1px solid rgba(150&comma;150&comma;150&comma;0.3); border-radius: 8px;\" src=\"https:\/\/ftp3.syscom.mx\/usuarios\/paginaweb\/Gifs\/Zi7LTq5.gif\" alt=\"Animaci&oacute;n 1\" \/> <img decoding=\"async\" style=\"width: 60%; height: auto; border: 1px solid rgba(150&comma;150&comma;150&comma;0.3); border-radius: 8px; display: block; margin: 0 auto;\" src=\"https:\/\/ftp3.syscom.mx\/usuarios\/fotos\/DS7208HQHIK1\/97560-pentahi.jpg\" alt=\"Pentah&iacute;brido\" \/> <img decoding=\"async\" style=\"width: 100%; height: auto; border: 1px solid rgba(150&comma;150&comma;150&comma;0.3); border-radius: 8px;\" src=\"https:\/\/ftp3.syscom.mx\/usuarios\/paginaweb\/Gifs\/tq5yYz4.gif\" alt=\"Animaci&oacute;n 2\" \/><\/div>\n<p> <!-- Separador --><\/p>\n<hr style=\"border: 0; border-top: 1px solid rgba(150&comma; 150&comma; 150&comma; 0.3); margin: 30px 0;\" \/><!-- H.265+ --> <\/p>\n<div style=\"margin-bottom: 30px;\">\n<h2 style=\"font-size: 20px; margin-bottom: 15px;\"><strong>&iquest;Qu&eacute; es H.265+?<\/strong><\/h2>\n<p>Es un formato de compresi&oacute;n inteligente que <strong>permite ahorrar hasta 80% de almacenamiento y ancho de banda<\/strong>&comma; para que la compresi&oacute;n se pueda activar debemos de contar con c&aacute;mara IP y NVR que soporten el mismo formato de compresi&oacute;n.<\/p>\n<\/p><\/div>\n<p> <!-- Comparativas H.265 --> <\/p>\n<div style=\"display: grid; grid-template-columns: repeat(auto-fit&comma; minmax(280px&comma; 1fr)); gap: 20px; margin-bottom: 30px;\">\n<div style=\"border: 1px solid rgba(150&comma;150&comma;150&comma;0.3); border-radius: 8px; padding: 15px;\">\n<p style=\"text-align: center; margin: 0; font-weight: bold;\">80% menos consumo que H.264<\/p>\n<p> <img decoding=\"async\" style=\"width: 100%; height: auto; margin-top: 10px; border: 1px solid rgba(150&comma;150&comma;150&comma;0.3); border-radius: 8px;\" src=\"https:\/\/3.bp.blogspot.com\/-c6ufw54r2xk\/WW_f4nkqWQI\/AAAAAAAAKVY\/I0edD6XJMPM-KppoJFsy-aINcLNxg6opQCEwYBhgL\/s400\/primero.tiff\" alt=\"Comparativa H.264 vs H.265\" \/><\/div>\n<div style=\"border: 1px solid rgba(150&comma;150&comma;150&comma;0.3); border-radius: 8px; padding: 15px;\">\n<p style=\"text-align: center; margin: 0; font-weight: bold;\">Mismo d&iacute;as de almacenamiento pero con menos discos duros<\/p>\n<p> <img decoding=\"async\" style=\"width: 100%; height: auto; margin-top: 10px; border: 1px solid rgba(150&comma;150&comma;150&comma;0.3); border-radius: 8px;\" src=\"https:\/\/1.bp.blogspot.com\/-tJoVn4NunDQ\/WW_f4qn0b0I\/AAAAAAAAKVU\/8aiRMT3NK0wg2s2bSbQI7zAQrjGN0ZJ5wCEwYBhgL\/s400\/tercero.tiff\" alt=\"Almacenamiento H.265\" \/><\/div>\n<div style=\"border: 1px solid rgba(150&comma;150&comma;150&comma;0.3); border-radius: 8px; padding: 15px;\">\n<p style=\"text-align: center; margin: 0; font-weight: bold;\">Hasta 20 c&aacute;maras Full HD tiempo real en un ancho de banda de 20Mbps<\/p>\n<p> <img decoding=\"async\" style=\"width: 100%; height: auto; margin-top: 10px; border: 1px solid rgba(150&comma;150&comma;150&comma;0.3); border-radius: 8px;\" src=\"https:\/\/2.bp.blogspot.com\/-4pPL-F39Ka4\/WW_f4Tqv-nI\/AAAAAAAAKVQ\/URQf8vDTvxM1pHB9hbg_DvHTemJ-B7isgCEwYBhgL\/s400\/segundo.tiff\" alt=\"Ancho de banda H.265\" \/><\/div>\n<\/p><\/div>\n<p> <!-- Im\u00e1genes adicionales --> <\/p>\n<div style=\"width: 100%; margin-bottom: 30px;\"><img decoding=\"async\" style=\"width: 100%; height: auto; border: 1px solid rgba(150&comma;150&comma;150&comma;0.3); border-radius: 8px;\" src=\"https:\/\/ftp3.syscom.mx\/usuarios\/fotos\/B8TURBOC\/189682-5-year-epcom-es_(2).png\" alt=\"5 a&ntilde;os de garant&iacute;a\" \/><\/div>\n<div style=\"width: 100%; margin-bottom: 30px;\"><img decoding=\"async\" style=\"width: 100%; height: auto; border: 1px solid rgba(150&comma;150&comma;150&comma;0.3); border-radius: 8px;\" src=\"https:\/\/ftp3.syscom.mx\/usuarios\/jsosa\/josesosa\/Imagenes\/menosconsumoha.jpg\" alt=\"Menos consumo\" \/><\/div>\n<\/p><\/div>\n","protected":false},"excerpt":{"rendered":"<p>DVR 4 Megapixel \/ 16 Canales TURBOHD + 8 Canales IP \/ 1 Bah\u00eda de Disco Duro \/ Audio por Coaxitron \/ Evita Falsas Alarmas \/ Salida de Video en Full HD<\/p>\n","protected":false},"featured_media":111882,"comment_status":"open","ping_status":"closed","template":"","meta":[],"product_brand":[],"product_cat":[2254],"product_tag":[2255,935,2256],"class_list":{"0":"post-111883","1":"product","2":"type-product","3":"status-publish","4":"has-post-thumbnail","6":"product_cat-videograbadoras-analogicas-turbohd-tvi-ahd-cvi","7":"product_tag-camaras-y-dvrs-hd-turbohd-ahd-hd-tvi","8":"product_tag-epcom","9":"product_tag-videograbadoras-analogicas-turbohd-tvi-ahd-cvi","11":"first","12":"outofstock","13":"sale","14":"shipping-taxable","15":"purchasable","16":"product-type-simple"},"_links":{"self":[{"href":"https:\/\/soydeaqui.ddns.net\/pachuca\/index.php\/wp-json\/wp\/v2\/product\/111883","targetHints":{"allow":["GET"]}}],"collection":[{"href":"https:\/\/soydeaqui.ddns.net\/pachuca\/index.php\/wp-json\/wp\/v2\/product"}],"about":[{"href":"https:\/\/soydeaqui.ddns.net\/pachuca\/index.php\/wp-json\/wp\/v2\/types\/product"}],"replies":[{"embeddable":true,"href":"https:\/\/soydeaqui.ddns.net\/pachuca\/index.php\/wp-json\/wp\/v2\/comments?post=111883"}],"wp:featuredmedia":[{"embeddable":true,"href":"https:\/\/soydeaqui.ddns.net\/pachuca\/index.php\/wp-json\/wp\/v2\/media\/111882"}],"wp:attachment":[{"href":"https:\/\/soydeaqui.ddns.net\/pachuca\/index.php\/wp-json\/wp\/v2\/media?parent=111883"}],"wp:term":[{"taxonomy":"product_brand","embeddable":true,"href":"https:\/\/soydeaqui.ddns.net\/pachuca\/index.php\/wp-json\/wp\/v2\/product_brand?post=111883"},{"taxonomy":"product_cat","embeddable":true,"href":"https:\/\/soydeaqui.ddns.net\/pachuca\/index.php\/wp-json\/wp\/v2\/product_cat?post=111883"},{"taxonomy":"product_tag","embeddable":true,"href":"https:\/\/soydeaqui.ddns.net\/pachuca\/index.php\/wp-json\/wp\/v2\/product_tag?post=111883"}],"curies":[{"name":"wp","href":"https:\/\/api.w.org\/{rel}","templated":true}]}}