{"id":111878,"date":"2026-03-20T21:11:10","date_gmt":"2026-03-20T21:11:10","guid":{"rendered":"https:\/\/soydeaqui.ddns.net\/pachuca\/index.php\/producto\/estacion-de-carga-y-respaldo-de-informacion-para-bodycam-hikvision-acceso-por-reconocimiento-facial-incluye-1-hdd-de-2-tb\/"},"modified":"2026-03-20T21:11:13","modified_gmt":"2026-03-20T21:11:13","slug":"estacion-de-carga-y-respaldo-de-informacion-para-bodycam-hikvision-acceso-por-reconocimiento-facial-incluye-1-hdd-de-2-tb","status":"publish","type":"product","link":"https:\/\/soydeaqui.ddns.net\/pachuca\/index.php\/producto\/estacion-de-carga-y-respaldo-de-informacion-para-bodycam-hikvision-acceso-por-reconocimiento-facial-incluye-1-hdd-de-2-tb\/","title":{"rendered":"Estaci\u00f3n de Carga y Respaldo de Informaci\u00f3n para Bodycam HIKVISION \/ Acceso por Reconocimiento Facial \/ Incluye 1 HDD de 2 TB"},"content":{"rendered":"<div style='width: 100%; max-width: 1200px; margin: 0 auto; font-family: sans-serif; line-height: 1.6; color: inherit; background-color: transparent;'> <!-- Logo HIKVISION --> <\/p>\n<div style='text-align: center; margin-bottom: 20px;'> <img style='width: 45%; height: auto; border: 1px solid rgba(150&comma;150&comma;150&comma;0.3); border-radius: 8px; max-width: 300px;' src='https:\/\/ftp3.syscom.mx\/usuarios\/jsosa\/HIKVISION\/imagenes\/logo\/hikvision%20see%20far.png' alt='Logo HIKVISION'> <\/div>\n<p> <!-- Secci\u00f3n de caracter\u00edsticas principales --> <\/p>\n<div style='display: flex; flex-wrap: wrap; gap: 30px; margin-bottom: 30px;'>\n<div style='flex: 1 1 300px; min-width: 280px;'>\n<h3 style='font-size: 22px; border-bottom: 2px solid currentColor; padding-bottom: 5px; margin-top: 0; color: inherit; opacity: 0.8;'>Caracter\u00edsticas principales<\/h3>\n<ul style='padding-left: 20px; font-size: 15px; color: inherit;'>\n<li style='margin-bottom: 5px;'>Pantalla t\u00e1ctil de 13.3 pulgadas con resoluci\u00f3n 1920 x 1080.<\/li>\n<li style='margin-bottom: 5px;'>Desbloqueo por reconocimiento facial.<\/li>\n<li style='margin-bottom: 5px;'>Soporta la conexi\u00f3n de hasta 8 c\u00e1maras (DS-MH2311&comma; DS-MCW405&comma; DS-MCW407).<\/li>\n<li style='margin-bottom: 5px;'>Interface de red 10\/100\/1000M.<\/li>\n<li style='margin-bottom: 5px;'>Sistema operativo basado en Android.<\/li>\n<\/ul><\/div>\n<p> <!-- Secci\u00f3n de caracter\u00edsticas f\u00edsicas y el\u00e9ctricas --> <\/p>\n<div style='flex: 1 1 300px; min-width: 280px;'>\n<h3 style='font-size: 22px; border-bottom: 2px solid currentColor; padding-bottom: 5px; margin-top: 0; color: inherit; opacity: 0.8;'>Caracter\u00edsticas F\u00edsicas y El\u00e9ctricas<\/h3>\n<ul style='padding-left: 20px; font-size: 15px; color: inherit;'>\n<li style='margin-bottom: 5px;'>Capacidad de HDD: 4 @ 6 TB (incluye 1 HDD de 2 TB).<\/li>\n<li style='margin-bottom: 5px;'>Dimensiones: 635 \u00d7 604.6 \u00d7 108.7 mm.<\/li>\n<li style='margin-bottom: 5px;'>Puertos USB: 1 Puerto USB 3.0 \/ 1 Puerto USB 2.0<\/li>\n<li style='margin-bottom: 5px;'>Garant\u00eda: 2 a\u00f1os.<\/li>\n<\/ul><\/div>\n<\/p><\/div>\n<p> <!-- Imagen final --> <\/p>\n<div style='margin: 30px 0;'> <img style='width: 100%; height: auto; border: 1px solid rgba(150&comma;150&comma;150&comma;0.3); border-radius: 8px;' src='' alt=''> <\/div>\n<\/p><\/div>\n","protected":false},"excerpt":{"rendered":"<p>Estaci\u00f3n de Carga y Respaldo de Informaci\u00f3n para Bodycam HIKVISION \/ Acceso por Reconocimiento Facial \/ Incluye 1 HDD de 2 TB<\/p>\n","protected":false},"featured_media":111877,"comment_status":"open","ping_status":"closed","template":"","meta":[],"product_brand":[],"product_cat":[1408,1406],"product_tag":[93,1409,54,1345],"class_list":{"0":"post-111878","1":"product","2":"type-product","3":"status-publish","4":"has-post-thumbnail","6":"product_cat-accesorios-dash-cams-y-body-cams","7":"product_cat-videograbadoras-moviles-videovigilancia","8":"product_tag-accesorios","9":"product_tag-dash-cams-y-body-cams","10":"product_tag-hikvision","11":"product_tag-videograbadoras-moviles","13":"first","14":"outofstock","15":"sale","16":"shipping-taxable","17":"purchasable","18":"product-type-simple"},"_links":{"self":[{"href":"https:\/\/soydeaqui.ddns.net\/pachuca\/index.php\/wp-json\/wp\/v2\/product\/111878","targetHints":{"allow":["GET"]}}],"collection":[{"href":"https:\/\/soydeaqui.ddns.net\/pachuca\/index.php\/wp-json\/wp\/v2\/product"}],"about":[{"href":"https:\/\/soydeaqui.ddns.net\/pachuca\/index.php\/wp-json\/wp\/v2\/types\/product"}],"replies":[{"embeddable":true,"href":"https:\/\/soydeaqui.ddns.net\/pachuca\/index.php\/wp-json\/wp\/v2\/comments?post=111878"}],"wp:featuredmedia":[{"embeddable":true,"href":"https:\/\/soydeaqui.ddns.net\/pachuca\/index.php\/wp-json\/wp\/v2\/media\/111877"}],"wp:attachment":[{"href":"https:\/\/soydeaqui.ddns.net\/pachuca\/index.php\/wp-json\/wp\/v2\/media?parent=111878"}],"wp:term":[{"taxonomy":"product_brand","embeddable":true,"href":"https:\/\/soydeaqui.ddns.net\/pachuca\/index.php\/wp-json\/wp\/v2\/product_brand?post=111878"},{"taxonomy":"product_cat","embeddable":true,"href":"https:\/\/soydeaqui.ddns.net\/pachuca\/index.php\/wp-json\/wp\/v2\/product_cat?post=111878"},{"taxonomy":"product_tag","embeddable":true,"href":"https:\/\/soydeaqui.ddns.net\/pachuca\/index.php\/wp-json\/wp\/v2\/product_tag?post=111878"}],"curies":[{"name":"wp","href":"https:\/\/api.w.org\/{rel}","templated":true}]}}