{"id":111845,"date":"2026-03-20T21:09:15","date_gmt":"2026-03-20T21:09:15","guid":{"rendered":"https:\/\/soydeaqui.ddns.net\/pachuca\/index.php\/producto\/servidor-nas-de-escritorio-con-4-bahias-expandible-a-9-bahias-hasta-144-tb\/"},"modified":"2026-03-20T21:09:36","modified_gmt":"2026-03-20T21:09:36","slug":"servidor-nas-de-escritorio-con-4-bahias-expandible-a-9-bahias-hasta-144-tb","status":"publish","type":"product","link":"https:\/\/soydeaqui.ddns.net\/pachuca\/index.php\/producto\/servidor-nas-de-escritorio-con-4-bahias-expandible-a-9-bahias-hasta-144-tb\/","title":{"rendered":"Servidor NAS de escritorio con 4 bah\u00edas \/ Expandible a 9 bah\u00edas \/ Hasta 144 TB"},"content":{"rendered":"<div style='width: 100%; max-width: 1200px; margin: 0 auto; font-family: sans-serif; line-height: 1.6; color: inherit; background-color: transparent;'> <!-- Banner de garant\u00eda --> <\/p>\n<div style='margin-bottom: 30px;'> <a href='https:\/\/ftp3.syscom.mx\/usuarios\/ftp\/2018\/10\/17\/be9cb\/PROCEDIMIENTO%20GARANTIA%20SYNOLOGY.pdf' style='display: block;'> <img style='width: 100%; height: auto; border: 1px solid rgba(150&comma;150&comma;150&comma;0.3); border-radius: 8px;' src='https:\/\/ftp3.syscom.mx\/usuarios\/nortega\/synology\/imagenes\/cintillo%20garantia.jpg' alt=''> <\/a> <\/div>\n<p> <!-- Descripci\u00f3n principal --> <\/p>\n<div style='margin-bottom: 30px; font-size: 15px;'>\n<p>Synology DS918PLUS se dise\u00f1\u00f3 para peque\u00f1as y medianas empresas&comma; y aficionados de TI. DS918PLUS proporciona una transmisi\u00f3n excepcional de archivos cifrados con un potente motor de cifrado de hardware AES-NI integrado. DS918PLUS tambi\u00e9n es capaz de transcodificar hasta dos canales de videos 4K H.265\/H.264 al mismo tiempo&comma; por lo que es ideal para compartir y almacenar contenido multimedia en ultra alta definici\u00f3n.<\/p>\n<\/p><\/div>\n<p> <!-- Secci\u00f3n de videovigilancia --> <\/p>\n<div style='margin-bottom: 30px;'>\n<h3 style='font-size: 20px; border-bottom: 2px solid currentColor; padding-bottom: 5px; margin-top: 0; margin-bottom: 15px; color: inherit; opacity: 0.8;'>Videovigilancia<\/h3>\n<ul style='padding-left: 20px; font-size: 15px; color: inherit;'>\n<li style='margin-bottom: 8px;'>Soporta hasta 40 c\u00e1maras (incluye 2 licencias) es necesario aumentar memoria RAM<\/li>\n<li style='margin-bottom: 8px;'>Soporta c\u00e1maras hasta 4K (ver <a style='color: inherit; text-decoration: underline;' href='https:\/\/www.synology.com\/es-mx\/compatibility\/camera' target='_blank' rel='noopener'>listado de compatibilidad<\/a>)<\/li>\n<\/ul>\n<p> <!-- Cuadros por segundo por c\u00f3dec --> <\/p>\n<div style='margin-top: 20px;'>\n<h4 style='font-size: 18px; margin-top: 20px; margin-bottom: 10px; color: inherit;'>Cuadros por segundo totales con <strong style='color: inherit;'>H.264<\/strong><\/h4>\n<ul style='padding-left: 25px; margin-bottom: 20px; color: inherit;'>\n<li style='margin-bottom: 5px;'>1200 FPS @ 720p (1280&#215;720)<\/li>\n<li style='margin-bottom: 5px;'>840 FPS @ 1080p (1920\u00d71080)<\/li>\n<li style='margin-bottom: 5px;'>550 FPS @ 3M (2048&#215;1536)<\/li>\n<li style='margin-bottom: 5px;'>300 FPS @ 5M (2591&#215;1944)<\/li>\n<li style='margin-bottom: 5px;'>180 FPS @ 4K (3840&#215;2160)<\/li>\n<\/ul>\n<h4 style='font-size: 18px; margin-top: 20px; margin-bottom: 10px; color: inherit;'>Cuadros por segundo totales con <strong style='color: inherit;'>H.265<\/strong><\/h4>\n<ul style='padding-left: 25px; margin-bottom: 20px; color: inherit;'>\n<li style='margin-bottom: 5px;'>1200 FPS @ 720p (1280&#215;720)<\/li>\n<li style='margin-bottom: 5px;'>1200 FPS @ 1080p (1920\u00d71080)<\/li>\n<li style='margin-bottom: 5px;'>900 FPS @ 3M (2048&#215;1536)<\/li>\n<li style='margin-bottom: 5px;'>550 FPS @ 5M (2591&#215;1944)<\/li>\n<li style='margin-bottom: 5px;'>300 FPS @ 4K (3840&#215;2160)<\/li>\n<\/ul>\n<h4 style='font-size: 18px; margin-top: 20px; margin-bottom: 10px; color: inherit;'>Cuadros por segundo totales con <strong style='color: inherit;'>MJPEG<\/strong><\/h4>\n<ul style='padding-left: 25px; margin-bottom: 20px; color: inherit;'>\n<li style='margin-bottom: 5px;'>720 FPS @ 720p (1280&#215;720)<\/li>\n<li style='margin-bottom: 5px;'>500 FPS @ 1080p (1920\u00d71080)<\/li>\n<li style='margin-bottom: 5px;'>330 FPS @ 3M (2048&#215;1536)<\/li>\n<li style='margin-bottom: 5px;'>200 FPS @ 5M (2591&#215;1944)<\/li>\n<\/ul>\n<p> <!-- Imagen de videovigilancia --> <\/p>\n<div style='margin-top: 20px;'> <img style='width: 100%; height: auto; border: 1px solid rgba(150&comma;150&comma;150&comma;0.3); border-radius: 8px;' src='https:\/\/ftp3.syscom.mx\/usuarios\/nortega\/synology\/imagenes\/surveillance\/livecam.jpg' alt=''> <\/div>\n<\/p><\/div>\n<\/p><\/div>\n<p> <!-- Secci\u00f3n de especificaciones en grid --> <\/p>\n<div style='display: flex; flex-wrap: wrap; gap: 20px; margin-bottom: 30px;'> <!-- Procesador --> <\/p>\n<div style='flex: 1 1 250px; min-width: 280px;'>\n<div style='border: 1px solid rgba(150&comma;150&comma;150&comma;0.3); border-radius: 8px; overflow: hidden; display: flex; flex-direction: column;'>\n<div style='padding: 15px; border-bottom: 1px solid rgba(150&comma;150&comma;150&comma;0.2); font-weight: bold; font-size: 18px; color: inherit;'>Procesador<\/div>\n<div style='padding: 15px; color: inherit;'>\n<ul style='padding-left: 20px; margin: 0; font-size: 14px; list-style-type: disc;'>\n<li style='margin-bottom: 5px;'><strong>Modelo:<\/strong> Intel Celeron J4125<\/li>\n<li style='margin-bottom: 5px;'><strong>Arquitectura:<\/strong> 64-bit<\/li>\n<li style='margin-bottom: 5px;'><strong>Frecuencia:<\/strong> N\u00facleo cu\u00e1druple 2.7GHz<\/li>\n<li style='margin-bottom: 5px;'><strong>Motor de crifrado de hardware:<\/strong> AES-NI<\/li>\n<li style='margin-bottom: 5px;'><strong>Memoria RAM:<\/strong> 4GB (expandible hasta 8GB)<\/li>\n<\/ul><\/div>\n<\/p><\/div>\n<\/p><\/div>\n<p> <!-- Caracter\u00edsticas F\u00edsicas y El\u00e9ctricas --> <\/p>\n<div style='flex: 1 1 250px; min-width: 280px;'>\n<div style='border: 1px solid rgba(150&comma;150&comma;150&comma;0.3); border-radius: 8px; overflow: hidden; display: flex; flex-direction: column;'>\n<div style='padding: 15px; border-bottom: 1px solid rgba(150&comma;150&comma;150&comma;0.2); font-weight: bold; font-size: 18px; color: inherit;'>Caracter\u00edsticas F\u00edsicas y El\u00e9ctricas<\/div>\n<div style='padding: 15px; color: inherit;'>\n<ul style='padding-left: 20px; margin: 0; font-size: 14px; list-style-type: disc;'>\n<li style='margin-bottom: 5px;'><strong>Alimentaci\u00f3n:<\/strong> 100 a 240VCA. (Incluye fuente de alimentaci\u00f3n)<\/li>\n<li style='margin-bottom: 5px;'><strong>Consumo:<\/strong> 28.8W<\/li>\n<li style='margin-bottom: 5px;'><strong>Temperatura de operaci\u00f3n:<\/strong> 5 a 40 \u00b0C<\/li>\n<li style='margin-bottom: 5px;'><strong>Dimensiones:<\/strong> 166 x 199 x 223 mm<\/li>\n<li style='margin-bottom: 5px;'><strong>Peso:<\/strong> 2.24Kg<\/li>\n<\/ul>\n<div style='margin-top: 15px; border-top: 1px solid rgba(150&comma;150&comma;150&comma;0.2); padding-top: 15px;'> <strong style='font-size: 14px; color: inherit;'>Garant\u00eda:<\/strong> 3 a\u00f1os <\/div>\n<\/p><\/div>\n<\/p><\/div>\n<\/p><\/div>\n<p> <!-- Almacenamiento --> <\/p>\n<div style='flex: 1 1 250px; min-width: 280px;'>\n<div style='border: 1px solid rgba(150&comma;150&comma;150&comma;0.3); border-radius: 8px; overflow: hidden; display: flex; flex-direction: column;'>\n<div style='padding: 15px; border-bottom: 1px solid rgba(150&comma;150&comma;150&comma;0.2); font-weight: bold; font-size: 18px; color: inherit;'>Almacenamiento<\/div>\n<div style='padding: 15px; color: inherit;'>\n<ul style='padding-left: 20px; margin: 0; font-size: 14px; list-style-type: disc;'>\n<li style='margin-bottom: 5px;'><strong>Tama\u00f1o m\u00e1ximo de volumen individual:<\/strong> 108TB<\/li>\n<li style='margin-bottom: 5px;'><strong>N\u00famero m\u00e1ximo de ISCSI Target:<\/strong> 32<\/li>\n<li style='margin-bottom: 5px;'><strong>N\u00famero m\u00e1ximo de iSCSI LUN:<\/strong> 256<\/li>\n<\/ul><\/div>\n<\/p><\/div>\n<\/p><\/div>\n<\/p><\/div>\n<p> <!-- Segunda fila de especificaciones --> <\/p>\n<div style='display: flex; flex-wrap: wrap; gap: 20px; margin-bottom: 30px;'> <!-- Puertos de conexi\u00f3n --> <\/p>\n<div style='flex: 1 1 250px; min-width: 280px;'>\n<div style='border: 1px solid rgba(150&comma;150&comma;150&comma;0.3); border-radius: 8px; overflow: hidden; display: flex; flex-direction: column;'>\n<div style='padding: 15px; border-bottom: 1px solid rgba(150&comma;150&comma;150&comma;0.2); font-weight: bold; font-size: 18px; color: inherit;'>Puertos de conexi\u00f3n<\/div>\n<div style='padding: 15px; color: inherit;'>\n<ul style='padding-left: 20px; margin: 0; font-size: 14px; list-style-type: disc;'>\n<li style='margin-bottom: 5px;'><strong>2 Puertos RJ45 Gigabit<\/strong> (Con Link Aggregation \/ Failover support)<\/li>\n<li style='margin-bottom: 5px;'><strong>2 Puertos USB 3.0<\/strong> (SuperSpeed)<\/li>\n<li style='margin-bottom: 5px;'><strong>1 Puerto eSATA<\/strong><\/li>\n<\/ul><\/div>\n<\/p><\/div>\n<\/p><\/div>\n<p> <!-- RAID Compatible --> <\/p>\n<div style='flex: 1 1 250px; min-width: 280px;'>\n<div style='border: 1px solid rgba(150&comma;150&comma;150&comma;0.3); border-radius: 8px; overflow: hidden; display: flex; flex-direction: column;'>\n<div style='padding: 15px; border-bottom: 1px solid rgba(150&comma;150&comma;150&comma;0.2); font-weight: bold; font-size: 18px; color: inherit;'>RAID Compatible<\/div>\n<div style='padding: 15px; color: inherit;'>\n<ul style='padding-left: 20px; margin: 0; font-size: 14px; list-style-type: disc;'>\n<li style='margin-bottom: 5px;'>Synology Hybrid RAID<\/li>\n<li style='margin-bottom: 5px;'>JBOD<\/li>\n<li style='margin-bottom: 5px;'>RAID 0<\/li>\n<li style='margin-bottom: 5px;'>RAID 1<\/li>\n<li style='margin-bottom: 5px;'>RAID 5<\/li>\n<li style='margin-bottom: 5px;'>RAID 6<\/li>\n<li style='margin-bottom: 5px;'>RAID 10<\/li>\n<\/ul><\/div>\n<\/p><\/div>\n<\/p><\/div>\n<p> <!-- Software --> <\/p>\n<div style='flex: 1 1 250px; min-width: 280px;'>\n<div style='border: 1px solid rgba(150&comma;150&comma;150&comma;0.3); border-radius: 8px; overflow: hidden; display: flex; flex-direction: column;'>\n<div style='padding: 15px; border-bottom: 1px solid rgba(150&comma;150&comma;150&comma;0.2); font-weight: bold; font-size: 18px; color: inherit;'>Software<\/div>\n<div style='padding: 15px; color: inherit;'>\n<ul style='padding-left: 20px; margin: 0; font-size: 14px; list-style-type: disc;'>\n<li style='margin-bottom: 8px;'>Synology DiskStation Manager (DSM) es un elegante sistema operativo basado en navegador&comma; lo que hace que Synology NAS sea muy f\u00e1cil de utilizar<\/li>\n<li style='margin-bottom: 8px;'>Para conocer todas las aplicaciones adicionales (Add-Ons)&comma; como Servidor de Archivos&comma; de correo&comma; FTP&comma; impresi\u00f3n&comma; fotos&comma; videos y muchos m\u00e1s&comma; consulte la Hoja de Especificaciones<\/li>\n<\/ul><\/div>\n<\/p><\/div>\n<\/p><\/div>\n<\/p><\/div>\n<p> <!-- Informaci\u00f3n adicional --> <\/p>\n<div style='margin-bottom: 30px;'>\n<div style='border: 1px solid rgba(150&comma;150&comma;150&comma;0.3); border-radius: 8px; overflow: hidden;'>\n<div style='padding: 15px; border-bottom: 1px solid rgba(150&comma;150&comma;150&comma;0.2); font-weight: bold; font-size: 18px; color: inherit;'>Informaci\u00f3n adicional<\/div>\n<div style='padding: 15px; color: inherit;'>\n<ul style='padding-left: 20px; margin: 0; font-size: 14px; list-style-type: disc;'>\n<li style='margin-bottom: 5px;'>En conformidad con RoHS<\/li>\n<\/ul>\n<div style='margin-top: 20px;'>\n<p style='margin: 0 0 10px 0; font-size: 14px; color: inherit;'>\u00bfQue servidor NAS es el mas adecuado para usted?<\/p>\n<p> <a style='color: inherit; text-decoration: underline; font-size: 14px;' href='https:\/\/www.synology.com\/es-mx\/support\/nas_selector' target='_blank' rel='noopener'>https:\/\/www.synology.com\/es-mx\/support\/nas_selector<\/a> <\/div>\n<\/p><\/div>\n<\/p><\/div>\n<\/p><\/div>\n<\/p><\/div>\n","protected":false},"excerpt":{"rendered":"<p>Servidor NAS de escritorio con 4 bah\u00edas \/ Expandible a 9 bah\u00edas \/ Hasta 144 TB<\/p>\n","protected":false},"featured_media":111844,"comment_status":"open","ping_status":"closed","template":"","meta":[],"product_brand":[],"product_cat":[2064],"product_tag":[2066,2065,1976],"class_list":{"0":"post-111845","1":"product","2":"type-product","3":"status-publish","4":"has-post-thumbnail","6":"product_cat-almacenamiento-nas-san-esata","7":"product_tag-almacenamiento-nas-san-esata","8":"product_tag-servidores-almacenamiento","9":"product_tag-synology","11":"first","12":"outofstock","13":"sale","14":"shipping-taxable","15":"purchasable","16":"product-type-simple"},"_links":{"self":[{"href":"https:\/\/soydeaqui.ddns.net\/pachuca\/index.php\/wp-json\/wp\/v2\/product\/111845","targetHints":{"allow":["GET"]}}],"collection":[{"href":"https:\/\/soydeaqui.ddns.net\/pachuca\/index.php\/wp-json\/wp\/v2\/product"}],"about":[{"href":"https:\/\/soydeaqui.ddns.net\/pachuca\/index.php\/wp-json\/wp\/v2\/types\/product"}],"replies":[{"embeddable":true,"href":"https:\/\/soydeaqui.ddns.net\/pachuca\/index.php\/wp-json\/wp\/v2\/comments?post=111845"}],"wp:featuredmedia":[{"embeddable":true,"href":"https:\/\/soydeaqui.ddns.net\/pachuca\/index.php\/wp-json\/wp\/v2\/media\/111844"}],"wp:attachment":[{"href":"https:\/\/soydeaqui.ddns.net\/pachuca\/index.php\/wp-json\/wp\/v2\/media?parent=111845"}],"wp:term":[{"taxonomy":"product_brand","embeddable":true,"href":"https:\/\/soydeaqui.ddns.net\/pachuca\/index.php\/wp-json\/wp\/v2\/product_brand?post=111845"},{"taxonomy":"product_cat","embeddable":true,"href":"https:\/\/soydeaqui.ddns.net\/pachuca\/index.php\/wp-json\/wp\/v2\/product_cat?post=111845"},{"taxonomy":"product_tag","embeddable":true,"href":"https:\/\/soydeaqui.ddns.net\/pachuca\/index.php\/wp-json\/wp\/v2\/product_tag?post=111845"}],"curies":[{"name":"wp","href":"https:\/\/api.w.org\/{rel}","templated":true}]}}