{"id":111827,"date":"2026-03-20T21:08:12","date_gmt":"2026-03-20T21:08:12","guid":{"rendered":"https:\/\/soydeaqui.ddns.net\/pachuca\/index.php\/producto\/servidor-nas-de-escritorio-con-2-bahias-expandible-a-7-bahias-hasta-112-tb\/"},"modified":"2026-03-20T21:08:32","modified_gmt":"2026-03-20T21:08:32","slug":"servidor-nas-de-escritorio-con-2-bahias-expandible-a-7-bahias-hasta-112-tb","status":"publish","type":"product","link":"https:\/\/soydeaqui.ddns.net\/pachuca\/index.php\/producto\/servidor-nas-de-escritorio-con-2-bahias-expandible-a-7-bahias-hasta-112-tb\/","title":{"rendered":"Servidor NAS de escritorio con 2 bah\u00edas \/ Expandible a 7 bah\u00edas \/ Hasta 112 TB"},"content":{"rendered":"<div style='width: 100%; max-width: 1200px; margin: 0 auto; font-family: sans-serif; line-height: 1.6; color: inherit; background-color: transparent;'> <!-- Banner de garant\u00eda --> <\/p>\n<div style='margin-bottom: 30px;'> <a href='https:\/\/ftp3.syscom.mx\/usuarios\/ftp\/2018\/10\/17\/be9cb\/PROCEDIMIENTO%20GARANTIA%20SYNOLOGY.pdf' style='text-decoration: none;'> <img style='width: 100%; height: auto; border: 1px solid rgba(150&comma;150&comma;150&comma;0.3); border-radius: 8px;' src='https:\/\/ftp3.syscom.mx\/usuarios\/nortega\/synology\/imagenes\/cintillo%20garantia.jpg' alt='Garant\u00eda Synology'> <\/a> <\/div>\n<p> <!-- Descripci\u00f3n general --> <\/p>\n<div style='margin-bottom: 30px; font-size: 15px;'> Gracias a que est\u00e1 equipado con un procesador de cuatro n\u00facleos y un motor de cifrado de hardware AES-NI&comma; el DS718PLUS ofrece excelentes velocidades de transferencia de archivos. Con la escalabilidad para expandirse hasta en 7 unidades con la unidad de expansi\u00f3n DX517 de Synology y la capacidad para realizar transcodificaci\u00f3n de video 4K\/1080p en tiempo real&comma; el DS718PLUS es ideal para centralizar las copias de seguridad de datos y almacenar contenidos multimedia de ultra alta definici\u00f3n. <\/div>\n<p> <!-- Secci\u00f3n de videovigilancia --> <\/p>\n<div style='margin-bottom: 30px;'>\n<h3 style='font-size: 20px; border-bottom: 2px solid currentColor; padding-bottom: 5px; margin-top: 0; color: inherit; opacity: 0.8;'>Videovigilancia<\/h3>\n<ul style='padding-left: 20px; font-size: 15px; color: inherit;'>\n<li style='margin-bottom: 5px;'>Soporta hasta 40 c\u00e1maras (incluye 2 licencias)<\/li>\n<li style='margin-bottom: 5px;'>Soporta c\u00e1maras hasta 4K (ver <a href='https:\/\/www.synology.com\/es-mx\/compatibility\/camera' target='_blank' rel='noopener' style='color: inherit; text-decoration: underline;'>listado de compatibilidad<\/a>)<\/li>\n<\/ul>\n<p> <!-- Cuadros por segundo por codec --> <\/p>\n<div style='margin-top: 20px;'>\n<h4 style='font-size: 18px; margin-top: 0; color: inherit; opacity: 0.8;'>Cuadros por segundo totales con H.264<\/h4>\n<ul style='padding-left: 25px; font-size: 15px; color: inherit;'>\n<li style='margin-bottom: 5px;'>1200 FPS @ 720p (1280&#215;720)<\/li>\n<li style='margin-bottom: 5px;'>800 FPS @ 1080p (1920\u00d71080)<\/li>\n<li style='margin-bottom: 5px;'>350 FPS @ 3M (2048&#215;1536)<\/li>\n<li style='margin-bottom: 5px;'>280 FPS @ 5M (2591&#215;1944)<\/li>\n<li style='margin-bottom: 5px;'>170 FPS @ 4K (3840&#215;2160)<\/li>\n<\/ul>\n<h4 style='font-size: 18px; margin-top: 20px; color: inherit; opacity: 0.8;'>Cuadros por segundo totales con H.265<\/h4>\n<ul style='padding-left: 25px; font-size: 15px; color: inherit;'>\n<li style='margin-bottom: 5px;'>1200 FPS @ 720p (1280&#215;720)<\/li>\n<li style='margin-bottom: 5px;'>1200 FPS @ 1080p (1920\u00d71080)<\/li>\n<li style='margin-bottom: 5px;'>600 FPS @ 3M (2048&#215;1536)<\/li>\n<li style='margin-bottom: 5px;'>480 FPS @ 5M (2591&#215;1944)<\/li>\n<li style='margin-bottom: 5px;'>200 FPS @ 4K (3840&#215;2160)<\/li>\n<\/ul>\n<h4 style='font-size: 18px; margin-top: 20px; color: inherit; opacity: 0.8;'>Cuadros por segundo totales con MJPEG<\/h4>\n<ul style='padding-left: 25px; font-size: 15px; color: inherit;'>\n<li style='margin-bottom: 5px;'>450 FPS @ 720p (1280&#215;720)<\/li>\n<li style='margin-bottom: 5px;'>350 FPS @ 1080p (1920\u00d71080)<\/li>\n<li style='margin-bottom: 5px;'>200 FPS @ 3M (2048&#215;1536)<\/li>\n<li style='margin-bottom: 5px;'>100 FPS @ 5M (2591&#215;1944)<\/li>\n<\/ul><\/div>\n<p> <!-- Aplicaci\u00f3n LiveCam --> <\/p>\n<div style='margin-top: 20px;'>\n<p style='margin-bottom: 15px;'>Grabe directamente desde su celular (iOS) con la aplicaci\u00f3n LiveCam&comma; sin necesidad de abrir puertos ni tener IP P\u00fablica Fija.<\/p>\n<p> <img style='width: 100%; height: auto; border: 1px solid rgba(150&comma;150&comma;150&comma;0.3); border-radius: 8px;' src='https:\/\/ftp3.syscom.mx\/usuarios\/nortega\/synology\/imagenes\/surveillance\/livecam.jpg' alt='Aplicaci\u00f3n LiveCam'> <\/div>\n<\/p><\/div>\n<p> <!-- Secci\u00f3n de especificaciones t\u00e9cnicas --> <\/p>\n<div style='margin-bottom: 30px;'>\n<h3 style='font-size: 20px; border-bottom: 2px solid currentColor; padding-bottom: 5px; margin-top: 0; color: inherit; opacity: 0.8;'>Especificaciones T\u00e9cnicas<\/h3>\n<div style='display: flex; flex-wrap: wrap; gap: 20px; margin-top: 20px;'> <!-- Procesador --> <\/p>\n<div style='flex: 1 1 300px; min-width: 280px;'>\n<div style='border: 1px solid rgba(150&comma;150&comma;150&comma;0.4); border-radius: 8px; overflow: hidden; display: flex; flex-direction: column;'>\n<div style='padding: 15px; border-bottom: 1px solid rgba(150&comma;150&comma;150&comma;0.2); font-weight: bold; font-size: 18px; color: inherit;'>Procesador<\/div>\n<div style='padding: 15px; color: inherit;'>\n<ul style='padding-left: 20px; margin: 0; font-size: 14px; list-style-type: disc;'>\n<li style='margin-bottom: 5px;'>Modelo: Intel Celeron J4125<\/li>\n<li style='margin-bottom: 5px;'>Arquitectura: 64-bit<\/li>\n<li style='margin-bottom: 5px;'>Frecuencia: N\u00facleo Cu\u00e1druple 2.7 GHz<\/li>\n<li style='margin-bottom: 5px;'>Motor de cifrado de hardware: AES-NI<\/li>\n<li style='margin-bottom: 5px;'>Memoria RAM 2GB (expandible a 6GB)<\/li>\n<\/ul><\/div>\n<\/p><\/div>\n<\/p><\/div>\n<p> <!-- Caracter\u00edsticas F\u00edsicas y El\u00e9ctricas --> <\/p>\n<div style='flex: 1 1 300px; min-width: 280px;'>\n<div style='border: 1px solid rgba(150&comma;150&comma;150&comma;0.4); border-radius: 8px; overflow: hidden; display: flex; flex-direction: column;'>\n<div style='padding: 15px; border-bottom: 1px solid rgba(150&comma;150&comma;150&comma;0.2); font-weight: bold; font-size: 18px; color: inherit;'>Caracter\u00edsticas F\u00edsicas y El\u00e9ctricas<\/div>\n<div style='padding: 15px; color: inherit;'>\n<ul style='padding-left: 20px; margin: 0; font-size: 14px; list-style-type: disc;'>\n<li style='margin-bottom: 5px;'>Alimentaci\u00f3n: 100 a 240VCA. (Incluye fuente de alimentaci\u00f3n).<\/li>\n<li style='margin-bottom: 5px;'>Consumo: 20.1 W.<\/li>\n<li style='margin-bottom: 5px;'>Temperatura de operaci\u00f3n: 5 a 35 \u00b0C.<\/li>\n<li style='margin-bottom: 5px;'>Dimensiones: 166 x 106 x 223 mm.<\/li>\n<li style='margin-bottom: 5px;'>Peso: 1.51 Kg.<\/li>\n<\/ul><\/div>\n<\/p><\/div>\n<\/p><\/div>\n<p> <!-- Almacenamiento --> <\/p>\n<div style='flex: 1 1 300px; min-width: 280px;'>\n<div style='border: 1px solid rgba(150&comma;150&comma;150&comma;0.4); border-radius: 8px; overflow: hidden; display: flex; flex-direction: column;'>\n<div style='padding: 15px; border-bottom: 1px solid rgba(150&comma;150&comma;150&comma;0.2); font-weight: bold; font-size: 18px; color: inherit;'>Almacenamiento<\/div>\n<div style='padding: 15px; color: inherit;'>\n<ul style='padding-left: 20px; margin: 0; font-size: 14px; list-style-type: disc;'>\n<li style='margin-bottom: 5px;'>2 Bah\u00edas para Discos Duros internos (no incluidos).<\/li>\n<li style='margin-bottom: 5px;'>Expandible hasta 7 Bah\u00edas con Unidad de Expansi\u00f3n DX517.<\/li>\n<li style='margin-bottom: 5px;'>Soporta discos duros HDD\/SSD de 3.5\u201d&comma; 2.5\u201d. SATA III y SATA II.<\/li>\n<li style='margin-bottom: 5px;'>Soporta discos duros de hasta 16TB.<\/li>\n<li style='margin-bottom: 5px;'>Hot Swap.<\/li>\n<\/ul><\/div>\n<\/p><\/div>\n<\/p><\/div>\n<\/p><\/div>\n<div style='display: flex; flex-wrap: wrap; gap: 20px; margin-top: 20px;'> <!-- Puertos de conexi\u00f3n --> <\/p>\n<div style='flex: 1 1 300px; min-width: 280px;'>\n<div style='border: 1px solid rgba(150&comma;150&comma;150&comma;0.4); border-radius: 8px; overflow: hidden; display: flex; flex-direction: column;'>\n<div style='padding: 15px; border-bottom: 1px solid rgba(150&comma;150&comma;150&comma;0.2); font-weight: bold; font-size: 18px; color: inherit;'>Puertos de conexi\u00f3n<\/div>\n<div style='padding: 15px; color: inherit;'>\n<ul style='padding-left: 20px; margin: 0; font-size: 14px; list-style-type: disc;'>\n<li style='margin-bottom: 5px;'>4 Puertos RJ45 Gigabit (Con Link Aggregation \/ Failover support).<\/li>\n<li style='margin-bottom: 5px;'>2 Puertos USB 3.0.<\/li>\n<li style='margin-bottom: 5px;'>2 Puertos USB 2.0.<\/li>\n<li style='margin-bottom: 5px;'>1 Puerto PCIe 3.0.<\/li>\n<li style='margin-bottom: 5px;'>1 Puerto expansi\u00f3n.<\/li>\n<\/ul><\/div>\n<\/p><\/div>\n<\/p><\/div>\n<p> <!-- RAID Compatible --> <\/p>\n<div style='flex: 1 1 300px; min-width: 280px;'>\n<div style='border: 1px solid rgba(150&comma;150&comma;150&comma;0.4); border-radius: 8px; overflow: hidden; display: flex; flex-direction: column;'>\n<div style='padding: 15px; border-bottom: 1px solid rgba(150&comma;150&comma;150&comma;0.2); font-weight: bold; font-size: 18px; color: inherit;'>RAID Compatible<\/div>\n<div style='padding: 15px; color: inherit;'>\n<ul style='padding-left: 20px; margin: 0; font-size: 14px; list-style-type: disc;'>\n<li style='margin-bottom: 5px;'>Synology Hybrid RAID<\/li>\n<li style='margin-bottom: 5px;'>JBOD.<\/li>\n<li style='margin-bottom: 5px;'>RAID 0.<\/li>\n<li style='margin-bottom: 5px;'>RAID 1.<\/li>\n<li style='margin-bottom: 5px;'>RAID 5 (Con unidad de expansi\u00f3n).<\/li>\n<li style='margin-bottom: 5px;'>RAID 6 (Con unidad de expansi\u00f3n).<\/li>\n<li style='margin-bottom: 5px;'>RAID 10 (Con unidad de expansi\u00f3n).<\/li>\n<\/ul><\/div>\n<\/p><\/div>\n<\/p><\/div>\n<p> <!-- Software --> <\/p>\n<div style='flex: 1 1 300px; min-width: 280px;'>\n<div style='border: 1px solid rgba(150&comma;150&comma;150&comma;0.4); border-radius: 8px; overflow: hidden; display: flex; flex-direction: column;'>\n<div style='padding: 15px; border-bottom: 1px solid rgba(150&comma;150&comma;150&comma;0.2); font-weight: bold; font-size: 18px; color: inherit;'>Software<\/div>\n<div style='padding: 15px; color: inherit;'>\n<ul style='padding-left: 20px; margin: 0; font-size: 14px; list-style-type: disc;'>\n<li style='margin-bottom: 5px;'>Synology DiskStation Manager (DSM) es un elegante sistema operativo basado en navegador&comma; lo que hace que Synology NAS sea muy f\u00e1cil de utilizar.<\/li>\n<li style='margin-bottom: 5px;'>Para conocer todas las aplicaciones adicionales (Add-Ons)&comma; como Servidor de Archivos&comma; de correo&comma; FTP&comma; impresi\u00f3n&comma; fotos&comma; videos y muchos m\u00e1s&comma; consulte la Hoja de Especificaciones.<\/li>\n<\/ul><\/div>\n<\/p><\/div>\n<\/p><\/div>\n<\/p><\/div>\n<p> <!-- Gesti\u00f3n de almacenamiento e informaci\u00f3n adicional --> <\/p>\n<div style='margin-top: 20px;'>\n<div style='border: 1px solid rgba(150&comma;150&comma;150&comma;0.4); border-radius: 8px; overflow: hidden; display: flex; flex-direction: column;'>\n<div style='padding: 15px; border-bottom: 1px solid rgba(150&comma;150&comma;150&comma;0.2); font-weight: bold; font-size: 18px; color: inherit;'>Gesti\u00f3n de almacenamiento e informaci\u00f3n adicional<\/div>\n<div style='padding: 15px; color: inherit;'>\n<h4 style='font-size: 16px; margin-top: 0; color: inherit; opacity: 0.8;'>Gesti\u00f3n de almacenamiento<\/h4>\n<ul style='padding-left: 20px; margin: 0 0 15px 20px; font-size: 14px; list-style-type: disc; color: inherit;'>\n<li style='margin-bottom: 5px;'>Tama\u00f1o m\u00e1ximo de volumen individual: 108TB.<\/li>\n<li style='margin-bottom: 5px;'>N\u00famero m\u00e1ximo de ISCSI Target: 32.<\/li>\n<li style='margin-bottom: 5px;'>N\u00famero m\u00e1ximo de iSCSI LUN: 256.<\/li>\n<\/ul>\n<h4 style='font-size: 16px; margin-top: 0; color: inherit; opacity: 0.8;'>Informaci\u00f3n adicional<\/h4>\n<ul style='padding-left: 20px; margin: 0 0 15px 20px; font-size: 14px; list-style-type: disc; color: inherit;'>\n<li style='margin-bottom: 5px;'>En conformidad con RoHS.<\/li>\n<li style='margin-bottom: 5px;'>Garant\u00eda de hardware de 3 a\u00f1os.<\/li>\n<\/ul>\n<p style='margin-top: 15px; font-size: 14px; color: inherit;'>\u00bfQu\u00e9 servidor NAS es el m\u00e1s adecuado para usted? <a href='https:\/\/www.synology.com\/es-mx\/support\/nas_selector' style='color: inherit; text-decoration: underline;'>https:\/\/www.synology.com\/es-mx\/support\/nas_selector<\/a><\/p>\n<\/p><\/div>\n<\/p><\/div>\n<\/p><\/div>\n<\/p><\/div>\n<p> <!-- Separador final --> <\/p>\n<hr style='border: 0; border-top: 1px solid rgba(150&comma;150&comma;150&comma;0.3); margin: 30px 0;'> <\/div>\n","protected":false},"excerpt":{"rendered":"<p>Servidor NAS de escritorio con 2 bah\u00edas \/ Expandible a 7 bah\u00edas \/ Hasta 112 TB<\/p>\n","protected":false},"featured_media":111826,"comment_status":"open","ping_status":"closed","template":"","meta":[],"product_brand":[],"product_cat":[2234],"product_tag":[122,2235,1976],"class_list":{"0":"post-111827","1":"product","2":"type-product","3":"status-publish","4":"has-post-thumbnail","6":"product_cat-nvrs-network-video-recorders","7":"product_tag-camaras-ip-y-nvrs","8":"product_tag-nvrs-network-video-recorders","9":"product_tag-synology","11":"first","12":"outofstock","13":"sale","14":"shipping-taxable","15":"purchasable","16":"product-type-simple"},"_links":{"self":[{"href":"https:\/\/soydeaqui.ddns.net\/pachuca\/index.php\/wp-json\/wp\/v2\/product\/111827","targetHints":{"allow":["GET"]}}],"collection":[{"href":"https:\/\/soydeaqui.ddns.net\/pachuca\/index.php\/wp-json\/wp\/v2\/product"}],"about":[{"href":"https:\/\/soydeaqui.ddns.net\/pachuca\/index.php\/wp-json\/wp\/v2\/types\/product"}],"replies":[{"embeddable":true,"href":"https:\/\/soydeaqui.ddns.net\/pachuca\/index.php\/wp-json\/wp\/v2\/comments?post=111827"}],"wp:featuredmedia":[{"embeddable":true,"href":"https:\/\/soydeaqui.ddns.net\/pachuca\/index.php\/wp-json\/wp\/v2\/media\/111826"}],"wp:attachment":[{"href":"https:\/\/soydeaqui.ddns.net\/pachuca\/index.php\/wp-json\/wp\/v2\/media?parent=111827"}],"wp:term":[{"taxonomy":"product_brand","embeddable":true,"href":"https:\/\/soydeaqui.ddns.net\/pachuca\/index.php\/wp-json\/wp\/v2\/product_brand?post=111827"},{"taxonomy":"product_cat","embeddable":true,"href":"https:\/\/soydeaqui.ddns.net\/pachuca\/index.php\/wp-json\/wp\/v2\/product_cat?post=111827"},{"taxonomy":"product_tag","embeddable":true,"href":"https:\/\/soydeaqui.ddns.net\/pachuca\/index.php\/wp-json\/wp\/v2\/product_tag?post=111827"}],"curies":[{"name":"wp","href":"https:\/\/api.w.org\/{rel}","templated":true}]}}