{"id":111819,"date":"2026-03-20T21:07:45","date_gmt":"2026-03-20T21:07:45","guid":{"rendered":"https:\/\/soydeaqui.ddns.net\/pachuca\/index.php\/producto\/nvr-empresarial-unifi-protect-de-4-bahias-de-disco-duro-recomendado-para-hasta-50-camaras-full-hd\/"},"modified":"2026-03-20T21:08:06","modified_gmt":"2026-03-20T21:08:06","slug":"nvr-empresarial-unifi-protect-de-4-bahias-de-disco-duro-recomendado-para-hasta-50-camaras-full-hd","status":"publish","type":"product","link":"https:\/\/soydeaqui.ddns.net\/pachuca\/index.php\/producto\/nvr-empresarial-unifi-protect-de-4-bahias-de-disco-duro-recomendado-para-hasta-50-camaras-full-hd\/","title":{"rendered":"NVR Empresarial UniFi Protect de 4 Bah\u00edas de Disco Duro, recomendado para hasta 50 c\u00e1maras Full HD"},"content":{"rendered":"<div style='width: 100%; max-width: 1200px; margin: 0 auto; font-family: sans-serif; line-height: 1.6; color: inherit; background-color: transparent;'>\n<div style='width: 100%; max-width: 1200px; margin: 0 auto; font-family: sans-serif; line-height: 1.6; color: inherit; background-color: transparent;'>\n<div style='width: 100%; margin-bottom: 30px;'>\n<h2 style='font-size: 28px; margin-top: 0; margin-bottom: 15px; color: inherit;'>UniFi Protect Network Video Recorder<\/h2>\n<p style='font-size: 20px; color: inherit; opacity: 0.8; margin-bottom: 30px;'>El grabador de video en red empresarial puede proporcionar hasta 30 d\u00edas de almacenamiento de video 4K para 15 c\u00e1maras o almacenamiento de video Full HD para 50 c\u00e1maras.<\/p>\n<div style='display: grid; grid-template-columns: repeat(auto-fill&comma; minmax(280px&comma; 1fr)); gap: 30px; margin-bottom: 30px;'>\n<div style='text-align: center;'> <img style='width: 100px; height: auto; margin-bottom: 15px; border: 1px solid rgba(150&comma;150&comma;150&comma;0.3); border-radius: 8px;' src='https:\/\/ftp3.syscom.mx\/usuarios\/adiaz\/vista-producto\/UNVR\/hdd.png' alt=''> <\/p>\n<p style='font-size: 16px; font-weight: bold; color: inherit;'>4x Bah\u00edas de HDD 2.5\u201d\/3.5\u201d<\/p>\n<\/p><\/div>\n<div style='text-align: center;'> <img style='width: 100px; height: auto; margin-bottom: 15px; border: 1px solid rgba(150&comma;150&comma;150&comma;0.3); border-radius: 8px;' src='https:\/\/ftp3.syscom.mx\/usuarios\/adiaz\/vista-producto\/UNVR\/rj45.png' alt=''> <\/p>\n<p style='font-size: 16px; font-weight: bold; color: inherit;'>Puerto 10 Gbps SFP+<\/p>\n<\/p><\/div>\n<div style='text-align: center;'> <img style='width: 100px; height: auto; margin-bottom: 15px; border: 1px solid rgba(150&comma;150&comma;150&comma;0.3); border-radius: 8px;' src='https:\/\/ftp3.syscom.mx\/usuarios\/adiaz\/vista-producto\/UNVR\/rj452.png' alt=''> <\/p>\n<p style='font-size: 16px; font-weight: bold; color: inherit;'>Puerto Gigabit RJ45<\/p>\n<\/p><\/div>\n<\/p><\/div>\n<div style='display: grid; grid-template-columns: repeat(auto-fill&comma; minmax(280px&comma; 1fr)); gap: 30px; margin-bottom: 30px;'>\n<div style='text-align: center;'> <img style='width: 100px; height: auto; margin-bottom: 15px; border: 1px solid rgba(150&comma;150&comma;150&comma;0.3); border-radius: 8px;' src='https:\/\/ftp3.syscom.mx\/usuarios\/adiaz\/vista-producto\/UNVR\/pandp.png' alt=''> <\/p>\n<p style='font-size: 16px; font-weight: bold; color: inherit;'>Sistema Plug &amp; Play con UniFi Protect<\/p>\n<\/p><\/div>\n<div style='text-align: center;'> <img style='width: 100px; height: auto; margin-bottom: 15px; border: 1px solid rgba(150&comma;150&comma;150&comma;0.3); border-radius: 8px;' src='https:\/\/ftp3.syscom.mx\/usuarios\/adiaz\/vista-producto\/UNVR\/raid.png' alt=''> <\/p>\n<p style='font-size: 16px; font-weight: bold; color: inherit;'>Configuraci\u00f3n Autom\u00e1tica de RAID 1 o RAID 5<\/p>\n<\/p><\/div>\n<div style='text-align: center;'> <img style='width: 100px; height: auto; margin-bottom: 15px; border: 1px solid rgba(150&comma;150&comma;150&comma;0.3); border-radius: 8px;' src='https:\/\/ftp3.syscom.mx\/usuarios\/adiaz\/vista-producto\/UNVR\/usprps.png' alt=''> <\/p>\n<p style='font-size: 16px; font-weight: bold; color: inherit;'>Soporte de Energ\u00eda Redundante<\/p>\n<\/p><\/div>\n<\/p><\/div>\n<div style='position: relative; padding-bottom: 56.25%; height: 0; overflow: hidden; margin: 30px 0;'> <video style='position: absolute; top: 0; left: 0; width: 100%; height: 100%;' src='https:\/\/ftp3.syscom.mx\/usuarios\/adiaz\/vista-producto\/UNVR\/UNVR.mp4' loop='loop' muted='muted' controls='controls'><\/video> <\/div>\n<\/p><\/div>\n<div style='width: 100%; margin-bottom: 30px;'>\n<h3 style='font-size: 24px; border-bottom: 2px solid currentColor; padding-bottom: 5px; margin-top: 0; color: inherit; opacity: 0.8;'>Recomendaciones importantes<\/h3>\n<div style='margin-bottom: 20px;'>\n<p style='font-size: 16px; color: inherit; margin: 15px 0;'>Se recomienda utilizar <a style='color: inherit; text-decoration: underline;' href='https:\/\/www.ui.com\/consoles\/resource-calculator' target='_blank' rel='noopener'>UniFi OS Console Resource Calculator<\/a> para seleccionar un controlador o NVR UniFi.<\/p>\n<p style='font-size: 14px; color: inherit; margin: 15px 0;'>Nota: aseg\u00farese de que sus discos duros cumplan con las <a style='color: inherit; text-decoration: underline;' href='https:\/\/help.ui.com\/hc\/en-us\/articles\/360037340954-UniFi-Hard-drive-compatibility-and-management#compatibility-storage-requirements' target='_blank' rel='noopener'>pautas generales de Ubiquiti<\/a> y no est\u00e9n incluidos en nuestra <a style='color: inherit; text-decoration: underline;' href='https:\/\/help.ui.com\/hc\/en-us\/articles\/360037340954-UniFi-Hard-drive-compatibility-and-management#compatibility-storage-requirements' target='_blank' rel='noopener'>lista de modelos incompatibles.<\/a><\/p>\n<\/p><\/div>\n<\/p><\/div>\n<div style='width: 100%; margin-bottom: 30px;'>\n<h2 style='font-size: 28px; margin-top: 0; margin-bottom: 15px; color: inherit;'>Seguridad de video simplemente escalable<\/h2>\n<p style='font-size: 20px; color: inherit; opacity: 0.8; margin-bottom: 30px;'>Sistema de c\u00e1maras de red escalable y plug-and-play. Vea sus videos y grabaciones en vivo en cualquier lugar con acceso gratuito a la nube y aplicaciones m\u00f3viles.<\/p>\n<p> <img style='width: 100%; height: auto; border: 1px solid rgba(150&comma;150&comma;150&comma;0.3); border-radius: 8px;' src='https:\/\/ftp3.syscom.mx\/usuarios\/adiaz\/vista-producto\/UNVR\/software.jpg' alt=''> <\/div>\n<div style='display: grid; grid-template-columns: repeat(auto-fill&comma; minmax(280px&comma; 1fr)); gap: 30px; margin-bottom: 30px;'>\n<div style='text-align: center;'> <img style='width: 100px; height: auto; margin-bottom: 15px; border: 1px solid rgba(150&comma;150&comma;150&comma;0.3); border-radius: 8px;' src='https:\/\/ftp3.syscom.mx\/usuarios\/adiaz\/vista-producto\/UNVR\/scalable.png' alt=''> <\/p>\n<h3 style='font-size: 20px; margin-top: 0; margin-bottom: 10px; color: inherit;'>Altamente escalable<\/h3>\n<p style='font-size: 15px; color: inherit;'>Agregue hasta 50 c\u00e1maras a su sistema para cubrir todos los \u00e1ngulos.<\/p>\n<\/p><\/div>\n<div style='text-align: center;'> <img style='width: 100px; height: auto; margin-bottom: 15px; border: 1px solid rgba(150&comma;150&comma;150&comma;0.3); border-radius: 8px;' src='https:\/\/ftp3.syscom.mx\/usuarios\/adiaz\/vista-producto\/UNVR\/performance.png' alt=''> <\/p>\n<h3 style='font-size: 20px; margin-top: 0; margin-bottom: 10px; color: inherit;'>Rendimiento<\/h3>\n<p style='font-size: 15px; color: inherit;'>\u00d3ptica potente&comma; visi\u00f3n nocturna de alta potencia y transmisi\u00f3n de video n\u00edtida y Full HD.<\/p>\n<\/p><\/div>\n<div style='text-align: center;'> <img style='width: 100px; height: auto; margin-bottom: 15px; border: 1px solid rgba(150&comma;150&comma;150&comma;0.3); border-radius: 8px;' src='https:\/\/ftp3.syscom.mx\/usuarios\/adiaz\/vista-producto\/UNVR\/fees.png' alt=''> <\/p>\n<h3 style='font-size: 20px; margin-top: 0; margin-bottom: 10px; color: inherit;'>Sin tarifas mensuales<\/h3>\n<p style='font-size: 15px; color: inherit;'>Acceso gratuito a la nube para transmitir y ver sus grabaciones.<\/p>\n<\/p><\/div>\n<div style='text-align: center;'> <img style='width: 100px; height: auto; margin-bottom: 15px; border: 1px solid rgba(150&comma;150&comma;150&comma;0.3); border-radius: 8px;' src='https:\/\/ftp3.syscom.mx\/usuarios\/adiaz\/vista-producto\/UNVR\/data.png' alt=''> <\/p>\n<h3 style='font-size: 20px; margin-top: 0; margin-bottom: 10px; color: inherit;'>Controla tus datos<\/h3>\n<p style='font-size: 15px; color: inherit;'>Su video se almacena en su propio hardware seguro&comma; no en un servidor en la nube.<\/p>\n<\/p><\/div>\n<\/p><\/div>\n<div style='width: 100%; margin-bottom: 30px;'>\n<h2 style='font-size: 28px; margin-top: 0; margin-bottom: 15px; color: inherit;'>Software UniFi Protect<\/h2>\n<p style='font-size: 20px; color: inherit; opacity: 0.8; margin-bottom: 30px;'>Es un sistema de vigilancia de gesti\u00f3n de video IP integrado&comma; potente y flexible&comma; dise\u00f1ado para funcionar con c\u00e1maras UniFi Protect y la aplicaci\u00f3n UniFi Protect.<\/p>\n<div style='display: flex; flex-wrap: wrap; gap: 30px; align-items: center;'> <img style='width: 100%; max-width: 600px; height: auto; border: 1px solid rgba(150&comma;150&comma;150&comma;0.3); border-radius: 8px;' src='https:\/\/ftp3.syscom.mx\/usuarios\/adiaz\/vista-producto\/UNVR\/timeslap.gif' alt=''> <\/p>\n<div style='flex: 1 1 300px; min-width: 280px;'>\n<h3 style='font-size: 22px; margin-top: 0; margin-bottom: 10px; color: inherit;'>Timelapse<\/h3>\n<p style='font-size: 15px; color: inherit;'>Revise f\u00e1cilmente varios d\u00edas de metraje en segundos. La nueva funci\u00f3n UniFi Protect Timelapse le permite desplazarse r\u00e1pidamente por sus grabaciones para encontrar el momento exacto que desea ver.<\/p>\n<\/p><\/div>\n<\/p><\/div>\n<\/p><\/div>\n<div style='width: 100%; margin-bottom: 30px;'>\n<h3 style='font-size: 22px; border-bottom: 2px solid currentColor; padding-bottom: 5px; margin-top: 0; color: inherit; opacity: 0.8;'>Especificaci\u00f3n del producto<\/h3>\n<div style='display: flex; flex-wrap: wrap; gap: 20px; margin-top: 20px;'>\n<div style='flex: 1 1 250px; border: 1px solid rgba(150&comma; 150&comma; 150&comma; 0.4); border-radius: 8px; overflow: hidden; display: flex; flex-direction: column;'>\n<div style='padding: 15px; border-bottom: 1px solid rgba(150&comma; 150&comma; 150&comma; 0.2); font-weight: bold; font-size: 18px; color: inherit;'>Dimensiones<\/div>\n<div style='padding: 15px; color: inherit;'>\n<ul style='padding-left: 20px; margin: 0; font-size: 14px; list-style-type: disc;'>\n<li style='margin-bottom: 5px;'>442.4 x 325 x 43.7 mm<\/li>\n<li style='margin-bottom: 5px;'>(17.4 x 12.8 x 1.7&#8242;)<\/li>\n<\/ul><\/div>\n<\/p><\/div>\n<div style='flex: 1 1 250px; border: 1px solid rgba(150&comma; 150&comma; 150&comma; 0.4); border-radius: 8px; overflow: hidden; display: flex; flex-direction: column;'>\n<div style='padding: 15px; border-bottom: 1px solid rgba(150&comma; 150&comma; 150&comma; 0.2); font-weight: bold; font-size: 18px; color: inherit;'>Peso<\/div>\n<div style='padding: 15px; color: inherit;'>\n<ul style='padding-left: 20px; margin: 0; font-size: 14px; list-style-type: disc;'>\n<li style='margin-bottom: 5px;'>Sin soportes: 5.11 kg (11.27 lb)<\/li>\n<li style='margin-bottom: 5px;'>Con soportes: 5.20 kg (11.46 lb)<\/li>\n<\/ul><\/div>\n<\/p><\/div>\n<div style='flex: 1 1 250px; border: 1px solid rgba(150&comma; 150&comma; 150&comma; 0.4); border-radius: 8px; overflow: hidden; display: flex; flex-direction: column;'>\n<div style='padding: 15px; border-bottom: 1px solid rgba(150&comma; 150&comma; 150&comma; 0.2); font-weight: bold; font-size: 18px; color: inherit;'>Enclosure<\/div>\n<div style='padding: 15px; color: inherit;'>\n<ul style='padding-left: 20px; margin: 0; font-size: 14px; list-style-type: disc;'>\n<li style='margin-bottom: 5px;'>SGCC Steel<\/li>\n<\/ul><\/div>\n<\/p><\/div>\n<div style='flex: 1 1 250px; border: 1px solid rgba(150&comma; 150&comma; 150&comma; 0.4); border-radius: 8px; overflow: hidden; display: flex; flex-direction: column;'>\n<div style='padding: 15px; border-bottom: 1px solid rgba(150&comma; 150&comma; 150&comma; 0.2); font-weight: bold; font-size: 18px; color: inherit;'>Procesador<\/div>\n<div style='padding: 15px; color: inherit;'>\n<ul style='padding-left: 20px; margin: 0; font-size: 14px; list-style-type: disc;'>\n<li style='margin-bottom: 5px;'>Quad-Core ARM Cortex-A57 a 1.7 GHz<\/li>\n<\/ul><\/div>\n<\/p><\/div>\n<div style='flex: 1 1 250px; border: 1px solid rgba(150&comma; 150&comma; 150&comma; 0.4); border-radius: 8px; overflow: hidden; display: flex; flex-direction: column;'>\n<div style='padding: 15px; border-bottom: 1px solid rgba(150&comma; 150&comma; 150&comma; 0.2); font-weight: bold; font-size: 18px; color: inherit;'>Memoria del Sistema<\/div>\n<div style='padding: 15px; color: inherit;'>\n<ul style='padding-left: 20px; margin: 0; font-size: 14px; list-style-type: disc;'>\n<li style='margin-bottom: 5px;'>4 GB DDR4<\/li>\n<\/ul><\/div>\n<\/p><\/div>\n<div style='flex: 1 1 250px; border: 1px solid rgba(150&comma; 150&comma; 150&comma; 0.4); border-radius: 8px; overflow: hidden; display: flex; flex-direction: column;'>\n<div style='padding: 15px; border-bottom: 1px solid rgba(150&comma; 150&comma; 150&comma; 0.2); font-weight: bold; font-size: 18px; color: inherit;'>Almacenamiento Flash Incorporado<\/div>\n<div style='padding: 15px; color: inherit;'>\n<ul style='padding-left: 20px; margin: 0; font-size: 14px; list-style-type: disc;'>\n<li style='margin-bottom: 5px;'>SPI NOR 32 MB&comma; USB Flash 8 GB<\/li>\n<\/ul><\/div>\n<\/p><\/div>\n<div style='flex: 1 1 250px; border: 1px solid rgba(150&comma; 150&comma; 150&comma; 0.4); border-radius: 8px; overflow: hidden; display: flex; flex-direction: column;'>\n<div style='padding: 15px; border-bottom: 1px solid rgba(150&comma; 150&comma; 150&comma; 0.2); font-weight: bold; font-size: 18px; color: inherit;'>Consumo M\u00e1ximo<\/div>\n<div style='padding: 15px; color: inherit;'>\n<ul style='padding-left: 20px; margin: 0; font-size: 14px; list-style-type: disc;'>\n<li style='margin-bottom: 5px;'>100W<\/li>\n<\/ul><\/div>\n<\/p><\/div>\n<div style='flex: 1 1 250px; border: 1px solid rgba(150&comma; 150&comma; 150&comma; 0.4); border-radius: 8px; overflow: hidden; display: flex; flex-direction: column;'>\n<div style='padding: 15px; border-bottom: 1px solid rgba(150&comma; 150&comma; 150&comma; 0.2); font-weight: bold; font-size: 18px; color: inherit;'>M\u00e9todo de Alimentaci\u00f3n<\/div>\n<div style='padding: 15px; color: inherit;'>\n<ul style='padding-left: 20px; margin: 0; font-size: 14px; list-style-type: disc;'>\n<li style='margin-bottom: 5px;'>(1) Entrada Universal CA<\/li>\n<li style='margin-bottom: 5px;'>(1) Entrada RPS CD<\/li>\n<\/ul><\/div>\n<\/p><\/div>\n<div style='flex: 1 1 250px; border: 1px solid rgba(150&comma; 150&comma; 150&comma; 0.4); border-radius: 8px; overflow: hidden; display: flex; flex-direction: column;'>\n<div style='padding: 15px; border-bottom: 1px solid rgba(150&comma; 150&comma; 150&comma; 0.2); font-weight: bold; font-size: 18px; color: inherit;'>Fuente de Alimentaci\u00f3n<\/div>\n<div style='padding: 15px; color: inherit;'>\n<ul style='padding-left: 20px; margin: 0; font-size: 14px; list-style-type: disc;'>\n<li style='margin-bottom: 5px;'>100-240Vac&comma; 50\/60 Hz&comma; 2A<\/li>\n<\/ul><\/div>\n<\/p><\/div>\n<div style='flex: 1 1 250px; border: 1px solid rgba(150&comma; 150&comma; 150&comma; 0.4); border-radius: 8px; overflow: hidden; display: flex; flex-direction: column;'>\n<div style='padding: 15px; border-bottom: 1px solid rgba(150&comma; 150&comma; 150&comma; 0.2); font-weight: bold; font-size: 18px; color: inherit;'>Interfaces de Red<\/div>\n<div style='padding: 15px; color: inherit;'>\n<ul style='padding-left: 20px; margin: 0; font-size: 14px; list-style-type: disc;'>\n<li style='margin-bottom: 5px;'>(1) 10\/100\/1000 Mbps RJ45<\/li>\n<li style='margin-bottom: 5px;'>(1) 1\/10 Gbps SFP+<\/li>\n<\/ul><\/div>\n<\/p><\/div>\n<div style='flex: 1 1 250px; border: 1px solid rgba(150&comma; 150&comma; 150&comma; 0.4); border-radius: 8px; overflow: hidden; display: flex; flex-direction: column;'>\n<div style='padding: 15px; border-bottom: 1px solid rgba(150&comma; 150&comma; 150&comma; 0.2); font-weight: bold; font-size: 18px; color: inherit;'>ESD\/EMP Protection<\/div>\n<div style='padding: 15px; color: inherit;'>\n<ul style='padding-left: 20px; margin: 0; font-size: 14px; list-style-type: disc;'>\n<li style='margin-bottom: 5px;'>Air: \u00b1 12kV&comma; Contact: \u00b1 8kV<\/li>\n<\/ul><\/div>\n<\/p><\/div>\n<div style='flex: 1 1 250px; border: 1px solid rgba(150&comma; 150&comma; 150&comma; 0.4); border-radius: 8px; overflow: hidden; display: flex; flex-direction: column;'>\n<div style='padding: 15px; border-bottom: 1px solid rgba(150&comma; 150&comma; 150&comma; 0.2); font-weight: bold; font-size: 18px; color: inherit;'>Temperatura de Operaci\u00f3n<\/div>\n<div style='padding: 15px; color: inherit;'>\n<ul style='padding-left: 20px; margin: 0; font-size: 14px; list-style-type: disc;'>\n<li style='margin-bottom: 5px;'>-5 to 40\u00b0 C (23 to 104\u00b0 F)<\/li>\n<\/ul><\/div>\n<\/p><\/div>\n<div style='flex: 1 1 250px; border: 1px solid rgba(150&comma; 150&comma; 150&comma; 0.4); border-radius: 8px; overflow: hidden; display: flex; flex-direction: column;'>\n<div style='padding: 15px; border-bottom: 1px solid rgba(150&comma; 150&comma; 150&comma; 0.2); font-weight: bold; font-size: 18px; color: inherit;'>Humedad<\/div>\n<div style='padding: 15px; color: inherit;'>\n<ul style='padding-left: 20px; margin: 0; font-size: 14px; list-style-type: disc;'>\n<li style='margin-bottom: 5px;'>5 &#8211; 95% Sin condensaci\u00f3n<\/li>\n<\/ul><\/div>\n<\/p><\/div>\n<div style='flex: 1 1 250px; border: 1px solid rgba(150&comma; 150&comma; 150&comma; 0.4); border-radius: 8px; overflow: hidden; display: flex; flex-direction: column;'>\n<div style='padding: 15px; border-bottom: 1px solid rgba(150&comma; 150&comma; 150&comma; 0.2); font-weight: bold; font-size: 18px; color: inherit;'>LEDs<\/div>\n<div style='padding: 15px; color: inherit;'>\n<ul style='padding-left: 20px; margin: 0; font-size: 14px; list-style-type: disc;'>\n<li style='margin-bottom: 5px;'><strong>System:<\/strong> (1) Power&comma; Blue\/White<\/li>\n<li style='margin-bottom: 5px;'>Flashing White: Bootup in Progress<\/li>\n<li style='margin-bottom: 5px;'>Flashing Blue: Firmware Upgrading<\/li>\n<li style='margin-bottom: 5px;'>Steady White: Factory Defaults&comma; Awaiting Adoption<\/li>\n<li style='margin-bottom: 5px;'>Steady Blue: Device is Adopted<\/li>\n<li style='margin-bottom: 5px;'><strong>Ethernet:<\/strong> Green: 1000 Mbps&comma; Amber: 10\/100 Mbps<\/li>\n<li style='margin-bottom: 5px;'><strong>SFP+:<\/strong> White: 10 Gbps&comma; Green: 1 Gbps<\/li>\n<li style='margin-bottom: 5px;'><strong>HDD:<\/strong> Amber: Disk Error&comma; White: Disk Detected<\/li>\n<\/ul><\/div>\n<\/p><\/div>\n<\/p><\/div>\n<\/p><\/div>\n<\/p><\/div>\n<\/p><\/div>\n","protected":false},"excerpt":{"rendered":"<p>NVR Empresarial UniFi Protect de 4 Bah\u00edas de Disco Duro, recomendado para hasta 50 c\u00e1maras Full HD<\/p>\n","protected":false},"featured_media":111818,"comment_status":"open","ping_status":"closed","template":"","meta":[],"product_brand":[],"product_cat":[2234],"product_tag":[122,2235,166],"class_list":{"0":"post-111819","1":"product","2":"type-product","3":"status-publish","4":"has-post-thumbnail","6":"product_cat-nvrs-network-video-recorders","7":"product_tag-camaras-ip-y-nvrs","8":"product_tag-nvrs-network-video-recorders","9":"product_tag-ubiquiti","11":"first","12":"instock","13":"sale","14":"shipping-taxable","15":"purchasable","16":"product-type-simple"},"_links":{"self":[{"href":"https:\/\/soydeaqui.ddns.net\/pachuca\/index.php\/wp-json\/wp\/v2\/product\/111819","targetHints":{"allow":["GET"]}}],"collection":[{"href":"https:\/\/soydeaqui.ddns.net\/pachuca\/index.php\/wp-json\/wp\/v2\/product"}],"about":[{"href":"https:\/\/soydeaqui.ddns.net\/pachuca\/index.php\/wp-json\/wp\/v2\/types\/product"}],"replies":[{"embeddable":true,"href":"https:\/\/soydeaqui.ddns.net\/pachuca\/index.php\/wp-json\/wp\/v2\/comments?post=111819"}],"wp:featuredmedia":[{"embeddable":true,"href":"https:\/\/soydeaqui.ddns.net\/pachuca\/index.php\/wp-json\/wp\/v2\/media\/111818"}],"wp:attachment":[{"href":"https:\/\/soydeaqui.ddns.net\/pachuca\/index.php\/wp-json\/wp\/v2\/media?parent=111819"}],"wp:term":[{"taxonomy":"product_brand","embeddable":true,"href":"https:\/\/soydeaqui.ddns.net\/pachuca\/index.php\/wp-json\/wp\/v2\/product_brand?post=111819"},{"taxonomy":"product_cat","embeddable":true,"href":"https:\/\/soydeaqui.ddns.net\/pachuca\/index.php\/wp-json\/wp\/v2\/product_cat?post=111819"},{"taxonomy":"product_tag","embeddable":true,"href":"https:\/\/soydeaqui.ddns.net\/pachuca\/index.php\/wp-json\/wp\/v2\/product_tag?post=111819"}],"curies":[{"name":"wp","href":"https:\/\/api.w.org\/{rel}","templated":true}]}}