{"id":111804,"date":"2026-03-20T21:06:53","date_gmt":"2026-03-20T21:06:53","guid":{"rendered":"https:\/\/soydeaqui.ddns.net\/pachuca\/index.php\/producto\/juego-de-9-herramientas-para-instalador-de-redes-incluye-bolsa-de-viaje\/"},"modified":"2026-03-20T21:07:05","modified_gmt":"2026-03-20T21:07:05","slug":"juego-de-9-herramientas-para-instalador-de-redes-incluye-bolsa-de-viaje","status":"publish","type":"product","link":"https:\/\/soydeaqui.ddns.net\/pachuca\/index.php\/producto\/juego-de-9-herramientas-para-instalador-de-redes-incluye-bolsa-de-viaje\/","title":{"rendered":"Juego de 9 Herramientas para Instalador de Redes. Incluye bolsa de viaje"},"content":{"rendered":"<p style='text-align: center;'><img src='data:image\/png;base64&comma;iVBORw0KGgoAAAANSUhEUgAAAR0AAABlCAIAAAD\/DqA0AAAgAElEQVR4Ae1dCVQUx9buHhiHVYSAYjDoKIKoCC4QwG1kUVFRgYiIEHGJxiWJ+OJDiRuC8bkvUVGMUQETBX3RaAyLyBbQRIhhUUGQRYMIsswAwzDTan5j\/Vaa6qYZnpzoYPXx4O2ae29Vf1Vf19pVxJ\/4wghgBDobAaKzHWJ\/GAGMwJ+YV7gQYAQ6HwHMq87HFHvECGBe4TKAEeh8BNh59ezZsydPnlD4wghgBDgRePLkybNnz5i8ZOHV06dPOV3hHzECGIFWCDx9+hShFsqrZ8+etbLANxgBjIASCCC1Fsor3PxTAkOsghFAEXjy5Am9ykJ5harje4wARkA5BDCvlMMJa2EEOoIA5lVH0MK6GAHlEMC8Ug4nrIUR6AgCmFcdQQvrYgSUQwDzSjmcsBZGoCMIYF51BC2sixFQDgHMK+VwwloYgY4ggHnVEbSwLkZAOQQwr5TDCWthBDqCAOZVR9DCuhgB5RDAvFIOJ6yFEegIAm8LrxQKRUVFRWFhYXZ29q1bt0pLS8VicUeAal+3ubm5vLw8Nzc3Pz\/\/4cOH7RtwaojF4uLi4vz8\/JycnKKiovv370ulUk6L9n9saGgoKSkBIBQUFNy7d08ikbRv1hGNpqamkpKS3Nzcu3fvKokwwO3mzZt37tx59OiRQqHoSIRvqG7X5FVLS8vt27djYmJWrlwpEon69OmjpqZGMC5dXd2hQ4f6+PgcPHjw5s2bMpmMNZd++OEHGxubIbTLwcEhISGBoqg\/\/vjjzJkzCxYsGDRokEAgoMegqak5cuTI1atXX716taGhgdUzDJRIJNeuXTt06JC\/v7+1tbWenh5JknRvBEHweDxDQ0M7O7tly5bFxMSUlpZCc6agUCju378fFxcXFhY2c+ZMS0tLXV1dpk+SJLt37z5kyJDZs2cfOHDg119\/ZWVvc3PzzJkzaQD8JW7atImiKKlU+vvvvx86dMjT07Nfv348Hg8mW01NzdTU1MfHJyYm5tGjR\/REFhcXR0dHBwQEMHHT0tICuKWkpLS0tNCtKIrKzs7evXt3SEjIxo0bv\/\/++\/r6ekThDbntgryqrKwMDg4ePnw4UtBhfjMFdXV1S0vLvXv3Ml+Wcrk8JCQEMTE3N79582ZCQoKLi4uOjg7yK3JrZGS0bt26mpoa1ixXKBS\/\/vrrvHnz+vXrx0p+xBu41dDQcHFxSU5OZiYYxHLixAlnZ2c9PT1Wc9ZAHo83YMCAzZs3M5NaWFj43nvvIVYHDhyQSqVhYWGDBw9GfkJutbW1ly9fXl1dTVFUU1PTsWPH7O3tNTU1ETXktk+fPrt375bL5RC3ysrKjz76aMeOHVu3bt2xY8fJkycTEhLaQgBavRahq\/EqLy\/PyspK+QJKz0s+n3\/s2DEkG6RS6axZs+hqBEGIRKKoqCgDAwMkvK1bDQ2NiIgI1hJw9epVExMTZk3SlisYTpKkg4NDSUkJkmCZTPbRRx9169YNanZIEAgEe\/fupZdmiqIuXbqEPKympmZ8fLyHh4e6uroy\/tXV1WNjY2Uy2fbt29t9E0GHxsbGqamp8AFPnz79448\/RkREXLx4cdiwYXfv3o2MjGyrlQGtXovQpXh169at0aNHw1z5HwQLC4vKykp6TkgkkkGDBiGuXF1dmYGIDnJrZ2eHtAblcvnly5d1dXURTeVvSZI8ceIEPbVisfhf\/\/qX8h5YNS0sLGpra+lu9+zZg1T+JiYmrq6urOZtBfr5+Z07d65Dz6uurh4aGgrfR7GxsefPn9+9e\/fcuXN37dpVUFAQFRWFeUXPqc6Xm5ubvby8mC9+Pp8vFApHjx7t6urq9uISiUTW1tZaWlrMEvDOO+\/8+OOP9MSVlZUx3\/36+vrAls\/nDxw4cPz48W5ubpMmTbK1tW2r3PD5\/IKCArrnrKwsVnLyeLz+\/fuPHTvWzc1t8uTJIpHIysqKNbUEQfj6+kKfCoUiNjbW0NCQ+VwEQfTu3dvOzm7ixIlubm4uLi4jR4585513WDVJkvz555+hW6lUunz5cgRYgUAAayp9ff0RI0a4uLhMnjx59OjRPXv2ZHVrZmZmamoKfiJJ0tTU1NHR0c3NzdXVdejQoW01MZYsWdLU1AQSU1FRMX\/+\/DNnzpSWlu7YsePIkSNxcXGQdTDBb4LQdeqrI0eOMPNm3LhxaWlpDx8+fPz4cW1tbd2Lq6ampqqqqqioaPLkyUgJ0NLSioiIoGfMqVOnEB1wy+fzFyxYkJ2dXVlZWVNTU1dXV1tbW11dXVhYOHfuXGZKCII4e\/Ys9NzQ0LBs2TJ6Lx+4HT9+fGZmJvRZV1cHUpuVleXk5IQUboIgHBwcoM\/GxkYnJydmaocNG3bhwoWKiorq6moAAkhqaWlpcHCwtrY20+Srr76CbisrK6dMmcLUIQhCV1d3586dRUVF0PPjx4\/v3Lnj5eXFfDSQeJIkJ06cmJKSAjIF4FZVVZWUlMT6Rpg\/fz590PLu3buLFi2aP3\/+lClTjh8\/DikHU\/uGCF2EV48ePerfvz8970mS9PDw4G4kpKenw5oH2ILeBT1vFi5cSHcLZCMjo2+++YY5WgUMHzx44OjoyLQKDw+Hnn\/77Tf48gaaPB5vxowZf\/zxB9RBhMTEROY4hK2tLVRLSkpiluYxY8YUFhZCHURobGz08PBgJnXr1q1Qs6CgwNLSEtEhSdLOzu7evXtQjS6kpaX16NEDMSEIQiAQrF27tq1BvLCwMKbJ0qVLkSFKhULR0NDwZlZTEIQuwqtjx44h40u9e\/e+fv06fE5WITs7u1+\/fvS81NTUpL+qFQqFUCikKwB57dq13G\/Kzz\/\/nGn1zTffwGQwy5Cenl5SUhJUYApFRUVGRkaI2ylTpgBNhULh4uKC\/Mrn81NSUpiu6CG7du1CrAiC2LNnD9TJyMhgtkIHDhxIbytCZSCUlZWxtgY\/+OADpOdGN4yNjUVSoqamtn79+jecQvRHgHJX4NXzKVQ\/Pz+kjTRt2jRkzgQ+MxSuX79ubGxMz0sdHR36SEBZWRmzBujRo0dVVRV0wirs3buX7hbIP\/30E1Q2NzdHFJydnblr15ycHGaPaPny5cBnQUEB7PBAzx4eHsjIHkwAFCIiIqA+FM6cOQMVjh49CsOBoKamtnLlyubmZqiDCKyvAE1NTeboJd0wOjoaiUhbW\/vo0aN0HVWRuwKv7ty5Y21tTc8SHo+3Zs2adotUfHw8MiZhYGDwww8\/wMw7e\/Ys3S2QP\/\/8c6jQlsCc8iJJErbHMjMzmW6\/\/vrrtryB8JSUlJEjR1q0vqKjo8Gv+\/fvR3zyeLzExERunxRFbdu2DTEkCCI7OxsaLlq0CFHQ09Pj9pyamspsB9KHWKBzusCsw42MjJKTk+k6qiJ3BV7Fx8cjnW9tbW0wEyWXy2\/fvh3XxhUYGIiUmN69e\/\/6668w89auXYsoqKur\/\/bbb1ChLYFZFg0MDGC\/YtWqVYhbgUDA0bNqKxYY3tLS4uXlhfg0NTWFMUJNprB48WLEUEdHhz41PHToUETBzMyM23NERATSLOfxeKdPn2bGTg\/x9PREIhIKha8CC935Pyx3BV5t3boVyQ8jI6OrV69SFCWRSJYsWdKrjYs5QSkUCuHSPplM5ubmhngeOHBgu8vepFIpc1zO1ta2sbGRoiiZTMZcoDB8+PBXyfiysrLhw4cjSfXy8kJ6\/MwompubnZ2dEcNhw4bBqbbq6mo+n48ofPjhh0xXMOT5uMKqVauQ9rOxsfHNmzehDquADOSA+fd2Gx2srl57YFfg1bRp05CMFwqF9+\/fpyiqqqqKWeAQZfqtvb09zBLWwurt7d1uYS0uLkbapQRB+Pv7gw5Jfn4+s5u0YsUKGO\/\/IKSkpDDXGYWFhbVbKEtKSmxsbOgIEARBf8bz588jvxIEcfLkSY5E1tTUMGseR0fHsrIyDqvS0lJmRGvWrOEweZN\/UnletbS0IGMPBEGMHz8eFKni4mJmpcTMPxjyySefwNxKS0tjvkFDQ0PbLazJycl9+vSBPoGwdetWYBgTE8NMUlRUFIz3fxBOnDiBDNlpaWnRxx7a8pmamsp8xpCQEPiMzKYyj8dra3gdxHL37t1Ro0Yhjz937lzupuPXX3+NmBAEcenSpbZS\/oaHqzyv8vLykJFAgiCCg4MB7ufOnWPmFkfId999BzMsOjoaIYCmpiZdAWoiwsmTJ5FSrq2tHRMTA9RCQkKQgbvu3bv\/8ssviBPlb2Uy2YYNGxAQ+vbtm56e3q6TqKgopGuqqan57bffAkOFQjFy5EgErn79+kHWsfp\/vjAfGWRXU1PbsGED93D5nDlzkIjU1dUfP37MGsWbH6jyvDp8+DCSHwRBcE8EKZMrLS0toaGhiGdTU9O0tDRuc5lMtn79esRQKBRmZGSAryoCAgKQX62srO7evcvtluNXiUTi4+OD+LS1tS0uLuawoiiqpaWFOW7Zt29f+Iz3799HGAJaidxume8yXV3dyMhIDiu5XP7uu+8ij2Btbc1h8ob\/pPK8YhZTDQ0N7iaHMlkikUh8fX2RnFamsNbX17u7uyOGDg4O5eXlFEVVVFRMmjQJ+XX69OntToiVl5cXtr5KSkpADVBdXW1ra4v4dHNzoy\/\/YX3k+vp6ZkfI3t4edoTi4+O7d++OeN69ezerNxjIHEQ1NjbmnqO\/ffs2UsMTBLFs2TLoU+UElecVs9vdKe+56urqESNGIEXK3d2de5kFRVEPHjzo3bs3Yujn5wfmfAsKCpjjKMuWLWt3LGTmzJkjWl\/+\/v6AV3\/88QdzHcaiRYvaLYsPHz7s27cvklRfX184Pb1v3z5kGTufzwcDrRzOmevczczM6AP3TNszZ84gE4kEQcDmKFP\/zQ9RbV7JZDKkC4Qs8W4rA8BX7sWtL\/oLvry8nPkGXb16dVsOYThz0QBBEIcPHwYKWVlZyDgB+BQCmrMKjx8\/RrpPBEHAIZbbt28j3Hh+Cz7mZfUGA3\/66Sem4cGDB4GCXC5funQpEq9QKLx16xb0wCogSy4Jgpg6dSqrJgxcv349slJZQ0Oj3Yig+RsoqDavHj58iHS7CYL47LPPuIFWKBQbNmxgZiR9kQHr+HK7b1CxWMzs6AsEAtjV+fnnn5EPBAUCAX0xHmvK9+3bhxCAJEm44iEuLg75lSCILVu2sLqCgc3Nzczl\/N26dYOLQh49ejR16lTEs5OT04MHD6ATpnDz5k3EhCCIL7\/8kqkJQ5qamry9vRErKysr0HKGaqolqDavSkpKmLVKu+tlysrKRCIRkpEjRoyglxjm+PLzLvvt27c5clcul2\/btg15wRME4eXlBYfCkpOTkYUIyKd7TP\/V1dXM5eT9+\/cHs8wURbF+yfLpp58yXdFDvv32W+aEr7u7O0zqrVu3rKysEJQWLlwIp4zp3qDMuooXDoRANbpQWlrK\/BrV09OTu+lI9\/AGyqrNq\/LycmZ9pa2tzT3Bsn79emSkmyCIFStW0PtOzGrHwMAAljlmRsrl8qioKOaEr7q6OqwBKIpKSUlhJtjNzQ0u8kA8NzU1rV69GqlakeqIteU5YsQI5DNK6FmhUCQmJjLnkUmSzM\/Ph2rp6enIGj8+n89d81AUxawDBQIBxwrd5ybXr19HvvEhCCIoKAh282CSVEhQbV41NjYyizJBECYmJhs3brx06VJqampGRkZmZmZaWlpiYuKRI0dcXV2ZVYqhoSF9uW1NTQ3zXe7t7Q3zNTY29uLFi1evXk1OTo6Li4uIiPD09EQqIrCDUkBAALQCZahXr15IJUCSpEgkOnr06JUrV9LT0zMyMlJTU+Pj448cOTJp0iRmh75\/\/\/70cfnExETEIUEQJEkOHz58165dcXFxaWlpGRkZ6enpV65ciYyMDAgIQAgD9GfPnk1P6smTJxG3enp6sbGxdB1EbmhoYH6bOHbsWEQNub1w4QLS6NDU1Dxy5Aiiplq3qs0riqJYP8sDBYLH4+nq6hoYGBgaGurq6jILKCw3Pj4+9KH5hIQE+BMU4HpzuVzes2dPHo8nEAi0tLSYlQk0GTRoEDK+XFhYyFyLAPWff1XZo0cPQ0NDHR0dZo0K1DQ1Nbds2UIfPywpKWF9uQB9dXV1XV3dd955R09PDxncg\/ESBGFmZobMI3\/yySd0BfC2+v333znK940bN5gvl7Vr13KYUBS1fft2JCJjY2PYe+S2fWN\/VXleZWVlcZRsJMNYb4VCYUVFBT2HmLOlBEGABYcUReXm5jJrPKbnbt26ffvtt8g3xVKpdOnSpciaVKYtR8jUqVORVQhisZjZ7+fwwPwJbESFJNXBwQHRHDRoEOzU0eGC8vHjx5n1fLtrkZjzhBYWFnCkBzpXLUHleUVR1KZNm5jTl0iZYL0VCARjx469c+cOPc\/kcjlzIW\/fvn2hDnN0DnGurq5uZmbWVpMpNzfX2tpaGWbS3ZIk2aNHD29v77q6OpgSKKSmpg4bNoyur6T8nPzm5ubMLziampqY\/cA5c+bAGJkC6zJ2fX19eveSaUVRFHN1\/9ixY1W6c0VRVFfgVV1d3dGjRydMmMBshLRVvLS0tBwdHbdu3cp8L1ZWVjK\/OJoxYwYsE7Nnz27LrZqa2rBhw4KCgri\/icjJyVm6dKmpqaky7CJJ8t133509e\/apU6faGotTKBQZGRmLFy8WCoVKVoY6OjpjxowJCQnJy8uDjwaFlJQU5jMeOHAAKjCF+vr6GTNmIFZ2dnbcH1BVVVUx2+crV65k+letkK7AK7DUrbKyMjs7Ozw8fMmSJRMnThw5cqSlpeWgl5eVlZWjo+OMGTNWrFhx9OjRrKysiooK1pdiZmYmc6xs48aNMF+LiooOHDgwf\/58Z2dnW1tbOzs7FxcXf3\/\/\/\/znP+np6eXl5fRxRWiFCA0NDUVFRefOnQsKCvL09HRwcBg8ePDLxA4aOXKki4uLn5\/f5s2bL1++XFRUVFtbyzEaCZw3NDQUFxf\/+OOPISEhvr6+IpHIxsYG+rSysho3btwHH3wQFBR06tSp3Nzchw8ftjVSl5aWtoZxcY+y1tTUhIeHI0ZRUVHcTcfi4mLEZM2aNUinFIFOJW7\/pF0ETf5LVIkH6PRERkdHI61KdXV1uBq906PDDrskAnQqYV5Rcrk8NDQUGQgxMTFBxsq6ZFHAD9WJCGBetQJTLBZ\/+OGHSCfB1ta23c53Ky\/45q1HAPOqVRGoqKhgbqk5Y8YM+uxWKwN8gxFgQwDzqhUqhYWFyDcXPB4vMDCw3TGDVl7wzVuPAOZVqyLw008\/IePUrIf3tLLBNxgBBgKYV60g2bBhA9K50tTUfJXNJ1p5xzdvDQKYV62y2svLS7\/11b9\/\/3Y3DGzlAt9gBLrGeotOzMeMjIzE1hceYe9EeN8eV7i+envyGj\/pP4cA5tU\/h\/XrjUkhkbzeBLxVsWNevRXZ3ZKS1nLj7yNC3opnfq0PiXn1WuH\/RyJv+e33OrsxlFj8j8SGI\/kLAZXnVV5engfj8vT0XLhwYXh4eF5eHvK5Hlj8XlRUdPLkSW9vb0tLS2Nj4wEDBri7ux88eDA\/Px9Z4u3n5+fp6RkQEHD58mV6kVEoFJs2bfL391+3bh19hxO5XJ6cnLxo0SIPD4\/AwMCysjKxWMxI4N8B8+fPT0tLUygUjY2N27Zt+\/uHl5Kvr29wcPDVq1dZv7yiJ4lVlhcUij19JPO4thNsbm4ODg4GEQYGBtI\/8qf7rK+vDwsLe5muv\/738fGprKwEOllZWXPmzPHw8Ni5cyeyhl2hUCQnJwcEBABbcHJffn7+4sWL6d6g7OnpuWDBgqysLHrsqiWrPK9YvxSCc1BDhw6NjY1FqHX69GkHBwdk\/heYDBkyZP\/+\/fSNBOGRvoaGhnT+3L9\/H+y\/aWBgQN+nib7f7bBhw\/Ly8h4\/fgzTwxRIkly6dGlTUxPr7rNQ38DAICgoqK3vr9oqc4rHjyUfLqw1NW+O\/W9bOhRFNTY2jhkzBsSlpqYGjg5j6ldXVyM7n2lpacEjGC9fvgz2cjQ2Nv7hhx\/oK1QaGho++ugj+CzgYD7WYyWgDkEQS5cuZaZBVUJUnlc5OTkikQhs8KChoWFvb\/\/8uHUYQhCEtbU1fYfHmJgYXV1dWIbMzc1dXV1tbGzgB+Samprbt2+H+Td9+nT4uST97MALFy4APyRJnjp1CupXVFSYmJiATWPmzJlTWloqFoudnJzA8iiBQDBq1KiJLy5bW1vwSR848r2xsTEkJASej2phYTFx4kRXV9cBAwaAzx+7det27tw5GFH7gqRBPMuv1tS8bvAIxYM2jwMHu8YHBgbCbXoPHjxIZwWMqL6+ft26dfDD5MGDB0+fPh3uJAV5RZLk2LFj6ZsF1NfXz507F2AyePDgiIgIsJ2Bn58fzAtnZ2cAy4QJE8Dz+vv7w6hVTlB5XoGtm8E5bqampteuXQN5cOfOHbBDC0mScMuXa9euAf6oq6vb29snJSWBqkyhUGRnZ0+bNg3+GhcXB\/w0NzfDwxd37NgBAsHOnnBrl3nz5sGMh2ecmpmZwXM3ampqwJu+d+\/e8fHxQLm4uHjEiBG9evX67LPPYEUEz8jbuXMnUJPJZJ9++il4EYhEIhgRt6Coq2sI+qLW1Ly2j5nEd56ivp5bn6Ko4OBgEEtbvAIe4HaF4eHhdJ+QV8DJ2rVr4WejkFe6urr0fa8oioIHhdFbuVZWVr169XrFM8Hoafvn5S7LK4qiDhw4APL4448\/pihKLBaDczdIkpw+fTqyVwxFUbW1tUuWLAEvSxsbm+rq6uelTaFQHDp0CHyR5evrC3hYU1MDzh0Fyu+99x4sQ5s3bwaRrlq1CmYnK68aGhpSUlLi4uJyc3NhS5XJK5AwULMZGhpCn9xC0869dRbWtX3Mat8b2LR9NyWTcet3Iq9AA1tDQwNum0Hn1cWLF+kpYeUV2D0uJyeHrqlaclfm1X\/\/+19QxEGL4saNG6CVZWJikpCQwJpPz7+NB5u86urqnj9\/HugkJiaCo+tGjx4N9sSFe8Gam5uTL64bN24A5XHjxoFI6Zu8svKKNQGsvJLL5WCLMiMjI1YrJFD69Ym6gVZ\/kaqPWd3gEc0XW424IMrwtrPqK6FQCDqlVlZWYKPPjvIKJkl1hS7LK5lMFhQUBIp4UFDQ8ybH999\/Dz6wF4lEbZ2L09jYuGzZsucbyvL5\/NDQUJCvhYWF4GyRAQMGgHZmYmIi2Epy1apV4OAmsBFsfX09rFhgI5CiKMgrQ0PD\/fv3Z9Iu+k6AFEVBXu3YsUMul7e0tEgkEniWoYeHRztFTSZrPnseMOr\/\/\/a3rBdNEk\/1BP8kAYsVL0fwEFedxStnZ2dfX1\/ei2vFihUNDQ3K8OrKlSsQlRs3btTW1iLJU63bLsWrXr16HT58OCUlJSkpadeuXaDEd+\/eHbQ9IiMjQXPOy8uLXujpGaZQKLZs2QKqIHh+QlNTEzgnSkdHB+xetmXLFsC9zMzMCRMmEATh5OTU0tISHx8PmDxz5ky6W8gr8Cv9LzxsCuhDXrm6uq5bt+6LL75YsGABeP0bGxunpqbS3aKyQiFLuFJnP74Vr17UWiCk\/v1xsoQk1OrlfWfxyt3d\/dq1a2DvHX19\/djYWGV4RcekV69esH\/7MnUq9n+X4pWampqRkZGJiUnv3r1BfUKSpLe3N+gpRUdHg5GGmTNncvAqNDSUJEkej0fvIIWFhYHNlsFh2OAMeXt7+6ampuXLlxME0bdv33v37q1btw6Uj71799ILwv\/AK3o5IwjC1NQ0MjIS9uLozqEsL7hbP8a59r2BrLyqGzxcGvUdR0erE3kFdqsHnU9TU9P8\/HwwHqirq9tW\/4r+vJhXME9fp\/DgwQMwHkiSJJ\/PF7y4NDQ0evToMX36dLh\/3cWLF8EZOY6OjvSjQ+hJl0gk8+fPf360TLdu3eij7UlJSSDjZ82aVVNTA0bet23bRlHUkSNHtLS09PX1v\/\/+e8A3HR2dlJQUulvIq549e0ZHR5fSLjhiAfRhfaWjo9OzZ099fX3wLrCxsUH2D6X7\/2t8RS5v2ra7cdW\/wb+GlZ\/XO4j+Jlg\/i8aw\/1ByOWJFv+1EXgG3CxYsAGMYkyZN8vf3JwiCg1f5+fkQFSX3iqMn\/k2Tu1R9pa+vHxgYuPvFFR4e\/nwTPHqpzcvLA2MShoaG586dY52iycnJAWdb6OnpXblyBeZWXV0dmGkZOHDg8ePHCYLQ1NQEA1bXr183Njbm8\/lLliyxsLAgCILJAcgr+jg7dE4XIK\/Wr19fVlb2yy+\/ODk5gffF5s2buesruh\/5\/QdiD5\/\/51V\/y8YvNlLSZroCU+50XhUWFoJjWbS1tc3MzLh5RR9nZ6ZN5UK6FK\/o81fMnJBKpWAmiiRJR0dHuAAHakokkmnTpoHWy+jRo+GcElCYPn06QRDq6uoTJ04kCGLUqFGgeSmRSMD+uGZmZuCcDi8vL6Tb3RavysrK0tLS0tPT4aeTkFdw\/iomJgaMhVhYWDDnBmDiEUGWca3O5v2\/eGVq3rBytaKm\/WEAVl49evQo7cUF15q0O3\/l7u4OEtPS0hIZGQk6h6Di4qiv6LyqqqpCIkWe7s2\/fYt4RVFUQUEBPBJGKBRmZmY2NjZKpdLGxsbc3Fy4E5OGhgb97EaQi5GRkaApCBpmH3\/8MdzXFnSxwGiHmpra8\/EGJOMhr4yNjS9duiR9eW3atIkgCIFAAD\/1Z\/JKLpfDI0i2bt0qlUpZa1okRunXx0FlJXb3kpdznbAIDSGv9u3b9\/zcLZDGqKgo8NRgOlsmk518eX7PV199BRMjk8kuXLgAtnSHvKKov\/ZjnDNnDuw7cfCqsrLyJSrS06dP0yOFKVQh4e3iFUVRFy9eFAqFINs0NDTef\/99b29vkUgE1wGCQUVmFlZXV8MFTRoaGhEREbB8X758GRYdHR2ds2fPIuaQV926dbO3t5\/58gKtI25eURSVmpoKXgdaWloLFy7k3hV5nWEAAAMUSURBVM8ZRC3xX1Dbx6x+wuSWXJbt15HkgVvIqyFDhsyYMQOkEa5aio+Pr6+vDw0NhSR\/3tydPXs2qPa\/\/PJLOzs7UCnReUVRVGVlJTyqnINXTk5OL1GZSY+UNalvfuBbxyuKohISEsaNGwfae5APQLC0tPzuu++Q5dgwF+3s7IBa37596dO+YrEYntRmZGQEl6JCQ4lEwnFOV48ePWD1yKyvwJqPefPmgaiFQiH3oQp\/RVpXV2dhXT\/OVXaT67gqmDwggMkDBBBwy+PxMjMzOdbd0k88QM6noygqKSkJnKbH5BWYpWCNlCCIjIwMJJGqctsVeFVVVRUYGDh+\/PhZs2bRT\/LkyAO5XH727FkXFxdQD\/D5\/Pfff\/\/o0aP0cQ6m+Z49e8a\/uBYvXkxfV0pR1L\/\/\/W\/w06JF7F9kxMfHT548GejQ\/06YMCEsLAzu+3nq1CnwK1wEBJLx4MGDlStXikQiHx+ftr7jgAlujvquzmpUc3wiDFFGKC8v9\/b2pqcNyCKRKCgoqLa2tq6uLigoiK4wadIk0OULDg4G4VOmTIFLT2CkMpnswIEDIpHIzc0NoUpOTs60adPoPoE8YcKENWvWwBYBdKUqQlfg1atgLZPJJBIJ8s3Vqzh8\/bZyudjTRxrxDSVref2JeVtT8Lbzquvlu\/xeqTQ8gmpq6nqPpkJPhHmlQpmlVFIVUin3\/K9SXrDSqyGAefVq+GFrjAAbAphXbKjgMIzAqyGAefVq+GFrjAAbAphXbKjgMIzAqyGAefVq+GFrjAAbAphXbKjgMIzAqyGAefVq+GFrjAAbAphXbKjgMIzAqyGAefVq+GFrjAAbAly8evLkCZsJDsMIYAS4EHjy5AkXr549e8ZljX\/DCGAE2BB49uwZF6\/+\/PPPp0+fshniMIwARoAdgadPn9JJ9eeffxLIPbh99uwZbhCyQ4hDMQI0BJ48eYLUVIBB7LxiJRsOxAhgBJREAPNKSaCwGkagAwhgXnUALKyKEVASAcwrJYHCahiBDiCAedUBsLAqRkBJBDCvlAQKq2EEOoDA\/wG4P4axi5DgDQAAAABJRU5ErkJggg==' alt='' \/><\/p>\n<p><span style='font-family: helvetica&comma; arial&comma; sans-serif;'>Este kit profesional incluye todas las herramientas esenciales para realizar instalaciones de redes de manera r\u00e1pida y efectiva. Cada pieza est\u00e1 dise\u00f1ada para brindar precisi\u00f3n&comma; durabilidad y comodidad en el uso.<\/span><\/p>\n<p><span style='font-family: helvetica&comma; arial&comma; sans-serif;'><strong>Caracter\u00edsticas principales:<\/strong><\/span><\/p>\n<ul>\n<li><span style='font-family: helvetica&comma; arial&comma; sans-serif;'><strong>Set completo<\/strong>: 9 herramientas esenciales para el trabajo de instalaci\u00f3n de redes<\/span><\/li>\n<li><span style='font-family: helvetica&comma; arial&comma; sans-serif;'><strong>Calidad y resistencia<\/strong>: Fabricado con materiales de alta calidad para soportar el uso intensivo<\/span><\/li>\n<li><span style='font-family: helvetica&comma; arial&comma; sans-serif;'><strong>Bolsa de viaje incluida<\/strong>: Lleva tus herramientas a donde quieras de forma organizada y segura<\/span><\/li>\n<\/ul>\n<p><span style='font-family: helvetica&comma; arial&comma; sans-serif;'>Kit incluye:<\/span><\/p>\n<p class='MsoNormal'><span lang='es-419' style='font-family: helvetica&comma; arial&comma; sans-serif;'>1. Pinza Pelacables con Probador de Cable para UTP\/STP con enchufe modular de prueba para RJ45\/RJ11\/RJ22.<\/span><\/p>\n<p class='MsoNormal'><span lang='es-419' style='font-family: helvetica&comma; arial&comma; sans-serif;'>2. Herramienta para ponchar plugs Pass Through.<\/span><\/p>\n<p class='MsoNormal'><span lang='es-419' style='font-family: helvetica&comma; arial&comma; sans-serif;'>3. Herramienta peladora de cable multi funci\u00f3n.<\/span><\/p>\n<p class='MsoNormal'><span lang='es-419' style='font-family: helvetica&comma; arial&comma; sans-serif;'>4. Herramienta de impacto (Punchdown) para terminaci\u00f3n de conectores 110 IDC.<\/span><\/p>\n<p class='MsoNormal'><span lang='es-419' style='font-family: helvetica&comma; arial&comma; sans-serif;'>5. Desforradora de Fibra \u00d3ptica de Precisi\u00f3n PRO-GRIP&comma; 3 posiciones (2 mm&comma; 900 \u00b5m y 250 \u00b5m).<\/span><\/p>\n<p class='MsoNormal'><span lang='es-419' style='font-family: helvetica&comma; arial&comma; sans-serif;'>6. Tijeras para cortar Kevlar.<\/span><\/p>\n<p class='MsoNormal'><span lang='es-419' style='font-family: helvetica&comma; arial&comma; sans-serif;'>7. Pinza mini de electricista de 5&#8242; (125 mm).<\/span><\/p>\n<p class='MsoNormal'><span lang='es-419' style='font-family: helvetica&comma; arial&comma; sans-serif;'>8. Probador de cable multifuncional&comma; para l\u00ednea telef\u00f3nica y rastreador de cable.<\/span><\/p>\n<p class='MsoNormal'><span style='font-family: helvetica&comma; arial&comma; sans-serif;'>9. Bolsa de herramientas de 21 X 11.5 X 3.4 cm. con varios compartimientos.<\/span><\/p>\n<p style='text-align: center;'>\n","protected":false},"excerpt":{"rendered":"<p>Juego de 9 Herramientas para Instalador de Redes. Incluye bolsa de viaje<\/p>\n","protected":false},"featured_media":111803,"comment_status":"open","ping_status":"closed","template":"","meta":[],"product_brand":[],"product_cat":[130],"product_tag":[454,25,131],"class_list":{"0":"post-111804","1":"product","2":"type-product","3":"status-publish","4":"has-post-thumbnail","6":"product_cat-herramientas-electricas","7":"product_tag-epcom-powerline","8":"product_tag-herramientas","9":"product_tag-herramientas-electricas","11":"first","12":"instock","13":"sale","14":"shipping-taxable","15":"purchasable","16":"product-type-simple"},"_links":{"self":[{"href":"https:\/\/soydeaqui.ddns.net\/pachuca\/index.php\/wp-json\/wp\/v2\/product\/111804","targetHints":{"allow":["GET"]}}],"collection":[{"href":"https:\/\/soydeaqui.ddns.net\/pachuca\/index.php\/wp-json\/wp\/v2\/product"}],"about":[{"href":"https:\/\/soydeaqui.ddns.net\/pachuca\/index.php\/wp-json\/wp\/v2\/types\/product"}],"replies":[{"embeddable":true,"href":"https:\/\/soydeaqui.ddns.net\/pachuca\/index.php\/wp-json\/wp\/v2\/comments?post=111804"}],"wp:featuredmedia":[{"embeddable":true,"href":"https:\/\/soydeaqui.ddns.net\/pachuca\/index.php\/wp-json\/wp\/v2\/media\/111803"}],"wp:attachment":[{"href":"https:\/\/soydeaqui.ddns.net\/pachuca\/index.php\/wp-json\/wp\/v2\/media?parent=111804"}],"wp:term":[{"taxonomy":"product_brand","embeddable":true,"href":"https:\/\/soydeaqui.ddns.net\/pachuca\/index.php\/wp-json\/wp\/v2\/product_brand?post=111804"},{"taxonomy":"product_cat","embeddable":true,"href":"https:\/\/soydeaqui.ddns.net\/pachuca\/index.php\/wp-json\/wp\/v2\/product_cat?post=111804"},{"taxonomy":"product_tag","embeddable":true,"href":"https:\/\/soydeaqui.ddns.net\/pachuca\/index.php\/wp-json\/wp\/v2\/product_tag?post=111804"}],"curies":[{"name":"wp","href":"https:\/\/api.w.org\/{rel}","templated":true}]}}