{"id":111800,"date":"2026-03-20T21:06:42","date_gmt":"2026-03-20T21:06:42","guid":{"rendered":"https:\/\/soydeaqui.ddns.net\/pachuca\/index.php\/producto\/dvr-4-megapixel-16-canales-turbohd-8-canales-ip-1-bahia-de-disco-duro-16-canales-de-audio-audio-por-coaxitron-evita-falsas-alarmas\/"},"modified":"2026-03-20T21:06:44","modified_gmt":"2026-03-20T21:06:44","slug":"dvr-4-megapixel-16-canales-turbohd-8-canales-ip-1-bahia-de-disco-duro-16-canales-de-audio-audio-por-coaxitron-evita-falsas-alarmas","status":"publish","type":"product","link":"https:\/\/soydeaqui.ddns.net\/pachuca\/index.php\/producto\/dvr-4-megapixel-16-canales-turbohd-8-canales-ip-1-bahia-de-disco-duro-16-canales-de-audio-audio-por-coaxitron-evita-falsas-alarmas\/","title":{"rendered":"DVR 4 Megapixel \/ 16 Canales TURBOHD + 8 Canales IP \/ 1 Bah\u00eda de Disco Duro \/ 16 Canales de Audio \/ Audio por Coaxitron \/ Evita Falsas Alarmas"},"content":{"rendered":"<div style='width: 100%; max-width: 1200px; margin: 0 auto; font-family: sans-serif; line-height: 1.6; color: inherit; background-color: transparent;'> <!-- Imagen marca --> <\/p>\n<div style='margin-bottom: 30px;'> <img style='width: 100%; height: auto; border: 1px solid rgba(150&comma;150&comma;150&comma;0.3); border-radius: 8px;' src='http:\/\/ftp3.syscom.mx\/usuarios\/emendoza\/elesbanmch\/HIKVISON\/IMAGENES\/epcom.png' alt='Logo EPCOM'> <\/div>\n<p> <!-- Videos principales --> <\/p>\n<div style='display: grid; grid-template-columns: repeat(auto-fit&comma; minmax(280px&comma; 1fr)); gap: 30px; margin-bottom: 30px;'>\n<div style='display: flex; flex-direction: column;'>\n<h3 style='font-size: 20px; border-bottom: 2px solid currentColor; padding-bottom: 5px; margin-top: 0; margin-bottom: 15px; color: inherit; opacity: 0.8;'>AcuSense vs Anal\u00edticos Tradicionales<\/h3>\n<div style='position: relative; padding-bottom: 56.25%; height: 0; overflow: hidden;'>   <\/div>\n<\/p><\/div>\n<div style='display: flex; flex-direction: column;'>\n<h3 style='font-size: 20px; border-bottom: 2px solid currentColor; padding-bottom: 5px; margin-top: 0; margin-bottom: 15px; color: inherit; opacity: 0.8;'>Inteligencia Artificial con AcuSense<\/h3>\n<div style='position: relative; padding-bottom: 56.25%; height: 0; overflow: hidden;'>   <\/div>\n<\/p><\/div>\n<\/p><\/div>\n<p> <!-- Segunda fila de videos --> <\/p>\n<div style='display: grid; grid-template-columns: repeat(auto-fit&comma; minmax(280px&comma; 1fr)); gap: 30px; margin-bottom: 30px;'>\n<div style='display: flex; flex-direction: column;'>\n<h3 style='font-size: 20px; border-bottom: 2px solid currentColor; padding-bottom: 5px; margin-top: 0; margin-bottom: 15px; color: inherit; opacity: 0.8;'>Crear Cuenta Hik-Connect<\/h3>\n<div style='position: relative; padding-bottom: 56.25%; height: 0; overflow: hidden;'>   <\/div>\n<\/p><\/div>\n<div style='display: flex; flex-direction: column;'>\n<h3 style='font-size: 20px; border-bottom: 2px solid currentColor; padding-bottom: 5px; margin-top: 0; margin-bottom: 15px; color: inherit; opacity: 0.8;'>Cruce de Linea en 90 Segundos<\/h3>\n<div style='position: relative; padding-bottom: 56.25%; height: 0; overflow: hidden;'>   <\/div>\n<\/p><\/div>\n<\/p><\/div>\n<p> <!-- Tercera fila de videos --> <\/p>\n<div style='display: grid; grid-template-columns: repeat(auto-fit&comma; minmax(280px&comma; 1fr)); gap: 30px; margin-bottom: 30px;'>\n<div style='display: flex; flex-direction: column;'>\n<h4 style='font-size: 18px; border-bottom: 2px solid currentColor; padding-bottom: 5px; margin-top: 0; margin-bottom: 15px; color: inherit; opacity: 0.8;'>AcuSense \u00c1reas Restringidas<\/h4>\n<div style='position: relative; padding-bottom: 56.25%; height: 0; overflow: hidden;'>   <\/div>\n<\/p><\/div>\n<div style='display: flex; flex-direction: column;'>\n<h4 style='font-size: 18px; border-bottom: 2px solid currentColor; padding-bottom: 5px; margin-top: 0; margin-bottom: 15px; color: inherit; opacity: 0.8;'>AcuSense Almacenes<\/h4>\n<div style='position: relative; padding-bottom: 56.25%; height: 0; overflow: hidden;'>   <\/div>\n<\/p><\/div>\n<div style='display: flex; flex-direction: column;'>\n<h4 style='font-size: 18px; border-bottom: 2px solid currentColor; padding-bottom: 5px; margin-top: 0; margin-bottom: 15px; color: inherit; opacity: 0.8;'>Evite Falsas Alarmas<\/h4>\n<div style='position: relative; padding-bottom: 56.25%; height: 0; overflow: hidden;'>   <\/div>\n<\/p><\/div>\n<\/p><\/div>\n<p> <!-- Imagen coaxitron --> <\/p>\n<div style='margin-bottom: 30px;'>\n<p style='text-align: center; margin-bottom: 15px; font-weight: bold; color: inherit;'>Audio&comma; Video y Datos por el Mismo Cable<\/p>\n<p> <img style='width: 100%; height: auto; border: 1px solid rgba(150&comma;150&comma;150&comma;0.3); border-radius: 8px;' src='https:\/\/ftp3.syscom.mx\/usuarios\/jsosa\/HIKVISION\/imagenes\/coaxitron\/coaxitron.jpg' alt='Audio&comma; Video y Datos por el Mismo Cable'> <\/div>\n<p> <!-- Nota importante --> <\/p>\n<div style='margin-bottom: 30px;'>\n<p style='color: inherit;'><strong>Nota importante:<\/strong><\/p>\n<p style='color: inherit;'>Gracias a las nuevas actualizaciones (mejoras) ahora el DVR permite aceptar c\u00e1maras TURBOHD de 4 Megapixel que originalmente estaba dedicado a soportar 3 Megapixel&comma; el DVR podr\u00e1 grabar a 4 Megapixel Lite&comma; quiere decir que es un acoplamiento de se\u00f1al que permite aceptar c\u00e1maras de 4 Megapixel TURBOHD con grabacion Lite.<\/p>\n<ul style='padding-left: 20px; color: inherit;'>\n<li style='color: #ff0000;'>4 Megapixel Real = 2560 X 1440.<\/li>\n<li style='color: #ff0000;'>4 Megapixel Lite = 1280 X 1440.<\/li>\n<\/ul><\/div>\n<p> <!-- Secci\u00f3n de caracter\u00edsticas --> <\/p>\n<div style='display: grid; grid-template-columns: repeat(auto-fit&comma; minmax(280px&comma; 1fr)); gap: 20px; margin-bottom: 30px;'>\n<div style='border: 1px solid rgba(150&comma; 150&comma; 150&comma; 0.4); border-radius: 8px; padding: 15px;'>\n<h3 style='font-size: 18px; border-bottom: 2px solid currentColor; padding-bottom: 5px; margin-top: 0; margin-bottom: 15px; color: inherit; opacity: 0.8;'>Caracter\u00edsticas principales<\/h3>\n<ul style='padding-left: 20px; margin: 0; color: inherit;'>\n<li style='margin-bottom: 8px;'>Serie Turbo HD Versi\u00f3n 5.0<\/li>\n<li style='margin-bottom: 8px;'><strong>Permite apagar canales anal\u00f3gicos TURBOHD y poder colocar c\u00e1maras IP en todos sus canales&comma; p\u00f3demos colocar hasta 24 c\u00e1maras IP en total. Por cada canal anal\u00f3gico TURBOHD que se apague se genera una canal IP adicional.<\/strong><\/li>\n<li style='margin-bottom: 8px;'><strong>DVR pentahibrido: HD-TVI \/ HD-CVI \/ Analogico \/ IP \/ AHD.<\/strong><\/li>\n<li style='margin-bottom: 8px;'>Acceso remoto: PC (WINDOWS \/ MAC)&comma; Smart Phone (iPhone&comma; iPad&comma; Android).<\/li>\n<li style='margin-bottom: 8px;'>Compatibilidad con navegador Internet Explorer.<\/li>\n<li style='margin-bottom: 8px;'>Software cliente multi sitio de hasta 64 canales (iVMS-4200).<\/li>\n<li style='margin-bottom: 8px;'>Compatible con Hik-Connect P2P.<\/li>\n<li style='margin-bottom: 8px;'>Soporta servicio DDNS Hik-Connect Domain \/ DynDNS.<\/li>\n<li style='margin-bottom: 8px;'>Funciones Avanzadas: Detecci\u00f3n por cruce de linea &#038; deteccion de instrusion.<\/li>\n<li style='margin-bottom: 8px;'><strong>16 entradas (microfono externo) y 1 salida de audio.<\/strong><\/li>\n<li style='margin-bottom: 8px;'><strong>Soporta audio en todos sus canales por coaxitron utilizando camaras con audio integrado <a style='color: #005cb9; text-decoration: none;' href='https:\/\/www.syscom.mx\/principal\/promociones\/camaras_con_audio_por_coaxitron_2_mp-5477.html?ordenar=Relevancia&#038;pag=1' target='_blank' rel='noopener'>(ver modelos compatibles)<\/a>.<\/strong><\/li>\n<li style='margin-bottom: 8px;'>Soporta 1 HDD de hasta 10 TB (no incluido).<\/li>\n<li style='margin-bottom: 8px;'>Interfaz serial: RS-485 (HIKVISION C&comma; COAXITRON&comma; PELCO D&comma; PELCO P&comma; etc).<\/li>\n<\/ul>\n<p style='margin-top: 15px; margin-bottom: 8px;'><strong>Para utilizar audio de 2 v\u00edas se recomienda colocar un micr\u00f3fono en la entrada de audio&comma; no se recomienda para audio de 2 v\u00edas una c\u00e1mara con audio por coaxitron.<\/strong><\/p>\n<p style='margin: 0;'><strong>El audio se recibe por la se\u00f1al TVI<\/strong><\/p>\n<\/p><\/div>\n<div style='border: 1px solid rgba(150&comma; 150&comma; 150&comma; 0.4); border-radius: 8px; padding: 15px;'>\n<h3 style='font-size: 18px; border-bottom: 2px solid currentColor; padding-bottom: 5px; margin-top: 0; margin-bottom: 15px; color: inherit; opacity: 0.8;'>Caracter\u00edsticas F\u00edsicas y El\u00e9ctricas<\/h3>\n<ul style='padding-left: 20px; margin: 0 0 15px 0; color: inherit;'>\n<li style='margin-bottom: 8px;'>Alimentaci\u00f3n: 12 Vcc (fuente incluida).<\/li>\n<li style='margin-bottom: 8px;'>Consumo sin HDD: 25 watts.<\/li>\n<li style='margin-bottom: 8px;'>Temperatura de operacion: -10 \u00baC hasta 55 \u00baC.<\/li>\n<li style='margin-bottom: 8px;'>Dimensiones: 315 x 242 x 45 mm (W \u00d7 D \u00d7 H)<\/li>\n<li style='margin-bottom: 8px;'>Peso: 1.78 Kg sin HDD.<\/li>\n<li style='margin-bottom: 8px;'><strong>Garant\u00eda: 4 A\u00f1os.<\/strong><\/li>\n<\/ul>\n<h4 style='font-size: 16px; border-bottom: 2px solid currentColor; padding-bottom: 5px; margin-top: 15px; margin-bottom: 10px; color: inherit; opacity: 0.8;'>Compresi\u00f3n y resoluci\u00f3n<\/h4>\n<ul style='padding-left: 20px; margin: 0 0 15px 0; color: inherit;'>\n<li style='margin-bottom: 8px;'><strong>Compresion: H.265+ \/ H.265 \/ H.264+ \/ H.264.<\/strong><\/li>\n<li style='margin-bottom: 8px;'><strong>Soporta 16 canales TURBOHD \/ analogicos + 8 canales IP = 24 canales en total.<\/strong><\/li>\n<li style='margin-bottom: 8px;'><strong>HD-TVI: 4 Megapixel Lite \/ 3 Megapixel \/ 1080p \/ 720p.<\/strong>\n<ul style='padding-left: 20px; margin-top: 5px; margin-bottom: 5px;'>\n<li style='color: #ff0000;'><strong>Acepta c\u00e1maras de 4MP&comma; 2MP y 1MP en todos sus canales BNC (C\u00e1maras de 3MP solo en el canal 1&comma; 2&comma; 3 y 4)<\/strong><\/li>\n<\/ul>\n<\/li>\n<li style='margin-bottom: 8px;'><strong>HD-CVI: 4 Megapixel Lite \/ 3 Megapixel \/ 1080p \/ 720p.<\/strong><\/li>\n<li style='margin-bottom: 8px;'><strong>ANAL\u00d3GICO (CVBS): 1200 TVL.<\/strong><\/li>\n<li style='margin-bottom: 8px;'><strong>AHD: 4 Megapixel Lite \/ 3 Megapixel \/ 1080p \/ 720p.<\/strong><\/li>\n<li style='margin-bottom: 8px;'><strong>IP: 6 Megapixel.<\/strong><\/li>\n<\/ul>\n<p style='margin: 0; padding: 10px; background-color: rgba(32&comma; 33&comma; 36&comma; 0.04); border-left: 4px solid #005cb9; color: inherit;'>Para conectar los canales IP requiere utilizar un switch\/switch poe (no incluido)<\/p>\n<\/p><\/div>\n<div style='border: 1px solid rgba(150&comma; 150&comma; 150&comma; 0.4); border-radius: 8px; padding: 15px;'>\n<h3 style='font-size: 18px; border-bottom: 2px solid currentColor; padding-bottom: 5px; margin-top: 0; margin-bottom: 15px; color: inherit; opacity: 0.8;'>Caracter\u00edsticas Destacadas<\/h3>\n<p style='margin-bottom: 15px; color: inherit;'>El DVR soporta 4 canales de video con activacion de deteccion de cuerpo humano o deteccion de vehiculos&comma; esto nos permite ser mas precisos al momento de tener alguna grabacion de poder descargar cualquier otro tipo de movimientos.<\/p>\n<p style='color: inherit;'>Es necesario contemplar cu\u00e1l de los anal\u00edticos se utilizar\u00e1n ya que no es posible utilizar ambos al mismo tiempo. Al activar la detecci\u00f3n de cuerpo humano no es posible activar detecci\u00f3n de veh\u00edculos y viceversa.<\/p>\n<p><strong>Los equipos con AcuSense pueden llegar a filtrar hasta el 95% de falsas alarmas&comma; la eficacia del filtrado depende de la distancia &#8211; \u00e1ngulo de visi\u00f3n del objetivo y la c\u00e1mara. Algunas mascotas&comma; insectos pueden generar alertamientos basados en lo anterior.<\/strong><\/p>\n<\/p><\/div>\n<\/p><\/div>\n<p> <!-- Secci\u00f3n de recursos --> <\/p>\n<div style='margin-bottom: 30px;'>\n<h2 style='text-align: center; font-size: 24px; margin-bottom: 20px; color: inherit; opacity: 0.8;'>Recursos<\/h2>\n<div style='display: grid; grid-template-columns: repeat(auto-fit&comma; minmax(200px&comma; 1fr)); gap: 20px; margin-bottom: 30px;'>\n<div style='text-align: center;'> <a href='https:\/\/www.hikvision.com\/es-la\/support\/download\/software\/ivms4200-series\/?q=serie%20ivms4200&#038;position=1' target='_blank' rel='noopener'> <img style='width: 100%; height: auto; border: 1px solid rgba(150&comma;150&comma;150&comma;0.3); border-radius: 8px; max-width: 300px; margin: 0 auto;' src='https:\/\/ftp3.syscom.mx\/usuarios\/gmagos\/HIK\/IP\/IPC\/Imagenes%20pagina\/Descargas%20IVMS4200.jpg' alt='Descargas IVMS4200'> <\/a> <\/div>\n<div style='text-align: center;'> <a href='https:\/\/appstore.hikvision.com\/' target='_blank' rel='noopener'> <img style='width: 100%; height: auto; border: 1px solid rgba(150&comma;150&comma;150&comma;0.3); border-radius: 8px; max-width: 300px; margin: 0 auto;' src='https:\/\/ftp3.syscom.mx\/usuarios\/gmagos\/HIK\/IP\/IPC\/Imagenes%20pagina\/Descargas%20de%20app.jpg' alt='Descargas de app'> <\/a> <\/div>\n<div style='text-align: center;'> <a href='https:\/\/ftp3.syscom.mx\/usuarios\/ftp\/2020\/08\/18\/90a2a\/spec-2.pdf' target='_blank' rel='noopener'> <img style='width: 100%; height: auto; border: 1px solid rgba(150&comma;150&comma;150&comma;0.3); border-radius: 8px; max-width: 300px; margin: 0 auto;' src='https:\/\/ftp3.syscom.mx\/usuarios\/gmagos\/HIK\/IP\/IPC\/Imagenes%20pagina\/Descarga%20de%20PDF.jpg' alt='Descarga de PDF'> <\/a> <\/div>\n<\/p><\/div>\n<\/p><\/div>\n<p> <!-- Imagenes adicionales --> <\/p>\n<div style='margin-bottom: 30px;'> <img style='width: 100%; height: auto; border: 1px solid rgba(150&comma;150&comma;150&comma;0.3); border-radius: 8px;' src='https:\/\/ftp3.syscom.mx\/usuarios\/ftp\/2020\/08\/18\/90a2a\/spec-2.pdf' alt='Diagrama de audio'> <\/div>\n<p> <!-- Tecnolog\u00eda AcuSense --> <\/p>\n<div style='margin-bottom: 30px;'> <img style='width: 50%; height: auto; border: 1px solid rgba(150&comma;150&comma;150&comma;0.3); border-radius: 8px; display: block; margin: 0 auto 15px auto;' src='https:\/\/ftp3.syscom.mx\/usuarios\/jsosa\/HIKVISION\/imagenes\/Acusense%20Icon.png' alt='Tecnolog\u00eda AcuSense'> <\/p>\n<h3 style='font-size: 18px; margin-top: 0; margin-bottom: 15px; color: inherit; opacity: 0.8;'>Tecnolog\u00eda AcuSense<\/h3>\n<p style='margin-bottom: 15px; color: inherit;'>La tecnolog\u00eda AcuSense se basa en el algoritmo <em><strong>Deep Learning<\/strong><\/em> de Hikvision. Los algoritmos de <strong><em>Deep Learning<\/em><\/strong> son mucho m\u00e1s profundos que los algoritmos inteligentes convencionales&comma; que solo operan de forma superficial. Estos realizan aprendizaje de caracter\u00edsticas&comma; proporcionando un rendimiento de an\u00e1lisis de contenido de video (VCA) asombrosamente preciso y consistente.<\/p>\n<p style='margin-bottom: 15px; color: inherit;'>AcuSense es capaz de diferenciar&comma; con gran precisi\u00f3n&comma; un cuerpo humano y un veh\u00edculo en un escenario con una gran cantidad de objetos. No solo puede detectar la intrusi\u00f3n humana y del veh\u00edculo&comma; sino que tambi\u00e9n puede filtrar falsas alarmas que podr\u00edan haber sido disparadas por objetos en movimiento que no presentan un riesgo.<\/p>\n<p style='margin-bottom: 15px; color: inherit;'>La tecnolog\u00eda tambi\u00e9n brinda una funci\u00f3n de b\u00fasqueda de objetivos poderosa y r\u00e1pida que es capaz de analizar grabaciones y seleccionar todas las im\u00e1genes humanas o de veh\u00edculos que se vinculan al video clip relacionado.<\/p>\n<p style='margin: 0;'><a style='color: #005cb9; text-decoration: none;' href='https:\/\/ftp3.syscom.mx\/usuarios\/jsosa\/HIKVISION\/presentaciones\/Presentation%20Turbo%20HD%205.0.pdf' target='_blank' rel='noopener'>Ver presentaci\u00f3n AcuSense<\/a><\/p>\n<\/p><\/div>\n<p> <!-- Galer\u00eda de im\u00e1genes AcuSense --> <\/p>\n<div style='display: grid; grid-template-columns: repeat(auto-fit&comma; minmax(250px&comma; 1fr)); gap: 20px; margin-bottom: 30px;'>\n<div> <img style='width: 100%; height: auto; border: 1px solid rgba(150&comma;150&comma;150&comma;0.3); border-radius: 8px;' src='https:\/\/ftp3.syscom.mx\/usuarios\/jsosa\/epcom\/imagenes\/acusense\/acusense1.jpg' alt='AcuSense Imagen 1'> <\/div>\n<div> <img style='width: 100%; height: auto; border: 1px solid rgba(150&comma;150&comma;150&comma;0.3); border-radius: 8px;' src='https:\/\/ftp3.syscom.mx\/usuarios\/jsosa\/epcom\/imagenes\/acusense\/acusense2.jpg' alt='AcuSense Imagen 2'> <\/div>\n<div> <img style='width: 100%; height: auto; border: 1px solid rgba(150&comma;150&comma;150&comma;0.3); border-radius: 8px;' src='https:\/\/ftp3.syscom.mx\/usuarios\/jsosa\/epcom\/imagenes\/acusense\/acusense3.jpg' alt='AcuSense Imagen 3'> <\/div>\n<\/p><\/div>\n<p> <!-- Galer\u00eda de im\u00e1genes adicionales --> <\/p>\n<div style='display: grid; grid-template-columns: repeat(auto-fit&comma; minmax(250px&comma; 1fr)); gap: 20px; margin-bottom: 30px;'>\n<div> <img style='width: 100%; height: auto; border: 1px solid rgba(150&comma;150&comma;150&comma;0.3); border-radius: 8px;' src='https:\/\/ftp3.syscom.mx\/usuarios\/paginaweb\/Gifs\/Zi7LTq5.gif' alt='GIF 1'> <\/div>\n<div style='display: flex; align-items: center; justify-content: center;'> <img style='width: 60%; height: auto; border: 1px solid rgba(150&comma;150&comma;150&comma;0.3); border-radius: 8px;' src='https:\/\/ftp3.syscom.mx\/usuarios\/fotos\/DS7208HQHIK1\/97560-pentahi.jpg' alt='Imagen Pentahibrido'> <\/div>\n<div> <img style='width: 100%; height: auto; border: 1px solid rgba(150&comma;150&comma;150&comma;0.3); border-radius: 8px;' src='https:\/\/ftp3.syscom.mx\/usuarios\/paginaweb\/Gifs\/tq5yYz4.gif' alt='GIF 2'> <\/div>\n<\/p><\/div>\n<p> <!-- Secci\u00f3n H.265+ --> <\/p>\n<div style='margin-bottom: 30px;'>\n<h2 style='font-size: 22px; margin-top: 0; margin-bottom: 15px; color: inherit; opacity: 0.8;'>\u00bfQu\u00e9 es H.265+?<\/h2>\n<p style='margin-bottom: 20px; color: inherit;'>H.265+ es el m\u00e9todo de compresi\u00f3n de <strong>DVRs&comma; C\u00e1maras IP y NVRs Hikvision \/ EPCOM<\/strong>&comma; permite <strong>ahorrar hasta 80% de almacenamiento y ancho de banda<\/strong>&comma; ver el siguiente comparativo.<\/p>\n<div style='display: grid; grid-template-columns: repeat(auto-fit&comma; minmax(250px&comma; 1fr)); gap: 20px;'>\n<div style='text-align: center;'>\n<p style='margin-bottom: 10px; color: inherit;'><strong>80% menos consumo que H.264<\/strong><\/p>\n<p> <img style='width: 100%; height: auto; border: 1px solid rgba(150&comma;150&comma;150&comma;0.3); border-radius: 8px;' src='https:\/\/3.bp.blogspot.com\/-c6ufw54r2xk\/WW_f4nkqWQI\/AAAAAAAAKVY\/I0edD6XJMPM-KppoJFsy-aINcLNxg6opQCEwYBhgL\/s400\/primero.tiff' alt='Comparativo H.265+ vs H.264'> <\/div>\n<div style='text-align: center;'>\n<p style='margin-bottom: 10px; color: inherit;'><strong>Mismo dias de almacenamiento pero con menos discos duros<\/strong><\/p>\n<p> <img style='width: 100%; height: auto; border: 1px solid rgba(150&comma;150&comma;150&comma;0.3); border-radius: 8px;' src='https:\/\/1.bp.blogspot.com\/-tJoVn4NunDQ\/WW_f4qn0b0I\/AAAAAAAAKVU\/8aiRMT3NK0wg2s2bSbQI7zAQrjGN0ZJ5wCEwYBhgL\/s400\/tercero.tiff' alt='Almacenamiento con H.265+'> <\/div>\n<div style='text-align: center;'>\n<p style='margin-bottom: 10px; color: inherit;'><strong>Hasta 20 c\u00e1maras Full HD tiempo real en un ancho de banda de 20Mbps<\/strong><\/p>\n<p> <img style='width: 100%; height: auto; border: 1px solid rgba(150&comma;150&comma;150&comma;0.3); border-radius: 8px;' src='https:\/\/2.bp.blogspot.com\/-4pPL-F39Ka4\/WW_f4Tqv-nI\/AAAAAAAAKVQ\/URQf8vDTvxM1pHB9hbg_DvHTemJ-B7isgCEwYBhgL\/s400\/segundo.tiff' alt='Ancho de banda H.265+'> <\/div>\n<\/p><\/div>\n<div style='margin-top: 20px;'> <a href='https:\/\/www.syscomblog.com\/2017\/10\/el-h265-de-hikvision-en-que-nos-ayudac.html' target='_blank' rel='noopener'> <img style='width: 100%; height: auto; border: 1px solid rgba(150&comma;150&comma;150&comma;0.3); border-radius: 8px;' src='https:\/\/ftp3.syscom.mx\/usuarios\/jsosa\/josesosa\/Imagenes\/menosconsumoha.jpg' alt='Menos consumo H.265+'> <\/a> <\/div>\n<\/p><\/div>\n<p> <!-- Garant\u00eda --> <\/p>\n<div style='margin-bottom: 30px;'>\n<h2 style='font-size: 22px; margin-top: 0; margin-bottom: 10px; color: inherit; opacity: 0.8;'>4 A\u00f1os de Garant\u00eda Sin-Complicaciones<\/h2>\n<p style='margin-bottom: 15px; color: inherit;'>Garant\u00eda l\u00edder en la industria&comma; r\u00e1pida y efectiva&comma; disponible con empresas profesionales autorizadas**<\/p>\n<div style='text-align: center;'> <a href='http:\/\/soporte.syscom.mx\/es\/articles\/1560082-politica-de-garantia-syscom-sin-complicaciones-resumida' target='_blank' rel='noopener'> <img style='width: 100%; height: auto; border: 1px solid rgba(150&comma;150&comma;150&comma;0.3); border-radius: 8px; max-width: 600px; margin: 0 auto;' src='http:\/\/ftp3.syscom.mx\/usuarios\/jdelafuente\/HIKVISION\/4year.png' alt='4 A\u00f1os de Garant\u00eda'> <\/a> <\/div>\n<\/p><\/div>\n<\/p><\/div>\n","protected":false},"excerpt":{"rendered":"<p>DVR 4 Megapixel \/ 16 Canales TURBOHD + 8 Canales IP \/ 1 Bah\u00eda de Disco Duro \/ 16 Canales de Audio \/ Audio por Coaxitron \/ Evita Falsas Alarmas<\/p>\n","protected":false},"featured_media":111799,"comment_status":"open","ping_status":"closed","template":"","meta":[],"product_brand":[],"product_cat":[2254],"product_tag":[2255,935,2256],"class_list":{"0":"post-111800","1":"product","2":"type-product","3":"status-publish","4":"has-post-thumbnail","6":"product_cat-videograbadoras-analogicas-turbohd-tvi-ahd-cvi","7":"product_tag-camaras-y-dvrs-hd-turbohd-ahd-hd-tvi","8":"product_tag-epcom","9":"product_tag-videograbadoras-analogicas-turbohd-tvi-ahd-cvi","11":"first","12":"outofstock","13":"sale","14":"shipping-taxable","15":"purchasable","16":"product-type-simple"},"_links":{"self":[{"href":"https:\/\/soydeaqui.ddns.net\/pachuca\/index.php\/wp-json\/wp\/v2\/product\/111800","targetHints":{"allow":["GET"]}}],"collection":[{"href":"https:\/\/soydeaqui.ddns.net\/pachuca\/index.php\/wp-json\/wp\/v2\/product"}],"about":[{"href":"https:\/\/soydeaqui.ddns.net\/pachuca\/index.php\/wp-json\/wp\/v2\/types\/product"}],"replies":[{"embeddable":true,"href":"https:\/\/soydeaqui.ddns.net\/pachuca\/index.php\/wp-json\/wp\/v2\/comments?post=111800"}],"wp:featuredmedia":[{"embeddable":true,"href":"https:\/\/soydeaqui.ddns.net\/pachuca\/index.php\/wp-json\/wp\/v2\/media\/111799"}],"wp:attachment":[{"href":"https:\/\/soydeaqui.ddns.net\/pachuca\/index.php\/wp-json\/wp\/v2\/media?parent=111800"}],"wp:term":[{"taxonomy":"product_brand","embeddable":true,"href":"https:\/\/soydeaqui.ddns.net\/pachuca\/index.php\/wp-json\/wp\/v2\/product_brand?post=111800"},{"taxonomy":"product_cat","embeddable":true,"href":"https:\/\/soydeaqui.ddns.net\/pachuca\/index.php\/wp-json\/wp\/v2\/product_cat?post=111800"},{"taxonomy":"product_tag","embeddable":true,"href":"https:\/\/soydeaqui.ddns.net\/pachuca\/index.php\/wp-json\/wp\/v2\/product_tag?post=111800"}],"curies":[{"name":"wp","href":"https:\/\/api.w.org\/{rel}","templated":true}]}}