{"id":111780,"date":"2026-03-20T21:05:38","date_gmt":"2026-03-20T21:05:38","guid":{"rendered":"https:\/\/soydeaqui.ddns.net\/pachuca\/index.php\/producto\/dvr-movil-1080p-4-canales-turbo-4-canales-ip-soporta-4g-wifi-gps-soporta-hdd-entrada-y-salida-de-alarmas-salida-de-video\/"},"modified":"2026-03-20T21:05:50","modified_gmt":"2026-03-20T21:05:50","slug":"dvr-movil-1080p-4-canales-turbo-4-canales-ip-soporta-4g-wifi-gps-soporta-hdd-entrada-y-salida-de-alarmas-salida-de-video","status":"publish","type":"product","link":"https:\/\/soydeaqui.ddns.net\/pachuca\/index.php\/producto\/dvr-movil-1080p-4-canales-turbo-4-canales-ip-soporta-4g-wifi-gps-soporta-hdd-entrada-y-salida-de-alarmas-salida-de-video\/","title":{"rendered":"DVR M\u00f3vil 1080P \/ 4 Canales TURBO + 4 Canales IP \/ Soporta 4G \/ WiFi \/ GPS \/ Soporta HDD \/ Entrada y Salida de Alarmas \/ Salida de V\u00eddeo"},"content":{"rendered":"<div style='width: 100%; max-width: 1200px; margin: 0 auto; font-family: sans-serif; line-height: 1.6; color: inherit; background-color: transparent;'>\n<p style='text-align: center; margin: 0; padding: 0;'>\n<p style='text-align: center; margin: 0; padding: 0;'> <a href='https:\/\/www.syscom.mx\/producto\/AE-DI5042-G4-HIKVISION-196402.html'> <img style='width: 100%; height: auto; border: 1px solid rgba(150&comma;150&comma;150&comma;0.3); border-radius: 8px;' src='https:\/\/ftp3.syscom.mx\/usuarios\/jmolinar\/JonathanMolinar\/Hikvision\/Banner-DASHCAM.png' alt=''> <\/a> <\/p>\n<p style='margin: 0; padding: 0;'>\n<div style='display: flex; flex-wrap: wrap; gap: 30px; margin: 30px 0;'>\n<div style='flex: 1 1 45%; min-width: 300px;'>\n<div style='position: relative; padding-bottom: 56.25%; height: 0; overflow: hidden; margin-bottom: 30px;'>   <\/div>\n<\/p><\/div>\n<div style='flex: 1 1 45%; min-width: 300px;'>\n<div style='position: relative; padding-bottom: 56.25%; height: 0; overflow: hidden; margin-bottom: 30px;'>   <\/div>\n<\/p><\/div>\n<\/p><\/div>\n<div style='display: flex; flex-wrap: wrap; gap: 30px; margin-bottom: 30px;'>\n<div style='flex: 1 1 45%; min-width: 280px;'>\n<div style='border-left: 5px solid #ff0000; border-radius: 5px; padding: 5px; box-shadow: 2px 2px 10px rgba(216&comma;216&comma;216&comma;0.4);'> <strong style='font-size: 16px; color: inherit;'>Caracter\u00edsticas principales:<\/strong> <\/p>\n<ul style='padding-left: 20px; font-size: 15px; color: inherit; list-style-type: disc;'>\n<li style='margin-bottom: 5px;'>Soporta 4 c\u00e1maras m\u00f3vil TURBO 1080p + 4 c\u00e1maras m\u00f3vil IP 1080p (requiere switch PoE).<\/li>\n<li style='margin-bottom: 5px;'>Soporta memoria SD de 256 GB como grabaci\u00f3n espejo (no incluida).<\/li>\n<li style='margin-bottom: 5px;'>Soporta HDD o SSD de 2 TB Max. (no incluida). (sugeridos <a style='text-decoration: none; font-weight: 600; color: inherit;' href='https:\/\/www.syscom.mx\/producto\/HS-SSD-V310-512G-HIKSEMI-by-HIKVISION-221439.html'>HS-SSD-V310\/512G<\/a> &comma; <a style='text-decoration: none; font-weight: 600; color: inherit;' href='https:\/\/www.syscom.mx\/producto\/HS-SSD-V310-1024G-HIKSEMI-by-HIKVISION-221440.html'>HS-SSD-V310\/1024G<\/a>).<\/li>\n<li style='margin-bottom: 5px;'>Incluye modulo 3G \/ 4G (requiere SIM de datos para transmisi\u00f3n de informaci\u00f3n remota).<\/li>\n<li style='margin-bottom: 5px;'>Incluye modulo de GPS.<\/li>\n<li style='margin-bottom: 5px;'>Incluye modulo WiFi (5.8 GHz)<\/li>\n<\/ul><\/div>\n<\/p><\/div>\n<div style='flex: 1 1 45%; min-width: 280px;'>\n<div style='border-left: 5px solid #ff0000; border-radius: 5px; padding: 5px; box-shadow: 2px 2px 10px rgba(216&comma;216&comma;216&comma;0.4);'> <strong style='font-size: 16px; color: inherit;'>Caracter\u00edsticas F\u00edsicas y El\u00e9ctricas:<\/strong> <\/p>\n<ul style='padding-left: 20px; font-size: 15px; color: inherit; list-style-type: disc;'>\n<li style='margin-bottom: 5px;'>1 Puerto de red (10M \/ 100M) \/ Conector tipo aviador.<\/li>\n<li style='margin-bottom: 5px;'>4 Entradas de alarma<\/li>\n<li style='margin-bottom: 5px;'>2 Salidas de alarma.<\/li>\n<li style='margin-bottom: 5px;'>Alimentaci\u00f3n: 9 &#8211; 32 Vcc (se alimenta directa de la bater\u00eda del autom\u00f3vil).<\/li>\n<li style='margin-bottom: 5px;'>Dimensiones: 206 x 225.4 x 60.1 mm.<\/li>\n<li style='margin-bottom: 5px;'>Peso: 1.7 kg.<\/li>\n<\/ul><\/div>\n<\/p><\/div>\n<\/p><\/div>\n<hr style='border: 0; border-top: 1px solid rgba(150&comma; 150&comma; 150&comma; 0.3); margin: 30px 0;'>\n<div style='display: flex; flex-direction: column; gap: 20px; margin-bottom: 30px;'>\n<div style='border-left: 5px solid #ff0000; border-radius: 5px; padding: 5px; box-shadow: 2px 2px 10px rgba(216&comma;216&comma;216&comma;0.4);'>\n<p style='margin: 0 0 10px 0; font-family: verdana&comma; geneva&comma; sans-serif; color: inherit;'> <strong>Existen dos soluciones para poder tener transmision y centralizaci\u00f3n remota:<\/strong> <\/p>\n<p style='margin: 0 0 10px 0; font-family: verdana&comma; geneva&comma; sans-serif; color: inherit;'> <strong>1.- Usando la plataforma de Hik-Central Profesional:<\/strong> <\/p>\n<ul style='padding-left: 20px; font-family: verdana&comma; geneva&comma; sans-serif; font-size: 14px; color: inherit; list-style-type: disc;'>\n<li style='margin-bottom: 5px;'> <a style='text-decoration: none; font-weight: 600; color: inherit;' href='https:\/\/www.syscom.mx\/principal\/searchcont?route=HC-P-MS-B-HIKVISION-200924&#038;autodetect=hcpmsb' target='_blank' rel='noopener'> <strong>HC-P-MS-B<\/strong> <\/a>: Esta licencia a\u00f1ade la base para dispositivos m\u00f3viles&comma; incluye 10 unidades y tambien modulo de Bussiness Intelligence. <\/li>\n<li style='margin-bottom: 5px;'> <a style='text-decoration: none; font-weight: 600; color: inherit;' href='https:\/\/www.syscom.mx\/producto\/HC-P-MS-1-HIKVISION-200925.html' target='_blank' rel='noopener'> <strong>HC-P-MS\/1<\/strong> <\/a>: Esta licencia agrega 1 dispositivo m\u00f3vil adicional&comma; se requiere tener una licencia base activa. (Se usa a partir del dispositivo numero 11 en adelante). <\/li>\n<\/ul>\n<p style='margin: 10px 0; font-family: verdana&comma; geneva&comma; sans-serif; color: inherit;'> Esta solucion requiere infraestructura de red adicional: <\/p>\n<ul style='padding-left: 20px; font-family: verdana&comma; geneva&comma; sans-serif; font-size: 14px; color: inherit; list-style-type: disc;'>\n<li style='margin-bottom: 5px;'> Se requiere un servidor (PC) dedicada para colocar las licencias del software Hik-Central Profesional&comma; en este servidor se dejan corriendo los servicios para poder consultar el video en vivo&comma; ver grabaciones y posicionamiento de manera remota. (Se recomienda un servidor como minimo core i5 y 8 GB RAM). <\/li>\n<li style='margin-bottom: 5px;'> Se requiere tener una IP publica fija (dedicada) y un buen ancho de banda que dependera de la cantidad del numero de DVR\u00b4s moviles a centralizar. <\/li>\n<\/ul>\n<p style='margin: 10px 0 5px 0; font-family: verdana&comma; geneva&comma; sans-serif; color: inherit;'> <strong>2.- Usando la plataforma de HikConnect Teams:<\/strong> <\/p>\n<ul style='padding-left: 20px; font-family: verdana&comma; geneva&comma; sans-serif; font-size: 14px; color: inherit; list-style-type: disc;'>\n<li style='margin-bottom: 5px;'> <a style='text-decoration: none; font-weight: 600; color: inherit;' href='https:\/\/www.syscom.mx\/principal\/searchcont?route=HCT-VEHICULO-1D-1A-HIKVISION-226162&#038;autodetect=HCTvehiculo' target='_blank' rel='noopener'> <strong>HCT-VEHICULO-1D-1A<\/strong> <\/a>: Licencia Anual HikConnect Teams\/ Monitoreo Vehicular de GPS (Ubicaci\u00f3n) y Video en Tiempo Real por 1 A\u00f1o para 1 Dispositivo \/ Compatible con Dash Cam y DVR\u00b4s Moviles. ( <a style='text-decoration: none; color: inherit;' href='https:\/\/soporte.syscom.mx\/es\/articles\/6645147-hikcentral-connect-agregar-mdvr-modelo-ds-mp5604' target='_blank' rel='noopener'> Tutorial de configuraci\u00f3n <\/a>) <\/li>\n<\/ul>\n<p style='margin: 10px 0; font-family: verdana&comma; geneva&comma; sans-serif; color: inherit;'> Esta solucion se maneja en la nube&comma; no requiere servidores (PC) de por medio&comma; toda la administraci\u00f3n es por interfaz web. <\/p>\n<p style='margin: 10px 0; font-family: verdana&comma; geneva&comma; sans-serif; color: inherit;'> <strong>Nota: <\/strong> <em>Generando su cuenta desde el portal Hik-Connect.com se le otorga 10 equipos gratis&comma; temporalmente por ajustes de la plataforma no se puede agregar mas licencias&comma; fecha tentativa de liberaci\u00f3n de la plataforma para nuevas licencias es 15 Enero 2024&comma; para mas informaci\u00f3n contactenos.<\/em> <\/p>\n<p style='margin: 10px 0; font-family: verdana&comma; geneva&comma; sans-serif; color: inherit;'> <a style='text-decoration: none; color: inherit;' href='https:\/\/soporte.syscom.mx\/es\/articles\/8507358-hikconnect-for-teams-crear-cuenta-hikconnect-for-teams'> <em>Crear cuenta HikCConnect teams desde pagina web.<\/em> <\/a> <\/p>\n<p style='margin: 10px 0; font-family: verdana&comma; geneva&comma; sans-serif; color: inherit;'> <strong>Link de la app Android APK<\/strong> <a style='text-decoration: none; color: inherit;' href='https:\/\/www.me-app.net\/3mWf'> IndustrialDashcam <\/a> <\/p>\n<p style='margin: 10px 0; font-family: verdana&comma; geneva&comma; sans-serif; color: inherit;'> <strong>Link de la app iOS<\/strong> <a style='text-decoration: none; color: inherit;' href='https:\/\/apps.apple.com\/mx\/app\/%E8%A1%8C%E4%B8%9A%E8%AE%B0%E5%BD%95%E4%BB%AA\/id1474570788'> IndustrialDashcam <\/a> <\/p>\n<\/p><\/div>\n<\/p><\/div>\n<hr style='border: 0; border-top: 1px solid rgba(150&comma; 150&comma; 150&comma; 0.3); margin: 30px 0;'>\n<div style='display: flex; justify-content: center; margin: 30px 0;'> <img style='width: 80%; height: auto; border: 1px solid rgba(150&comma;150&comma;150&comma;0.3); border-radius: 8px;' src='https:\/\/ftp3.syscom.mx\/usuarios\/jsosa\/HIKVISION\/specs\/moviles\/DSMP5604\/d1.jpg' alt=''> <\/div>\n<\/p><\/div>\n","protected":false},"excerpt":{"rendered":"<p>DVR M\u00f3vil 1080P \/ 4 Canales TURBO + 4 Canales IP \/ Soporta 4G \/ WiFi \/ GPS \/ Soporta HDD \/ Entrada y Salida de Alarmas \/ Salida de V\u00eddeo<\/p>\n","protected":false},"featured_media":111779,"comment_status":"open","ping_status":"closed","template":"","meta":[],"product_brand":[],"product_cat":[1343],"product_tag":[54,1345,1344],"class_list":{"0":"post-111780","1":"product","2":"type-product","3":"status-publish","4":"has-post-thumbnail","6":"product_cat-videograbadoras-moviles","7":"product_tag-hikvision","8":"product_tag-videograbadoras-moviles","9":"product_tag-videograbadoras-moviles-y-portatiles","11":"first","12":"outofstock","13":"sale","14":"shipping-taxable","15":"purchasable","16":"product-type-simple"},"_links":{"self":[{"href":"https:\/\/soydeaqui.ddns.net\/pachuca\/index.php\/wp-json\/wp\/v2\/product\/111780","targetHints":{"allow":["GET"]}}],"collection":[{"href":"https:\/\/soydeaqui.ddns.net\/pachuca\/index.php\/wp-json\/wp\/v2\/product"}],"about":[{"href":"https:\/\/soydeaqui.ddns.net\/pachuca\/index.php\/wp-json\/wp\/v2\/types\/product"}],"replies":[{"embeddable":true,"href":"https:\/\/soydeaqui.ddns.net\/pachuca\/index.php\/wp-json\/wp\/v2\/comments?post=111780"}],"wp:featuredmedia":[{"embeddable":true,"href":"https:\/\/soydeaqui.ddns.net\/pachuca\/index.php\/wp-json\/wp\/v2\/media\/111779"}],"wp:attachment":[{"href":"https:\/\/soydeaqui.ddns.net\/pachuca\/index.php\/wp-json\/wp\/v2\/media?parent=111780"}],"wp:term":[{"taxonomy":"product_brand","embeddable":true,"href":"https:\/\/soydeaqui.ddns.net\/pachuca\/index.php\/wp-json\/wp\/v2\/product_brand?post=111780"},{"taxonomy":"product_cat","embeddable":true,"href":"https:\/\/soydeaqui.ddns.net\/pachuca\/index.php\/wp-json\/wp\/v2\/product_cat?post=111780"},{"taxonomy":"product_tag","embeddable":true,"href":"https:\/\/soydeaqui.ddns.net\/pachuca\/index.php\/wp-json\/wp\/v2\/product_tag?post=111780"}],"curies":[{"name":"wp","href":"https:\/\/api.w.org\/{rel}","templated":true}]}}