{"id":111771,"date":"2026-03-20T21:05:09","date_gmt":"2026-03-20T21:05:09","guid":{"rendered":"https:\/\/soydeaqui.ddns.net\/pachuca\/index.php\/producto\/switch-industrial-administrable-capa-3-con-8-puertos-gigabit-poe-802-3bt-2-puertos-sfp-de-1-g-2-5-g-2-puertos-sfp-10-g\/"},"modified":"2026-03-20T21:05:15","modified_gmt":"2026-03-20T21:05:15","slug":"switch-industrial-administrable-capa-3-con-8-puertos-gigabit-poe-802-3bt-2-puertos-sfp-de-1-g-2-5-g-2-puertos-sfp-10-g","status":"publish","type":"product","link":"https:\/\/soydeaqui.ddns.net\/pachuca\/index.php\/producto\/switch-industrial-administrable-capa-3-con-8-puertos-gigabit-poe-802-3bt-2-puertos-sfp-de-1-g-2-5-g-2-puertos-sfp-10-g\/","title":{"rendered":"Switch Industrial Administrable Capa 3 con  8 Puertos Gigabit PoE 802.3bt, 2 Puertos SFP de 1 G\/2.5 G, 2 Puertos SFP 10 G"},"content":{"rendered":"<div style='width: 100%; max-width: 1200px; margin: 0 auto; font-family: sans-serif; line-height: 1.6; color: inherit; background-color: transparent;'>\n<div style='display: flex; flex-wrap: wrap; gap: 30px; margin-bottom: 30px;'>\n<div style='flex: 1 1 300px; min-width: 280px;'>\n<h3 style='font-size: 22px; border-bottom: 2px solid currentColor; padding-bottom: 5px; margin-top: 0; color: inherit; opacity: 0.8;'>Caracter\u00edsticas Destacadas<\/h3>\n<div style='display: flex; flex-wrap: wrap; gap: 10px; margin-top: 15px;'> <img style='width: 30px; height: 30px; flex: 0 0 auto;' src='https:\/\/www.planet.com.tw\/storage\/icons\/4icon_L3_OSPF_Routing.png' alt='Enrutamiento L3 OSPF'> <img style='width: 30px; height: 30px; flex: 0 0 auto;' src='https:\/\/www.planet.com.tw\/storage\/icons\/623\/4icon_95W_PoE++.png' alt='PoE++ de 95 W'> <img style='width: 30px; height: 30px; flex: 0 0 auto;' src='https:\/\/www.planet.com.tw\/storage\/icons\/1icon_Alive-Check.png' alt='Cheque vivo'> <img style='width: 30px; height: 30px; flex: 0 0 auto;' src='https:\/\/www.planet.com.tw\/storage\/icons\/3icon_ONVIF.png' alt='ONVIF'> <img style='width: 30px; height: 30px; flex: 0 0 auto;' src='https:\/\/www.planet.com.tw\/storage\/icons\/633\/Cyber-Security.png' alt='La seguridad cibern\u00e9tica'> <img style='width: 30px; height: 30px; flex: 0 0 auto;' src='https:\/\/www.planet.com.tw\/storage\/icons\/6icon_RING.png' alt='ANILLO'> <img style='width: 30px; height: 30px; flex: 0 0 auto;' src='https:\/\/www.planet.com.tw\/storage\/icons\/3icon_10Gbps_SFP+.png' alt='SFP+ de 10 Gbps'> <img style='width: 30px; height: 30px; flex: 0 0 auto;' src='https:\/\/www.planet.com.tw\/storage\/icons\/8icon_di_do.png' alt='TRAVESURA'> <\/div>\n<\/p><\/div>\n<\/p><\/div>\n<div style='display: flex; flex-wrap: wrap; gap: 30px; margin-bottom: 30px;'>\n<div style='flex: 1 1 300px; min-width: 280px;'>\n<h3 style='font-size: 22px; border-bottom: 2px solid currentColor; padding-bottom: 5px; margin-top: 0; color: inherit; opacity: 0.8;'>Descripci\u00f3n<\/h3>\n<p style='margin: 15px 0; font-size: 15px; color: inherit;'> La serie IGS-6325 PoE++ adopta el est\u00e1ndar IEEE 802.bt PoE++ y la tecnolog\u00eda PoH&comma; es capaz de generar hasta <strong style='color: inherit;'>95 Watts<\/strong> mediante el uso de los cuatro pares de cableado Ethernet Cat5e\/6. La serie IGS-6325 PoE++ se puede configurar para monitorear el estado de los PD conectados en tiempo real a trav\u00e9s de una acci\u00f3n de ping. Una vez que el PD deja de funcionar y de responder&comma; la serie IGS-6325 PoE++ restablece la alimentaci\u00f3n del puerto PoE y har\u00e1 que el PD vuelva a funcionar. <\/p>\n<\/p><\/div>\n<\/p><\/div>\n<div style='display: flex; flex-wrap: wrap; justify-content: center; gap: 20px; margin-bottom: 30px;'>\n<div style='flex: 1 1 300px; max-width: 700px;'> <img style='width: 100%; height: auto; border: 1px solid rgba(150&comma;150&comma;150&comma;0.3); border-radius: 8px;' src='https:\/\/www.planet.com.tw\/storage\/products\/49285\/IGS-6325-8UP2S2X-2.png' alt=''> <\/div>\n<div style='flex: 1 1 300px; max-width: 701px;'> <img style='width: 100%; height: auto; border: 1px solid rgba(150&comma;150&comma;150&comma;0.3); border-radius: 8px;' src='https:\/\/www.planet.com.tw\/storage\/products\/49285\/IGS-6325-8UP2S2X-3.png' alt=''> <\/div>\n<\/p><\/div>\n<div style='display: flex; flex-wrap: wrap; gap: 30px; margin-bottom: 30px;'>\n<div style='flex: 1 1 300px; min-width: 280px;'>\n<h3 style='font-size: 22px; border-bottom: 2px solid currentColor; padding-bottom: 5px; margin-top: 0; color: inherit; opacity: 0.8;'>Modos de Salida de Potencia PoE++<\/h3>\n<ul style='padding-left: 20px; font-size: 15px; color: inherit; margin: 15px 0;'>\n<li style='margin-bottom: 5px;'><strong style='color: inherit;'>Modo de salida de potencia de 90W 802.3bt PoE++<\/strong> (pines 1&comma; 2&comma; 3&comma; 6 + pines 4&comma; 5&comma; 7&comma; 8)<\/li>\n<li style='margin-bottom: 5px;'><strong style='color: inherit;'>Modo de salida de potencia 95W UPOE \/ PoH<\/strong> (pines 1&comma; 2&comma; 3&comma; 6 + pines 4&comma; 5&comma; 7&comma; 8)<\/li>\n<li style='margin-bottom: 5px;'><strong style='color: inherit;'>Modo de salida de potencia PoE de tramo final de 30 W<\/strong> (pines 1&comma; 2&comma; 3&comma; 6)<\/li>\n<li style='margin-bottom: 5px;'><strong style='color: inherit;'>Modo de salida de potencia PoE de rango medio de 30 W<\/strong> (pines 4&comma; 5&comma; 7&comma; 8)<\/li>\n<li style='margin-bottom: 5px;'><strong style='color: inherit;'>Modo de salida de potencia de 60 W<\/strong> (pines 1&comma; 2&comma; 3&comma; 6 + pines 4&comma; 5&comma; 7&comma; 8)<\/li>\n<\/ul><\/div>\n<\/p><\/div>\n<div style='display: flex; flex-wrap: wrap; justify-content: center; margin-bottom: 30px;'>\n<div style='flex: 1 1 300px; max-width: 700px;'> <img style='width: 100%; height: auto; border: 1px solid rgba(150&comma;150&comma;150&comma;0.3); border-radius: 8px;' src='https:\/\/www.planet.com.tw\/storage\/products\/49285\/IGS-6325-8UP2S2X-1.png' alt=''> <\/div>\n<\/p><\/div>\n<\/p><\/div>\n","protected":false},"excerpt":{"rendered":"<p>Switch Industrial Administrable Capa 3 con  8 Puertos Gigabit PoE 802.3bt, 2 Puertos SFP de 1 G\/2.5 G, 2 Puertos SFP 10 G<\/p>\n","protected":false},"featured_media":111770,"comment_status":"open","ping_status":"closed","template":"","meta":[],"product_brand":[],"product_cat":[1984],"product_tag":[1985,664,2033],"class_list":{"0":"post-111771","1":"product","2":"type-product","3":"status-publish","4":"has-post-thumbnail","6":"product_cat-industrial","7":"product_tag-industrial","8":"product_tag-networking","9":"product_tag-planet","11":"first","12":"outofstock","13":"sale","14":"shipping-taxable","15":"purchasable","16":"product-type-simple"},"_links":{"self":[{"href":"https:\/\/soydeaqui.ddns.net\/pachuca\/index.php\/wp-json\/wp\/v2\/product\/111771","targetHints":{"allow":["GET"]}}],"collection":[{"href":"https:\/\/soydeaqui.ddns.net\/pachuca\/index.php\/wp-json\/wp\/v2\/product"}],"about":[{"href":"https:\/\/soydeaqui.ddns.net\/pachuca\/index.php\/wp-json\/wp\/v2\/types\/product"}],"replies":[{"embeddable":true,"href":"https:\/\/soydeaqui.ddns.net\/pachuca\/index.php\/wp-json\/wp\/v2\/comments?post=111771"}],"wp:featuredmedia":[{"embeddable":true,"href":"https:\/\/soydeaqui.ddns.net\/pachuca\/index.php\/wp-json\/wp\/v2\/media\/111770"}],"wp:attachment":[{"href":"https:\/\/soydeaqui.ddns.net\/pachuca\/index.php\/wp-json\/wp\/v2\/media?parent=111771"}],"wp:term":[{"taxonomy":"product_brand","embeddable":true,"href":"https:\/\/soydeaqui.ddns.net\/pachuca\/index.php\/wp-json\/wp\/v2\/product_brand?post=111771"},{"taxonomy":"product_cat","embeddable":true,"href":"https:\/\/soydeaqui.ddns.net\/pachuca\/index.php\/wp-json\/wp\/v2\/product_cat?post=111771"},{"taxonomy":"product_tag","embeddable":true,"href":"https:\/\/soydeaqui.ddns.net\/pachuca\/index.php\/wp-json\/wp\/v2\/product_tag?post=111771"}],"curies":[{"name":"wp","href":"https:\/\/api.w.org\/{rel}","templated":true}]}}