{"id":111744,"date":"2026-03-20T21:03:43","date_gmt":"2026-03-20T21:03:43","guid":{"rendered":"https:\/\/soydeaqui.ddns.net\/pachuca\/index.php\/producto\/medidor-de-potencia-micro-opm-para-fibra-ptica-con-localizador-visual-de-fallos-vfl-entrada-universal-de-2-5-mm-para-conectores-sc-st-y-fc-rango-de-medicin-de-70-a-10-dbm\/"},"modified":"2026-03-20T21:03:47","modified_gmt":"2026-03-20T21:03:47","slug":"medidor-de-potencia-micro-opm-para-fibra-ptica-con-localizador-visual-de-fallos-vfl-entrada-universal-de-2-5-mm-para-conectores-sc-st-y-fc-rango-de-medicin-de-70-a-10-dbm","status":"publish","type":"product","link":"https:\/\/soydeaqui.ddns.net\/pachuca\/index.php\/producto\/medidor-de-potencia-micro-opm-para-fibra-ptica-con-localizador-visual-de-fallos-vfl-entrada-universal-de-2-5-mm-para-conectores-sc-st-y-fc-rango-de-medicin-de-70-a-10-dbm\/","title":{"rendered":"Medidor de Potencia (Micro OPM) para Fibra ?ptica con Localizador Visual de Fallos (VFL), Entrada Universal de 2.5 mm (para Conectores SC, ST y FC), Rango de Medici?n de -70 a +10 dBm"},"content":{"rendered":"<div style='width: 100%; max-width: 1200px; margin: 0 auto; font-family: sans-serif; line-height: 1.6; color: inherit; background-color: transparent;'> <!-- Imagen principal --> <\/p>\n<div style='display: flex; justify-content: center; margin-bottom: 30px;'> <img style='width: 100%; max-width: 270px; height: auto; border: 1px solid rgba(150&comma;150&comma;150&comma;0.3); border-radius: 8px;' src='https:\/\/ftp3.syscom.mx\/usuarios\/orobles\/GREENLEE\/TEMPO-COMMUNICATIONS-lg.jpg' alt=''> <\/div>\n<p> <!-- Descripci\u00f3n --> <\/p>\n<div style='margin-bottom: 30px; font-size: 15px;'>\n<p>El Micro OPM es un instrumento que combina un medidor de potencia \u00f3ptica (OPM) y localizador de fallas visuales (VFL) que proporciona al t\u00e9cnico de fibra \u00f3ptica las herramientas que necesita para solucionar problemas de redes FTT (x) y punto a punto. El Micro OPM es compatible con redes monomodo y multimodo.<\/p>\n<p>El OPM utiliza un diodo InGaAs y est\u00e1 calibrado a 850&comma; 1300&comma; 1310&comma; 1490&comma; 1550 y 1625 nm. Cuenta con detecci\u00f3n de tono a 270Hz&comma; 1kHz y 2kHz para medir e identificar todas las longitudes de onda comunes.<\/p>\n<p>El VFL utiliza un l\u00e1ser de 650 nm de 1 mW que se puede utilizar para detectar de forma segura macro curvas&comma; conectores contaminados o defectuosos y fibras rotas o da\u00f1adas. El LED blanco se puede usar para ayudar al t\u00e9cnico mientras trabaja en lugares con poca luz.<\/p>\n<\/p><\/div>\n<p> <!-- Caracter\u00edsticas --> <\/p>\n<div style='margin-bottom: 30px;'>\n<h3 style='font-size: 22px; border-bottom: 2px solid currentColor; padding-bottom: 5px; margin-top: 0; color: inherit; opacity: 0.8;'>Caracter\u00edsticas<\/h3>\n<ul style='padding-left: 20px; font-size: 15px; color: inherit;'>\n<li>Amplio rango de medici\u00f3n -70 a +10 dBm (1310\/1490\/1550\/1625) y -60 a +10 dBm (850\/1300)<\/li>\n<li>VFL opcional para la localizaci\u00f3n segura y efectiva de fallas<\/li>\n<li>Rango VFL: Hasta 4 km<\/li>\n<li>Compatible con fibra monomodo y multimodo<\/li>\n<li>Longitudes de onda calibradas de 850\/1300\/1310\/1490\/1550\/1625 nm<\/li>\n<li>Detecci\u00f3n de tono de 270Hz&comma; 1kHz y 2kHz<\/li>\n<li>Apagado autom\u00e1tico<\/li>\n<li>Mediciones de referencia y absolutas<\/li>\n<li>Mediciones en dB&comma; dBm y mW<\/li>\n<li>IP54<\/li>\n<li>Resoluci\u00f3n: 0.01 dB<\/li>\n<\/ul><\/div>\n<p> <!-- Video --> <\/p>\n<div style='margin-bottom: 30px;'>\n<div style='position: relative; padding-bottom: 56.25%; height: 0; overflow: hidden;'>   <\/div>\n<\/p><\/div>\n<p> <!-- Galer\u00eda de im\u00e1genes --> <\/p>\n<div style='display: flex; flex-wrap: wrap; gap: 20px; margin-bottom: 30px;'>\n<div style='flex: 1 1 300px; min-width: 280px;'> <img style='width: 100%; height: auto; border: 1px solid rgba(150&comma;150&comma;150&comma;0.3); border-radius: 8px;' src='https:\/\/ftp3.syscom.mx\/usuarios\/orobles\/GREENLEE\/OPM210%26OPM220\/OPM210%26220-sp.jpg' alt=''> <\/div>\n<div style='flex: 1 1 300px; min-width: 280px;'> <img style='width: 100%; height: auto; border: 1px solid rgba(150&comma;150&comma;150&comma;0.3); border-radius: 8px;' src='https:\/\/ftp3.syscom.mx\/usuarios\/orobles\/GREENLEE\/OPM210%26OPM220\/OPM210_OPM220_FAMILY-SHOT.png' alt=''> <\/div>\n<\/p><\/div>\n<p> <!-- Separador final --> <\/p>\n<hr style='border: 0; border-top: 1px solid rgba(150&comma; 150&comma; 150&comma; 0.3); margin: 30px 0;'> <\/div>\n","protected":false},"excerpt":{"rendered":"<p>Medidor de Potencia (Micro OPM) para Fibra ?ptica con Localizador Visual de Fallos (VFL), Entrada Universal de 2.5 mm (para Conectores SC, ST y FC), Rango de Medici?n de -70 a +10 dBm<\/p>\n","protected":false},"featured_media":111743,"comment_status":"open","ping_status":"closed","template":"","meta":[],"product_brand":[],"product_cat":[636],"product_tag":[611,25,658],"class_list":{"0":"post-111744","1":"product","2":"type-product","3":"status-publish","4":"has-post-thumbnail","6":"product_cat-herramientas-fibra-optica","7":"product_tag-fibra-optica","8":"product_tag-herramientas","9":"product_tag-tempo","11":"first","12":"instock","13":"sale","14":"shipping-taxable","15":"purchasable","16":"product-type-simple"},"_links":{"self":[{"href":"https:\/\/soydeaqui.ddns.net\/pachuca\/index.php\/wp-json\/wp\/v2\/product\/111744","targetHints":{"allow":["GET"]}}],"collection":[{"href":"https:\/\/soydeaqui.ddns.net\/pachuca\/index.php\/wp-json\/wp\/v2\/product"}],"about":[{"href":"https:\/\/soydeaqui.ddns.net\/pachuca\/index.php\/wp-json\/wp\/v2\/types\/product"}],"replies":[{"embeddable":true,"href":"https:\/\/soydeaqui.ddns.net\/pachuca\/index.php\/wp-json\/wp\/v2\/comments?post=111744"}],"wp:featuredmedia":[{"embeddable":true,"href":"https:\/\/soydeaqui.ddns.net\/pachuca\/index.php\/wp-json\/wp\/v2\/media\/111743"}],"wp:attachment":[{"href":"https:\/\/soydeaqui.ddns.net\/pachuca\/index.php\/wp-json\/wp\/v2\/media?parent=111744"}],"wp:term":[{"taxonomy":"product_brand","embeddable":true,"href":"https:\/\/soydeaqui.ddns.net\/pachuca\/index.php\/wp-json\/wp\/v2\/product_brand?post=111744"},{"taxonomy":"product_cat","embeddable":true,"href":"https:\/\/soydeaqui.ddns.net\/pachuca\/index.php\/wp-json\/wp\/v2\/product_cat?post=111744"},{"taxonomy":"product_tag","embeddable":true,"href":"https:\/\/soydeaqui.ddns.net\/pachuca\/index.php\/wp-json\/wp\/v2\/product_tag?post=111744"}],"curies":[{"name":"wp","href":"https:\/\/api.w.org\/{rel}","templated":true}]}}