{"id":111725,"date":"2026-03-20T21:02:40","date_gmt":"2026-03-20T21:02:40","guid":{"rendered":"https:\/\/soydeaqui.ddns.net\/pachuca\/index.php\/producto\/adaptador-de-pared-de-12vcc-1-a-con-cable-y-clavija-nema-1-15-0-5-metros-a-la-toma-de-alimentacion-0-5-metros-a-la-conexion-del-dispositivo\/"},"modified":"2026-03-20T21:03:01","modified_gmt":"2026-03-20T21:03:01","slug":"adaptador-de-pared-de-12vcc-1-a-con-cable-y-clavija-nema-1-15-0-5-metros-a-la-toma-de-alimentacion-0-5-metros-a-la-conexion-del-dispositivo","status":"publish","type":"product","link":"https:\/\/soydeaqui.ddns.net\/pachuca\/index.php\/producto\/adaptador-de-pared-de-12vcc-1-a-con-cable-y-clavija-nema-1-15-0-5-metros-a-la-toma-de-alimentacion-0-5-metros-a-la-conexion-del-dispositivo\/","title":{"rendered":"Adaptador de Pared de 12Vcc @ 1 A con cable y clavija Nema 1-15 \/ 0.5 metros a la toma de alimentaci\u00f3n \/ 0.5 metros a la conexi\u00f3n del dispositivo"},"content":{"rendered":"<div style='width: 100%; max-width: 1200px; margin: 0 auto; font-family: sans-serif; line-height: 1.6; color: inherit; background-color: transparent;'> <!-- Secci\u00f3n principal --> <\/p>\n<div style='text-align: center; margin-bottom: 30px;'>\n<h1 style='font-size: 28px; color: inherit; margin: 0;'><strong>PL-DC-1000T<\/strong><\/h1>\n<h3 style='font-size: 20px; color: inherit; margin: 10px 0 0 0;'>Adaptador de voltaje de 12 Vcc ; 1 Amper<\/h3>\n<p style='font-size: 16px; color: inherit; margin: 8px 0;'>0.5 metros a la toma de alimentaci\u00f3n \/ 0.5 metros a la conexi\u00f3n del dispositivo<\/p>\n<p style='color: inherit; margin: 20px 0 0 0;'>Sistemas de alimentaci\u00f3n de c\u00e1maras de CCTV&comma; Control de Acceso y m\u00faltiples aplicaciones.<\/p>\n<\/p><\/div>\n<p> <!-- Secci\u00f3n de caracter\u00edsticas con flex --> <\/p>\n<div style='display: flex; flex-wrap: wrap; gap: 30px; margin-bottom: 40px;'>\n<div style='flex: 1 1 300px; min-width: 280px;'>\n<div style='width: 100%; max-width: 400px; margin: 0 auto 20px auto;'> <img style='width: 100%; height: auto; border: 1px solid rgba(150&comma;150&comma;150&comma;0.3); border-radius: 8px;' src='https:\/\/ftp3.syscom.mx\/usuarios\/fotos\/BancoFotografiasSyscom\/EPCOMPOWERLINE\/PLDC1000T\/PLDC1000T-l.PNG' alt=''> <\/div>\n<h3 style='font-size: 22px; border-bottom: 2px solid currentColor; padding-bottom: 5px; margin-top: 0; color: inherit; opacity: 0.8;'>Caracter\u00edsticas<\/h3>\n<ul style='padding-left: 20px; font-size: 15px; color: inherit;'>\n<li style='margin-bottom: 5px;'>Voltaje de entrada : 100-240 Vca<\/li>\n<li style='margin-bottom: 5px;'>Voltaje de salida : 12 Vcc +\/- 5%<\/li>\n<li style='margin-bottom: 5px;'>Corriente de salida : 1 Amper<\/li>\n<li style='margin-bottom: 5px;'>Frecuencia nominal: 50\/60 Hz<\/li>\n<\/ul><\/div>\n<div style='flex: 1 1 300px; min-width: 280px;'>\n<div style='width: 100%; max-width: 400px; margin: 0 auto 20px auto;'> <img style='width: 100%; height: auto; border: 1px solid rgba(150&comma;150&comma;150&comma;0.3); border-radius: 8px;' src='https:\/\/ftp3.syscom.mx\/usuarios\/fotos\/BancoFotografiasSyscom\/EPCOMPOWERLINE\/PLDC1000T\/PLDC1000T-AD-1-l.PNG' alt=''> <\/div>\n<h3 style='font-size: 22px; border-bottom: 2px solid currentColor; padding-bottom: 5px; margin-top: 0; color: inherit; opacity: 0.8;'>Especificaciones f\u00edsicas<\/h3>\n<ul style='padding-left: 20px; font-size: 15px; color: inherit;'>\n<li style='margin-bottom: 5px;'>Entrada : Conector a Vca<\/li>\n<li style='margin-bottom: 5px;'>Salida : Jack macho Vcc<\/li>\n<li style='margin-bottom: 5px;'>Material : Pl\u00e1stico ABS<\/li>\n<li style='margin-bottom: 5px;'>Color : Negro<\/li>\n<li style='margin-bottom: 5px;'>Temperatura de operaci\u00f3n : 0\u00b0C a 40\u00b0C<\/li>\n<li style='margin-bottom: 5px;'>Dimensiones ( L x W x H ) : 70 x 65 x 24 mm<\/li>\n<\/ul><\/div>\n<div style='flex: 1 1 300px; min-width: 280px;'>\n<div style='width: 100%; max-width: 400px; margin: 0 auto 20px auto;'> <img style='width: 100%; height: auto; border: 1px solid rgba(150&comma;150&comma;150&comma;0.3); border-radius: 8px;' src='https:\/\/ftp3.syscom.mx\/usuarios\/fotos\/BancoFotografiasSyscom\/EPCOMPOWERLINE\/PLDC1000T\/PLDC1000T-AD-2-l.PNG' alt=''> <\/div>\n<h3 style='font-size: 22px; border-bottom: 2px solid currentColor; padding-bottom: 5px; margin-top: 0; color: inherit; opacity: 0.8;'>Aplicaciones<\/h3>\n<ul style='padding-left: 20px; font-size: 15px; color: inherit;'>\n<li style='margin-bottom: 5px;'>Sistemas de monitoreo y grabaci\u00f3n de CCTV<\/li>\n<li style='margin-bottom: 5px;'>Biometricos de Control de Acceso<\/li>\n<li style='margin-bottom: 5px;'>Varios<\/li>\n<\/ul><\/div>\n<\/p><\/div>\n<p> <!-- Garant\u00eda --> <\/p>\n<div style='margin-top: 30px;'>\n<p style='font-size: 15px; color: inherit; margin: 0;'><strong>&#8211; 1 A\u00f1o de Garant\u00eda<\/strong><\/p>\n<\/p><\/div>\n<\/p><\/div>\n","protected":false},"excerpt":{"rendered":"<p>Adaptador de Pared de 12Vcc @ 1 A con cable y clavija Nema 1-15 \/ 0.5 metros a la toma de alimentaci\u00f3n \/ 0.5 metros a la conexi\u00f3n del dispositivo<\/p>\n","protected":false},"featured_media":111724,"comment_status":"open","ping_status":"closed","template":"","meta":[],"product_brand":[],"product_cat":[1325],"product_tag":[1326,142,454],"class_list":{"0":"post-111725","1":"product","2":"type-product","3":"status-publish","4":"has-post-thumbnail","6":"product_cat-adaptadores-de-pared","7":"product_tag-adaptadores-de-pared","8":"product_tag-energia","9":"product_tag-epcom-powerline","11":"first","12":"instock","13":"sale","14":"shipping-taxable","15":"purchasable","16":"product-type-simple"},"_links":{"self":[{"href":"https:\/\/soydeaqui.ddns.net\/pachuca\/index.php\/wp-json\/wp\/v2\/product\/111725","targetHints":{"allow":["GET"]}}],"collection":[{"href":"https:\/\/soydeaqui.ddns.net\/pachuca\/index.php\/wp-json\/wp\/v2\/product"}],"about":[{"href":"https:\/\/soydeaqui.ddns.net\/pachuca\/index.php\/wp-json\/wp\/v2\/types\/product"}],"replies":[{"embeddable":true,"href":"https:\/\/soydeaqui.ddns.net\/pachuca\/index.php\/wp-json\/wp\/v2\/comments?post=111725"}],"wp:featuredmedia":[{"embeddable":true,"href":"https:\/\/soydeaqui.ddns.net\/pachuca\/index.php\/wp-json\/wp\/v2\/media\/111724"}],"wp:attachment":[{"href":"https:\/\/soydeaqui.ddns.net\/pachuca\/index.php\/wp-json\/wp\/v2\/media?parent=111725"}],"wp:term":[{"taxonomy":"product_brand","embeddable":true,"href":"https:\/\/soydeaqui.ddns.net\/pachuca\/index.php\/wp-json\/wp\/v2\/product_brand?post=111725"},{"taxonomy":"product_cat","embeddable":true,"href":"https:\/\/soydeaqui.ddns.net\/pachuca\/index.php\/wp-json\/wp\/v2\/product_cat?post=111725"},{"taxonomy":"product_tag","embeddable":true,"href":"https:\/\/soydeaqui.ddns.net\/pachuca\/index.php\/wp-json\/wp\/v2\/product_tag?post=111725"}],"curies":[{"name":"wp","href":"https:\/\/api.w.org\/{rel}","templated":true}]}}