{"id":111713,"date":"2026-03-20T21:02:02","date_gmt":"2026-03-20T21:02:02","guid":{"rendered":"https:\/\/soydeaqui.ddns.net\/pachuca\/index.php\/producto\/switch-poe-stackeable-capa-3-40-x-10-100-1000-mbps-8-x-100m-1-2-5-5g-multigigabit-4-x-sfp-10-g-hasta-720-w-fuente-redundante\/"},"modified":"2026-03-20T21:02:05","modified_gmt":"2026-03-20T21:02:05","slug":"switch-poe-stackeable-capa-3-40-x-10-100-1000-mbps-8-x-100m-1-2-5-5g-multigigabit-4-x-sfp-10-g-hasta-720-w-fuente-redundante","status":"publish","type":"product","link":"https:\/\/soydeaqui.ddns.net\/pachuca\/index.php\/producto\/switch-poe-stackeable-capa-3-40-x-10-100-1000-mbps-8-x-100m-1-2-5-5g-multigigabit-4-x-sfp-10-g-hasta-720-w-fuente-redundante\/","title":{"rendered":"Switch PoE+ Stackeable Capa 3, 40 x 10\/100\/1000 Mbps + 8 x 100M\/1\/2.5\/5G Multigigabit, 4 x SFP+ 10 G, hasta 720 W, fuente redundante"},"content":{"rendered":"<div style='width: 100%; max-width: 1200px; margin: 0 auto; font-family: sans-serif; line-height: 1.6; color: inherit; background-color: transparent;'>\n<div style='display: flex; flex-wrap: wrap; gap: 30px; margin-bottom: 30px;'>\n<div style='flex: 1 1 300px; min-width: 280px;'>\n<h3 style='font-size: 22px; border-bottom: 2px solid currentColor; padding-bottom: 5px; margin-top: 0; color: inherit; opacity: 0.8;'>Descripci\u00f3n<\/h3>\n<p style='font-size: 15px; color: inherit; margin-bottom: 15px;'>Potentes conmutadores Multi-Gigabit con alta capacidad y f\u00e1cil gesti\u00f3n&comma; lo que los convierte en la opci\u00f3n ideal para aplicaciones exigentes de distribuci\u00f3n y conectividad de alta velocidad. Los modelos de fuente de alimentaci\u00f3n dual de intercambio en caliente maximizan la resiliencia&comma; mientras que los modelos PoE permiten un soporte flexible de puntos finales.<\/p>\n<ul style='padding-left: 20px; font-size: 15px; color: inherit; list-style-type: disc;'>\n<li style='margin-bottom: 5px;'>Construir una soluci\u00f3n de n\u00facleo o distribuci\u00f3n de red resistente con la capacidad de apilar m\u00faltiples unidades utilizando VCStack\u2122<\/li>\n<li style='margin-bottom: 5px;'>Ampl\u00ede el alcance de la red con redes troncales distribuidas que son f\u00e1ciles de administrar mediante el apilamiento de larga distancia<\/li>\n<li style='margin-bottom: 5px;'>Admite actualizaciones inal\u00e1mbricas de alta velocidad y de red sobre el cableado heredado&comma; con conectividad Multi-Gigabit (2.5\/5G)<\/li>\n<li style='margin-bottom: 5px;'>Conecte y encienda puntos de acceso Wi-Fi 6&comma; c\u00e1maras de seguridad y otros dispositivos de alta potencia con hasta 90 vatios de PoE por puerto (dependiendo del modelo &#8211; consulte la pesta\u00f1a de especificaciones)<\/li>\n<li style='margin-bottom: 5px;'>Reduzca los costes y automatice la gesti\u00f3n de redes y dispositivos con Autonomous Management Framework\u2122 Plus (AMF Plus)<\/li>\n<li style='margin-bottom: 5px;'>Vista Manager mini permite una gesti\u00f3n inal\u00e1mbrica integrada&comma; que incluye mapas de piso y calor para la supervisi\u00f3n visual del rendimiento<\/li>\n<li style='margin-bottom: 5px;'>Las fuentes de alimentaci\u00f3n de doble carga compartida permiten el m\u00e1ximo tiempo de actividad y un mantenimiento m\u00ednimo<\/li>\n<li style='margin-bottom: 5px;'>Las fuentes de alimentaci\u00f3n duales intercambiables en caliente y el funcionamiento de temperatura extendida de 0 a 65\u00b0C (en modelos DP) admiten un despliegue flexible de alta resistencia y redes de IoT multidispositivo<\/li>\n<\/ul><\/div>\n<\/p><\/div>\n<div style='display: flex; flex-wrap: wrap; gap: 20px; margin-bottom: 30px;'>\n<div style='flex: 1 1 250px; border: 1px solid rgba(150&comma; 150&comma; 150&comma; 0.4); border-radius: 8px; overflow: hidden; display: flex; flex-direction: column;'>\n<div style='padding: 15px; border-bottom: 1px solid rgba(150&comma; 150&comma; 150&comma; 0.2); font-weight: bold; font-size: 18px; color: inherit;'>Caracter\u00edsticas clave<\/div>\n<div style='padding: 15px; color: inherit;'>\n<ul style='padding-left: 20px; margin: 0; font-size: 14px; list-style-type: disc;'>\n<li style='margin-bottom: 5px;'>Se puede implementar como un maestro de AMF Plus o como un conmutador miembro de AMF Plus<\/li>\n<li style='margin-bottom: 5px;'>Opciones flexibles de conectividad Multi-Gigabit en 1G&comma; 2.5G&comma; 5G y 10G<\/li>\n<li style='margin-bottom: 5px;'>EPSRing\u2122 y G.8032 ERPS para redes de anillo resistentes a la conmutaci\u00f3n por error r\u00e1pida<\/li>\n<li style='margin-bottom: 5px;'>PoE de 30W&comma; 60W o 90W por puerto (dependiendo del modelo &#8211; consulte la pesta\u00f1a de especificaciones)<\/li>\n<li style='margin-bottom: 5px;'>Presupuesto de potencia PoE de hasta 1480 W (dependiendo del modelo &#8211; consulte la pesta\u00f1a de especificaciones)<\/li>\n<li style='margin-bottom: 5px;'>El PoE continuo maximiza la conectividad de los puntos finales<\/li>\n<li style='margin-bottom: 5px;'>Active Fiber Monitoring\u2122 (AFM) para redes de fibra seguras<\/li>\n<li style='margin-bottom: 5px;'>Certificado FIPS 140-2<\/li>\n<\/ul><\/div>\n<\/p><\/div>\n<\/p><\/div>\n<hr style='border: 0; border-top: 1px solid rgba(150&comma; 150&comma; 150&comma; 0.3); margin: 30px 0;'> <\/div>\n","protected":false},"excerpt":{"rendered":"<p>Switch PoE+ Stackeable Capa 3, 40 x 10\/100\/1000 Mbps + 8 x 100M\/1\/2.5\/5G Multigigabit, 4 x SFP+ 10 G, hasta 720 W, fuente redundante<\/p>\n","protected":false},"featured_media":111712,"comment_status":"open","ping_status":"closed","template":"","meta":[],"product_brand":[],"product_cat":[1986],"product_tag":[1995,664,1987],"class_list":{"0":"post-111713","1":"product","2":"type-product","3":"status-publish","4":"has-post-thumbnail","6":"product_cat-switches-poe","7":"product_tag-allied-telesis","8":"product_tag-networking","9":"product_tag-switches-poe","11":"first","12":"outofstock","13":"sale","14":"shipping-taxable","15":"purchasable","16":"product-type-simple"},"_links":{"self":[{"href":"https:\/\/soydeaqui.ddns.net\/pachuca\/index.php\/wp-json\/wp\/v2\/product\/111713","targetHints":{"allow":["GET"]}}],"collection":[{"href":"https:\/\/soydeaqui.ddns.net\/pachuca\/index.php\/wp-json\/wp\/v2\/product"}],"about":[{"href":"https:\/\/soydeaqui.ddns.net\/pachuca\/index.php\/wp-json\/wp\/v2\/types\/product"}],"replies":[{"embeddable":true,"href":"https:\/\/soydeaqui.ddns.net\/pachuca\/index.php\/wp-json\/wp\/v2\/comments?post=111713"}],"wp:featuredmedia":[{"embeddable":true,"href":"https:\/\/soydeaqui.ddns.net\/pachuca\/index.php\/wp-json\/wp\/v2\/media\/111712"}],"wp:attachment":[{"href":"https:\/\/soydeaqui.ddns.net\/pachuca\/index.php\/wp-json\/wp\/v2\/media?parent=111713"}],"wp:term":[{"taxonomy":"product_brand","embeddable":true,"href":"https:\/\/soydeaqui.ddns.net\/pachuca\/index.php\/wp-json\/wp\/v2\/product_brand?post=111713"},{"taxonomy":"product_cat","embeddable":true,"href":"https:\/\/soydeaqui.ddns.net\/pachuca\/index.php\/wp-json\/wp\/v2\/product_cat?post=111713"},{"taxonomy":"product_tag","embeddable":true,"href":"https:\/\/soydeaqui.ddns.net\/pachuca\/index.php\/wp-json\/wp\/v2\/product_tag?post=111713"}],"curies":[{"name":"wp","href":"https:\/\/api.w.org\/{rel}","templated":true}]}}