{"id":111699,"date":"2026-03-20T21:01:15","date_gmt":"2026-03-20T21:01:15","guid":{"rendered":"https:\/\/soydeaqui.ddns.net\/pachuca\/index.php\/producto\/turret-turbohd-2-megapixeles-1080p-imagen-a-color-24-7-lente-2-8-mm-metal-luz-blanca-20-mts-exterior-ip67-tvi-ahd-cvi-cvbs-dwdr\/"},"modified":"2026-03-20T21:01:31","modified_gmt":"2026-03-20T21:01:31","slug":"turret-turbohd-2-megapixeles-1080p-imagen-a-color-24-7-lente-2-8-mm-metal-luz-blanca-20-mts-exterior-ip67-tvi-ahd-cvi-cvbs-dwdr","status":"publish","type":"product","link":"https:\/\/soydeaqui.ddns.net\/pachuca\/index.php\/producto\/turret-turbohd-2-megapixeles-1080p-imagen-a-color-24-7-lente-2-8-mm-metal-luz-blanca-20-mts-exterior-ip67-tvi-ahd-cvi-cvbs-dwdr\/","title":{"rendered":"Turret TURBOHD 2 Megapixeles (1080p) \/ Imagen a color 24\/7 \/ Lente 2.8 mm \/ METAL \/ Luz Blanca 20 mts \/ Exterior IP67 \/ TVI-AHD-CVI-CVBS \/ dWDR"},"content":{"rendered":"<div style='width: 100%; max-width: 1200px; margin: 0 auto; font-family: sans-serif; line-height: 1.6; color: inherit; background-color: transparent;'>\n<div style='width: 100%;'> <img style='width: 100%; height: auto; border: 1px solid rgba(150&comma;150&comma;150&comma;0.3); border-radius: 8px;' src='https:\/\/ftp3.syscom.mx\/usuarios\/xguereque\/Imagenes\/hikvision\/colorvu-2.jpg' alt=''> <\/div>\n<div style='display: flex; flex-wrap: wrap; gap: 20px; margin: 30px 0;'>\n<div style='flex: 1 1 300px; min-width: 280px;'> <img style='width: 100%; height: auto; border: 1px solid rgba(150&comma;150&comma;150&comma;0.3); border-radius: 8px;' src='https:\/\/ftp3.syscom.mx\/usuarios\/jsosa\/HIKVISION\/imagenes\/colorvu\/1.png' alt=''> <\/div>\n<div style='flex: 1 1 300px; min-width: 280px;'> <img style='width: 100%; height: auto; border: 1px solid rgba(150&comma;150&comma;150&comma;0.3); border-radius: 8px;' src='https:\/\/ftp3.syscom.mx\/usuarios\/jsosa\/HIKVISION\/imagenes\/colorvu\/4.png' alt=''> <\/div>\n<div style='flex: 1 1 300px; min-width: 280px;'> <img style='width: 100%; height: auto; border: 1px solid rgba(150&comma;150&comma;150&comma;0.3); border-radius: 8px;' src='https:\/\/ftp3.syscom.mx\/usuarios\/jsosa\/HIKVISION\/imagenes\/colorvu\/3.png' alt=''> <\/div>\n<div style='flex: 1 1 300px; min-width: 280px;'> <img style='width: 100%; height: auto; border: 1px solid rgba(150&comma;150&comma;150&comma;0.3); border-radius: 8px;' src='https:\/\/ftp3.syscom.mx\/usuarios\/jsosa\/HIKVISION\/imagenes\/colorvu\/2.png' alt=''> <\/div>\n<div style='flex: 1 1 300px; min-width: 280px;'> <img style='width: 100%; height: auto; border: 1px solid rgba(150&comma;150&comma;150&comma;0.3); border-radius: 8px;' src='https:\/\/ftp3.syscom.mx\/usuarios\/jsosa\/HIKVISION\/imagenes\/colorvu\/5.png' alt=''> <\/div>\n<div style='flex: 1 1 300px; min-width: 280px;'> <img style='width: 100%; height: auto; border: 1px solid rgba(150&comma;150&comma;150&comma;0.3); border-radius: 8px;' src='https:\/\/ftp3.syscom.mx\/usuarios\/jsosa\/HIKVISION\/imagenes\/colorvu\/6.png' alt=''> <\/div>\n<\/p><\/div>\n<div style='display: flex; flex-wrap: wrap; gap: 30px; margin-bottom: 30px;'>\n<div style='flex: 1 1 300px; min-width: 280px;'>\n<h3 style='font-size: 22px; border-bottom: 2px solid currentColor; padding-bottom: 5px; margin-top: 0; color: inherit; opacity: 0.8;'>Caracter\u00edsticas principales:<\/h3>\n<ul style='padding-left: 20px; font-size: 15px; color: inherit;'>\n<li style='margin-bottom: 5px;'>Resoluci\u00f3n M\u00e1xima 2 Megapixel (1920 x 1080)<\/li>\n<li style='margin-bottom: 5px;'>Iluminaci\u00f3n minima: 0.001 Lux @ (F1.0&comma; AGC ON)<\/li>\n<li style='margin-bottom: 5px;'>Lente fijo: 2.8 mm (Angulo de apertura 98\u00b0)<\/li>\n<li style='margin-bottom: 5px;'>20 Metros de luz blanca (Ayuda a iluminar el sitio para mantener la imagen siempre a color)<\/li>\n<li style='margin-bottom: 5px;'>Soporta 4 Tecnologias&comma; selecci\u00f3nable en el mazo de cables (HD-TVI&comma; HD-CVI&comma; AHD&comma;CVBS Analogico 1200TVL&#8217;s)<\/li>\n<li style='margin-bottom: 5px;'>dWDR \/ BLC \/ HLC<\/li>\n<\/ul><\/div>\n<div style='flex: 1 1 300px; min-width: 280px;'>\n<h3 style='font-size: 22px; border-bottom: 2px solid currentColor; padding-bottom: 5px; margin-top: 0; color: inherit; opacity: 0.8;'>Caracter\u00edsticas F\u00edsicas y El\u00e9ctricas:<\/h3>\n<ul style='padding-left: 20px; font-size: 15px; color: inherit;'>\n<li style='margin-bottom: 5px;'>Temperatura de Operaci\u00f3n: &#8211; 40\u00b0C a 60\u00b0C.<\/li>\n<li style='margin-bottom: 5px;'>Alimentaci\u00f3n: 12 Vcc \/ 2.4 Watts.<\/li>\n<li style='margin-bottom: 5px;'>Protecci\u00f3n: Interior \/ Exterior IP67.<\/li>\n<li style='margin-bottom: 5px;'>Fabricado en material de metal.<\/li>\n<li style='margin-bottom: 5px;'>Dimensi\u00f3nes: 85.4 x 77.62 mm.<\/li>\n<li style='margin-bottom: 5px;'>Peso: 320 gramos.<\/li>\n<\/ul><\/div>\n<div style='flex: 1 1 300px; min-width: 280px;'>\n<h3 style='font-size: 22px; border-bottom: 2px solid currentColor; padding-bottom: 5px; margin-top: 0; color: inherit; opacity: 0.8;'>Caracter\u00edsticas Destacadas:<\/h3>\n<p style='font-size: 15px; color: inherit; margin-bottom: 0;'>Las c\u00e1maras ColorVu cuentan con F stop ajustando a 1.0&comma; lo que le permite una mayor captaci\u00f3n y aprovechamiento de la luz&comma; su luz blanca permite iluminar los ambientes muy oscuros para brindar una imagen a color 24\/7&comma; es por ello que ColorVu se encuentra entre las m\u00e1s selecci\u00f3nadas por los clientes en ambientes como bares&comma; tiendas&comma; hogar&comma; oficina&comma; hospitales&comma; perimetrales.<\/p>\n<\/p><\/div>\n<\/p><\/div>\n<div style='width: 100%; margin: 30px 0;'> <img style='width: 100%; height: auto; border: 1px solid rgba(150&comma;150&comma;150&comma;0.3); border-radius: 8px;' src='https:\/\/ftp3.syscom.mx\/usuarios\/fotos\/B8TURBOC\/189682-5-year-epcom-es_(2).png' alt=''> <\/div>\n<\/p><\/div>\n","protected":false},"excerpt":{"rendered":"<p>Turret TURBOHD 2 Megapixeles (1080p) \/ Imagen a color 24\/7 \/ Lente 2.8 mm \/ METAL \/ Luz Blanca 20 mts \/ Exterior IP67 \/ TVI-AHD-CVI-CVBS \/ dWDR<\/p>\n","protected":false},"featured_media":111698,"comment_status":"open","ping_status":"closed","template":"","meta":[],"product_brand":[],"product_cat":[2269],"product_tag":[2255,2057,2257],"class_list":{"0":"post-111699","1":"product","2":"type-product","3":"status-publish","4":"has-post-thumbnail","6":"product_cat-domo-eyeball-turret-camaras-y-dvrs-hd-turbohd-ahd-hd-tvi","7":"product_tag-camaras-y-dvrs-hd-turbohd-ahd-hd-tvi","8":"product_tag-domo-eyeball-turret","9":"product_tag-epcom-professional","11":"first","12":"outofstock","13":"sale","14":"shipping-taxable","15":"purchasable","16":"product-type-simple"},"_links":{"self":[{"href":"https:\/\/soydeaqui.ddns.net\/pachuca\/index.php\/wp-json\/wp\/v2\/product\/111699","targetHints":{"allow":["GET"]}}],"collection":[{"href":"https:\/\/soydeaqui.ddns.net\/pachuca\/index.php\/wp-json\/wp\/v2\/product"}],"about":[{"href":"https:\/\/soydeaqui.ddns.net\/pachuca\/index.php\/wp-json\/wp\/v2\/types\/product"}],"replies":[{"embeddable":true,"href":"https:\/\/soydeaqui.ddns.net\/pachuca\/index.php\/wp-json\/wp\/v2\/comments?post=111699"}],"wp:featuredmedia":[{"embeddable":true,"href":"https:\/\/soydeaqui.ddns.net\/pachuca\/index.php\/wp-json\/wp\/v2\/media\/111698"}],"wp:attachment":[{"href":"https:\/\/soydeaqui.ddns.net\/pachuca\/index.php\/wp-json\/wp\/v2\/media?parent=111699"}],"wp:term":[{"taxonomy":"product_brand","embeddable":true,"href":"https:\/\/soydeaqui.ddns.net\/pachuca\/index.php\/wp-json\/wp\/v2\/product_brand?post=111699"},{"taxonomy":"product_cat","embeddable":true,"href":"https:\/\/soydeaqui.ddns.net\/pachuca\/index.php\/wp-json\/wp\/v2\/product_cat?post=111699"},{"taxonomy":"product_tag","embeddable":true,"href":"https:\/\/soydeaqui.ddns.net\/pachuca\/index.php\/wp-json\/wp\/v2\/product_tag?post=111699"}],"curies":[{"name":"wp","href":"https:\/\/api.w.org\/{rel}","templated":true}]}}