{"id":111690,"date":"2026-03-20T21:00:44","date_gmt":"2026-03-20T21:00:44","guid":{"rendered":"https:\/\/soydeaqui.ddns.net\/pachuca\/index.php\/producto\/fisheye-ip-12-megapixel-180-360-dewarping-exterior-ip67-ik10-15-mts-ir-entrada-y-salida-de-audio-y-alarma-multiples-vistas-microfono-integrado-microsd\/"},"modified":"2026-03-20T21:00:57","modified_gmt":"2026-03-20T21:00:57","slug":"fisheye-ip-12-megapixel-180-360-dewarping-exterior-ip67-ik10-15-mts-ir-entrada-y-salida-de-audio-y-alarma-multiples-vistas-microfono-integrado-microsd","status":"publish","type":"product","link":"https:\/\/soydeaqui.ddns.net\/pachuca\/index.php\/producto\/fisheye-ip-12-megapixel-180-360-dewarping-exterior-ip67-ik10-15-mts-ir-entrada-y-salida-de-audio-y-alarma-multiples-vistas-microfono-integrado-microsd\/","title":{"rendered":"Fisheye IP 12 Megapixel \/ 180\u00b0 &#8211; 360\u00b0 \/ DEWARPING \/ Exterior IP67 \/ IK10 \/ 15 mts IR \/ Entrada y Salida de Audio y Alarma \/ M\u00faltiples Vistas \/ Micr\u00f3fono Integrado  \/ microSD"},"content":{"rendered":"<div style='width: 100%; max-width: 1200px; margin: 0 auto; font-family: sans-serif; line-height: 1.6; color: inherit; background-color: transparent;'>\n<p style='text-align: center;'><img style='width: 45%; height: auto; border: 1px solid rgba(150&comma;150&comma;150&comma;0.3); border-radius: 8px;' src='https:\/\/ftp3.syscom.mx\/usuarios\/jsosa\/HIKVISION\/imagenes\/logo\/hikvision%20see%20far.png' alt='Logo Hikvision'><\/p>\n<div style='display: flex; flex-wrap: wrap; gap: 30px; margin-top: 30px; margin-bottom: 30px;'>\n<div style='flex: 1 1 300px; min-width: 280px;'>\n<h3 style='font-size: 22px; border-bottom: 2px solid currentColor; padding-bottom: 5px; margin-top: 0; color: inherit; opacity: 0.8;'>Caracter\u00edsticas principales<\/h3>\n<ul style='padding-left: 20px; font-size: 15px; color: inherit;'>\n<li style='margin-bottom: 5px;'>Resoluci\u00f3n m\u00e1xima: 12 Megapixel (4000 x 3000).<\/li>\n<li style='margin-bottom: 5px;'>Lente fijo: 2 mm (180\u00b0 en pared \/ 360\u00b0 en techo).<\/li>\n<li style='margin-bottom: 5px;'>Micr\u00f3fono y bocina integrado.<\/li>\n<li style='margin-bottom: 5px;'>15 mts IR (visi\u00f3n nocturna).<\/li>\n<li style='margin-bottom: 5px;'>Compresi\u00f3n: H.265+ \/ H.265 \/ H.264.<\/li>\n<li style='margin-bottom: 5px;'>dWDR \/ 3D DNR \/ BLC \/ HLC \/ Defog.<\/li>\n<li style='margin-bottom: 5px;'>Entrada y salida de audio y alarma.<\/li>\n<li style='margin-bottom: 5px;'>Soporta memoria micro SD de hasta 256 GB (no incluida).<\/li>\n<\/ul><\/div>\n<div style='flex: 1 1 300px; min-width: 280px;'>\n<h3 style='font-size: 22px; border-bottom: 2px solid currentColor; padding-bottom: 5px; margin-top: 0; color: inherit; opacity: 0.8;'>Caracter\u00edsticas F\u00edsicas y El\u00e9ctricas<\/h3>\n<ul style='padding-left: 20px; font-size: 15px; color: inherit;'>\n<li style='margin-bottom: 5px;'>Alimentaci\u00f3n: 12 Vcc \/ PoE (802.3 af) \/ 12 Watts.<\/li>\n<li style='margin-bottom: 5px;'>Protecci\u00f3n: IP67 (interior \/ exterior).<\/li>\n<li style='margin-bottom: 5px;'>Antivandalismo: IK10<\/li>\n<li style='margin-bottom: 5px;'>Material: metal.<\/li>\n<li style='margin-bottom: 5px;'>Dimensiones: 167.4 x 152.8 x 55 mm.<\/li>\n<li style='margin-bottom: 5px;'>Peso: 1.4 kg.<\/li>\n<\/ul><\/div>\n<div style='flex: 1 1 300px; min-width: 280px;'>\n<h3 style='font-size: 22px; border-bottom: 2px solid currentColor; padding-bottom: 5px; margin-top: 0; color: inherit; opacity: 0.8;'>Caracter\u00edsticas Destacadas<\/h3>\n<ul style='padding-left: 20px; font-size: 15px; color: inherit;'>\n<li style='margin-bottom: 5px;'>Permite tener hasta 18 maneras distintas de manejo ya sea por medio de hardware o por software.<\/li>\n<li style='margin-bottom: 5px;'>Cuenta con video analitos integrados: cruce de linea&comma; intrusi\u00f3n de \u00e1rea&comma; regi\u00f3n de entrada&comma; regi\u00f3n de salida&comma; objeto olvidado y objeto removido.<\/li>\n<li style='margin-bottom: 5px;'>Soporta ONVIF (PROFILE S&comma; PROFILE G) \/ ISAPI.<\/li>\n<\/ul><\/div>\n<\/p><\/div>\n<hr style='border: 0; border-top: 1px solid rgba(150&comma; 150&comma; 150&comma; 0.3); margin: 30px 0;'>\n<h2 style='text-align: center; font-size: 24px; margin-bottom: 30px; color: inherit; opacity: 0.8;'>Recursos<\/h2>\n<div style='display: flex; flex-wrap: wrap; gap: 20px; justify-content: center; margin-bottom: 30px;'>\n<div style='flex: 1 1 250px; min-width: 200px;'> <a href='https:\/\/www.hikvision.com\/es-la\/support\/download\/software\/ivms4200-series\/?q=serie%20ivms4200&#038;position=1' target='_blank' rel='noopener' style='text-decoration: none; color: inherit;'> <img style='width: 100%; height: auto; border: 1px solid rgba(150&comma;150&comma;150&comma;0.3); border-radius: 8px; margin-bottom: 10px;' src='https:\/\/ftp3.syscom.mx\/usuarios\/gmagos\/HIK\/IP\/IPC\/Imagenes%20pagina\/Descargas%20IVMS4200.jpg' alt='IVMS4200'> <\/p>\n<p style='text-align: center; font-size: 14px; margin: 0; color: inherit;'>IVMS 4200<\/p>\n<p> <\/a> <\/div>\n<div style='flex: 1 1 250px; min-width: 200px;'> <a href='https:\/\/appstore.hikvision.com\/' target='_blank' rel='noopener' style='text-decoration: none; color: inherit;'> <img style='width: 100%; height: auto; border: 1px solid rgba(150&comma;150&comma;150&comma;0.3); border-radius: 8px; margin-bottom: 10px;' src='https:\/\/ftp3.syscom.mx\/usuarios\/gmagos\/HIK\/IP\/IPC\/Imagenes%20pagina\/Descargas%20de%20app.jpg' alt='App Store Hikvision'> <\/p>\n<p style='text-align: center; font-size: 14px; margin: 0; color: inherit;'>App Store<\/p>\n<p> <\/a> <\/div>\n<div style='flex: 1 1 250px; min-width: 200px;'> <a href='https:\/\/ftp3.syscom.mx\/usuarios\/jsosa\/HIKVISION\/specs\/IPC\/fisheye\/DS2CD63C5G0EIVSB\/DS-2CD63C5G0E-I%28V%29%28S%29%28B%29%20Datasheet%20V5.5.73%2020200408.pdf' target='_blank' rel='noopener' style='text-decoration: none; color: inherit;'> <img style='width: 100%; height: auto; border: 1px solid rgba(150&comma;150&comma;150&comma;0.3); border-radius: 8px; margin-bottom: 10px;' src='https:\/\/ftp3.syscom.mx\/usuarios\/gmagos\/HIK\/IP\/IPC\/Imagenes%20pagina\/Descarga%20de%20PDF.jpg' alt='Ficha t\u00e9cnica'> <\/p>\n<p style='text-align: center; font-size: 14px; margin: 0; color: inherit;'>Ficha t\u00e9cnica<\/p>\n<p> <\/a> <\/div>\n<\/p><\/div>\n<hr style='border: 0; border-top: 1px solid rgba(150&comma; 150&comma; 150&comma; 0.3); margin: 30px 0;'>\n<p style='text-align: center; margin: 0;'><img style='width: 100%; height: auto; border: 1px solid rgba(150&comma;150&comma;150&comma;0.3); border-radius: 8px;' src='https:\/\/ftp3.syscom.mx\/usuarios\/jsosa\/HIKVISION\/imagenes\/banners\/solution%20complete.png' alt='Soluci\u00f3n completa Hikvision'><\/p>\n<\/p><\/div>\n","protected":false},"excerpt":{"rendered":"<p>Fisheye IP 12 Megapixel \/ 180\u00b0 &#8211; 360\u00b0 \/ DEWARPING \/ Exterior IP67 \/ IK10 \/ 15 mts IR \/ Entrada y Salida de Audio y Alarma \/ M\u00faltiples Vistas \/ Micr\u00f3fono Integrado  \/ microSD<\/p>\n","protected":false},"featured_media":111689,"comment_status":"open","ping_status":"closed","template":"","meta":[],"product_brand":[],"product_cat":[2248],"product_tag":[122,2249,54],"class_list":{"0":"post-111690","1":"product","2":"type-product","3":"status-publish","4":"has-post-thumbnail","6":"product_cat-fisheye-y-hemisfericas","7":"product_tag-camaras-ip-y-nvrs","8":"product_tag-fisheye-y-hemisfericas","9":"product_tag-hikvision","11":"first","12":"outofstock","13":"sale","14":"shipping-taxable","15":"purchasable","16":"product-type-simple"},"_links":{"self":[{"href":"https:\/\/soydeaqui.ddns.net\/pachuca\/index.php\/wp-json\/wp\/v2\/product\/111690","targetHints":{"allow":["GET"]}}],"collection":[{"href":"https:\/\/soydeaqui.ddns.net\/pachuca\/index.php\/wp-json\/wp\/v2\/product"}],"about":[{"href":"https:\/\/soydeaqui.ddns.net\/pachuca\/index.php\/wp-json\/wp\/v2\/types\/product"}],"replies":[{"embeddable":true,"href":"https:\/\/soydeaqui.ddns.net\/pachuca\/index.php\/wp-json\/wp\/v2\/comments?post=111690"}],"wp:featuredmedia":[{"embeddable":true,"href":"https:\/\/soydeaqui.ddns.net\/pachuca\/index.php\/wp-json\/wp\/v2\/media\/111689"}],"wp:attachment":[{"href":"https:\/\/soydeaqui.ddns.net\/pachuca\/index.php\/wp-json\/wp\/v2\/media?parent=111690"}],"wp:term":[{"taxonomy":"product_brand","embeddable":true,"href":"https:\/\/soydeaqui.ddns.net\/pachuca\/index.php\/wp-json\/wp\/v2\/product_brand?post=111690"},{"taxonomy":"product_cat","embeddable":true,"href":"https:\/\/soydeaqui.ddns.net\/pachuca\/index.php\/wp-json\/wp\/v2\/product_cat?post=111690"},{"taxonomy":"product_tag","embeddable":true,"href":"https:\/\/soydeaqui.ddns.net\/pachuca\/index.php\/wp-json\/wp\/v2\/product_tag?post=111690"}],"curies":[{"name":"wp","href":"https:\/\/api.w.org\/{rel}","templated":true}]}}