{"id":111677,"date":"2026-03-20T20:59:58","date_gmt":"2026-03-20T20:59:58","guid":{"rendered":"https:\/\/soydeaqui.ddns.net\/pachuca\/index.php\/producto\/monitor-ip-lite-no-touch-para-videoportero-ip-apertura-remota-y-video-en-vivo-poe-estandar-principal-o-esclavo\/"},"modified":"2026-03-20T21:00:18","modified_gmt":"2026-03-20T21:00:18","slug":"monitor-ip-lite-no-touch-para-videoportero-ip-apertura-remota-y-video-en-vivo-poe-estandar-principal-o-esclavo","status":"publish","type":"product","link":"https:\/\/soydeaqui.ddns.net\/pachuca\/index.php\/producto\/monitor-ip-lite-no-touch-para-videoportero-ip-apertura-remota-y-video-en-vivo-poe-estandar-principal-o-esclavo\/","title":{"rendered":"Monitor IP Lite  (No touch) para Videoportero IP \/ Apertura Remota y Video en Vivo \/  PoE Est\u00e1ndar \/ Principal o Esclavo"},"content":{"rendered":"<div style='width: 100%; max-width: 1200px; margin: 0 auto; font-family: sans-serif; line-height: 1.6; color: inherit; background-color: transparent;'> <!-- Banner Superior --> <\/p>\n<div style='display: flex; flex-wrap: wrap; gap: 30px; margin-bottom: 30px;'>\n<div style='flex: 1 1 100%;'> <a href='https:\/\/www.syscom.mx\/principal\/listadoportadasazul\/control-de-acceso-tv-porteros-e-interfonos-469.html?ordenar=Mas_Vendidos&#038;marca=-hikvision&#038;pag=1' target='_blank' rel='noopener'> <img style='width: 100%; height: auto; border: 1px solid rgba(150&comma;150&comma;150&comma;0.3); border-radius: 8px;' src='https:\/\/ftp3.syscom.mx\/usuarios\/ftp\/web_img\/web_banners\/videoporteros.jpg' alt='Banner Videoporteros' \/> <\/a> <\/div>\n<\/p><\/div>\n<p> <!-- Videos Section --> <\/p>\n<div style='display: flex; flex-wrap: wrap; gap: 30px; margin-bottom: 30px;'>\n<div style='flex: 1 1 300px; min-width: 280px;'>\n<div style='position: relative; padding-bottom: 56.25%; height: 0; overflow: hidden; margin-bottom: 30px;'>   <\/div>\n<\/p><\/div>\n<div style='flex: 1 1 300px; min-width: 280px;'>\n<div style='position: relative; padding-bottom: 56.25%; height: 0; overflow: hidden; margin-bottom: 30px;'>   <\/div>\n<\/p><\/div>\n<div style='flex: 1 1 300px; min-width: 280px;'>\n<div style='position: relative; padding-bottom: 56.25%; height: 0; overflow: hidden; margin-bottom: 30px;'>   <\/div>\n<\/p><\/div>\n<\/p><\/div>\n<p> <!-- Features Section --> <\/p>\n<div style='display: flex; flex-wrap: wrap; gap: 20px; margin-bottom: 30px;'>\n<div style='flex: 1 1 300px; min-width: 280px;'>\n<div style='border: 1px solid rgba(150&comma; 150&comma; 150&comma; 0.4); border-radius: 8px; overflow: hidden; display: flex; flex-direction: column;'>\n<div style='padding: 15px; border-bottom: 1px solid rgba(150&comma; 150&comma; 150&comma; 0.2); font-weight: bold; font-size: 18px; color: inherit; background-color: rgba(255&comma; 0&comma; 0&comma; 0.8); color: white;'>Caracter\u00edsticas de monitor DS-KH6220-LE1:<\/div>\n<div style='padding: 15px; color: inherit;'>\n<ul style='padding-left: 20px; margin: 0; font-size: 14px; list-style-type: disc;'>\n<li style='margin-bottom: 5px;'>PoE est\u00e1ndar<\/li>\n<li style='margin-bottom: 5px;'>Pantalla de 7&#8242; (botones touch&comma; no toda la pantalla)<\/li>\n<li style='margin-bottom: 5px;'>4 botones<\/li>\n<li style='margin-bottom: 5px;'>Apertura desde monitor<\/li>\n<li style='margin-bottom: 5px;'>Vista en vivo de frente de calle<\/li>\n<li style='margin-bottom: 5px;'>Micr\u00f3fono y altavoz interconstruido<\/li>\n<li style='margin-bottom: 5px;'>Entrada de Alarma: 8 Entradas<\/li>\n<li style='margin-bottom: 5px;'>Resoluci\u00f3n: 1024 x 600<\/li>\n<li style='margin-bottom: 5px; font-weight: bold;'>Garant\u00eda: 2 a\u00f1os<\/li>\n<\/ul><\/div>\n<\/p><\/div>\n<\/p><\/div>\n<div style='flex: 1 1 300px; min-width: 280px;'>\n<div style='border: 1px solid rgba(150&comma; 150&comma; 150&comma; 0.4); border-radius: 8px; overflow: hidden; display: flex; flex-direction: column;'>\n<div style='padding: 15px; border-bottom: 1px solid rgba(150&comma; 150&comma; 150&comma; 0.2); font-weight: bold; font-size: 18px; color: inherit; background-color: rgba(255&comma; 0&comma; 0&comma; 0.8); color: white;'>Caracter\u00edsticas F\u00edsicas y El\u00e9ctricas:<\/div>\n<div style='padding: 15px; color: inherit;'>\n<ul style='padding-left: 20px; margin: 0; font-size: 14px; list-style-type: disc;'>\n<li style='margin-bottom: 5px;'>Alimentaci\u00f3n: 12 Vcc (no incluido) o PoE estandar<\/li>\n<li style='margin-bottom: 5px;'>Consumo: < 6 Watts<\/li>\n<li style='margin-bottom: 5px; font-weight: bold;'>Conexi\u00f3n TCP\/IP cableado<\/li>\n<li style='margin-bottom: 5px;'>Temperatura de operaci\u00f3n: -10 \u00b0C to 55 \u00b0C<\/li>\n<li style='margin-bottom: 5px;'>Dimensiones: 200 mm \u00d7 140 mm \u00d7 23.1 mm<\/li>\n<li style='margin-bottom: 5px;'>Peso: 683 g (empacado) 355 g (sin empaque)<\/li>\n<li style='margin-bottom: 5px;'>8 Entradas de Alarma<\/li>\n<\/ul><\/div>\n<\/p><\/div>\n<\/p><\/div>\n<div style='flex: 1 1 300px; min-width: 280px;'>\n<div style='border: 1px solid rgba(150&comma; 150&comma; 150&comma; 0.4); border-radius: 8px; overflow: hidden; display: flex; flex-direction: column;'>\n<div style='padding: 15px; border-bottom: 1px solid rgba(150&comma; 150&comma; 150&comma; 0.2); font-weight: bold; font-size: 18px; color: inherit; background-color: rgba(255&comma; 0&comma; 0&comma; 0.8); color: white;'>Caracter\u00edsticas Importantes:<\/div>\n<div style='padding: 15px; color: inherit;'>\n<ul style='padding-left: 20px; margin: 0; font-size: 14px; list-style-type: disc;'>\n<li style='margin-bottom: 5px; font-weight: bold;'>Soporta hasta 5 monitores como extensi\u00f3n (<a style='color: inherit; text-decoration: underline;' href='https:\/\/www.youtube.com\/watch?v=9u9JDJ7tAuc' target='_blank' rel='noopener'>Demo<\/a>)<\/li>\n<li style='margin-bottom: 5px;'>El n\u00famero de frentes de calle soportados depender\u00e1 del modelo del mismo<\/li>\n<li style='margin-bottom: 5px; font-weight: bold;'>Soporta 16 canales de video en total (entre frentes de calle y c\u00e1maras)<\/li>\n<li style='margin-bottom: 5px;'>Compatibilidad con frentes de calle IP Hikvision<\/li>\n<li style='margin-bottom: 5px; color: red; font-weight: bold;'>Solo soporta la apertura de un relevador\/puerta del frente de calle (algunos frentes cuentan con 2 relevadores)<\/li>\n<li style='margin-bottom: 5px;'>El monitor no soporta P2P&comma; para ello se recomienda el DSKH6320WTE1<\/li>\n<li style='margin-bottom: 5px; font-weight: bold;'>El monitor NO es touch ni WiFi<\/li>\n<li style='margin-bottom: 5px;'>S\u00ed soporta comunicaci\u00f3n entre monitores (al igual que DSKH6320WTE1 <a style='color: inherit; text-decoration: underline;' href='https:\/\/www.youtube.com\/watch?v=9u9JDJ7tAuc' target='_blank' rel='noopener'>Demo<\/a>)<\/li>\n<li style='margin-bottom: 5px;'>Puede recibir llamada de estaci\u00f3n de guardia DSKM9503&comma; pero no llamar a la misma<\/li>\n<\/ul><\/div>\n<\/p><\/div>\n<\/p><\/div>\n<\/p><\/div>\n<p> <!-- Technical Support --> <\/p>\n<div style='display: flex; flex-wrap: wrap; gap: 30px; margin-bottom: 30px;'>\n<div style='flex: 1 1 100%;'>\n<div style='border: 1px solid rgba(150&comma; 150&comma; 150&comma; 0.4); border-radius: 8px; overflow: hidden; display: flex; flex-direction: column;'>\n<div style='padding: 15px; border-bottom: 1px solid rgba(150&comma; 150&comma; 150&comma; 0.2); font-weight: bold; font-size: 18px; color: inherit; background-color: rgba(255&comma; 0&comma; 0&comma; 0.8); color: white;'>Soporte T\u00e9cnico:<\/div>\n<div style='padding: 15px; color: inherit;'>\n<ul style='padding-left: 20px; margin: 0; font-size: 14px; list-style-type: disc;'>\n<li style='margin-bottom: 5px;'>Si requiere soporte t\u00e9cnico de clic <a style='color: inherit; text-decoration: underline;' href='https:\/\/soporte.syscom.mx\/es\/articles\/10706576-hikvision-repositorio-configuracion-videoporteros' target='_blank' rel='noopener'>aqu\u00ed<\/a><\/li>\n<\/ul><\/div>\n<\/p><\/div>\n<\/p><\/div>\n<\/p><\/div>\n<p> <!-- Diagram Section --> <\/p>\n<hr style='border: 0; border-top: 1px solid rgba(150&comma; 150&comma; 150&comma; 0.3); margin: 30px 0;'>\n<div style='display: flex; flex-wrap: wrap; gap: 30px; margin-bottom: 30px;'>\n<div style='flex: 1 1 100%;'>\n<h2 style='font-size: 24px; font-weight: bold; text-align: center; margin-bottom: 15px;'> <strong style='text-align: center;'>Ejemplo de conexi\u00f3n de una cerradura magnetica o electrica:<\/strong> <\/h2>\n<p> <img style='width: 100%; height: auto; border: 1px solid rgba(150&comma;150&comma;150&comma;0.3); border-radius: 8px; display: block; margin: 0 auto;' src='https:\/\/downloads.intercomcdn.com\/i\/o\/qdpt3rxn\/1406813573\/860175acb5f95be60252993d75b3\/image.png?expires=1752080400&#038;signature=27edc3dee75a871f0dd65425269ed9992f69e6e3e1a6701ed28bfcac2c169da2&#038;req=dSQnEMF%2FnoRYWvMW1HO4zSURLQ4hXpQst7i8qmEq%2FHDYAfu5VRhXYXJzQfnW%0AeASlY20DYzgAEJFzTD8%3D%0A' alt='' \/> <\/div>\n<\/p><\/div>\n<div style='display: flex; flex-wrap: wrap; gap: 30px; margin-bottom: 30px;'>\n<div style='flex: 1 1 100%;'>\n<h2 style='font-size: 24px; font-weight: bold; text-align: center; margin-bottom: 15px;'>Diagrama de conexi\u00f3n sistema tradicional alimentado con PoE:<\/h2>\n<p> <img style='width: 100%; height: auto; border: 1px solid rgba(150&comma;150&comma;150&comma;0.3); border-radius: 8px;' src='https:\/\/ftp3.syscom.mx\/usuarios\/rcovarrubias\/videoporteros\/diagramas%20de%20conexion\/Diagrama%20frente%201%20Boton%206%20monitores%20ver2.jpg' alt='Diagrama de conexi\u00f3n' \/> <\/div>\n<\/p><\/div>\n<\/p><\/div>\n","protected":false},"excerpt":{"rendered":"<p>Monitor IP Lite  (No touch) para Videoportero IP \/ Apertura Remota y Video en Vivo \/  PoE Est\u00e1ndar \/ Principal o Esclavo<\/p>\n","protected":false},"featured_media":111676,"comment_status":"open","ping_status":"closed","template":"","meta":[],"product_brand":[],"product_cat":[856],"product_tag":[54,557,857],"class_list":{"0":"post-111677","1":"product","2":"type-product","3":"status-publish","4":"has-post-thumbnail","6":"product_cat-videoporteros-ip","7":"product_tag-hikvision","8":"product_tag-videoporteros-e-interfonos","9":"product_tag-videoporteros-ip","11":"first","12":"outofstock","13":"sale","14":"shipping-taxable","15":"purchasable","16":"product-type-simple"},"_links":{"self":[{"href":"https:\/\/soydeaqui.ddns.net\/pachuca\/index.php\/wp-json\/wp\/v2\/product\/111677","targetHints":{"allow":["GET"]}}],"collection":[{"href":"https:\/\/soydeaqui.ddns.net\/pachuca\/index.php\/wp-json\/wp\/v2\/product"}],"about":[{"href":"https:\/\/soydeaqui.ddns.net\/pachuca\/index.php\/wp-json\/wp\/v2\/types\/product"}],"replies":[{"embeddable":true,"href":"https:\/\/soydeaqui.ddns.net\/pachuca\/index.php\/wp-json\/wp\/v2\/comments?post=111677"}],"wp:featuredmedia":[{"embeddable":true,"href":"https:\/\/soydeaqui.ddns.net\/pachuca\/index.php\/wp-json\/wp\/v2\/media\/111676"}],"wp:attachment":[{"href":"https:\/\/soydeaqui.ddns.net\/pachuca\/index.php\/wp-json\/wp\/v2\/media?parent=111677"}],"wp:term":[{"taxonomy":"product_brand","embeddable":true,"href":"https:\/\/soydeaqui.ddns.net\/pachuca\/index.php\/wp-json\/wp\/v2\/product_brand?post=111677"},{"taxonomy":"product_cat","embeddable":true,"href":"https:\/\/soydeaqui.ddns.net\/pachuca\/index.php\/wp-json\/wp\/v2\/product_cat?post=111677"},{"taxonomy":"product_tag","embeddable":true,"href":"https:\/\/soydeaqui.ddns.net\/pachuca\/index.php\/wp-json\/wp\/v2\/product_tag?post=111677"}],"curies":[{"name":"wp","href":"https:\/\/api.w.org\/{rel}","templated":true}]}}