{"id":111636,"date":"2026-03-20T20:57:36","date_gmt":"2026-03-20T20:57:36","guid":{"rendered":"https:\/\/soydeaqui.ddns.net\/pachuca\/index.php\/producto\/nvr-4-megapixel-8-canales-ip-1-bahia-de-disco-duro-2-antenas-wi-fi-salida-de-video-full-hd-2\/"},"modified":"2026-03-20T20:57:59","modified_gmt":"2026-03-20T20:57:59","slug":"nvr-4-megapixel-8-canales-ip-1-bahia-de-disco-duro-2-antenas-wi-fi-salida-de-video-full-hd-2","status":"publish","type":"product","link":"https:\/\/soydeaqui.ddns.net\/pachuca\/index.php\/producto\/nvr-4-megapixel-8-canales-ip-1-bahia-de-disco-duro-2-antenas-wi-fi-salida-de-video-full-hd-2\/","title":{"rendered":"NVR 4 Megapixel \/ 8 canales IP \/ 1 Bah\u00eda de Disco Duro \/ 2 Antenas Wi-Fi \/ Salida de V\u00eddeo Full HD"},"content":{"rendered":"<div style='width: 100%; max-width: 1200px; margin: 0 auto; font-family: sans-serif; line-height: 1.6; color: inherit; background-color: transparent;'>\n<p style='text-align: center;'><img style='width: 100%; max-width: 400px; height: auto; border: 1px solid rgba(150&comma;150&comma;150&comma;0.3); border-radius: 8px;' src='https:\/\/ftp3.syscom.mx\/usuarios\/jsosa\/HIKVISION\/imagenes\/logo\/hikvision%20see%20far.png' alt='Logo Hikvision'><\/p>\n<div style='display: flex; flex-wrap: wrap; gap: 30px; margin-top: 30px; margin-bottom: 30px;'>\n<div style='flex: 1 1 300px; min-width: 280px;'>\n<h3 style='font-size: 22px; border-bottom: 2px solid currentColor; padding-bottom: 5px; margin-top: 0; color: inherit; opacity: 0.8;'>Caracter\u00edsticas principales<\/h3>\n<ul style='padding-left: 20px; font-size: 15px; color: inherit;'>\n<li style='margin-bottom: 5px;'>Compresi\u00f3n de video: H.265+ \/ H.265 \/ H.264+ \/ H.264<\/li>\n<li style='margin-bottom: 5px;'>Soporta mouse USB para su operaci\u00f3n (incluido)<\/li>\n<li style='margin-bottom: 5px;'>Soporta 1 disco duro de hasta 6 TB (no inluido)<\/li>\n<li style='margin-bottom: 5px;'>Compatible con Hik-Connect P2P \/ DynDNS \/ No-IP<\/li>\n<li style='margin-bottom: 5px;'>Compatible con el software iVMS-4200 (gratuito)<\/li>\n<\/ul><\/div>\n<div style='flex: 1 1 300px; min-width: 280px;'>\n<h3 style='font-size: 22px; border-bottom: 2px solid currentColor; padding-bottom: 5px; margin-top: 0; color: inherit; opacity: 0.8;'>Caracter\u00edsticas F\u00edsicas y El\u00e9ctricas<\/h3>\n<ul style='padding-left: 20px; font-size: 15px; color: inherit;'>\n<li style='margin-bottom: 5px;'>Dimensiones 265 x 246 x 48 mm<\/li>\n<li style='margin-bottom: 5px;'>Peso: 1.6 Kg<\/li>\n<li style='margin-bottom: 5px;'>Alimentaci\u00f3n \/ consumo: 12 Vcc \/ 10 W m\u00e1ximo<\/li>\n<\/ul><\/div>\n<div style='flex: 1 1 300px; min-width: 280px;'>\n<h3 style='font-size: 22px; border-bottom: 2px solid currentColor; padding-bottom: 5px; margin-top: 0; color: inherit; opacity: 0.8;'>Caracter\u00edsticas Destacadas<\/h3>\n<ul style='padding-left: 20px; font-size: 15px; color: inherit;'>\n<li style='margin-bottom: 5px;'>Procesamiento entrada (Throughput entrada): 50 Mbps<\/li>\n<li style='margin-bottom: 5px;'>Procesamiento salida (Throughput salida): 40 Mbps<\/li>\n<li style='margin-bottom: 5px;'>1 puerto red LAN 100 Mbps<\/li>\n<li style='margin-bottom: 5px;'>Cuenta con dos antenas 2MIMO (frecuencia 2.4 GHz)<\/li>\n<li style='margin-bottom: 5px;'>Compatible con todas las c\u00e1maras WIFI marca HIKVISION<\/li>\n<\/ul><\/div>\n<\/p><\/div>\n<div style='display: flex; flex-wrap: wrap; gap: 30px; margin-bottom: 30px;'>\n<div style='flex: 1 1 100%;'>\n<h3 style='font-size: 22px; border-bottom: 2px solid currentColor; padding-bottom: 5px; margin-top: 0; color: inherit; opacity: 0.8;'>Resoluci\u00f3n de grabaci\u00f3n por canal (recomendado)<\/h3>\n<ul style='padding-left: 20px; font-size: 15px; color: inherit;'>\n<li style='margin-bottom: 5px;'>1 Megapixel: 8 Canales @ 30 IPS<\/li>\n<li style='margin-bottom: 5px;'>2 Megapixel: 8 Canales @ 30 IPS<\/li>\n<li style='margin-bottom: 5px;'>4 Megapixel: 8 Canales @ 30 IPS<\/li>\n<li style='margin-bottom: 5px;'>Reproducci\u00f3n s\u00edncrona en canales: 8 Canales<\/li>\n<\/ul><\/div>\n<\/p><\/div>\n<div style='display: flex; flex-wrap: wrap; gap: 30px; margin-bottom: 30px;'>\n<div style='flex: 1 1 100%;'>\n<h3 style='font-size: 22px; border-bottom: 2px solid currentColor; padding-bottom: 5px; margin-top: 0; color: inherit; opacity: 0.8;'>Consideraciones<\/h3>\n<ul style='padding-left: 20px; font-size: 15px; color: inherit;'>\n<li style='margin-bottom: 5px;'>El alcance del WiFi entre las c\u00e1maras y el NVR depender\u00e1 de las limitaciones que se tenga como por ejemplo: muros de concreto&comma; alg\u00fan otro modem en 2.4 GHz&comma; ruido en el ambiente&comma; etc<\/li>\n<li style='margin-bottom: 5px;'>El NVR se tiene que conectar via ethernet hacia el modem (router) por el cual saldr\u00e1 por internet&comma; solo las c\u00e1maras WiFi se pueden conectar de manera inal\u00e1mbrica hacia el NVR<\/li>\n<li style='margin-bottom: 5px;'>Para un mejor desempe\u00f1o con los modelos <a style='color: inherit; text-decoration: underline;' href='https:\/\/www.syscom.mx\/producto\/DS-2CV2121G2-IDW(D)-HIKVISION-189731.html'>DS-2CV2121G2-IDW(W)<\/a>&comma; <a style='color: inherit; text-decoration: underline;' href='https:\/\/www.syscom.mx\/producto\/DS-2CV2121G2-IDW(D)-HIKVISION-189731.html'>DS-2CV2141G2-IDW(W)<\/a>&comma; <a style='color: inherit; text-decoration: underline;' href='https:\/\/www.syscom.mx\/producto\/DS-2CV2121G2-IDW(D)-HIKVISION-189731.html'>DS-2CV2021G2-IDW(W)<\/a>&comma; <a style='color: inherit; text-decoration: underline;' href='https:\/\/www.syscom.mx\/producto\/DS-2CV2121G2-IDW(D)-HIKVISION-189731.html'>DS-2CV2041G2-IDW(W)<\/a>&comma; se recomienda actualizar las c\u00e1maras a la versi\u00f3n de firmware<\/li>\n<\/ul><\/div>\n<\/p><\/div>\n<hr style='border: 0; border-top: 1px solid rgba(150&comma; 150&comma; 150&comma; 0.3); margin: 30px 0;'>\n<div style='display: flex; flex-wrap: wrap; gap: 30px; margin-bottom: 30px;'>\n<div style='flex: 1 1 100%;'> <img style='width: 100%; height: auto; border: 1px solid rgba(150&comma;150&comma;150&comma;0.3); border-radius: 8px;' src='https:\/\/ftp3.syscom.mx\/usuarios\/jsosa\/HIKVISION\/imagenes\/banners\/solution%20complete.png' alt='Soluci\u00f3n completa'> <\/div>\n<\/p><\/div>\n<\/p><\/div>\n","protected":false},"excerpt":{"rendered":"<p>NVR 4 Megapixel \/ 8 canales IP \/ 1 Bah\u00eda de Disco Duro \/ 2 Antenas Wi-Fi \/ Salida de V\u00eddeo Full HD<\/p>\n","protected":false},"featured_media":111635,"comment_status":"open","ping_status":"closed","template":"","meta":[],"product_brand":[],"product_cat":[2234],"product_tag":[122,54,2235],"class_list":{"0":"post-111636","1":"product","2":"type-product","3":"status-publish","4":"has-post-thumbnail","6":"product_cat-nvrs-network-video-recorders","7":"product_tag-camaras-ip-y-nvrs","8":"product_tag-hikvision","9":"product_tag-nvrs-network-video-recorders","11":"first","12":"instock","13":"sale","14":"shipping-taxable","15":"purchasable","16":"product-type-simple"},"_links":{"self":[{"href":"https:\/\/soydeaqui.ddns.net\/pachuca\/index.php\/wp-json\/wp\/v2\/product\/111636","targetHints":{"allow":["GET"]}}],"collection":[{"href":"https:\/\/soydeaqui.ddns.net\/pachuca\/index.php\/wp-json\/wp\/v2\/product"}],"about":[{"href":"https:\/\/soydeaqui.ddns.net\/pachuca\/index.php\/wp-json\/wp\/v2\/types\/product"}],"replies":[{"embeddable":true,"href":"https:\/\/soydeaqui.ddns.net\/pachuca\/index.php\/wp-json\/wp\/v2\/comments?post=111636"}],"wp:featuredmedia":[{"embeddable":true,"href":"https:\/\/soydeaqui.ddns.net\/pachuca\/index.php\/wp-json\/wp\/v2\/media\/111635"}],"wp:attachment":[{"href":"https:\/\/soydeaqui.ddns.net\/pachuca\/index.php\/wp-json\/wp\/v2\/media?parent=111636"}],"wp:term":[{"taxonomy":"product_brand","embeddable":true,"href":"https:\/\/soydeaqui.ddns.net\/pachuca\/index.php\/wp-json\/wp\/v2\/product_brand?post=111636"},{"taxonomy":"product_cat","embeddable":true,"href":"https:\/\/soydeaqui.ddns.net\/pachuca\/index.php\/wp-json\/wp\/v2\/product_cat?post=111636"},{"taxonomy":"product_tag","embeddable":true,"href":"https:\/\/soydeaqui.ddns.net\/pachuca\/index.php\/wp-json\/wp\/v2\/product_tag?post=111636"}],"curies":[{"name":"wp","href":"https:\/\/api.w.org\/{rel}","templated":true}]}}