{"id":111619,"date":"2026-03-20T20:56:39","date_gmt":"2026-03-20T20:56:39","guid":{"rendered":"https:\/\/soydeaqui.ddns.net\/pachuca\/index.php\/producto\/bateria-alcalina-gold-peak-12-v-23-ah-no-recargable\/"},"modified":"2026-03-20T20:56:54","modified_gmt":"2026-03-20T20:56:54","slug":"bateria-alcalina-gold-peak-12-v-23-ah-no-recargable","status":"publish","type":"product","link":"https:\/\/soydeaqui.ddns.net\/pachuca\/index.php\/producto\/bateria-alcalina-gold-peak-12-v-23-ah-no-recargable\/","title":{"rendered":"Bater\u00eda Alcalina Gold Peak 12 V @ 23 Ah ( No recargable )"},"content":{"rendered":"<div style='width: 100%; max-width: 1200px; margin: 0 auto; font-family: sans-serif; line-height: 1.6; color: inherit; background-color: transparent;'> <!-- Secci\u00f3n de contenido con flex\/grid --> <\/p>\n<div style='display: flex; flex-wrap: wrap; gap: 30px; margin-bottom: 30px;'>\n<div style='flex: 1 1 300px; min-width: 280px;'>\n<h3 style='font-size: 22px; border-bottom: 2px solid currentColor; padding-bottom: 5px; margin-top: 0; color: inherit; opacity: 0.8;'>Caracter\u00edsticas T\u00e9cnicas<\/h3>\n<ul style='padding-left: 20px; font-size: 15px; color: inherit;'>\n<li style='margin-bottom: 5px;'><strong>Voltaje nominal:<\/strong> 12 Vcc<\/li>\n<li style='margin-bottom: 5px;'><strong>Capacidad nominal:<\/strong> 23 Ah<\/li>\n<li style='margin-bottom: 5px;'><strong>Dimensiones:<\/strong> \u00d810.0mm \u00d7 28.0mm<\/li>\n<li style='margin-bottom: 5px;'><strong>Peso:<\/strong> 7.9g<\/li>\n<li style='margin-bottom: 5px;'><strong>Tipo de terminal:<\/strong> Contactos planos con niquelado<\/li>\n<li style='margin-bottom: 5px;'><strong>Conexi\u00f3n interna:<\/strong> Presi\u00f3n<\/li>\n<li style='margin-bottom: 5px;'><strong>Resistencia de aislamiento:<\/strong> 5M\u03a9 min.<\/li>\n<li style='margin-bottom: 5px;'><strong>Voltaje en circuito cerrado:<\/strong> 9.5 V (m\u00edn.) con resistor de carga de 400\u03a9<\/li>\n<li style='margin-bottom: 5px;'><strong>Corriente de descarga:<\/strong> 15mA pulsos&comma; 0.5mA continuo<\/li>\n<li style='margin-bottom: 5px;'><strong>Vida \u00fatil promedio:<\/strong> 107 horas (a 20k\u03a9 hasta 6.0V)<\/li>\n<li style='margin-bottom: 5px;'><strong>Capacidad promedio:<\/strong> 55mAh (a 20k\u03a9 hasta 6.0V)<\/li>\n<li style='margin-bottom: 5px;'><strong>Temperatura de almacenamiento:<\/strong> 22 \u00b1 3\u00b0C<\/li>\n<li style='margin-bottom: 5px;'><strong>Humedad de almacenamiento:<\/strong> 40-80% RH<\/li>\n<li style='margin-bottom: 5px;'><strong>Vida \u00fatil en almacenamiento:<\/strong> 90% de capacidad en primer a\u00f1o&comma; 85% a los tres a\u00f1os<\/li>\n<\/ul><\/div>\n<div style='flex: 1 1 300px; min-width: 280px;'>\n<h3 style='font-size: 22px; border-bottom: 2px solid currentColor; padding-bottom: 5px; margin-top: 0; color: inherit; opacity: 0.8;'>Aplicaciones<\/h3>\n<ul style='padding-left: 20px; font-size: 15px; color: inherit;'>\n<li style='margin-bottom: 5px;'>Controles remotos dom\u00e9sticos<\/li>\n<li style='margin-bottom: 5px;'>Sistemas de 12 Vcc<\/li>\n<\/ul>\n<h3 style='font-size: 22px; border-bottom: 2px solid currentColor; padding-bottom: 5px; margin-top: 30px; color: inherit; opacity: 0.8;'>Caracter\u00edsticas F\u00edsicas<\/h3>\n<ul style='padding-left: 20px; font-size: 15px; color: inherit;'>\n<li style='margin-bottom: 5px;'>Carcasa met\u00e1lica<\/li>\n<li style='margin-bottom: 5px;'>Terminales: Contacto plano sobresaliente rojo (+) y negro (-) recesado<\/li>\n<\/ul>\n<h3 style='font-size: 22px; border-bottom: 2px solid currentColor; padding-bottom: 5px; margin-top: 30px; color: inherit; opacity: 0.8;'>C\u00f3digo de Fecha<\/h3>\n<p style='font-size: 15px; color: inherit; margin-top: 0;'>Cada bater\u00eda lleva un c\u00f3digo num\u00e9rico para el a\u00f1o y c\u00f3digo anal\u00f3gico para el mes.<\/p>\n<\/p><\/div>\n<\/p><\/div>\n<p> <!-- Secci\u00f3n de compatibilidad --> <\/p>\n<div style='display: flex; flex-wrap: wrap; gap: 20px; margin-bottom: 30px;'>\n<div style='flex: 1 1 250px; border: 1px solid rgba(150&comma; 150&comma; 150&comma; 0.4); border-radius: 8px; overflow: hidden; display: flex; flex-direction: column;'>\n<div style='padding: 15px; border-bottom: 1px solid rgba(150&comma; 150&comma; 150&comma; 0.2); font-weight: bold; font-size: 18px; color: inherit;'>Compatibilidad<\/div>\n<div style='padding: 15px; color: inherit;'>\n<ul style='padding-left: 20px; margin: 0; font-size: 14px; list-style-type: disc;'>\n<li style='margin-bottom: 5px;'>GP23AE<\/li>\n<li style='margin-bottom: 5px;'>A23<\/li>\n<li style='margin-bottom: 5px;'>MN21<\/li>\n<li style='margin-bottom: 5px;'>V23GA<\/li>\n<\/ul><\/div>\n<\/p><\/div>\n<div style='flex: 1 1 250px; border: 1px solid rgba(150&comma; 150&comma; 150&comma; 0.4); border-radius: 8px; overflow: hidden; display: flex; flex-direction: column;'>\n<div style='padding: 15px; border-bottom: 1px solid rgba(150&comma; 150&comma; 150&comma; 0.2); font-weight: bold; font-size: 18px; color: inherit;'>Garant\u00eda<\/div>\n<div style='padding: 15px; color: inherit;'>\n<p style='margin: 0; font-size: 14px;'>1 a\u00f1o de garant\u00eda<\/p>\n<\/p><\/div>\n<\/p><\/div>\n<\/p><\/div>\n<p> <!-- Separador --> <\/p>\n<hr style='border: 0; border-top: 1px solid rgba(150&comma; 150&comma; 150&comma; 0.3); margin: 30px 0;'> <\/div>\n","protected":false},"excerpt":{"rendered":"<p>Bater\u00eda Alcalina Gold Peak 12 V @ 23 Ah ( No recargable )<\/p>\n","protected":false},"featured_media":111618,"comment_status":"open","ping_status":"closed","template":"","meta":[],"product_brand":[],"product_cat":[141],"product_tag":[143,142,547],"class_list":{"0":"post-111619","1":"product","2":"type-product","3":"status-publish","4":"has-post-thumbnail","6":"product_cat-baterias","7":"product_tag-baterias","8":"product_tag-energia","9":"product_tag-syscom-parts","11":"first","12":"instock","13":"sale","14":"shipping-taxable","15":"purchasable","16":"product-type-simple"},"_links":{"self":[{"href":"https:\/\/soydeaqui.ddns.net\/pachuca\/index.php\/wp-json\/wp\/v2\/product\/111619","targetHints":{"allow":["GET"]}}],"collection":[{"href":"https:\/\/soydeaqui.ddns.net\/pachuca\/index.php\/wp-json\/wp\/v2\/product"}],"about":[{"href":"https:\/\/soydeaqui.ddns.net\/pachuca\/index.php\/wp-json\/wp\/v2\/types\/product"}],"replies":[{"embeddable":true,"href":"https:\/\/soydeaqui.ddns.net\/pachuca\/index.php\/wp-json\/wp\/v2\/comments?post=111619"}],"wp:featuredmedia":[{"embeddable":true,"href":"https:\/\/soydeaqui.ddns.net\/pachuca\/index.php\/wp-json\/wp\/v2\/media\/111618"}],"wp:attachment":[{"href":"https:\/\/soydeaqui.ddns.net\/pachuca\/index.php\/wp-json\/wp\/v2\/media?parent=111619"}],"wp:term":[{"taxonomy":"product_brand","embeddable":true,"href":"https:\/\/soydeaqui.ddns.net\/pachuca\/index.php\/wp-json\/wp\/v2\/product_brand?post=111619"},{"taxonomy":"product_cat","embeddable":true,"href":"https:\/\/soydeaqui.ddns.net\/pachuca\/index.php\/wp-json\/wp\/v2\/product_cat?post=111619"},{"taxonomy":"product_tag","embeddable":true,"href":"https:\/\/soydeaqui.ddns.net\/pachuca\/index.php\/wp-json\/wp\/v2\/product_tag?post=111619"}],"curies":[{"name":"wp","href":"https:\/\/api.w.org\/{rel}","templated":true}]}}