{"id":111594,"date":"2026-03-20T20:55:19","date_gmt":"2026-03-20T20:55:19","guid":{"rendered":"https:\/\/soydeaqui.ddns.net\/pachuca\/index.php\/producto\/switch-poe-para-exterior-no-administrable-con-8-puertos-poe-6-x-fast-ethernet-2-x-gigabit-3-puertos-uplink-gigabit-2-puertos-rj45-1-puerto-sfp-presupuesto-120w\/"},"modified":"2026-03-20T20:55:29","modified_gmt":"2026-03-20T20:55:29","slug":"switch-poe-para-exterior-no-administrable-con-8-puertos-poe-6-x-fast-ethernet-2-x-gigabit-3-puertos-uplink-gigabit-2-puertos-rj45-1-puerto-sfp-presupuesto-120w","status":"publish","type":"product","link":"https:\/\/soydeaqui.ddns.net\/pachuca\/index.php\/producto\/switch-poe-para-exterior-no-administrable-con-8-puertos-poe-6-x-fast-ethernet-2-x-gigabit-3-puertos-uplink-gigabit-2-puertos-rj45-1-puerto-sfp-presupuesto-120w\/","title":{"rendered":"Switch PoE para exterior \/ No administrable \/ Con 8 puertos PoE (6 x fast ethernet + 2 x Gigabit) \/ 3 puertos Uplink gigabit (2 puertos RJ45 + 1 puerto SFP) \/ Presupuesto 120W"},"content":{"rendered":"<div style='width: 100%; max-width: 1200px; margin: 0 auto; font-family: sans-serif; line-height: 1.6; color: inherit; background-color: transparent;'> <!-- Secci\u00f3n de aplicaci\u00f3n t\u00edpica --> <\/p>\n<div style='width: 100%; max-width: 1200px; margin: 0 auto; padding: 15px 0;'>\n<div style='width: 100%; text-align: center;'>\n<h2 style='font-size: 24px; margin-top: 0; margin-bottom: 10px; color: inherit;'>Aplicaci\u00f3n T\u00edpica<\/h2>\n<p style='font-size: 18px; color: inherit; opacity: 0.8; margin-bottom: 20px;'>Una opci\u00f3n ideal para aplicaciones al aire libre. Est\u00e1 hecho de pl\u00e1stico duradero y de alta calidad.<\/p>\n<p> <img style='width: 100%; height: auto; border: 1px solid rgba(150&comma;150&comma;150&comma;0.3); border-radius: 8px; max-width: 600px;' src='https:\/\/ftp3.syscom.mx\/usuarios\/adiaz\/WiTek\/WIPS210GO\/diagrama.png' alt='Diagrama de aplicaci\u00f3n t\u00edpica'> <\/div>\n<\/p><\/div>\n<p> <!-- Secci\u00f3n de caracter\u00edsticas --> <\/p>\n<div style='display: flex; flex-wrap: wrap; gap: 30px; margin-bottom: 30px;'>\n<div style='flex: 1 1 300px; min-width: 280px;'>\n<h3 style='font-size: 22px; border-bottom: 2px solid currentColor; padding-bottom: 5px; margin-top: 0; color: inherit; opacity: 0.8;'>Caracter\u00edsticas principales<\/h3>\n<ul style='padding-left: 20px; font-size: 15px; color: inherit;'>\n<li style='margin-bottom: 5px;'>Consumo m\u00e1ximo propio: 10W<\/li>\n<li style='margin-bottom: 5px;'>No administrable<\/li>\n<li style='margin-bottom: 5px;'>Tabla de MAC address 4K<\/li>\n<li style='margin-bottom: 5px;'>Certificaciones: CE&comma; FCC&comma; RoHS<\/li>\n<li style='margin-bottom: 5px;'>Ancho de banda: 11.2 Gbps<\/li>\n<li style='margin-bottom: 5px;'>Paquetes por segundo: 8.33 Mpps<\/li>\n<li style='margin-bottom: 5px; font-weight: bold;'>Incluye montaje para poste y pared<\/li>\n<\/ul><\/div>\n<div style='flex: 1 1 300px; min-width: 280px;'>\n<h3 style='font-size: 22px; border-bottom: 2px solid currentColor; padding-bottom: 5px; margin-top: 0; color: inherit; opacity: 0.8;'>Caracter\u00edsticas F\u00edsicas y El\u00e9ctricas<\/h3>\n<ul style='padding-left: 20px; font-size: 15px; color: inherit;'>\n<li style='margin-bottom: 5px;'>Alimentaci\u00f3n CA: 110-240V 50\/60 Hz.<\/li>\n<li style='margin-bottom: 5px;'>Presupuesto PoE: 120W.<\/li>\n<li style='margin-bottom: 5px;'>Temperatura de operaci\u00f3n: -30 a 70 \u00b0C.<\/li>\n<li style='margin-bottom: 5px;'>Dimensiones: 310mm*260mm*100mm (largo * ancho * alto)<\/li>\n<\/ul><\/div>\n<div style='flex: 1 1 300px; min-width: 280px;'>\n<h3 style='font-size: 22px; border-bottom: 2px solid currentColor; padding-bottom: 5px; margin-top: 0; color: inherit; opacity: 0.8;'>Caracter\u00edsticas de Red<\/h3>\n<ul style='padding-left: 20px; font-size: 15px; color: inherit;'>\n<li style='margin-bottom: 5px;'>6 Puertos PoE Fast Ethernet<\/li>\n<li style='margin-bottom: 5px;'>2 Puertos PoE Gigabit<\/li>\n<li style='margin-bottom: 5px;'>2 Puertos Uplink Gigabit<\/li>\n<li style='margin-bottom: 5px;'>1 Puerto Uplink SFP Gigabit<\/li>\n<li style='margin-bottom: 5px;'>Aprendizaje autom\u00e1tico de direcciones MAC<\/li>\n<li style='margin-bottom: 5px;'>IPv4<\/li>\n<\/ul><\/div>\n<\/p><\/div>\n<p> <!-- Separador --> <\/p>\n<hr style='border: 0; border-top: 1px solid rgba(150&comma; 150&comma; 150&comma; 0.3); margin: 30px 0;'> <!-- Secci\u00f3n de diagrama de puertos --> <\/p>\n<div style='width: 100%; max-width: 1200px; margin: 0 auto; padding: 15px 0;'>\n<h3 style='font-size: 20px; margin-top: 0; margin-bottom: 15px; color: inherit;'>Diagrama de puertos<\/h3>\n<p> <img style='width: 100%; height: auto; border: 1px solid rgba(150&comma;150&comma;150&comma;0.3); border-radius: 8px; max-width: 600px;' src='https:\/\/ftp3.syscom.mx\/usuarios\/fotos\/WIPS210GO\/189227-wips210go.png' alt='Diagrama de puertos'> <\/div>\n<\/p><\/div>\n","protected":false},"excerpt":{"rendered":"<p>Switch PoE para exterior \/ No administrable \/ Con 8 puertos PoE (6 x fast ethernet + 2 x Gigabit) \/ 3 puertos Uplink gigabit (2 puertos RJ45 + 1 puerto SFP) \/ Presupuesto 120W<\/p>\n","protected":false},"featured_media":111593,"comment_status":"open","ping_status":"closed","template":"","meta":[],"product_brand":[],"product_cat":[1986],"product_tag":[664,1987,1262],"class_list":{"0":"post-111594","1":"product","2":"type-product","3":"status-publish","4":"has-post-thumbnail","6":"product_cat-switches-poe","7":"product_tag-networking","8":"product_tag-switches-poe","9":"product_tag-wi-tek","11":"first","12":"outofstock","13":"sale","14":"shipping-taxable","15":"purchasable","16":"product-type-simple"},"_links":{"self":[{"href":"https:\/\/soydeaqui.ddns.net\/pachuca\/index.php\/wp-json\/wp\/v2\/product\/111594","targetHints":{"allow":["GET"]}}],"collection":[{"href":"https:\/\/soydeaqui.ddns.net\/pachuca\/index.php\/wp-json\/wp\/v2\/product"}],"about":[{"href":"https:\/\/soydeaqui.ddns.net\/pachuca\/index.php\/wp-json\/wp\/v2\/types\/product"}],"replies":[{"embeddable":true,"href":"https:\/\/soydeaqui.ddns.net\/pachuca\/index.php\/wp-json\/wp\/v2\/comments?post=111594"}],"wp:featuredmedia":[{"embeddable":true,"href":"https:\/\/soydeaqui.ddns.net\/pachuca\/index.php\/wp-json\/wp\/v2\/media\/111593"}],"wp:attachment":[{"href":"https:\/\/soydeaqui.ddns.net\/pachuca\/index.php\/wp-json\/wp\/v2\/media?parent=111594"}],"wp:term":[{"taxonomy":"product_brand","embeddable":true,"href":"https:\/\/soydeaqui.ddns.net\/pachuca\/index.php\/wp-json\/wp\/v2\/product_brand?post=111594"},{"taxonomy":"product_cat","embeddable":true,"href":"https:\/\/soydeaqui.ddns.net\/pachuca\/index.php\/wp-json\/wp\/v2\/product_cat?post=111594"},{"taxonomy":"product_tag","embeddable":true,"href":"https:\/\/soydeaqui.ddns.net\/pachuca\/index.php\/wp-json\/wp\/v2\/product_tag?post=111594"}],"curies":[{"name":"wp","href":"https:\/\/api.w.org\/{rel}","templated":true}]}}