{"id":111577,"date":"2026-03-20T20:54:21","date_gmt":"2026-03-20T20:54:21","guid":{"rendered":"https:\/\/soydeaqui.ddns.net\/pachuca\/index.php\/producto\/plug-rj45-cat6-6a-para-cable-utp-de-calibre-28-awg-dimetro-reducido-chapado-en-oro-de-50-micras-paquete-de-100-piezas\/"},"modified":"2026-03-20T20:54:32","modified_gmt":"2026-03-20T20:54:32","slug":"plug-rj45-cat6-6a-para-cable-utp-de-calibre-28-awg-dimetro-reducido-chapado-en-oro-de-50-micras-paquete-de-100-piezas","status":"publish","type":"product","link":"https:\/\/soydeaqui.ddns.net\/pachuca\/index.php\/producto\/plug-rj45-cat6-6a-para-cable-utp-de-calibre-28-awg-dimetro-reducido-chapado-en-oro-de-50-micras-paquete-de-100-piezas\/","title":{"rendered":"Plug RJ45 Cat6\/6A, Para Cable UTP de Calibre 28 AWG (Di?metro Reducido), Chapado en Oro de 50 Micras, Paquete de 100 Piezas"},"content":{"rendered":"<div style='width: 100%; max-width: 1200px; margin: 0 auto; font-family: sans-serif; line-height: 1.6; color: inherit; background-color: transparent;'> <!-- Secci\u00f3n de descripci\u00f3n principal --> <\/p>\n<div style='margin-bottom: 30px; font-size: 15px; color: inherit;'>\n<p style='margin: 0 0 15px; color: inherit;'> El Plug modular UTP de Categor\u00eda 6A\/Clase EA&comma; de 8 posiciones y 8 hilos&comma; se puede terminar en cable de par trenzado sin blindaje s\u00f3lido o trenzado Panduit de 4 pares&comma; 28 AWG&comma; de 100 ohms con un di\u00e1metro m\u00e1ximo de aislamiento del conductor de 0.027 pulg. (0.69 mm). <\/p>\n<\/p><\/div>\n<p> <!-- Secci\u00f3n de especificaciones --> <\/p>\n<div style='display: flex; flex-wrap: wrap; gap: 30px; margin-bottom: 30px;'>\n<div style='flex: 1 1 300px; min-width: 280px;'>\n<h3 style='font-size: 22px; border-bottom: 2px solid currentColor; padding-bottom: 5px; margin-top: 0; color: inherit; opacity: 0.8;'>Especificaciones t\u00e9cnicas<\/h3>\n<ul style='padding-left: 20px; font-size: 15px; color: inherit;'>\n<li style='margin-bottom: 5px;'><strong style='color: inherit;'>Rendimiento:<\/strong> Categor\u00eda 6A o menor<\/li>\n<li style='margin-bottom: 5px;'><strong style='color: inherit;'>N\u00famero de ciclos de inserci\u00f3n:<\/strong> 2500<\/li>\n<li style='margin-bottom: 5px;'><strong style='color: inherit;'>Conductor soportado:<\/strong> 28 AWG solido o multifilar&comma; con 0.69 mm de di\u00e1metro<\/li>\n<li style='margin-bottom: 5px;'><strong style='color: inherit;'>Di\u00e1metro del cable:<\/strong> 3.5 a 4.8 mm<\/li>\n<li style='margin-bottom: 5px;'><strong style='color: inherit;'>Material de los contactos:<\/strong> 50 micro pulgadas de chapado en oro sobre n\u00edquel<\/li>\n<li style='margin-bottom: 5px;'><strong style='color: inherit;'>Materiales pl\u00e1sticos:<\/strong> Policarbonato&comma; UL 94 V0<\/li>\n<li style='margin-bottom: 5px;'><strong style='color: inherit;'>Cumple con RoHS:<\/strong> S\u00ed<\/li>\n<li style='margin-bottom: 5px;'><strong style='color: inherit;'>Composici\u00f3n:<\/strong> Sin plomo&comma; sin hal\u00f3genos y sin PVC<\/li>\n<li style='margin-bottom: 5px;'><strong style='color: inherit;'>Temperatura de operaci\u00f3n:<\/strong> -10 a 60\u00baC<\/li>\n<\/ul><\/div>\n<\/p><\/div>\n<p> <!-- Separador --> <\/p>\n<hr style='border: 0; border-top: 1px solid rgba(150&comma; 150&comma; 150&comma; 0.3); margin: 30px 0;'> <\/div>\n","protected":false},"excerpt":{"rendered":"<p>Plug RJ45 Cat6\/6A, Para Cable UTP de Calibre 28 AWG (Di?metro Reducido), Chapado en Oro de 50 Micras, Paquete de 100 Piezas<\/p>\n","protected":false},"featured_media":111576,"comment_status":"open","ping_status":"closed","template":"","meta":[],"product_brand":[],"product_cat":[576],"product_tag":[488,577,445],"class_list":{"0":"post-111577","1":"product","2":"type-product","3":"status-publish","4":"has-post-thumbnail","6":"product_cat-categoria-6","7":"product_tag-cables-y-conectores","8":"product_tag-categoria-6","9":"product_tag-panduit","11":"first","12":"instock","13":"sale","14":"shipping-taxable","15":"purchasable","16":"product-type-simple"},"_links":{"self":[{"href":"https:\/\/soydeaqui.ddns.net\/pachuca\/index.php\/wp-json\/wp\/v2\/product\/111577","targetHints":{"allow":["GET"]}}],"collection":[{"href":"https:\/\/soydeaqui.ddns.net\/pachuca\/index.php\/wp-json\/wp\/v2\/product"}],"about":[{"href":"https:\/\/soydeaqui.ddns.net\/pachuca\/index.php\/wp-json\/wp\/v2\/types\/product"}],"replies":[{"embeddable":true,"href":"https:\/\/soydeaqui.ddns.net\/pachuca\/index.php\/wp-json\/wp\/v2\/comments?post=111577"}],"wp:featuredmedia":[{"embeddable":true,"href":"https:\/\/soydeaqui.ddns.net\/pachuca\/index.php\/wp-json\/wp\/v2\/media\/111576"}],"wp:attachment":[{"href":"https:\/\/soydeaqui.ddns.net\/pachuca\/index.php\/wp-json\/wp\/v2\/media?parent=111577"}],"wp:term":[{"taxonomy":"product_brand","embeddable":true,"href":"https:\/\/soydeaqui.ddns.net\/pachuca\/index.php\/wp-json\/wp\/v2\/product_brand?post=111577"},{"taxonomy":"product_cat","embeddable":true,"href":"https:\/\/soydeaqui.ddns.net\/pachuca\/index.php\/wp-json\/wp\/v2\/product_cat?post=111577"},{"taxonomy":"product_tag","embeddable":true,"href":"https:\/\/soydeaqui.ddns.net\/pachuca\/index.php\/wp-json\/wp\/v2\/product_tag?post=111577"}],"curies":[{"name":"wp","href":"https:\/\/api.w.org\/{rel}","templated":true}]}}