{"id":111571,"date":"2026-03-20T20:54:03","date_gmt":"2026-03-20T20:54:03","guid":{"rendered":"https:\/\/soydeaqui.ddns.net\/pachuca\/index.php\/producto\/switch-cnmatrix-ex1028-de-24-puertos-poe-802-3af-at-200-w-gigabit-ethernet-y-4-sfp-capa-2-gestion-en-la-nube\/"},"modified":"2026-03-20T20:54:06","modified_gmt":"2026-03-20T20:54:06","slug":"switch-cnmatrix-ex1028-de-24-puertos-poe-802-3af-at-200-w-gigabit-ethernet-y-4-sfp-capa-2-gestion-en-la-nube","status":"publish","type":"product","link":"https:\/\/soydeaqui.ddns.net\/pachuca\/index.php\/producto\/switch-cnmatrix-ex1028-de-24-puertos-poe-802-3af-at-200-w-gigabit-ethernet-y-4-sfp-capa-2-gestion-en-la-nube\/","title":{"rendered":"Switch cnMatrix EX1028  de 24 puertos PoE 802.3af\/at, 200 W, Gigabit Ethernet y 4 SFP, Capa 2,  gesti\u00f3n en la nube"},"content":{"rendered":"<div style='width: 100%; max-width: 1200px; margin: 0 auto; font-family: sans-serif; line-height: 1.6; color: inherit; background-color: transparent;'> <!-- T\u00edtulo principal --> <\/p>\n<div style='margin-bottom: 30px; text-align: center;'>\n<h3 style='font-size: 22px; border-bottom: 2px solid currentColor; padding-bottom: 5px; margin-top: 0; color: inherit; opacity: 0.8;'> Mejore el rendimiento de la red y reduzca tiempo y costo de aprovisionamiento y administraci\u00f3n <\/h3>\n<\/p><\/div>\n<p> <!-- Imagen principal --> <\/p>\n<div style='margin-bottom: 30px;'> <img style='width: 100%; height: auto; border: 1px solid rgba(150&comma;150&comma;150&comma;0.3); border-radius: 8px;' src='https:\/\/ftp3.syscom.mx\/usuarios\/dquezada\/Cambium\/cnMatrix\/switches%20cnmatrix.JPG' alt=''> <\/div>\n<p> <!-- Descripci\u00f3n general --> <\/p>\n<div style='margin-bottom: 30px;'>\n<p style='font-size: 15px; margin-bottom: 15px; text-align: center;'> Los equipos de TI&comma; MSP e ISP deben proporcionar r\u00e1pidamente una experiencia de red \u00f3ptima para usuarios y dispositivos. Los operadores de red buscan simplicidad&comma; flexibilidad y automatizaci\u00f3n para mejorar el rendimiento de la red&comma; proporcionar una red confiable y confiable&comma; y proporcionar una experiencia de toque cero al implementar nuevos servicios y \/ o cambios en la red. <\/p>\n<p style='font-size: 15px; margin-bottom: 15px; text-align: center;'> Las soluciones de red en la nube con Wi-Fi cnPilot\u2122&comma; conmutaci\u00f3n cnMatrix\u2122 y gesti\u00f3n en la nube cnMaestro\u2122 de Cambium Networks brindan una experiencia \u00f3ptima para el cliente al tiempo que mantienen una seguridad s\u00f3lida y reducen los costos. <\/p>\n<p style='font-size: 15px; margin-bottom: 15px; text-align: center;'> Los conmutadores cnMatrix simplifican la implementaci\u00f3n y operaci\u00f3n de la red. Cuando se implementan con puntos de acceso WLAN cnPilot y el sistema de administraci\u00f3n cnMaestro&comma; los operadores de red tienen una red unificada de alta calidad con cable&comma; inal\u00e1mbrica&comma; unificada y de alta calidad. CnMatrix de Cambium Networks mejora el rendimiento&comma; la seguridad y la satisfacci\u00f3n del usuario final al tiempo que reduce los costos. <\/p>\n<\/p><\/div>\n<p> <!-- Secci\u00f3n de caracter\u00edsticas --> <\/p>\n<div style='display: grid; grid-template-columns: repeat(auto-fill&comma; minmax(280px&comma; 1fr)); gap: 30px; margin-bottom: 30px;'> <!-- Caracter\u00edstica 1 --> <\/p>\n<div style='border: 1px solid rgba(150&comma;150&comma;150&comma;0.4); border-radius: 8px; overflow: hidden;'>\n<div style='padding: 15px; border-bottom: 1px solid rgba(150&comma;150&comma;150&comma;0.2); font-weight: bold; font-size: 16px; color: inherit; background-color: rgba(0&comma;0&comma;0&comma;0.05);'> AUTOMATIZACI\u00d3N BASADA EN POL\u00cdTICAS <\/div>\n<div style='padding: 15px;'> <img style='width: 100%; height: auto; border: 1px solid rgba(150&comma;150&comma;150&comma;0.3); border-radius: 8px; margin-bottom: 15px;' src='data:image\/png;base64&comma;iVBORw0KGgoAAAANSUhEUgAAACoAAAA4CAYAAACL3WrLAAACNUlEQVRoBe2ZO0sDQRSF80v8A9rYqYUINooWVmvAIk1ABCHGRkHQoEUiSEStfEB8EoiFiIiIloGICNoEC7WQiIqFIoIBi4yckVl2kzXcWfdhwlwYJoGTvd+end0kcwKsRipQI5xMgTp9pWrb0fePIptfP2XayApr6Bj3ZKAXeqK3VVU4mr95ZG3BWU\/grExo6o0xMJRXBWhXeIFDNvbEWOboguUu7zwZ6NXan+C9AVvurAkUYpwlIAtPr+Un5fp7wKE3GNZ2s6Z+JtDY0gEXYfarkqkTzhCe2DQhmEC1yDIXQWynbu9fWDSeYcPTaXZ1XbBzCL7M4ChYjOUoaHd4kZ8oGrVoCWMf8mvcE66Cfha\/dEg0wnh4fiMDCqHroGg0OLmtwwajq6K31OwJKIjSh+dsa\/+MlUolKUAh9gxUNLQ71xdo+8AcX2OhsRTb2Mv5MsSzHCzGMj2emvtm9JtB3Ll+zfgaNZYlaGcoyYamdnwZWuTnFxtMM5YJ9K\/fTMYD231dXzeTclRiHahLL2EWSaocJdkkIVKOSphFkipHSTZJiJSjEmaRpMpRkk0SIuWohFkkqXKUZJOESDkqYRZJSnJUbUDYSFbUBgRpARJEpDWq\/tcTnBQSkqNiy+8\/xDdVUxERiFklZ+KM3ZwRiIl4s2ogBggR8+EDx9l8RdTnBigA0csYb1aNGAGBwFTEfH5s4qI3KbQFLHLQ0XhGd9cLYACi528ZrGkj143L6tQxFahTTorjfAOxp66hWsdfuAAAAABJRU5ErkJggg==' alt=''> <\/p>\n<p style='font-size: 14px; margin: 0; text-align: center;'> Capacidad para perfilar dispositivos y configurar autom\u00e1ticamente el switch proporcionando una experiencia de zero-touch incluso al implementar&comma; desconectar o mover dispositivos de red <\/p>\n<\/p><\/div>\n<\/p><\/div>\n<p> <!-- Caracter\u00edstica 2 --> <\/p>\n<div style='border: 1px solid rgba(150&comma;150&comma;150&comma;0.4); border-radius: 8px; overflow: hidden;'>\n<div style='padding: 15px; border-bottom: 1px solid rgba(150&comma;150&comma;150&comma;0.2); font-weight: bold; font-size: 16px; color: inherit; background-color: rgba(0&comma;0&comma;0&comma;0.05);'> SEGMENTACI\u00d3N AUTOM\u00c1TICA DE DISPOSITIVOS <\/div>\n<div style='padding: 15px;'> <img style='width: 100%; height: auto; border: 1px solid rgba(150&comma;150&comma;150&comma;0.3); border-radius: 8px; margin-bottom: 15px;' src='data:image\/png;base64&comma;iVBORw0KGgoAAAANSUhEUgAAADQAAAA2CAYAAABwF6rfAAAFNklEQVRoBe2aM0sDURCFv0n8A\/oHtLKLoHW0N6kVbQQt0hkbJVgpgpIyKS0UtFOwEaxSiZWgnSAWlivfkxNmfXfmzl3cZMnbgWX37b137jlzZuYub61bEb29ER7fTPS0KT0rurJ9V3aevx6LMnWe8uE5ueZ+MdgPp87fNhNtXuJO7vDztyjp9KVeOHj5LvBNokydpPn2EHdy565sRwJ7H0Yz+HfffoztF248nmlbRoUruZ9T4wge76RE4ZpqX6TeFZ0YOHGzZu3c49tLX8vJHc38iQm3cG3d2IkE2frL0r2\/G9vIPcSdHO6oXZGN49b2ICbKeJU2y6vLIOtODpCspxVXH5+EqEKVOo+1JsM0Qk7KOB\/j0CZ5nW3SRd4ouaLiJsoNueJgZQ8drWc8rNqEnI167vfJn7D8fB8TZW9onJzOuJbcgq5tPbewAQ+HE4orG5bdXrd0d3d3QyGw5GTuYPlfkOv3+znjmO3LCMvhcBhjxXMeS07m2i1zk61ae0tutT1SF0\/rubqWWrW+2p7jfnGw9yk8evU+vNsfhcOfP+fmwnUe40kHw+9zj0cnuhkPltz9Z5Yct8Fches3vPKzV3rBepayEAPi4tbupSx1OYCaT+cu9Ei9LhNQ8GFh+90GhWJtQfG7ji2DgNroT2hv6vKoL11TKlJfXeY2hMFjyzKubWLVmwcA5Y4zubt2ov9ZwY3P8Z554qVDy1pS7ZMR23Gk1BwP30Z1Q35BYT+8JLkz06nB4+P6G28VvP9B42DgNLqj9oYer+piPZUz5eV1XmMoDJY88+omVq1ZMHD6z01ob+jxqi7WUz9TXt7gNYbCYMkzr25i1ZoFA6ff3IT2hh6v6mI9lTPl5Q1eYygMljzz6iZWrVl+AfHJG4B9v4B3AAAAAElFTkSuQmCC' alt=''> <\/p>\n<p style='font-size: 14px; margin: 0; text-align: center;'> Proporciona un entorno seguro para los recursos cr\u00edticos de la red al colocar autom\u00e1ticamente los dispositivos en el segmento de red apropiado seg\u00fan su perfil <\/p>\n<\/p><\/div>\n<\/p><\/div>\n<p> <!-- Caracter\u00edstica 3 --> <\/p>\n<div style='border: 1px solid rgba(150&comma;150&comma;150&comma;0.4); border-radius: 8px; overflow: hidden;'>\n<div style='padding: 15px; border-bottom: 1px solid rgba(150&comma;150&comma;150&comma;0.2); font-weight: bold; font-size: 16px; color: inherit; background-color: rgba(0&comma;0&comma;0&comma;0.05);'> AUTO POLICY WIPE <\/div>\n<div style='padding: 15px;'> <img style='width: 100%; height: auto; border: 1px solid rgba(150&comma;150&comma;150&comma;0.3); border-radius: 8px; margin-bottom: 15px;' src='data:image\/png;base64&comma;iVBORw0KGgoAAAANSUhEUgAAADcAAAAxCAYAAAB+gjFbAAADS0lEQVRoBe2av4pTQRTG90l8AX0BrSwCClqv9q61EhtBi1i5NopoowiaLTelhSvaubCNYppgYbRZWFMJEmSxGvkNfMv15sydG5JzSfAeGMbc+Xf+3XNnZmYmG6EhGX09Cveevg6bN5\/HxJg6T9nwjFz3vBjsj1Pn75qJNi9xJ3f4+VskdfrSILx48yHwTaJMHab59hB3cmeu7EYCex9GM\/h333yM7RevP5ppW0aFK7m96XEEj3dSovBNtS9S70qODSMHXu0em4srOawu8HixLHU8Wx4zz7c7uZ2d3UiQrb8s3fu7sY3cQ9zJ4Y7aFdk4bm0PYqKMV2mzvLoMsu7kAMl6unH96UmIKlSp81hrMkwj5KSM84xDm+R1tkkXeaPkioqbKLfkmrCyh47Wcx5WbWLOQz335+RPGH45jImytzROTmdcS25B17aeW9iAB8OJxJUNy26vG7q9XjgUc3JXWf4X5Pr9fs44Zvuyw3I4HIaYcc13LZac4bvWc4ZVinVuYTkajcJkMgnq0S7juUX\/8jQajSKEwZKTPWbL3GQrt7eW3Mp5pC6e1nN1LbVqfbU9x\/3iYO9TePz6Q3j340f4D4v9s3H9418gAAAAAElFTkSuQmCC' alt=''> <\/p>\n<p style='font-size: 14px; margin: 0; text-align: center;'> Mejora la seguridad al eliminar autom\u00e1ticamente toda la configuraci\u00f3n din\u00e1mica asociada cuando un dispositivo se desconecta <\/p>\n<\/p><\/div>\n<\/p><\/div>\n<p> <!-- Caracter\u00edstica 4 --> <\/p>\n<div style='border: 1px solid rgba(150&comma;150&comma;150&comma;0.4); border-radius: 8px; overflow: hidden;'>\n<div style='padding: 15px; border-bottom: 1px solid rgba(150&comma;150&comma;150&comma;0.2); font-weight: bold; font-size: 16px; color: inherit; background-color: rgba(0&comma;0&comma;0&comma;0.05);'> AWARE INAL\u00c1MBRICO <\/div>\n<div style='padding: 15px;'> <img style='width: 100%; height: auto; border: 1px solid rgba(150&comma;150&comma;150&comma;0.3); border-radius: 8px; margin-bottom: 15px;' src='data:image\/png;base64&comma;iVBORw0KGgoAAAANSUhEUgAAADoAAAAuCAYAAAB5\/AqlAAADUUlEQVRoBe2YMWsVURCF80v8A\/oHtLKLoHW0N6kVbQQt0hkbJVgpgpIyKS0UtFOwEaxSiZWgnSAWlivfkxNmfXfmzl3cZMnbgWX37b137jlzZuYub61bEbvbER7dTPS0KT0rurJ9V3aevx6LMnWe8uE5ue55MdgPp87fNhNtXuJO7vDztyjp9KVB+Pz6Q+CbRJk6SfPtIe7kzly5Ewls3XkS289dfTDTtoyKc3J70+MwHu+kROGbbl+k3pUcG0YOvNo9Nh9Xclhd4PFCWeo4tjxmnm93cru7u5EgW39Zuvd3Yxu5h7iTwx21K7Jx3NoexEQZr9JmeXUZZN3JAcn6unH92UmIKlSp81hrMkwj5KSM84xDm+R1tkkXeaPkioqbKLfkmrCyh47Wcx5WbWLOQz339+RPGH45jImytzROTmdcS25B17aeW9iAB8OJxJUNy26vG7q9XjgUc3JXWf4X5Pr9fs44Zvuyw3I4HIaYcc13LZac4bvWc4ZVinVuYTkajcJkMgnq0S7juUX\/8jQajSKEwZKTPWbL3GQrt7eW3Mp5pC6e1nN1LbVqfbU9x\/3iYO9TePz6Q3j340f4D4v9s3H9418gAAAAAElFTkSuQmCC' alt=''> <\/p>\n<p style='font-size: 14px; margin: 0; text-align: center;'> Permite la automatizaci\u00f3n de pol\u00edticas&comma; la supervisi\u00f3n sencilla y la resoluci\u00f3n de problemas de la red unificada por cable \/ inal\u00e1mbrica <\/p>\n<\/p><\/div>\n<\/p><\/div>\n<p> <!-- Caracter\u00edstica 5 --> <\/p>\n<div style='border: 1px solid rgba(150&comma;150&comma;150&comma;0.4); border-radius: 8px; overflow: hidden;'>\n<div style='padding: 15px; border-bottom: 1px solid rgba(150&comma;150&comma;150&comma;0.2); font-weight: bold; font-size: 16px; color: inherit; background-color: rgba(0&comma;0&comma;0&comma;0.05);'> SUPERVIVENCIA DEL SITIO <\/div>\n<div style='padding: 15px;'> <img style='width: 100%; height: auto; border: 1px solid rgba(150&comma;150&comma;150&comma;0.3); border-radius: 8px; margin-bottom: 15px;' src='data:image\/png;base64&comma;iVBORw0KGgoAAAANSUhEUgAAAD0AAAA0CAYAAAA5bTAhAAACoElEQVRoBe2ZQUtbQRDH\/ST9Cr30UG+9FHoTK6Q3i6AnBUsLKm0PUlqSU6gIilIq5JgcehBJQLxIQQ9CCSgUxF4KXgSheEjpZeX\/cB\/j9M3uBl5e9m12YHnzsjOb\/c3MbvL2jamRlLERZFaFQtd39lXl1baxnZ1fDjwPhUKPv6ipB09WjK3ZPgkLOovmz01PPZtdSwNR2+5kmeX6WaGZ5jOnwNNLXxPw6labm+V+PzRoCvy62lTH3V9hQ3NgpNIEjaDYNkD0v6m1nKqi8ExnAdugbZsf7XehLhRaAnaBrixuGXnQD3gXKQzaBBwktA04OGgXYEB3f\/5OynOtcfBfhaJsS9PersCa8ur6Rqv3rqWB7hf4HiW7KQV0nsDg9x46b2DvoQcB7DW0Dfjox4XTX8m59w2Fsah4Wd42YADgAAGTd2kIEBXvoF2AKTQHonA6MNzGK2hX4GCg+wEOBnr2XSNZn3jWdRGpdKmvZONNeeMAb3V9l87ZqEtA1Emy8QaaTtZFl4Cor2QzVGisYxzJ2I5u8FvLd2AJyHtogCDqLg2QVEoPjc0LAchqX1rfk6AEB82BaEZ1NXCb0meaA0Xou3XPAxMzSUuD6FJghvqTJa1XMu9kc8MkY6bJoyUCJ0nMNIlMLG8n409SkZCIOVtYGBixH6bf2bwqmnbi+Xd9TjSlU9nPhgbc8XNlM\/+OPexQ\/j43v0d+L6dOazky\/sqB90MHAxQnPjUO4jdCiZtHHETNsiFEr\/SGb6FuoFMzeKNU1tAAAAAElFTkSuQmCC' alt=''> <\/p>\n<p style='font-size: 14px; margin: 0; text-align: center;'> Operaci\u00f3n ininterrumpida incluso cuando se pierde la conectividad a la nube <\/p>\n<\/p><\/div>\n<\/p><\/div>\n<p> <!-- Caracter\u00edstica 6 --> <\/p>\n<div style='border: 1px solid rgba(150&comma;150&comma;150&comma;0.4); border-radius: 8px; overflow: hidden;'>\n<div style='padding: 15px; border-bottom: 1px solid rgba(150&comma;150&comma;150&comma;0.2); font-weight: bold; font-size: 16px; color: inherit; background-color: rgba(0&comma;0&comma;0&comma;0.05);'> GESTI\u00d3N DE LA NUBE <\/div>\n<div style='padding: 15px;'> <img style='width: 100%; height: auto; border: 1px solid rgba(150&comma;150&comma;150&comma;0.3); border-radius: 8px; margin-bottom: 15px;' src='data:image\/png;base64&comma;iVBORw0KGgoAAAANSUhEUgAAAD4AAAAuCAYAAABwF6rfAAAFNklEQVRoBe1a\/2uXRRz3L6l+isgw\/CWoH8QktFBikGlWRPgFwWiJ+kO6XMv8ysi5lsN0YbMmuUm6jcytnLMJc6ZsKRt+Sa0FrrVYbtPpVHjL69ZrnLfnnnvuns8Dszx4uG\/vu\/f7de\/Xve\/us02S\/2maFIp7YOim1Bw+LSs31wjKD1ryBn64pVOWfLBHHpn+\/thXUXP8QcMt3sDnvfe5ArxiU7VgEZ6dv1leXFz63wdeVFavgHdevKrAsv5HT3\/m4Hv6BqTpxDl5trFdGlo65VJ3X7BOb48DMGgOwEisZ0n3Q8fOyrzlO8e2lr7NZi7cJoUHW70XwBs4NIDez722ZUxZlnRftWW\/ArzUnCIp\/LRO6o+ekRMdl6XxeJcUf9Eo094sVv0LVuySP\/sGxmxyFYKAk95Z031p4dcKVEHJQbk+PGLFsr3qqJKD9\/8ZHLbK6R1BwLGfs6Z7yZc\/Kh3FFQ26vdby\/obTSn5ZUZVVRu8IAo4JZi0qzYzuf\/UPyaPPr5bXV1botjrLH302Gnh\/+vmCUzYYOIIZvG7SnXWn5hiBnfta1NzNJ8\/HSI3v6v17UI1bvmHf+E6jJRi4je6M9oYer+rCNZUy5eV1XmMoDJY88+omVq1ZMHD6z01ob+jxqi7WUz9TXt7gNYbCYMkzr25i1ZoFA+eMMbq7daP+WuONzfGfeeKlQsnbUO6SEdtwp9UcDJxGd9Te0ONVXayncqa8vMFrDIXBkmd+3cSqNQsGzv+5CW0NPV7VxXoqZ8rLG7zGUBgseebVTaxas2Dg9J+b0NbQ41VdrKdypry8wWsMhcGSZ17dxKo1CwZO\/7kJbQ09XtXFeipnyssbvMZQGCx55tVNrFqzYOD0n5vQ1tDjVV2sp3KmvLzBawyFwZJnXt3EqjULBs7\/uQltDT1e1cV6KmfKyxu8xlAYLHnm1U2sWrNg4PSfm9DW0ONVXayncqa8vMFrDIXBkmd+3cSqNQsGzv+5CW0NPV7VxXoqZ8rLG7zGUBgseebVTaxas2Dg9J+b0NbQ41VdrKdypry8wWsMhcGSZ17dxKo1CwbO\/7kJbQ09XtXFeipnyssbvMZQGCx55tVNrFqzYOD8n5vQ1tDjVV2sp3KmvLzBawyFwZJnXt3EqjULBs7\/uQltDT1e1cV6KmfKyxu8xlAYLHnm1U2sWrNg4PSfm9DW0ONVXayncqa8vMFrDIXBkmd+3cSqNQsGzv+5CW0NPV7VxXoqZ8rLG7zGUBgseebVTaxas2Dg\/J+b0NbQ41VdrKdypry8wWsMhcGSZ17dxKo1CwbO\/7kJbQ09XtXFeipnyssbvMZQGCx55tVNrFqzYOD8n5vQ1tDjVV2sp3KmvLzBawyFwZJnXt3EqjULBs7\/uQltDT1e1cV6KmfKyxu8xlAYLHnm1U2sWrNg4PSfm9DW0ONVXayncqa8vMFrDIXBkmd+3cSqNQsGzv+5CW0NPV7VxXoqZ8rLG7zGUBgseebVTaxas2Dg\/J+b0NbQ41VdrKdypry8wWsMhcGSZ17dxKo1CwbO\/7kJbQ09XtXFeipnyssbvMZQXH8BZyFv47Z3i8oAAAAASUVORK5CYII=' alt=''> <\/p>\n<p style='font-size: 14px; margin: 0; text-align: center;'> La plataforma de gesti\u00f3n gratuita basada en la nube de cnMaestro proporciona una rica gesti\u00f3n del ciclo de vida&comma; configuraci\u00f3n y control&comma; y servicios de seguridad; que tambi\u00e9n puede estar disponible con opciones de implementaci\u00f3n en las instalaciones <\/p>\n<\/p><\/div>\n<\/p><\/div>\n<\/p><\/div>\n<p> <!-- Tabla de especificaciones --> <\/p>\n<div style='margin-bottom: 30px;'>\n<h3 style='font-size: 22px; border-bottom: 2px solid currentColor; padding-bottom: 5px; margin-top: 0; color: inherit; opacity: 0.8;'> Caracter\u00edsticas generales <\/h3>\n<div style='display: flex; flex-wrap: wrap; gap: 20px; margin-top: 15px;'>\n<div style='flex: 1 1 250px; border: 1px solid rgba(150&comma;150&comma;150&comma;0.4); border-radius: 8px; overflow: hidden;'>\n<div style='padding: 15px; border-bottom: 1px solid rgba(150&comma;150&comma;150&comma;0.2); font-weight: bold; font-size: 16px; color: inherit; background-color: rgba(0&comma;0&comma;0&comma;0.05);'> Especificaciones <\/div>\n<div style='padding: 15px;'>\n<ul style='padding-left: 20px; margin: 0; font-size: 14px; list-style-type: disc;'>\n<li style='margin-bottom: 5px;'><strong>Rendimiento:<\/strong> 56 Gbps<\/li>\n<li style='margin-bottom: 5px;'><strong>Puertos PoE Gigabit Ethernet 10\/100\/1000:<\/strong> 24 puertos 802.3af\/at<\/li>\n<li style='margin-bottom: 5px;'><strong>Puertos Uplink:<\/strong> 4 SFP<\/li>\n<li style='margin-bottom: 5px;'><strong>Almacenamiento Flash:<\/strong> 128 MB<\/li>\n<li style='margin-bottom: 5px;'><strong>Automatizaci\u00f3n basada en pol\u00edticas:<\/strong> S\u00ed<\/li>\n<li style='margin-bottom: 5px;'><strong>Calidad de servicio:<\/strong> Asignaci\u00f3n de ACL y marcado de ToS\/DSCP (COS) Asignaci\u00f3n de ACL a cola de prioridad<\/li>\n<li style='margin-bottom: 5px;'><strong>Seguridad:<\/strong> Autenticaci\u00f3n 802.1x&comma; DHCP Snooping&comma; Radius\/ Tacacs\/ Tacacs+<\/li>\n<li style='margin-bottom: 5px;'><strong>Administraci\u00f3n:<\/strong> cnMaestro (gesti\u00f3n en la nube)&comma; Cliente&comma; Servidor DHCP&comma; TFTP\/ SFTP&comma; gesti\u00f3n de almacenamiento de archivos USB<\/li>\n<li style='margin-bottom: 5px;'><strong>Gesti\u00f3n desde la nube cnMaestro:<\/strong> S\u00ed<\/li>\n<\/ul><\/div>\n<\/p><\/div>\n<\/p><\/div>\n<\/p><\/div>\n<p> <!-- Imagen final --> <\/p>\n<div style='margin-bottom: 30px;'>\n<p style='font-size: 14px; margin-bottom: 15px;'><strong>Incluye montaje para Rack de 19&#8242;.<\/strong><\/p>\n<p style='font-size: 14px; margin-bottom: 15px;'><strong>*. Requiere cable de corriente modelo AC-CORD-1.8M<\/strong><\/p>\n<p style='font-size: 14px; margin-bottom: 15px;'><strong>Tabla comparativa:<\/strong><\/p>\n<p> <img style='width: 100%; height: auto; border: 1px solid rgba(150&comma;150&comma;150&comma;0.3); border-radius: 8px;' src='https:\/\/ftp3.syscom.mx\/usuarios\/dquezada\/Cambium\/cnMatrix\/ex1028.JPG' alt=''> <\/div>\n<p> <!-- Separador final --> <\/p>\n<hr style='border: 0; border-top: 1px solid rgba(150&comma;150&comma;150&comma;0.3); margin: 30px 0;'> <\/div>\n","protected":false},"excerpt":{"rendered":"<p>Switch cnMatrix EX1028  de 24 puertos PoE 802.3af\/at, 200 W, Gigabit Ethernet y 4 SFP, Capa 2,  gesti\u00f3n en la nube<\/p>\n","protected":false},"featured_media":111570,"comment_status":"open","ping_status":"closed","template":"","meta":[],"product_brand":[],"product_cat":[1986],"product_tag":[1316,664,1987],"class_list":{"0":"post-111571","1":"product","2":"type-product","3":"status-publish","4":"has-post-thumbnail","6":"product_cat-switches-poe","7":"product_tag-cambium-networks","8":"product_tag-networking","9":"product_tag-switches-poe","11":"first","12":"outofstock","13":"sale","14":"shipping-taxable","15":"purchasable","16":"product-type-simple"},"_links":{"self":[{"href":"https:\/\/soydeaqui.ddns.net\/pachuca\/index.php\/wp-json\/wp\/v2\/product\/111571","targetHints":{"allow":["GET"]}}],"collection":[{"href":"https:\/\/soydeaqui.ddns.net\/pachuca\/index.php\/wp-json\/wp\/v2\/product"}],"about":[{"href":"https:\/\/soydeaqui.ddns.net\/pachuca\/index.php\/wp-json\/wp\/v2\/types\/product"}],"replies":[{"embeddable":true,"href":"https:\/\/soydeaqui.ddns.net\/pachuca\/index.php\/wp-json\/wp\/v2\/comments?post=111571"}],"wp:featuredmedia":[{"embeddable":true,"href":"https:\/\/soydeaqui.ddns.net\/pachuca\/index.php\/wp-json\/wp\/v2\/media\/111570"}],"wp:attachment":[{"href":"https:\/\/soydeaqui.ddns.net\/pachuca\/index.php\/wp-json\/wp\/v2\/media?parent=111571"}],"wp:term":[{"taxonomy":"product_brand","embeddable":true,"href":"https:\/\/soydeaqui.ddns.net\/pachuca\/index.php\/wp-json\/wp\/v2\/product_brand?post=111571"},{"taxonomy":"product_cat","embeddable":true,"href":"https:\/\/soydeaqui.ddns.net\/pachuca\/index.php\/wp-json\/wp\/v2\/product_cat?post=111571"},{"taxonomy":"product_tag","embeddable":true,"href":"https:\/\/soydeaqui.ddns.net\/pachuca\/index.php\/wp-json\/wp\/v2\/product_tag?post=111571"}],"curies":[{"name":"wp","href":"https:\/\/api.w.org\/{rel}","templated":true}]}}