{"id":111569,"date":"2026-03-20T20:53:56","date_gmt":"2026-03-20T20:53:56","guid":{"rendered":"https:\/\/soydeaqui.ddns.net\/pachuca\/index.php\/producto\/conector-jack-rj45-estilo-tg-con-llaveado-azul-mini-com-categora-6-de-8-posiciones-y-8-cables\/"},"modified":"2026-03-20T20:53:57","modified_gmt":"2026-03-20T20:53:57","slug":"conector-jack-rj45-estilo-tg-con-llaveado-azul-mini-com-categora-6-de-8-posiciones-y-8-cables","status":"publish","type":"product","link":"https:\/\/soydeaqui.ddns.net\/pachuca\/index.php\/producto\/conector-jack-rj45-estilo-tg-con-llaveado-azul-mini-com-categora-6-de-8-posiciones-y-8-cables\/","title":{"rendered":"Conector Jack RJ45 Estilo TG con Llaveado Azul, Mini-Com, Categor?a 6, de 8 Posiciones y 8 Cables"},"content":{"rendered":"<div style='width: 100%; max-width: 1200px; margin: 0 auto; font-family: sans-serif; line-height: 1.6; color: inherit; background-color: transparent;'> <!-- Secci\u00f3n de descripci\u00f3n --> <\/p>\n<div style='margin-bottom: 30px; font-size: 15px; color: inherit;'>\n<p style='margin: 0 0 15px; color: inherit;'>El m\u00f3dulo de conector con llave Mini-Com\u00ae Cat 6 UTP RJ45 TG est\u00e1 dise\u00f1ado para terminar un cable de par trenzado 22-26 AWG de 4 pares y solo permite insertar cables de conexi\u00f3n Panduit con llave del mismo color. Cada m\u00f3dulo se prueba al 100% en f\u00e1brica para superar los requisitos de rendimiento est\u00e1ndar de la industria. La terminaci\u00f3n estilo TG elimina la necesidad de una herramienta de terminaci\u00f3n. Cada conector se serializa individualmente para la trazabilidad y es compatible con los paneles de conexi\u00f3n y placas frontales modulares Mini-Com.<\/p>\n<\/p><\/div>\n<p> <!-- Secci\u00f3n de especificaciones --> <\/p>\n<div style='display: flex; flex-wrap: wrap; gap: 30px; margin-bottom: 30px;'>\n<div style='flex: 1 1 300px; min-width: 280px;'>\n<h3 style='font-size: 22px; border-bottom: 2px solid currentColor; padding-bottom: 5px; margin-top: 0; color: inherit; opacity: 0.8;'>Especificaciones T\u00e9cnicas<\/h3>\n<ul style='padding-left: 20px; font-size: 15px; color: inherit; list-style-type: disc;'>\n<li style='margin-bottom: 5px; color: inherit;'>Tipo: M\u00f3dulo Jack de cobre<\/li>\n<li style='margin-bottom: 5px; color: inherit;'>Color: Azul<\/li>\n<li style='margin-bottom: 5px; color: inherit;'>Nivel de desempe\u00f1o: Categor\u00eda 6<\/li>\n<li style='margin-bottom: 5px; color: inherit;'>Estilo de terminaci\u00f3n: TG<\/li>\n<li style='margin-bottom: 5px; color: inherit;'>Tipo de m\u00f3dulo: Mini-Com\u00ae<\/li>\n<li style='margin-bottom: 5px; color: inherit;'>Tipo de jack: RJ45<\/li>\n<li style='margin-bottom: 5px; color: inherit;'>Cumple ANSI\/TIA-1096-A con los contactos chapados con 50 micro pulgadas de oro para un rendimiento superior<\/li>\n<li style='margin-bottom: 5px; color: inherit;'>Cumple con IEC 60603-7 y 60512-9-001<\/li>\n<li style='margin-bottom: 5px; color: inherit;'>Clasificado para 2500 ciclos con IEEE 802.3af \/ 802.3at y 802.3bt tipo 3 y tipo 4. Admite alimentaci\u00f3n a trav\u00e9s de HDBaseT de hasta 100 Watts<\/li>\n<li style='margin-bottom: 5px; color: inherit;'>Temperatura de operaci\u00f3n: -10\u00baC a 65\u00baC<\/li>\n<\/ul><\/div>\n<\/p><\/div>\n<p> <!-- Separador --> <\/p>\n<hr style='border: 0; border-top: 1px solid rgba(150&comma; 150&comma; 150&comma; 0.3); margin: 30px 0;'> <\/div>\n","protected":false},"excerpt":{"rendered":"<p>Conector Jack RJ45 Estilo TG con Llaveado Azul, Mini-Com, Categor?a 6, de 8 Posiciones y 8 Cables<\/p>\n","protected":false},"featured_media":111568,"comment_status":"open","ping_status":"closed","template":"","meta":[],"product_brand":[],"product_cat":[576],"product_tag":[488,577,445],"class_list":{"0":"post-111569","1":"product","2":"type-product","3":"status-publish","4":"has-post-thumbnail","6":"product_cat-categoria-6","7":"product_tag-cables-y-conectores","8":"product_tag-categoria-6","9":"product_tag-panduit","11":"first","12":"instock","13":"sale","14":"shipping-taxable","15":"purchasable","16":"product-type-simple"},"_links":{"self":[{"href":"https:\/\/soydeaqui.ddns.net\/pachuca\/index.php\/wp-json\/wp\/v2\/product\/111569","targetHints":{"allow":["GET"]}}],"collection":[{"href":"https:\/\/soydeaqui.ddns.net\/pachuca\/index.php\/wp-json\/wp\/v2\/product"}],"about":[{"href":"https:\/\/soydeaqui.ddns.net\/pachuca\/index.php\/wp-json\/wp\/v2\/types\/product"}],"replies":[{"embeddable":true,"href":"https:\/\/soydeaqui.ddns.net\/pachuca\/index.php\/wp-json\/wp\/v2\/comments?post=111569"}],"wp:featuredmedia":[{"embeddable":true,"href":"https:\/\/soydeaqui.ddns.net\/pachuca\/index.php\/wp-json\/wp\/v2\/media\/111568"}],"wp:attachment":[{"href":"https:\/\/soydeaqui.ddns.net\/pachuca\/index.php\/wp-json\/wp\/v2\/media?parent=111569"}],"wp:term":[{"taxonomy":"product_brand","embeddable":true,"href":"https:\/\/soydeaqui.ddns.net\/pachuca\/index.php\/wp-json\/wp\/v2\/product_brand?post=111569"},{"taxonomy":"product_cat","embeddable":true,"href":"https:\/\/soydeaqui.ddns.net\/pachuca\/index.php\/wp-json\/wp\/v2\/product_cat?post=111569"},{"taxonomy":"product_tag","embeddable":true,"href":"https:\/\/soydeaqui.ddns.net\/pachuca\/index.php\/wp-json\/wp\/v2\/product_tag?post=111569"}],"curies":[{"name":"wp","href":"https:\/\/api.w.org\/{rel}","templated":true}]}}